{"id":10094,"date":"2016-10-03T08:32:53","date_gmt":"2016-10-03T11:32:53","guid":{"rendered":"https:\/\/www.ip.usp.br\/site\/?page_id=10094"},"modified":"2016-11-22T04:53:43","modified_gmt":"2016-11-22T07:53:43","slug":"conselho-academico","status":"publish","type":"page","link":"https:\/\/www.ip.usp.br\/site\/conselho-academico\/","title":{"rendered":"Conselho Acad\u00eamico"},"content":{"rendered":"<p style=\"text-align: justify\">Visando a proporcionar condi\u00e7\u00f5es para que assuntos acad\u00eamicos sejam compartilhados entre todas as comiss\u00f5es acad\u00eamicas e com a Dire\u00e7\u00e3o, foi criado o Conselho Acad\u00eamico do\u00a0IPUSP, institu\u00eddo em 2015 pela\u00a0Dire\u00e7\u00e3o do Instituto de Psicologia. Comp\u00f5em este conselho:<\/p>\n<ul>\n<li>a Dire\u00e7\u00e3o e a Vice-dire\u00e7\u00e3o;<\/li>\n<li>o presidente da Comiss\u00e3o de Gradua\u00e7\u00e3o (CG);<\/li>\n<li>o presidente da Comiss\u00e3o de P\u00f3s-Gradua\u00e7\u00e3o (CPG);<\/li>\n<li>o presidente da Comiss\u00e3o de Pesquisa (Copesqip);<\/li>\n<li>o presidente da Comiss\u00e3o de Cultura e Extens\u00e3o (CCEx);<\/li>\n<li>o presidente do Comit\u00ea de \u00c9tica em Pesquisa com Humanos (CEPH);<\/li>\n<li>o presidente do Comit\u00ea de \u00c9tica em Pesquisa com Animais (CEPA);<\/li>\n<li>o coordenador\u00a0da Comiss\u00e3o de Coordena\u00e7\u00e3o do Curso de Licenciatura em Psicologia (CoC-Licenciatura);<\/li>\n<li>o presidente da\u00a0Comiss\u00e3o de Coopera\u00e7\u00e3o Nacional e Internacional (CCNInt);<\/li>\n<li>o represente discente\u00a0da gradua\u00e7\u00e3o;<\/li>\n<li>o represente discente da p\u00f3s-gradua\u00e7\u00e3o;<\/li>\n<li>o representante dos funcion\u00e1rios.<\/li>\n<\/ul>\n<p>O Conselho conta, ainda, com o apoio da\u00a0Assist\u00eancia Acad\u00eamica e do Servi\u00e7o de Apoio Acad\u00eamico.<\/p>\n<p style=\"text-align: justify\">O Conselho Acad\u00eamico faz\u00a0reuni\u00f5es mensais e dedica-se a\u00a0discuss\u00f5es sobre o compartilhamento de a\u00e7\u00f5es entre as\u00a0inst\u00e2ncias acad\u00eamicas.\u00a0Para citar alguns exemplos, o Conselho Acad\u00eamico trata de temas como as rela\u00e7\u00f5es\u00a0que devemos estabelecer entre a gradua\u00e7\u00e3o, a p\u00f3s-gradua\u00e7\u00e3o e o p\u00f3s-doutoramento;\u00a0a inser\u00e7\u00e3o da pesquisa nos diversos n\u00edveis de forma\u00e7\u00e3o; a internacionaliza\u00e7\u00e3o; a \u00e9tica no\u00a0ensino e na pesquisa; entre outros.<\/p>\n","protected":false},"excerpt":{"rendered":"<p>Visando a proporcionar condi\u00e7\u00f5es para que assuntos acad\u00eamicos sejam compartilhados entre todas as comiss\u00f5es acad\u00eamicas e com a Dire\u00e7\u00e3o, foi criado o Conselho Acad\u00eamico do\u00a0IPUSP, institu\u00eddo em 2015 pela\u00a0Dire\u00e7\u00e3o do Instituto de Psicologia. Comp\u00f5em este conselho: a Dire\u00e7\u00e3o e a Vice-dire\u00e7\u00e3o; o presidente da Comiss\u00e3o de Gradua\u00e7\u00e3o (CG); o presidente da Comiss\u00e3o de P\u00f3s-Gradua\u00e7\u00e3o (CPG); [&hellip;]<\/p>\n","protected":false},"author":2,"featured_media":0,"parent":0,"menu_order":0,"comment_status":"closed","ping_status":"closed","template":"","meta":{"_acf_changed":false,"footnotes":""},"categories":[448,398],"tags":[],"class_list":["post-10094","page","type-page","status-publish","hentry","category-comissoes","category-graduacao"],"acf":[],"jetpack_sharing_enabled":true,"_links":{"self":[{"href":"https:\/\/www.ip.usp.br\/site\/wp-json\/wp\/v2\/pages\/10094","targetHints":{"allow":["GET"]}}],"collection":[{"href":"https:\/\/www.ip.usp.br\/site\/wp-json\/wp\/v2\/pages"}],"about":[{"href":"https:\/\/www.ip.usp.br\/site\/wp-json\/wp\/v2\/types\/page"}],"author":[{"embeddable":true,"href":"https:\/\/www.ip.usp.br\/site\/wp-json\/wp\/v2\/users\/2"}],"replies":[{"embeddable":true,"href":"https:\/\/www.ip.usp.br\/site\/wp-json\/wp\/v2\/comments?post=10094"}],"version-history":[{"count":6,"href":"https:\/\/www.ip.usp.br\/site\/wp-json\/wp\/v2\/pages\/10094\/revisions"}],"predecessor-version":[{"id":14332,"href":"https:\/\/www.ip.usp.br\/site\/wp-json\/wp\/v2\/pages\/10094\/revisions\/14332"}],"wp:attachment":[{"href":"https:\/\/www.ip.usp.br\/site\/wp-json\/wp\/v2\/media?parent=10094"}],"wp:term":[{"taxonomy":"category","embeddable":true,"href":"https:\/\/www.ip.usp.br\/site\/wp-json\/wp\/v2\/categories?post=10094"},{"taxonomy":"post_tag","embeddable":true,"href":"https:\/\/www.ip.usp.br\/site\/wp-json\/wp\/v2\/tags?post=10094"}],"curies":[{"name":"wp","href":"https:\/\/api.w.org\/{rel}","templated":true}]}}