{"id":10113,"date":"2016-10-03T09:37:21","date_gmt":"2016-10-03T12:37:21","guid":{"rendered":"https:\/\/www.ip.usp.br\/site\/?page_id=10113"},"modified":"2018-08-14T09:57:59","modified_gmt":"2018-08-14T12:57:59","slug":"saude","status":"publish","type":"page","link":"https:\/\/www.ip.usp.br\/site\/saude\/","title":{"rendered":"Sa\u00fade"},"content":{"rendered":"<p>Estudantes regularmente matriculados nos cursos da USP disp\u00f5em dos seguintes\u00a0servi\u00e7os (alguns deles gratuitos):<\/p>\n<h3>Hospitais<\/h3>\n<h4><span style=\"color: #808080;\">Hospital das Cl\u00ednicas<\/span><\/h4>\n<p>Site: <a title=\"Hospital das Cl\u00ednicas\" href=\"http:\/\/www.hcnet.usp.br\/\" target=\"_blank\" rel=\"noopener\">www.hcnet.usp.br<\/a><br \/>\nE-mail: webmaster@hcnet.usp.br<br \/>\nTelefone: 055-11-2661-0000<br \/>\nEndere\u00e7o: Av. Dr. En\u00e9as de Carvalho Aguiar, 255 \u2013 Cerqueira C\u00e9sar \u2013 S\u00e3o Paulo\/SP \u2013 CEP 05403-000<\/p>\n<h4><span style=\"color: #808080;\">Hospital Universit\u00e1rio<\/span><\/h4>\n<p>Site:\u00a0<a title=\"Hospital Universit\u00e1rio\" href=\"http:\/\/www.hu.usp.br\/\" target=\"_blank\" rel=\"noopener\">www.hu.usp.br<\/a><br \/>\nE-mail: www@hu.usp.br<br \/>\nTelefone: 055-11-3091-9200<br \/>\nEndere\u00e7o: Av. Prof. Lineu Prestes, 2565 \u2013 Cidade Universit\u00e1ria \u2013 S\u00e3o Paulo\/SP \u2013 CEP 05508-010<span style=\"color: #ffffff;\">|<\/span><\/p>\n<h3>Atendimento psicol\u00f3gico<\/h3>\n<h4><span style=\"color: #808080;\">Centro Escola do Instituto de Psicologia da USP<\/span><\/h4>\n<p>O Centro Escola do Instituto de Psicologia (CEIP) \u00e9 respons\u00e1vel por organizar e coordenar os servi\u00e7os oferecidos pelo IP.\u00a0O oferecimento desses servi\u00e7os, que s\u00e3o p\u00fablicos e gratuitos, \u00e9 feito \u00e0 comunidade USP e ao p\u00fablico geral do entorno da universidade.\u00a0Estes servi\u00e7os incluem os seguintes atendimentos e pr\u00e1ticas em psicologia.<br \/>\nSite:\u00a0<a title=\"Instituto de Psicologia da USP\" href=\"https:\/\/www.ip.usp.br\/\" target=\"_blank\" rel=\"noopener\">www.ip.usp.br<\/a><br \/>\nE-mails: ceip@usp.br<br \/>\nTelefones: 055 11-3091-5015\/4172\/8248<br \/>\nEndere\u00e7o: Av. Prof. Mello Moraes, 1721 \u2013 Cidade Universit\u00e1ria \u2013 S\u00e3o Paulo\/SP \u2013 CEP 05508-030<\/p>\n<h3>Acolhe USP &#8211;\u00a0Superintend\u00eancia de Assist\u00eancia Social da USP (SAS-USP)<\/h3>\n<p>O ACOLHE-USP \u00e9 um \u00a0programa relacionado ao uso de \u00e1lcool e outras drogas, institu\u00eddo para acolher e atender a comunidade USP &#8211; alunos, docentes e funcion\u00e1rios &#8211;\u00a0 que tem problemas relacionados ao uso\u00a0 excessivo destas drogas. Conta com equipe multidisciplinar composta por psic\u00f3logos, assistentes sociais, m\u00e9dicos psiquiatras e enfermeiro. Tem como objetivo principal o desenvolvimento de a\u00e7\u00f5es para o enfrentamento do uso de \u00e1lcool e drogas na USP, atrav\u00e9s de atividades preventivas (palestras, rodas de conversa, interven\u00e7\u00f5es), atendimentos individuais e grupais voltados para a sua comunidade.<\/p>\n<p>Site: <a href=\"http:\/\/www.usp.br\/coseas\/COSEASHP\/COSEAS2010_Acolheuspprinc.html\" target=\"_blank\" rel=\"noopener\">http:\/\/www.usp.br\/coseas\/COSEASHP\/COSEAS2010_Acolheuspprinc.html<br \/>\n<\/a>E-mail:\u00a0<a href=\"mailto:acolheusp@usp.br\" target=\"_blank\" rel=\"noopener\">acolheusp@usp.br<br \/>\n<\/a>Telefone: 05511-3032-1127<br \/>\nEndere\u00e7o: (Atendimento 1)\u00a0R. Afr\u00e2nio Peixoto, n\u00ba 333 (pr\u00f3ximo ao Port\u00e3o 1 da Cidade Universit\u00e1ria);<br \/>\n(Atendimento 2) Sala de acolhimento localizada no lado externo do pr\u00e9dio anexo da SAS, Pra\u00e7a dos P\u00e1ssaros, ao lado da Casa das Caldeiras, na Rua do Anfiteatro, 295, Cidade Universit\u00e1ria &#8211; Butant\u00e3, entre os Blocos E e G no CRUSP.<\/p>\n<h3>Atendimentos Psiqui\u00e1tricos<\/h3>\n<h4><span style=\"color: #808080;\">Instituto de Psiquiatria da USP (IPq-USP)<\/span><\/h4>\n<p>O Instituto de Psiquiatria da Faculdade de Medicina da USP (IPq) disp\u00f5e de vagas para pacientes volunt\u00e1rios em diversos grupos e ambulat\u00f3rios. Os tratamentos s\u00e3o gratuitos, inclusive medica\u00e7\u00f5es, exames laboratoriais e de imagem, de acordo com os servi\u00e7os oferecidos: transtorno obsessivo-compulsivo (TOC); esquisofrenia, estresse p\u00f3s-traum\u00e1tico, transtorno de d\u00e9ficit de aten\u00e7\u00e3o e hiperatividade \u00a0(DAH), portadores de doen\u00e7a de Alzheimer e seus cuidadores, compuls\u00e3o alimentar, Anorexia, Skin picking.<br \/>\nSite:<a href=\"http:\/\/www.ipqhc.org.br\/pag_detalhe.php?categ=Hospital&amp;id=91\">\u00a0http:\/\/www.ipqhc.org.br\/pag_detalhe.php?categ=Hospital&amp;id=91<\/a><\/p>\n<h4><span style=\"color: #808080;\">Atendimento psiqui\u00e1trico pela\u00a0Central de Regula\u00e7\u00e3o de Ofertas de Servi\u00e7os de Sa\u00fade, da Secretaria de Estado da Sa\u00fade (CROSS)<\/span><\/h4>\n<p>Site:\u00a0http:\/\/www.ipqhc.org.br\/pag_detalhe.php?categ=Hospital&amp;id=267<\/p>\n<h4><span style=\"color: #808080;\">Centro de Aten\u00e7\u00e3o Psicossocial (CAPS)<\/span><\/h4>\n<p><a href=\"http:\/\/www.hc.fm.usp.br\/images\/pdf\/consulta\/AMAs_CENTRO_OESTE_julho2015.pdf\" target=\"_blank\" rel=\"noopener\">Regi\u00f5es Centro e Oeste<\/a><br \/>\n<a href=\"http:\/\/www.hc.fm.usp.br\/images\/pdf\/consulta\/AMAs_norte_julho_2015.pdf\" target=\"_blank\" rel=\"noopener\">Regi\u00e3o Norte<br \/>\n<\/a><a href=\"http:\/\/www.hc.fm.usp.br\/images\/pdf\/consulta\/AMAs_sul_julho2015.pdf\" target=\"_blank\" rel=\"noopener\">Regi\u00e3o Sul<br \/>\n<\/a><a href=\"http:\/\/www.hc.fm.usp.br\/images\/pdf\/consulta\/AMAs_leste_julho2015.pdf\" target=\"_blank\" rel=\"noopener\">Regi\u00e3o Leste<\/a><\/p>\n<h3><span style=\"color: #000000;\">Assist\u00eancia Farmac\u00eautica <\/span><\/h3>\n<p><span style=\"color: #000000;\"><a style=\"color: #000000;\" href=\"http:\/\/www.saude.sp.gov.br\/ses\/perfil\/cidadao\/homepage\/acesso-rapido\/medicamentos\">Governo do Estado de S\u00e3o Paulo \u2013 clique aqui<\/a><\/span><\/p>\n<h3><\/h3>\n<h3>Atendimento odontol\u00f3gico<\/h3>\n<p>Faculdade de Odontologia de S\u00e3o Paulo<br \/>\nSite: <a title=\"Faculdade de Odontologia da USP\" href=\"http:\/\/www.fo.usp.br\/\" target=\"_blank\" rel=\"noopener\">www.fo.usp.br<\/a><br \/>\nE-mail: fousp@usp.br<br \/>\nTelefones: (11) 3091-7418\/7970<br \/>\nEndere\u00e7o: Av. Prof. Lineu Prestes, 2227 \u2013 Cidade Universit\u00e1ria \u2013 S\u00e3o Paulo\/SP \u2013 CEP 05508-000<\/p>\n<h3>Servi\u00e7os veterin\u00e1rios<\/h3>\n<h4><span style=\"color: #808080;\">Faculdade de Medicina Veterin\u00e1ria e Zootecnia da USP<\/span><\/h4>\n<p>Site: <a title=\"Faculdade de Medicina Veterin\u00e1ria e Zootecnia da USP\" href=\"http:\/\/www.fmvz.usp.br\/\" target=\"_blank\" rel=\"noopener\">www.fmvz.usp.br<\/a><br \/>\nE-mail: fmvz@usp.br<br \/>\nTelefones: (11) 3091-7672\/7682\/7667\/7678<br \/>\nEndere\u00e7o: Prof. Dr. Orlando Marques de Paiva, 87 \u2013 Cidade Universit\u00e1ria \u2013 S\u00e3o Paulo\/SP \u2013 CEP 05508-270<\/p>\n<h4><span style=\"color: #808080;\">Hospital Veterin\u00e1rio<\/span><\/h4>\n<p>E-mail: hovet@usp.br<br \/>\nTelefones: (11) 3091-1248\/1364\/1236<br \/>\nEndere\u00e7o: Prof. Dr. Orlando Marques de Paiva, 87 \u2013 Cidade Universit\u00e1ria \u2013 S\u00e3o Paulo\/SP \u2013 CEP 05508-270<\/p>\n","protected":false},"excerpt":{"rendered":"<p>Estudantes regularmente matriculados nos cursos da USP disp\u00f5em dos seguintes\u00a0servi\u00e7os (alguns deles gratuitos): Hospitais Hospital das Cl\u00ednicas Site: www.hcnet.usp.br E-mail: webmaster@hcnet.usp.br Telefone: 055-11-2661-0000 Endere\u00e7o: Av. Dr. En\u00e9as de Carvalho Aguiar, 255 \u2013 Cerqueira C\u00e9sar \u2013 S\u00e3o Paulo\/SP \u2013 CEP 05403-000 Hospital Universit\u00e1rio Site:\u00a0www.hu.usp.br E-mail: www@hu.usp.br Telefone: 055-11-3091-9200 Endere\u00e7o: Av. Prof. Lineu Prestes, 2565 \u2013 Cidade [&hellip;]<\/p>\n","protected":false},"author":2,"featured_media":0,"parent":0,"menu_order":0,"comment_status":"closed","ping_status":"closed","template":"","meta":{"_acf_changed":false,"footnotes":""},"categories":[398,507],"tags":[],"class_list":["post-10113","page","type-page","status-publish","hentry","category-graduacao","category-vida-universitaria-usp"],"acf":[],"jetpack_sharing_enabled":true,"_links":{"self":[{"href":"https:\/\/www.ip.usp.br\/site\/wp-json\/wp\/v2\/pages\/10113","targetHints":{"allow":["GET"]}}],"collection":[{"href":"https:\/\/www.ip.usp.br\/site\/wp-json\/wp\/v2\/pages"}],"about":[{"href":"https:\/\/www.ip.usp.br\/site\/wp-json\/wp\/v2\/types\/page"}],"author":[{"embeddable":true,"href":"https:\/\/www.ip.usp.br\/site\/wp-json\/wp\/v2\/users\/2"}],"replies":[{"embeddable":true,"href":"https:\/\/www.ip.usp.br\/site\/wp-json\/wp\/v2\/comments?post=10113"}],"version-history":[{"count":21,"href":"https:\/\/www.ip.usp.br\/site\/wp-json\/wp\/v2\/pages\/10113\/revisions"}],"predecessor-version":[{"id":19826,"href":"https:\/\/www.ip.usp.br\/site\/wp-json\/wp\/v2\/pages\/10113\/revisions\/19826"}],"wp:attachment":[{"href":"https:\/\/www.ip.usp.br\/site\/wp-json\/wp\/v2\/media?parent=10113"}],"wp:term":[{"taxonomy":"category","embeddable":true,"href":"https:\/\/www.ip.usp.br\/site\/wp-json\/wp\/v2\/categories?post=10113"},{"taxonomy":"post_tag","embeddable":true,"href":"https:\/\/www.ip.usp.br\/site\/wp-json\/wp\/v2\/tags?post=10113"}],"curies":[{"name":"wp","href":"https:\/\/api.w.org\/{rel}","templated":true}]}}