{"id":10427,"date":"2016-10-07T09:50:27","date_gmt":"2016-10-07T12:50:27","guid":{"rendered":"https:\/\/www.ip.usp.br\/site\/?page_id=10427"},"modified":"2024-09-12T12:59:36","modified_gmt":"2024-09-12T15:59:36","slug":"transporte","status":"publish","type":"page","link":"https:\/\/www.ip.usp.br\/site\/transporte\/","title":{"rendered":"Transporte"},"content":{"rendered":"<p>Entre outras fun\u00e7\u00f5es, a Se\u00e7\u00e3o de Passe Escolar da Superintend\u00eancia de Assist\u00eancia Social (SAS) viabiliza,\u00a0junto \u00e0 <a href=\"http:\/\/www.sptrans.com.br\/\" target=\"_blank\" rel=\"noopener\">S\u00e3o Paulo Transporte (SPTrans)<\/a> e \u00e0 <a href=\"http:\/\/www.emtu.sp.gov.br\/EMTU\/home.htm\" target=\"_blank\" rel=\"noopener\">Empresa Metropolitana de Transportes Urbanos de S\u00e3o Paulo (EMTU)<\/a>, as solicita\u00e7\u00f5es de cart\u00f5es de passe escolar para discentes da Universidade de S\u00e3o Paulo.<\/p>\n<h3>Bilhete \u00danico de Estudante<\/h3>\n<p>O Bilhete \u00danico Escolar, oferecido pela SPTrans, possibilita aos estudantes o pagamento de metade da tarifa nos \u00f4nibus, metr\u00f4 e trem, al\u00e9m de permitir a integra\u00e7\u00e3o: o usu\u00e1rio paga\u00a0apenas uma passagem e tem direito a at\u00e9 quatro viagens nos \u00f4nibus da empresa por um per\u00edodo de duas horas.<\/p>\n<p>Para fazer o cart\u00e3o, \u00e9 necess\u00e1rio acessar o site da <a href=\"http:\/\/www.sptrans.com.br\" target=\"_blank\" rel=\"noopener\">SPTrans<\/a>, entrar na sess\u00e3o \u201cBilhete \u00danico\u201d, <a href=\"https:\/\/scapub.sbe.sptrans.com.br\/sa\/acessoPublico\/index.action\" target=\"_blank\" rel=\"noopener\">cadastrar-se ou fazer o login<\/a>\u00a0(se j\u00e1 for cadastrado), pagar a taxa necess\u00e1ria e acompanhar o status do cart\u00e3o no pr\u00f3prio site. Para receb\u00ea-lo, \u00e9 preciso se dirigir \u00e0 Se\u00e7\u00e3o de Passe Escolar da Superintend\u00eancia de Assist\u00eancia Social (Rua do Anfiteatro, 295, t\u00e9rreo, Bloco E, Crusp \u2013 Pr\u00f3ximo ao restaurante Central, no p\u00e1tio interno SAS) ou ao posto que escolheu quando solicitou o cart\u00e3o.<\/p>\n<p>Dica: espere receber o e-mail de confirma\u00e7\u00e3o de confec\u00e7\u00e3o do\u00a0cart\u00e3o antes de ir busc\u00e1-lo. O prazo dado pela SPTrans para a entrega do Bilhete \u00danico \u00e9 de at\u00e9\u00a030 dias \u00fateis.<\/p>\n<p>O Bilhete \u00danico Escolar deve ser revalidado anualmente. O processo para a revalida\u00e7\u00e3o \u00e9 realizado ap\u00f3s a efetua\u00e7\u00e3o de matr\u00edcula no in\u00edcio do ano, quando os dados s\u00e3o enviados para a SPTrans e seu status deve ser acompanhado pelo site. Caso esteja com \u201cmatr\u00edcula ativa\u201d, o aluno deve ir ao posto da SPTrans e pagar taxa de R$11,50. No mesmo dia seu antigo cart\u00e3o j\u00e1 ser\u00e1 revalidado e ele poder\u00e1 utiliz\u00e1-lo.<\/p>\n<h3>Bilhete USP (Busp)<\/h3>\n<p>O Busp \u00e9 um cart\u00e3o que permite a alunos, funcion\u00e1rios t\u00e9cnico-administrativos e professores da Universidade de S\u00e3o Paulo a gratuidade nos circulares da USP. Para receber o cart\u00e3o pessoal, \u00e9 necess\u00e1rio entrar no <a href=\"https:\/\/uspdigital.usp.br\/jupiterweb\/\" target=\"_blank\" rel=\"noopener\">Sistema Jupiterweb<\/a>,\u00a0acessar <a href=\"https:\/\/uspdigital.usp.br\/jupiterweb\/CarteiraUSPSequenciaServidor?acessoMenu=I&amp;codmnu=4661\" target=\"_blank\" rel=\"noopener\">Cart\u00e3o USP<\/a>, no lado esquerdo da tela,\u00a0e clicar no \u00faltimo item, <a class=\"link_olive_10pt\" href=\"https:\/\/uspdigital.usp.br\/jupiterweb\/BilheteUSPSolicitacaoForm\">Solicita\u00e7\u00e3o Bilhete USP (Obs.: N\u00e3o \u00e9 &#8220;BILHETE \u00daNICO ESTUDANTE SPTrans&#8221;)<\/a>.<\/p>\n<p>Para conferir mais informa\u00e7\u00f5es sobre o Busp, acesse o site da <a href=\"http:\/\/www.puspc.usp.br\/?page_id=59\" target=\"_blank\" rel=\"noopener\">Prefeitura do Campus da Capital<\/a>.<\/p>\n<h3>Trajeto<strong>\u00a0<\/strong><\/h3>\n<p>Para atender o\u00a0servi\u00e7o de circulares, a comunidade USP da Cidade Universit\u00e1ria \u201cArmando de Salles Oliveira\u201d conta com duas linhas de \u00f4nibus\u00a0administradas pela (SPTrans). As duas linhas fazem a liga\u00e7\u00e3o entre a Cidade Universit\u00e1ria e a Esta\u00e7\u00e3o Butant\u00e3 do Metr\u00f4, e podem ser utilizadas gratuitamente por alunos, professores e funcion\u00e1rios t\u00e9cnico-administrativos da Universidade de S\u00e3o Paulo, atrav\u00e9s do uso\u00a0do Bilhete USP.<\/p>\n<p><img fetchpriority=\"high\" decoding=\"async\" class=\"alignnone wp-image-48336 size-large\" src=\"https:\/\/www.ip.usp.br\/site\/wp-content\/uploads\/2024\/09\/8082-724x1024.png\" alt=\"\" width=\"724\" height=\"1024\" srcset=\"https:\/\/www.ip.usp.br\/site\/wp-content\/uploads\/2024\/09\/8082-724x1024.png 724w, https:\/\/www.ip.usp.br\/site\/wp-content\/uploads\/2024\/09\/8082-212x300.png 212w, https:\/\/www.ip.usp.br\/site\/wp-content\/uploads\/2024\/09\/8082-768x1086.png 768w, https:\/\/www.ip.usp.br\/site\/wp-content\/uploads\/2024\/09\/8082-1086x1536.png 1086w, https:\/\/www.ip.usp.br\/site\/wp-content\/uploads\/2024\/09\/8082-1448x2048.png 1448w\" sizes=\"(max-width: 724px) 100vw, 724px\" \/><img decoding=\"async\" class=\"alignnone wp-image-48335 size-large\" src=\"https:\/\/www.ip.usp.br\/site\/wp-content\/uploads\/2024\/09\/8083-724x1024.png\" alt=\"\" width=\"724\" height=\"1024\" srcset=\"https:\/\/www.ip.usp.br\/site\/wp-content\/uploads\/2024\/09\/8083-724x1024.png 724w, https:\/\/www.ip.usp.br\/site\/wp-content\/uploads\/2024\/09\/8083-212x300.png 212w, https:\/\/www.ip.usp.br\/site\/wp-content\/uploads\/2024\/09\/8083.png 768w\" sizes=\"(max-width: 724px) 100vw, 724px\" \/><img decoding=\"async\" class=\"alignnone wp-image-48334 size-large\" src=\"https:\/\/www.ip.usp.br\/site\/wp-content\/uploads\/2024\/09\/8084-724x1024.png\" alt=\"\" width=\"724\" height=\"1024\" srcset=\"https:\/\/www.ip.usp.br\/site\/wp-content\/uploads\/2024\/09\/8084-724x1024.png 724w, https:\/\/www.ip.usp.br\/site\/wp-content\/uploads\/2024\/09\/8084-212x300.png 212w, https:\/\/www.ip.usp.br\/site\/wp-content\/uploads\/2024\/09\/8084.png 768w\" sizes=\"(max-width: 724px) 100vw, 724px\" \/> <img loading=\"lazy\" decoding=\"async\" class=\"alignnone wp-image-48333 size-large\" src=\"https:\/\/www.ip.usp.br\/site\/wp-content\/uploads\/2024\/09\/8085-724x1024.png\" alt=\"\" width=\"724\" height=\"1024\" srcset=\"https:\/\/www.ip.usp.br\/site\/wp-content\/uploads\/2024\/09\/8085-724x1024.png 724w, https:\/\/www.ip.usp.br\/site\/wp-content\/uploads\/2024\/09\/8085-212x300.png 212w, https:\/\/www.ip.usp.br\/site\/wp-content\/uploads\/2024\/09\/8085-768x1086.png 768w, https:\/\/www.ip.usp.br\/site\/wp-content\/uploads\/2024\/09\/8085-1086x1536.png 1086w, https:\/\/www.ip.usp.br\/site\/wp-content\/uploads\/2024\/09\/8085-1448x2048.png 1448w\" sizes=\"(max-width: 724px) 100vw, 724px\" \/><\/p>\n<p>Para conferir mais informa\u00e7\u00f5es sobre o trajeto do Busp, acesse o site da <a href=\"https:\/\/puspc.usp.br\/destaques\/onibus-busp\/\" target=\"_blank\" rel=\"noopener\">Prefeitura do Campus da Capital<\/a>.<\/p>\n<p>Para saber dos \u00f4nibus da USP, acesse o <a href=\"http:\/\/www.usp.br\/manualdocalouro\/?page_id=2729\" target=\"_blank\" rel=\"noopener\">Manual do Calouro<\/a><\/p>\n","protected":false},"excerpt":{"rendered":"<p>Entre outras fun\u00e7\u00f5es, a Se\u00e7\u00e3o de Passe Escolar da Superintend\u00eancia de Assist\u00eancia Social (SAS) viabiliza,\u00a0junto \u00e0 S\u00e3o Paulo Transporte (SPTrans) e \u00e0 Empresa Metropolitana de Transportes Urbanos de S\u00e3o Paulo (EMTU), as solicita\u00e7\u00f5es de cart\u00f5es de passe escolar para discentes da Universidade de S\u00e3o Paulo. Bilhete \u00danico de Estudante O Bilhete \u00danico Escolar, oferecido pela [&hellip;]<\/p>\n","protected":false},"author":2,"featured_media":0,"parent":0,"menu_order":0,"comment_status":"closed","ping_status":"closed","template":"","meta":{"_acf_changed":false,"footnotes":""},"categories":[398,507],"tags":[],"class_list":["post-10427","page","type-page","status-publish","hentry","category-graduacao","category-vida-universitaria-usp"],"acf":[],"jetpack_sharing_enabled":true,"_links":{"self":[{"href":"https:\/\/www.ip.usp.br\/site\/wp-json\/wp\/v2\/pages\/10427","targetHints":{"allow":["GET"]}}],"collection":[{"href":"https:\/\/www.ip.usp.br\/site\/wp-json\/wp\/v2\/pages"}],"about":[{"href":"https:\/\/www.ip.usp.br\/site\/wp-json\/wp\/v2\/types\/page"}],"author":[{"embeddable":true,"href":"https:\/\/www.ip.usp.br\/site\/wp-json\/wp\/v2\/users\/2"}],"replies":[{"embeddable":true,"href":"https:\/\/www.ip.usp.br\/site\/wp-json\/wp\/v2\/comments?post=10427"}],"version-history":[{"count":13,"href":"https:\/\/www.ip.usp.br\/site\/wp-json\/wp\/v2\/pages\/10427\/revisions"}],"predecessor-version":[{"id":48337,"href":"https:\/\/www.ip.usp.br\/site\/wp-json\/wp\/v2\/pages\/10427\/revisions\/48337"}],"wp:attachment":[{"href":"https:\/\/www.ip.usp.br\/site\/wp-json\/wp\/v2\/media?parent=10427"}],"wp:term":[{"taxonomy":"category","embeddable":true,"href":"https:\/\/www.ip.usp.br\/site\/wp-json\/wp\/v2\/categories?post=10427"},{"taxonomy":"post_tag","embeddable":true,"href":"https:\/\/www.ip.usp.br\/site\/wp-json\/wp\/v2\/tags?post=10427"}],"curies":[{"name":"wp","href":"https:\/\/api.w.org\/{rel}","templated":true}]}}