{"id":10432,"date":"2016-10-07T09:52:42","date_gmt":"2016-10-07T12:52:42","guid":{"rendered":"https:\/\/www.ip.usp.br\/site\/?page_id=10432"},"modified":"2016-10-31T12:02:39","modified_gmt":"2016-10-31T15:02:39","slug":"o-psicopato","status":"publish","type":"page","link":"https:\/\/www.ip.usp.br\/site\/o-psicopato\/","title":{"rendered":"O Psicopato"},"content":{"rendered":"<h3><\/h3>\n<div class=\"_5po3\">\n<div class=\"_50f7\">\n<p>O psicopato<\/p>\n<p><img fetchpriority=\"high\" decoding=\"async\" src=\"https:\/\/www.ip.usp.br\/atletica\/images\/stories\/aaabusilis\/Sem_categoria\/psicopato.jpg\" alt=\"psicopato\" width=\"384\" height=\"512\" \/><\/p>\n<p>&nbsp;<\/p>\n<p>&nbsp;<\/p>\n<p><b>O PSICOPATO\u00a0<\/b><\/p>\n<p>No Inter e no BIFE s\u00e3o as melhores chances de se ver um personagem que j\u00e1 est\u00e1 ficando lend\u00e1rio na psico: o Pato! Seu nome verdadeiro \u00e9 Psicopato, e ele \u00e9 o mascote da nossa ilustr\u00edssima atl\u00e9tica, tem um dom natural para os esportes, e um ritmo incr\u00edvel para a dan\u00e7a, mas o que ele faz de melhor \u00e9 nadar! O problema \u00e9 que suas \u201climita\u00e7\u00f5es\u201d n\u00e3o s\u00e3o reconhecidas, e nas competi\u00e7\u00f5es sempre o desclassificam pelo seu p\u00e9 de pato&#8230; fazer o que? Se voc\u00ea n\u00e3o entendeu nada, pergunte a um veterano, ou n\u00e3o perca as pr\u00f3ximas edi\u00e7\u00f5es do Inter e do BIFE, vale a pena!<\/p>\n<p>&nbsp;<\/p>\n<p><b>Ol\u00e1 pessoas, eu sou o PSICOPATO<\/b><a href=\"https:\/\/www.ip.usp.br\/atletica\/index.php?option=com_content&amp;view=article&amp;id=2021&amp;Itemid=221#_msocom_1\" name=\"_msoanchor_1\"><\/a><\/p>\n<p>&nbsp;<\/p>\n<p>Antes de mais nada, parab\u00e9ns \u00e9 claro!!! N\u00e3o \u00e9 sempre que se consegue entrar na USP (acho que essa \u00e9 a terceira ou quarta vez que algu\u00e9m diz isso a voc\u00eas, mas enfim&#8230;). Sejam bem vindos!<\/p>\n<p>&nbsp;<\/p>\n<p>Como voc\u00ea, bixo, n\u00e3o conhece nada da faculdade e est\u00e1 curioso pelas coisas que rolam por aqui, vou me apresentar. Eu n\u00e3o sou apenas um mascote, sou uma entidade. Sou um verdadeiro representante de um \u00f3rg\u00e3o existente na faculdade que ir\u00e1 dar uma agitada na sua vida, te tirar um pouco da rotina. Qual? Sou mascote da Atl\u00e9tica, oras! Fui concebido em meados de 2003 por mentes hoje j\u00e1 diplomadas, uma embrenhada no RH e outra submersa em cloro&#8230; dizem por ai que j\u00e1 fui mulher no in\u00edcio, mas isso \u00e9 hist\u00f3ria do passado! Mas foi em 2004 que, \u00e1vidos por um representante, a chapa vigente (a <i>at\u00e9 o fim<\/i>) re-elaborou a primeira id\u00e9ia. Sofri uma grande mudan\u00e7a me tornando a coisa \u201cfofa\u201d que sou hoje, mas mau o suficiente para dar conta daquele frango que \u00e9 o urubu do Mackenzie.<\/p>\n<p>&nbsp;<\/p>\n<p>N\u00e3o pensem voc\u00eas que minha ilustre apari\u00e7\u00e3o se limitou ao logo da atl\u00e9tica, eu me tornei um ser real! Quase de carne e osso (n\u00e3o fossem as espumas&#8230;) fa\u00e7o apari\u00e7\u00f5es exclusiv\u00edssimas nos grandes campeonatos que a Psico participa \u2013 o InterPsico e o BIFE. E mod\u00e9stia a parte, sou a sensa\u00e7\u00e3o desses campeonatos. Tanto, que a maioria das faculdades que enfrentamos j\u00e1 copiaram e criaram seus mascotes&#8230;<\/p>\n<p>&nbsp;<\/p>\n<p>Duvidam? Pois saibam que na minha primeira apari\u00e7\u00e3o fui sensacional! Por que al\u00e9m de ser um \u00e1s nos esportes, ajudando todos os times em seus aquecimentos, sou o grande <i>cheer leader<\/i> da psico: tenho ritmo, desenvoltura, e uma capacidade de mexer com os advers\u00e1rios que \u00e9 desconcertante&#8230; s\u00f3 vendo para entender. No BIFE de 2004, ocorreu a grande consagra\u00e7\u00e3o deste grande personagem, al\u00e9m da habitual agita\u00e7\u00e3o com a torcida e das performances em quadra, eu me revelei o \u00f3timo nadador que sou, especialista no nado costas. Quando fui para o balizamento as torcidas todas me aclamavam, ao me alongar ningu\u00e9m mais acreditava, foi quando entrei na piscina que fui ovacionado, ningu\u00e9m mais se importava com os outros que estavam nadando! Todas as aten\u00e7\u00f5es estavam voltadas para mim, para o \u201catleta\u201d da Psico que sou! Foi animal! Todo mundo gritando e torcendo por mim e, no final, aplausos e mais aplausos. Foi um momento marcante com certeza, acho que para todas as pessoas da Psico que estavam assistindo as provas de nata\u00e7\u00e3o. Voc\u00ea duvida deste meu feito e de sua repercuss\u00e3o? Sou famoso at\u00e9 no orkut!<\/p>\n<p>&nbsp;<\/p>\n<p>Hist\u00f3rias para contar n\u00e3o faltam: j\u00e1 tomei cart\u00e3o vermelho no futebol, j\u00e1 lutei com o gato e a raposa em quadra, j\u00e1 dancei quadrilha na festa junina, quase morri afogado em um INTER (n\u00e3o nadem de ressaca crian\u00e7as!), \u201cbulinei\u201d umas aluninhas do Mackenzie em plena quadra, etc, etc, etc. Mas o importante \u00e9 descobri-las voc\u00ea mesmo, principalmente estando presente em tais eventos que, como deu pra notar, rendem hist\u00f3rias pra contar! Bom, at\u00e9 breve!<\/p>\n<\/div>\n<\/div>\n","protected":false},"excerpt":{"rendered":"<p>O psicopato &nbsp; &nbsp; O PSICOPATO\u00a0 No Inter e no BIFE s\u00e3o as melhores chances de se ver um personagem que j\u00e1 est\u00e1 ficando lend\u00e1rio na psico: o Pato! Seu nome verdadeiro \u00e9 Psicopato, e ele \u00e9 o mascote da nossa ilustr\u00edssima atl\u00e9tica, tem um dom natural para os esportes, e um ritmo incr\u00edvel para [&hellip;]<\/p>\n","protected":false},"author":2,"featured_media":0,"parent":0,"menu_order":0,"comment_status":"closed","ping_status":"closed","template":"","meta":{"_acf_changed":false,"footnotes":""},"categories":[477,449],"tags":[],"class_list":["post-10432","page","type-page","status-publish","hentry","category-esporte","category-vida-na-usp"],"acf":[],"jetpack_sharing_enabled":true,"_links":{"self":[{"href":"https:\/\/www.ip.usp.br\/site\/wp-json\/wp\/v2\/pages\/10432","targetHints":{"allow":["GET"]}}],"collection":[{"href":"https:\/\/www.ip.usp.br\/site\/wp-json\/wp\/v2\/pages"}],"about":[{"href":"https:\/\/www.ip.usp.br\/site\/wp-json\/wp\/v2\/types\/page"}],"author":[{"embeddable":true,"href":"https:\/\/www.ip.usp.br\/site\/wp-json\/wp\/v2\/users\/2"}],"replies":[{"embeddable":true,"href":"https:\/\/www.ip.usp.br\/site\/wp-json\/wp\/v2\/comments?post=10432"}],"version-history":[{"count":21,"href":"https:\/\/www.ip.usp.br\/site\/wp-json\/wp\/v2\/pages\/10432\/revisions"}],"predecessor-version":[{"id":13206,"href":"https:\/\/www.ip.usp.br\/site\/wp-json\/wp\/v2\/pages\/10432\/revisions\/13206"}],"wp:attachment":[{"href":"https:\/\/www.ip.usp.br\/site\/wp-json\/wp\/v2\/media?parent=10432"}],"wp:term":[{"taxonomy":"category","embeddable":true,"href":"https:\/\/www.ip.usp.br\/site\/wp-json\/wp\/v2\/categories?post=10432"},{"taxonomy":"post_tag","embeddable":true,"href":"https:\/\/www.ip.usp.br\/site\/wp-json\/wp\/v2\/tags?post=10432"}],"curies":[{"name":"wp","href":"https:\/\/api.w.org\/{rel}","templated":true}]}}