{"id":10436,"date":"2016-10-07T09:54:23","date_gmt":"2016-10-07T12:54:23","guid":{"rendered":"https:\/\/www.ip.usp.br\/site\/?page_id=10436"},"modified":"2025-12-16T06:20:49","modified_gmt":"2025-12-16T09:20:49","slug":"cursinho-da-psico","status":"publish","type":"page","link":"https:\/\/www.ip.usp.br\/site\/cursinho-da-psico\/","title":{"rendered":"Cursinho da Psico"},"content":{"rendered":"<p style=\"text-align: justify;\"><img fetchpriority=\"high\" decoding=\"async\" class=\"size-medium wp-image-36107 alignleft\" src=\"https:\/\/www.ip.usp.br\/site\/wp-content\/uploads\/2021\/06\/cursinho-da-psico-300x175.jpg\" alt=\"\" width=\"300\" height=\"175\" srcset=\"https:\/\/www.ip.usp.br\/site\/wp-content\/uploads\/2021\/06\/cursinho-da-psico-300x175.jpg 300w, https:\/\/www.ip.usp.br\/site\/wp-content\/uploads\/2021\/06\/cursinho-da-psico.jpg 600w\" sizes=\"(max-width: 300px) 100vw, 300px\" \/>O Cursinho Popular e Pr\u00e9-Universit\u00e1rio da Psico \u00e9 um projeto educacional sem fins lucrativos coordenado por estudantes do Instituto de Psicologia (IP) da Universidade de S\u00e3o Paulo (USP) que atende jovens e adultos de baixa renda que desejam ingressar na Universidade.<\/p>\n<p style=\"text-align: justify;\"><span class=\"OYPEnA text-decoration-none text-strikethrough-none\">O Cursinho \u00e9 um espa\u00e7o que oferece oportunidades para jovens de baixa renda e provenientes da educa\u00e7\u00e3o p\u00fablica ingressarem no ensino superior. Al\u00e9m de prepar\u00e1-los para o vestibular, aborda quest\u00f5es como perman\u00eancia estudantil, integra\u00e7\u00e3o universit\u00e1ria e quest\u00f5es sociais. Com mais de 60 educadores volunt\u00e1rios, recebe mais de 200 alunos ao longo de 225 dias letivos, oferecendo aulas s\u00edncronas e ass\u00edncronas, plant\u00f5es de d\u00favidas e simulados bimestrais.<\/span><\/p>\n<p style=\"text-align: justify;\">Com base no conceito de Pr\u00e9-Universit\u00e1rio, o Cursinho oferece aos seus alunos uma forma de ensino ampla, que extrapola os limites do vestibular, levando em conta a forma\u00e7\u00e3o pol\u00edtica e cultural dos estudantes. Seus principais objetivos, descritos em seu Projeto Pol\u00edtico-Pedag\u00f3gico, s\u00e3o levar aos jovens e adultos de camadas populares uma extens\u00e3o dos conhecimentos produzidos pela universidade, aumentar as chances de entrada e perman\u00eancia desses estudantes nas universidades p\u00fablicas, bem como oferecer uma forma\u00e7\u00e3o cr\u00edtica sobre os deveres e direitos dos cidad\u00e3os.<\/p>\n<p style=\"text-align: justify;\">As aulas no cursinho abrangem todas as \u00e1reas (humanas, exatas e biol\u00f3gicas) e acontecem no per\u00edodo noturno de segunda a sexta . A secretaria do cursinho funciona na sala 30 do Centro Acad\u00eamico e as aulas acontecem no Bloco B.<\/p>\n<p>Para obter informa\u00e7\u00f5es sobre inscri\u00e7\u00f5es, prazos e turmas, acesse o site do <a href=\"https:\/\/sites.google.com\/view\/cursinhopsicousp\" target=\"_blank\" rel=\"noopener noreferrer\">Cursinho da Psico<\/a> ou entre em contato com eles.<\/p>\n<p>&nbsp;<\/p>\n<h3>Contato<\/h3>\n<p>E-mail: <a href=\"mailto:cursinhopsico.secretaria@gmail.com\">cursinhopsico.secretaria@gmail.com<\/a><br \/>\nSite: <a href=\"https:\/\/sites.google.com\/view\/cursinhopsicousp\" target=\"_blank\" rel=\"noopener noreferrer\">https:\/\/sites.google.com\/view\/cursinhopsicousp<\/a><br \/>\nTelefone: (11) 98846-9393 &#8211; Sofia Teruya &#8211; Coordena\u00e7\u00e3o de matr\u00edculas.<\/p>\n<p>Atendimento: de segunda a sexta, das 18h \u00e0s 22h, ou via whatsapp, em outros hor\u00e1rios.<\/p>\n","protected":false},"excerpt":{"rendered":"<p>O Cursinho Popular e Pr\u00e9-Universit\u00e1rio da Psico \u00e9 um projeto educacional sem fins lucrativos coordenado por estudantes do Instituto de Psicologia (IP) da Universidade de S\u00e3o Paulo (USP) que atende jovens e adultos de baixa renda que desejam ingressar na Universidade. O Cursinho \u00e9 um espa\u00e7o que oferece oportunidades para jovens de baixa renda e [&hellip;]<\/p>\n","protected":false},"author":2,"featured_media":0,"parent":0,"menu_order":0,"comment_status":"closed","ping_status":"closed","template":"","meta":{"_acf_changed":false,"footnotes":""},"categories":[398,506],"tags":[],"class_list":["post-10436","page","type-page","status-publish","hentry","category-graduacao","category-vida-universitaria-ipusp"],"acf":[],"jetpack_sharing_enabled":true,"_links":{"self":[{"href":"https:\/\/www.ip.usp.br\/site\/wp-json\/wp\/v2\/pages\/10436","targetHints":{"allow":["GET"]}}],"collection":[{"href":"https:\/\/www.ip.usp.br\/site\/wp-json\/wp\/v2\/pages"}],"about":[{"href":"https:\/\/www.ip.usp.br\/site\/wp-json\/wp\/v2\/types\/page"}],"author":[{"embeddable":true,"href":"https:\/\/www.ip.usp.br\/site\/wp-json\/wp\/v2\/users\/2"}],"replies":[{"embeddable":true,"href":"https:\/\/www.ip.usp.br\/site\/wp-json\/wp\/v2\/comments?post=10436"}],"version-history":[{"count":22,"href":"https:\/\/www.ip.usp.br\/site\/wp-json\/wp\/v2\/pages\/10436\/revisions"}],"predecessor-version":[{"id":53947,"href":"https:\/\/www.ip.usp.br\/site\/wp-json\/wp\/v2\/pages\/10436\/revisions\/53947"}],"wp:attachment":[{"href":"https:\/\/www.ip.usp.br\/site\/wp-json\/wp\/v2\/media?parent=10436"}],"wp:term":[{"taxonomy":"category","embeddable":true,"href":"https:\/\/www.ip.usp.br\/site\/wp-json\/wp\/v2\/categories?post=10436"},{"taxonomy":"post_tag","embeddable":true,"href":"https:\/\/www.ip.usp.br\/site\/wp-json\/wp\/v2\/tags?post=10436"}],"curies":[{"name":"wp","href":"https:\/\/api.w.org\/{rel}","templated":true}]}}