{"id":10641,"date":"2016-10-10T08:36:15","date_gmt":"2016-10-10T11:36:15","guid":{"rendered":"https:\/\/www.ip.usp.br\/site\/?page_id=10641"},"modified":"2024-11-08T11:55:29","modified_gmt":"2024-11-08T14:55:29","slug":"stapoio","status":"publish","type":"page","link":"https:\/\/www.ip.usp.br\/site\/stapoio\/","title":{"rendered":"Setor de Apoio ao Usu\u00e1rio"},"content":{"rendered":"<h5 style=\"text-align: right;line-height: 1.6\">Av. Prof. Mello Moraes, 1721 \u2013 Bloco G \u2013 2\u00ba andar \u2013 sala 20<br \/>\nCEP: 05508-030 \u2013 Cidade Universit\u00e1ria \u2013 S\u00e3o Paulo<br \/>\nTelefones: 3091-9064\/8613<br \/>\nE-mail: <a href=\"mailto:coordep@usp.br\">coordep@usp.br<\/a><\/h5>\n<hr \/>\n<h5 style=\"text-align: justify;line-height: 1.6\">O Setor de Apoio ao Usu\u00e1rio do Instituto de Psicologia da USP, atrelado a Se\u00e7\u00e3o T\u00e9cnica de Inform\u00e1tica, foi criado com o objetivo de oferecer ao usu\u00e1rio suporte t\u00e9cnico para utiliza\u00e7\u00e3o de equipamentos audiovisuais e de inform\u00e1tica, videoconfer\u00eancia, transmiss\u00e3o e grava\u00e7\u00e3o de eventos nos espa\u00e7os destinados para tal.<\/h5>\n<h5 style=\"text-align: justify;line-height: 1.6\">Cabe ao setor coordenar os agendamentos da infraestrutura f\u00edsica dos audit\u00f3rios <i>Carolina Martuscelli Bori (Bloco G)<\/i> e <i>Aurora Furtado (Bloco B) e v\u00e3o livre do Bloco G,<\/i> tamb\u00e9m \u00e9 responsabilidade do setor providenciar e preparar o espa\u00e7o f\u00edsico e os equipamentos de audiovisual e de recursos humanos, previamente solicitados para a realiza\u00e7\u00e3o do evento<\/h5>\n<h5 style=\"text-align: justify;line-height: 1.6\">Hor\u00e1rio de funcionamento<\/h5>\n<h5 style=\"text-align: justify;line-height: 1.6\">Segunda a sexta-feira, das 8h \u00e0s 12h e das 13h30 \u00e0s 18h<\/h5>\n","protected":false},"excerpt":{"rendered":"<p>Av. Prof. Mello Moraes, 1721 \u2013 Bloco G \u2013 2\u00ba andar \u2013 sala 20 CEP: 05508-030 \u2013 Cidade Universit\u00e1ria \u2013 S\u00e3o Paulo Telefones: 3091-9064\/8613 E-mail: coordep@usp.br O Setor de Apoio ao Usu\u00e1rio do Instituto de Psicologia da USP, atrelado a Se\u00e7\u00e3o T\u00e9cnica de Inform\u00e1tica, foi criado com o objetivo de oferecer ao usu\u00e1rio suporte t\u00e9cnico [&hellip;]<\/p>\n","protected":false},"author":2,"featured_media":0,"parent":0,"menu_order":0,"comment_status":"closed","ping_status":"closed","template":"","meta":{"_acf_changed":false,"footnotes":""},"categories":[496],"tags":[],"class_list":["post-10641","page","type-page","status-publish","hentry","category-informatica"],"acf":[],"jetpack_sharing_enabled":true,"_links":{"self":[{"href":"https:\/\/www.ip.usp.br\/site\/wp-json\/wp\/v2\/pages\/10641","targetHints":{"allow":["GET"]}}],"collection":[{"href":"https:\/\/www.ip.usp.br\/site\/wp-json\/wp\/v2\/pages"}],"about":[{"href":"https:\/\/www.ip.usp.br\/site\/wp-json\/wp\/v2\/types\/page"}],"author":[{"embeddable":true,"href":"https:\/\/www.ip.usp.br\/site\/wp-json\/wp\/v2\/users\/2"}],"replies":[{"embeddable":true,"href":"https:\/\/www.ip.usp.br\/site\/wp-json\/wp\/v2\/comments?post=10641"}],"version-history":[{"count":20,"href":"https:\/\/www.ip.usp.br\/site\/wp-json\/wp\/v2\/pages\/10641\/revisions"}],"predecessor-version":[{"id":48864,"href":"https:\/\/www.ip.usp.br\/site\/wp-json\/wp\/v2\/pages\/10641\/revisions\/48864"}],"wp:attachment":[{"href":"https:\/\/www.ip.usp.br\/site\/wp-json\/wp\/v2\/media?parent=10641"}],"wp:term":[{"taxonomy":"category","embeddable":true,"href":"https:\/\/www.ip.usp.br\/site\/wp-json\/wp\/v2\/categories?post=10641"},{"taxonomy":"post_tag","embeddable":true,"href":"https:\/\/www.ip.usp.br\/site\/wp-json\/wp\/v2\/tags?post=10641"}],"curies":[{"name":"wp","href":"https:\/\/api.w.org\/{rel}","templated":true}]}}