{"id":10746,"date":"2016-10-10T12:14:00","date_gmt":"2016-10-10T15:14:00","guid":{"rendered":"https:\/\/www.ip.usp.br\/site\/?page_id=10746"},"modified":"2026-04-08T16:35:28","modified_gmt":"2026-04-08T19:35:28","slug":"comissao-coordenadora-nec","status":"publish","type":"page","link":"https:\/\/www.ip.usp.br\/site\/comissao-coordenadora-nec\/","title":{"rendered":"Comiss\u00e3o Coordenadora do Programa de P\u00f3s-gradua\u00e7\u00e3o do NEC (CCP-NEC)"},"content":{"rendered":"<p>A Comiss\u00e3o Coordenadora do Programa de P\u00f3s-Gradua\u00e7\u00e3o em Neuroci\u00eancias e Comportamento para o bi\u00eanio 2026-2028, \u00e9 constitu\u00edda por um Coordenador, um Vice-Coordenador, um Docente efetivo, credenciado como Orientador do Programa (e suplente) e um(uma) Representante Discente (e suplente).<\/p>\n<h3>Coordena\u00e7\u00e3o do Programa<\/h3>\n<p>Coordenador: Marcelo Fernandes das Costa<br \/>\nVice-Coordenador: Antonio de Padua Serafim<br \/>\nRepresentante Docente (efetivos): Daniela Maria Oliveira Bonci e Maria Elisa Pimentel Piemonte<br \/>\nRepresentante Docente (suplentes): Cristiana Rocca e Laerte Silva da Fonseca<br \/>\nRepresentante Discente (efetivo): Elaine Cristina Gon\u00e7alves Santos<br \/>\nRepresentante Discente (suplente): Angelita F\u00fclle<\/p>\n","protected":false},"excerpt":{"rendered":"<p>A Comiss\u00e3o Coordenadora do Programa de P\u00f3s-Gradua\u00e7\u00e3o em Neuroci\u00eancias e Comportamento para o bi\u00eanio 2026-2028, \u00e9 constitu\u00edda por um Coordenador, um Vice-Coordenador, um Docente efetivo, credenciado como Orientador do Programa (e suplente) e um(uma) Representante Discente (e suplente). Coordena\u00e7\u00e3o do Programa Coordenador: Marcelo Fernandes das Costa Vice-Coordenador: Antonio de Padua Serafim Representante Docente (efetivos): Daniela [&hellip;]<\/p>\n","protected":false},"author":2,"featured_media":0,"parent":0,"menu_order":0,"comment_status":"closed","ping_status":"closed","template":"","meta":{"_acf_changed":false,"footnotes":""},"categories":[15,205],"tags":[],"class_list":["post-10746","page","type-page","status-publish","hentry","category-pos-graduacao","category-ensino-programa-neurociencias-e-comportamento"],"acf":[],"jetpack_sharing_enabled":true,"_links":{"self":[{"href":"https:\/\/www.ip.usp.br\/site\/wp-json\/wp\/v2\/pages\/10746","targetHints":{"allow":["GET"]}}],"collection":[{"href":"https:\/\/www.ip.usp.br\/site\/wp-json\/wp\/v2\/pages"}],"about":[{"href":"https:\/\/www.ip.usp.br\/site\/wp-json\/wp\/v2\/types\/page"}],"author":[{"embeddable":true,"href":"https:\/\/www.ip.usp.br\/site\/wp-json\/wp\/v2\/users\/2"}],"replies":[{"embeddable":true,"href":"https:\/\/www.ip.usp.br\/site\/wp-json\/wp\/v2\/comments?post=10746"}],"version-history":[{"count":12,"href":"https:\/\/www.ip.usp.br\/site\/wp-json\/wp\/v2\/pages\/10746\/revisions"}],"predecessor-version":[{"id":54939,"href":"https:\/\/www.ip.usp.br\/site\/wp-json\/wp\/v2\/pages\/10746\/revisions\/54939"}],"wp:attachment":[{"href":"https:\/\/www.ip.usp.br\/site\/wp-json\/wp\/v2\/media?parent=10746"}],"wp:term":[{"taxonomy":"category","embeddable":true,"href":"https:\/\/www.ip.usp.br\/site\/wp-json\/wp\/v2\/categories?post=10746"},{"taxonomy":"post_tag","embeddable":true,"href":"https:\/\/www.ip.usp.br\/site\/wp-json\/wp\/v2\/tags?post=10746"}],"curies":[{"name":"wp","href":"https:\/\/api.w.org\/{rel}","templated":true}]}}