{"id":10758,"date":"2016-10-10T12:23:19","date_gmt":"2016-10-10T15:23:19","guid":{"rendered":"https:\/\/www.ip.usp.br\/site\/?page_id=10758"},"modified":"2018-09-04T11:50:04","modified_gmt":"2018-09-04T14:50:04","slug":"mestrado-nec-2","status":"publish","type":"page","link":"https:\/\/www.ip.usp.br\/site\/mestrado-nec-2\/","title":{"rendered":"Mestrado"},"content":{"rendered":"<h3>Prazo<\/h3>\n<p>No curso de Mestrado, o prazo para dep\u00f3sito da disserta\u00e7\u00e3o \u00e9 de 24 meses.<\/p>\n<p>ATEN\u00c7\u00c3O Em casos EXCEPCIONAIS e DEVIDAMENTE JUSTIFICADOS, os estudantes poder\u00e3o solicitar prorroga\u00e7\u00e3o de prazo por um per\u00edodo m\u00e1ximo de 12 meses. Os pedidos de prorroga\u00e7\u00e3o dever\u00e3o ser realizados 90 dias antes do prazo do dep\u00f3sito da disseta\u00e7\u00e3o.<\/p>\n<h3>Qualifica\u00e7\u00e3o<\/h3>\n<p>O estudante de mestrado dever\u00e1 inscrever-se no referido exame num per\u00edodo m\u00e1ximo 12 (doze) meses ap\u00f3s sua primeira matr\u00edcula no curso.<\/p>\n<p>O objetivo do exame de qualifica\u00e7\u00e3o no mestrado \u00e9 avaliar o conhecimento adquirido em disciplinas e no tema de seu projeto, al\u00e9m da capacidade do estudante em executar seu projeto de pesquisa.<\/p>\n<p>No mestrado, o exame consistir\u00e1 de uma monografia, uma exposi\u00e7\u00e3o oral sobre o projeto de pesquisa e argui\u00e7\u00e3o da comiss\u00e3o examinadora.<\/p>\n<p>A monografia dever\u00e1 ser entregue na secretaria do programa de p\u00f3s-gradua\u00e7\u00e3o em m\u00eddia digital (arquivo pdf) por ocasi\u00e3o da inscri\u00e7\u00e3o do estudante no referido exame.<\/p>\n<p>A exposi\u00e7\u00e3o oral, em sess\u00e3o p\u00fablica, ter\u00e1 dura\u00e7\u00e3o m\u00ednima de 20 (vinte) e m\u00e1xima de 30 (trinta) minutos, sendo seguida de argui\u00e7\u00e3o pela comiss\u00e3o examinadora que ter\u00e1 dura\u00e7\u00e3o m\u00ednima de 60 minutos.<\/p>\n<h3>Formato das Disserta\u00e7\u00f5es de Mestrado<\/h3>\n<p>O trabalho final no curso de mestrado ser\u00e1 na forma de disserta\u00e7\u00e3o na forma tradicional ou na forma de colet\u00e2nea de artigos.<\/p>\n<h3>Disserta\u00e7\u00e3o na forma tradicional<\/h3>\n<p>A estrutura da disserta\u00e7\u00e3o de mestrado dever\u00e1 seguir um dos dois formatos definidos nas publica\u00e7\u00f5es \u201cDiretrizes para apresenta\u00e7\u00e3o de disserta\u00e7\u00f5es e teses da USP: documento eletr\u00f4nico e impresso. Parte I (ABNT)\u201d e dever\u00e1 conter os seguintes itens:<br \/>\n&#8211; Capa com nome do autor, t\u00edtulo do trabalho, local e data;<br \/>\n&#8211; Contra Capa com nome da unidade, nome do autor, t\u00edtulo do trabalho, nome do orientador, local e data;<br \/>\n&#8211; ficha catalogr\u00e1fica, de acordo com a vers\u00e3o do documento (original ou corrigida):<br \/>\n&#8211; Lista de Figuras, Ilustra\u00e7\u00f5es, Equa\u00e7\u00f5es e tabelas;<br \/>\n&#8211; Resumo em Portugu\u00eas;<br \/>\n&#8211; Abstract em Ingl\u00eas;<br \/>\n&#8211; Introdu\u00e7\u00e3o;<br \/>\n&#8211; Material e M\u00e9todos;<br \/>\n&#8211; Resultados;<br \/>\n&#8211; Conclus\u00f5es;<br \/>\n&#8211; Sugest\u00f5es para trabalhos futuros;<br \/>\n&#8211; Refer\u00eancias;<br \/>\n&#8211; Anexos;<br \/>\n&#8211; Ap\u00eandices.<\/p>\n<h3>Disserta\u00e7\u00e3o na forma de colet\u00e2nea<\/h3>\n<p>A estrutura do trabalho final de mestrado na forma de colet\u00e2nea de artigos dever\u00e1 seguir as \u201cDiretrizes para apresenta\u00e7\u00e3o de disserta\u00e7\u00f5es e teses da USP Parte II (APA) publicadas pelo Sistema Integrado de Bibliotecas (SIBi) USP, e dever\u00e1 conter os seguintes itens:<br \/>\n&#8211; Capa com nome do autor, t\u00edtulo do trabalho, local e data;<br \/>\n&#8211; Contra Capa com nome da unidade, nome do autor, t\u00edtulo do trabalho, nome do orientador, local e data;<br \/>\n&#8211; ficha catalogr\u00e1fica, de acordo com a vers\u00e3o do documento (original ou corrigida):<br \/>\n&#8211; Lista de Figuras, Ilustra\u00e7\u00f5es, Equa\u00e7\u00f5es e tabelas;<br \/>\n&#8211; Resumo em Portugu\u00eas;<br \/>\n&#8211; Abstract em Ingl\u00eas;<br \/>\n&#8211; Introdu\u00e7\u00e3o;<br \/>\n-Desenvolvimento ou Cap\u00edtulos<br \/>\n-Discuss\u00e3o geral<br \/>\n&#8211; Conclus\u00f5es<br \/>\n&#8211; Sugest\u00f5es para trabalhos futuros;<br \/>\n&#8211; Refer\u00eancias;<br \/>\n&#8211; Anexos;<br \/>\n&#8211; Ap\u00eandices.<br \/>\nAp\u00f3s o cap\u00edtulo de introdu\u00e7\u00e3o, o autor dever\u00e1 incluir um cap\u00edtulo descrevendo a rela\u00e7\u00e3o entre os artigos presentes no corpo da tese. Cap\u00edtulos na forma tradicional e na forma de artigos poder\u00e3o ser combinados de forma a produzir um texto com estrutura coerente.<br \/>\nO trabalho de mestrado na forma de colet\u00e2nea deve ter no m\u00ednimo 1 (um) artigo em peri\u00f3dico indexado, ou cap\u00edtulo de livro com ISBN e revis\u00e3o por pares atestada, publicado e\/ou submetido e que tenha rela\u00e7\u00e3o com o projeto de sua disserta\u00e7\u00e3o. O autor dever\u00e1 incluir nos anexos comprovante da anu\u00eancia das editoras para a publica\u00e7\u00e3o na disserta\u00e7\u00e3o do(s) artigo(s)ou capitulo (s) submetido(s) ou publicado(s) .<\/p>\n<h3>Certificado do Comit\u00ea de \u00c9tica<\/h3>\n<p>O trabalho de mestrado que envolve pesquisa com animais n\u00e3o-humanos ou humanos deve incluir nos anexos c\u00f3pia de certificado emitido por comit\u00ea de \u00e9tica pertinente.<\/p>\n","protected":false},"excerpt":{"rendered":"<p>Prazo No curso de Mestrado, o prazo para dep\u00f3sito da disserta\u00e7\u00e3o \u00e9 de 24 meses. ATEN\u00c7\u00c3O Em casos EXCEPCIONAIS e DEVIDAMENTE JUSTIFICADOS, os estudantes poder\u00e3o solicitar prorroga\u00e7\u00e3o de prazo por um per\u00edodo m\u00e1ximo de 12 meses. Os pedidos de prorroga\u00e7\u00e3o dever\u00e3o ser realizados 90 dias antes do prazo do dep\u00f3sito da disseta\u00e7\u00e3o. Qualifica\u00e7\u00e3o O estudante [&hellip;]<\/p>\n","protected":false},"author":2,"featured_media":0,"parent":0,"menu_order":0,"comment_status":"closed","ping_status":"closed","template":"","meta":{"_acf_changed":false,"footnotes":""},"categories":[15,205],"tags":[],"class_list":["post-10758","page","type-page","status-publish","hentry","category-pos-graduacao","category-ensino-programa-neurociencias-e-comportamento"],"acf":[],"jetpack_sharing_enabled":true,"_links":{"self":[{"href":"https:\/\/www.ip.usp.br\/site\/wp-json\/wp\/v2\/pages\/10758","targetHints":{"allow":["GET"]}}],"collection":[{"href":"https:\/\/www.ip.usp.br\/site\/wp-json\/wp\/v2\/pages"}],"about":[{"href":"https:\/\/www.ip.usp.br\/site\/wp-json\/wp\/v2\/types\/page"}],"author":[{"embeddable":true,"href":"https:\/\/www.ip.usp.br\/site\/wp-json\/wp\/v2\/users\/2"}],"replies":[{"embeddable":true,"href":"https:\/\/www.ip.usp.br\/site\/wp-json\/wp\/v2\/comments?post=10758"}],"version-history":[{"count":8,"href":"https:\/\/www.ip.usp.br\/site\/wp-json\/wp\/v2\/pages\/10758\/revisions"}],"predecessor-version":[{"id":23208,"href":"https:\/\/www.ip.usp.br\/site\/wp-json\/wp\/v2\/pages\/10758\/revisions\/23208"}],"wp:attachment":[{"href":"https:\/\/www.ip.usp.br\/site\/wp-json\/wp\/v2\/media?parent=10758"}],"wp:term":[{"taxonomy":"category","embeddable":true,"href":"https:\/\/www.ip.usp.br\/site\/wp-json\/wp\/v2\/categories?post=10758"},{"taxonomy":"post_tag","embeddable":true,"href":"https:\/\/www.ip.usp.br\/site\/wp-json\/wp\/v2\/tags?post=10758"}],"curies":[{"name":"wp","href":"https:\/\/api.w.org\/{rel}","templated":true}]}}