{"id":1087,"date":"2010-01-16T18:35:21","date_gmt":"2010-01-16T18:35:21","guid":{"rendered":"https:\/\/www.ip.usp.br\/site\/?p=1087"},"modified":"2018-08-31T09:49:19","modified_gmt":"2018-08-31T12:49:19","slug":"objetivos-do-programa-2","status":"publish","type":"page","link":"https:\/\/www.ip.usp.br\/site\/objetivos-do-programa-2\/","title":{"rendered":"Objetivos do Programa"},"content":{"rendered":"<div>\n<table style=\"border-collapse: collapse; width: 100%;\" border=\"0\">\n<tbody>\n<tr>\n<td style=\"width: 93.7455%;\"><\/td>\n<td style=\"width: 2.30239%;\"><a href=\"https:\/\/www.ip.usp.br\/site\/objetivos-do-programa-2\/\"><img decoding=\"async\" class=\"alignnone wp-image-19624 size-full\" src=\"https:\/\/www.ip.usp.br\/site\/wp-content\/uploads\/2018\/08\/br.gif\" alt=\"\" width=\"20\" height=\"14\" \/><\/a><\/td>\n<td style=\"width: 2.15732%;\"><a href=\"https:\/\/www.ip.usp.br\/site\/objetivos-5\/\"><img decoding=\"async\" class=\"alignnone size-full wp-image-19623\" src=\"https:\/\/www.ip.usp.br\/site\/wp-content\/uploads\/2018\/08\/es.gif\" alt=\"\" width=\"20\" height=\"14\" \/><\/a><\/td>\n<td style=\"width: 1.79478%;\"><a href=\"https:\/\/www.ip.usp.br\/site\/objectives\/\"><img decoding=\"async\" class=\"alignnone size-full wp-image-19626\" src=\"https:\/\/www.ip.usp.br\/site\/wp-content\/uploads\/2018\/08\/us.gif\" alt=\"\" width=\"20\" height=\"14\" \/><\/a><\/td>\n<\/tr>\n<\/tbody>\n<\/table>\n<\/div>\n<p>O objetivo primordial do Programa em Psicologia Cl\u00ednica consiste em formar pesquisadores e docentes de alto n\u00edvel para os quadros universit\u00e1rios e profissionais para a \u00e1rea da Sa\u00fade Mental. A prioridade b\u00e1sica \u00e9 o desenvolvimento de pesquisas que gerem e produzam novos modelos de atendimento cl\u00ednico, que atendam \u00e0s necessidades da popula\u00e7\u00e3o brasileira e os modos de subjetiva\u00e7\u00e3o decorrentes das condi\u00e7\u00f5es de vida na atualidade. Para isso, o di\u00e1logo com outras \u00e1reas do conhecimento cient\u00edfico (Ci\u00eancias Sociais, Medicina, Educa\u00e7\u00e3o, Filosofia, Arte entre outras) tem sido preponderante, tanto por ampliar a compreens\u00e3o das condi\u00e7\u00f5es de vida do ser humano na atualidade como por favorecer o desenvolvimento de novas modalidades de interven\u00e7\u00e3o cl\u00ednica e de extens\u00e3o \u00e0 comunidade: diagn\u00f3sticos, interven\u00e7\u00f5es terap\u00eauticas com crian\u00e7as\/adolescentes\/adultos em centros de sa\u00fade, ambulat\u00f3rios, hospitais, creches, cl\u00ednicas especializadas, entidades de atendimento a portadores de defici\u00eancias f\u00edsicas e\/ou mentais, juizado de menores, juizado de fam\u00edlia e formas de atendimento em cl\u00ednica-escola.<\/p>\n","protected":false},"excerpt":{"rendered":"<p>O objetivo primordial do Programa em Psicologia Cl\u00ednica consiste em formar pesquisadores e docentes de alto n\u00edvel para os quadros universit\u00e1rios e profissionais para a \u00e1rea da Sa\u00fade Mental. A prioridade b\u00e1sica \u00e9 o desenvolvimento de pesquisas que gerem e produzam novos modelos de atendimento cl\u00ednico, que atendam \u00e0s necessidades da popula\u00e7\u00e3o brasileira e os [&hellip;]<\/p>\n","protected":false},"author":2,"featured_media":0,"parent":0,"menu_order":13,"comment_status":"open","ping_status":"open","template":"","meta":{"_acf_changed":false,"footnotes":""},"categories":[15,144],"tags":[],"class_list":["post-1087","page","type-page","status-publish","hentry","category-pos-graduacao","category-pos-graduacao-ensino-programa-psc"],"acf":[],"jetpack_sharing_enabled":true,"_links":{"self":[{"href":"https:\/\/www.ip.usp.br\/site\/wp-json\/wp\/v2\/pages\/1087","targetHints":{"allow":["GET"]}}],"collection":[{"href":"https:\/\/www.ip.usp.br\/site\/wp-json\/wp\/v2\/pages"}],"about":[{"href":"https:\/\/www.ip.usp.br\/site\/wp-json\/wp\/v2\/types\/page"}],"author":[{"embeddable":true,"href":"https:\/\/www.ip.usp.br\/site\/wp-json\/wp\/v2\/users\/2"}],"replies":[{"embeddable":true,"href":"https:\/\/www.ip.usp.br\/site\/wp-json\/wp\/v2\/comments?post=1087"}],"version-history":[{"count":3,"href":"https:\/\/www.ip.usp.br\/site\/wp-json\/wp\/v2\/pages\/1087\/revisions"}],"predecessor-version":[{"id":22441,"href":"https:\/\/www.ip.usp.br\/site\/wp-json\/wp\/v2\/pages\/1087\/revisions\/22441"}],"wp:attachment":[{"href":"https:\/\/www.ip.usp.br\/site\/wp-json\/wp\/v2\/media?parent=1087"}],"wp:term":[{"taxonomy":"category","embeddable":true,"href":"https:\/\/www.ip.usp.br\/site\/wp-json\/wp\/v2\/categories?post=1087"},{"taxonomy":"post_tag","embeddable":true,"href":"https:\/\/www.ip.usp.br\/site\/wp-json\/wp\/v2\/tags?post=1087"}],"curies":[{"name":"wp","href":"https:\/\/api.w.org\/{rel}","templated":true}]}}