{"id":11080,"date":"2016-10-11T20:26:31","date_gmt":"2016-10-11T23:26:31","guid":{"rendered":"https:\/\/www.ip.usp.br\/site\/?page_id=11080"},"modified":"2020-02-14T14:33:12","modified_gmt":"2020-02-14T17:33:12","slug":"1994-2","status":"publish","type":"page","link":"https:\/\/www.ip.usp.br\/site\/1994-2\/","title":{"rendered":"1994"},"content":{"rendered":"<hr \/>\n<p><span style=\"color: #ffffff;\">|<\/span><a href=\"https:\/\/www.ip.usp.br\/site\/1960-2\/\">1960<\/a> \u00a0| \u00a0<a href=\"https:\/\/www.ip.usp.br\/site\/1961-2\/\">1961<\/a>\u00a0\u00a0| \u00a0<a href=\"https:\/\/www.ip.usp.br\/site\/1962-2\/\">1962<\/a>\u00a0\u00a0| \u00a0<a href=\"https:\/\/www.ip.usp.br\/site\/1963-2\/\">1963<\/a>\u00a0\u00a0| \u00a0<a href=\"https:\/\/www.ip.usp.br\/site\/1964-2\/\">1964<\/a>\u00a0\u00a0| \u00a0<a href=\"https:\/\/www.ip.usp.br\/site\/1965-2\/\">1965<\/a>\u00a0\u00a0| \u00a0<a href=\"https:\/\/www.ip.usp.br\/site\/1966-2\/\">1966<\/a>\u00a0\u00a0| \u00a0<a href=\"https:\/\/www.ip.usp.br\/site\/1967-2\/\">1967<\/a> \u00a0| \u00a0<a href=\"https:\/\/www.ip.usp.br\/site\/1968-2\/\">1968<\/a> \u00a0| \u00a0<a href=\"https:\/\/www.ip.usp.br\/site\/?page_id=10978&amp;preview=true\">1969<\/a> \u00a0| \u00a0<a href=\"https:\/\/www.ip.usp.br\/site\/1970-2\/\">1970<\/a>\u00a0 | \u00a0<a href=\"https:\/\/www.ip.usp.br\/site\/1971-2\/\">1971<\/a> \u00a0| \u00a0<a href=\"https:\/\/www.ip.usp.br\/site\/1972-2\/\">1972<\/a> \u00a0| \u00a0<a href=\"https:\/\/www.ip.usp.br\/site\/1973-2\/\">1973<\/a>\u00a0\u00a0| \u00a0<a href=\"https:\/\/www.ip.usp.br\/site\/1974-2\/\">1974<\/a> \u00a0| \u00a0<a href=\"https:\/\/www.ip.usp.br\/site\/1975-2\/\">1975<\/a> \u00a0| \u00a0<a href=\"https:\/\/www.ip.usp.br\/site\/1976-2\/\">1976<\/a> \u00a0| \u00a0<a href=\"https:\/\/www.ip.usp.br\/site\/1977-2\/\">1977<\/a> \u00a0| \u00a0<a href=\"https:\/\/www.ip.usp.br\/site\/1978-2\/\">1978<\/a> \u00a0| \u00a0<a href=\"https:\/\/www.ip.usp.br\/site\/1979-2\/\">1979<\/a> \u00a0| \u00a0<a href=\"https:\/\/www.ip.usp.br\/site\/1980-2\/\">1980<\/a> \u00a0| \u00a0<a href=\"https:\/\/www.ip.usp.br\/site\/1981-2\/\">1981<\/a> \u00a0| \u00a0<a href=\"https:\/\/www.ip.usp.br\/site\/1982-2\/\">1982<\/a> \u00a0| \u00a0<a href=\"https:\/\/www.ip.usp.br\/site\/1983-2\/\">1983<\/a> \u00a0| \u00a0<a href=\"https:\/\/www.ip.usp.br\/site\/1984-2\/\">1984<\/a> \u00a0| \u00a0<a href=\"https:\/\/www.ip.usp.br\/site\/1985-2\/\">1985<\/a> \u00a0| \u00a0<a href=\"https:\/\/www.ip.usp.br\/site\/1986-2\/\">1986<\/a> \u00a0| \u00a0<a href=\"https:\/\/www.ip.usp.br\/site\/1987-2\/\">1987<\/a> \u00a0| \u00a0<a href=\"https:\/\/www.ip.usp.br\/site\/1988-2\/\">1988<\/a> \u00a0| \u00a0<a href=\"https:\/\/www.ip.usp.br\/site\/1989-2\/\">1989<\/a> \u00a0| \u00a0<a href=\"https:\/\/www.ip.usp.br\/site\/1990-2\/\">1990<\/a>\u00a0\u00a0| \u00a0<a href=\"https:\/\/www.ip.usp.br\/site\/1991-2\/\">1991<\/a> \u00a0| \u00a0<a href=\"https:\/\/www.ip.usp.br\/site\/1992-2\/\">1992<\/a> \u00a0| \u00a0<a href=\"https:\/\/www.ip.usp.br\/site\/1993-2\/\">1993<\/a> \u00a0| \u00a0<a href=\"https:\/\/www.ip.usp.br\/site\/1994-2\/\">1994<\/a> \u00a0| \u00a0<a href=\"https:\/\/www.ip.usp.br\/site\/1995-2\/\">1995<\/a> \u00a0| \u00a0<a href=\"https:\/\/www.ip.usp.br\/site\/1996-2\/\">1996<\/a> \u00a0| \u00a0<a href=\"https:\/\/www.ip.usp.br\/site\/1997-2\/\">1997<\/a> \u00a0| \u00a0<a href=\"https:\/\/www.ip.usp.br\/site\/1998-2\/\">1998<\/a>\u00a0\u00a0| \u00a0<a href=\"https:\/\/www.ip.usp.br\/site\/1999-2\/\">1999<\/a> \u00a0| \u00a0<a href=\"https:\/\/www.ip.usp.br\/site\/2000-2\/\">2000<\/a> \u00a0| \u00a0<a href=\"https:\/\/www.ip.usp.br\/site\/2001-2\/\">2001<\/a> \u00a0| \u00a0<a href=\"https:\/\/www.ip.usp.br\/site\/2002-2\/\">2002<\/a> \u00a0| \u00a0<a href=\"https:\/\/www.ip.usp.br\/site\/2003-2\/\">2003<\/a> \u00a0| \u00a0<a href=\"https:\/\/www.ip.usp.br\/site\/2004-2\/\">2004<\/a> \u00a0| \u00a0<a href=\"https:\/\/www.ip.usp.br\/site\/2005-2\/\">2005<\/a> \u00a0| \u00a0<a href=\"https:\/\/www.ip.usp.br\/site\/2006-2\/\">2006<\/a>\u00a0\u00a0| \u00a0<a href=\"https:\/\/www.ip.usp.br\/site\/2007-2\/\">2007<\/a> \u00a0| \u00a0<a href=\"https:\/\/www.ip.usp.br\/site\/2008-2\/\">2008<\/a> \u00a0| \u00a0<a href=\"https:\/\/www.ip.usp.br\/site\/2009-2\/\">2009<\/a> \u00a0| \u00a0<a href=\"https:\/\/www.ip.usp.br\/site\/2010-2\/\">2010<\/a> \u00a0| \u00a0<a href=\"https:\/\/www.ip.usp.br\/site\/2011-2\/\">2011<\/a>\u00a0 | \u00a0<a href=\"https:\/\/www.ip.usp.br\/site\/2012-2\/\">2012<\/a>\u00a0 | \u00a0<a href=\"https:\/\/www.ip.usp.br\/site\/2013-2\/\">2013<\/a>\u00a0 | \u00a0<a href=\"https:\/\/www.ip.usp.br\/site\/2014-2\/\">2014<\/a> \u00a0| \u00a0<a href=\"https:\/\/www.ip.usp.br\/site\/2015-2\/\">2015<\/a> \u00a0| \u00a0<a href=\"https:\/\/www.ip.usp.br\/site\/2016-2\/\">2016<\/a>\u00a0| \u00a0<a href=\"https:\/\/www.ip.usp.br\/site\/2017-2\/\">2017<\/a> \u00a0| \u00a0<a href=\"https:\/\/www.ip.usp.br\/site\/2018-2\/\">2018<\/a> \u00a0| \u00a0<a href=\"https:\/\/www.ip.usp.br\/site\/2019-2\/\">2019<\/a><\/p>\n<hr \/>\n<table style=\"width: 599px; height: 1488px;\">\n<tbody>\n<tr>\n<td style=\"width: 291.648px;\">\u00a0ALUNO<\/td>\n<td style=\"width: 291.648px;\">TITULA\u00c7\u00c3O<\/td>\n<\/tr>\n<tr>\n<td style=\"width: 291.648px;\">Adriana Aikawa da Silveira<\/td>\n<td style=\"width: 291.648px;\">Bacharelado_Psic\u00f3logo<\/td>\n<\/tr>\n<tr>\n<td style=\"width: 291.648px;\">Alecxandra Mari Ito<\/td>\n<td style=\"width: 291.648px;\">Bacharelado_Psic\u00f3logo<\/td>\n<\/tr>\n<tr>\n<td style=\"width: 291.648px;\">Alexandra Bordwell<\/td>\n<td style=\"width: 291.648px;\">Bacharelado_Psic\u00f3logo<\/td>\n<\/tr>\n<tr>\n<td style=\"width: 291.648px;\">Ana Carolina Pereira de Carvalho<\/td>\n<td style=\"width: 291.648px;\">Bacharelado_Psic\u00f3logo<\/td>\n<\/tr>\n<tr>\n<td style=\"width: 291.648px;\">Ana Claudia Fossen<\/td>\n<td style=\"width: 291.648px;\">Bacharelado_Psic\u00f3logo<\/td>\n<\/tr>\n<tr>\n<td style=\"width: 291.648px;\">Andrea Giulietti<\/td>\n<td style=\"width: 291.648px;\">Bacharelado_Psic\u00f3logo<\/td>\n<\/tr>\n<tr>\n<td style=\"width: 291.648px;\">Andr\u00e9a Satrapa<\/td>\n<td style=\"width: 291.648px;\">Bacharelado_Psic\u00f3logo<\/td>\n<\/tr>\n<tr>\n<td style=\"width: 291.648px;\">Carla Sabariego<\/td>\n<td style=\"width: 291.648px;\">Bacharelado_Psic\u00f3logo<\/td>\n<\/tr>\n<tr>\n<td style=\"width: 291.648px;\">Carolina de Camargo Aranha Bacchi<\/td>\n<td style=\"width: 291.648px;\">Bacharelado_Psic\u00f3logo<\/td>\n<\/tr>\n<tr>\n<td style=\"width: 291.648px;\">C\u00edntia Davidovich<\/td>\n<td style=\"width: 291.648px;\">Bacharelado_Psic\u00f3logo<\/td>\n<\/tr>\n<tr>\n<td style=\"width: 291.648px;\">Cristina Yuri Kobashi<\/td>\n<td style=\"width: 291.648px;\">Bacharelado_Psic\u00f3logo<\/td>\n<\/tr>\n<tr>\n<td style=\"width: 291.648px;\">Daniela Betinassi Parro<\/td>\n<td style=\"width: 291.648px;\">Bacharelado_Psic\u00f3logo<\/td>\n<\/tr>\n<tr>\n<td style=\"width: 291.648px;\">Debora Forlin Granja<\/td>\n<td style=\"width: 291.648px;\">Bacharelado_Psic\u00f3logo<\/td>\n<\/tr>\n<tr>\n<td style=\"width: 291.648px;\">Edson Giraldi<\/td>\n<td style=\"width: 291.648px;\">Bacharelado_Psic\u00f3logo<\/td>\n<\/tr>\n<tr>\n<td style=\"width: 291.648px;\">Eduardo Iamauti<\/td>\n<td style=\"width: 291.648px;\">Bacharelado_Psic\u00f3logo<\/td>\n<\/tr>\n<tr>\n<td style=\"width: 291.648px;\">Eliane Silvia Costa<\/td>\n<td style=\"width: 291.648px;\">Bacharelado_Psic\u00f3logo<\/td>\n<\/tr>\n<tr>\n<td style=\"width: 291.648px;\">Elisabete Freire Magalh\u00e3es<\/td>\n<td style=\"width: 291.648px;\">Bacharelado_Psic\u00f3logo<\/td>\n<\/tr>\n<tr>\n<td style=\"width: 291.648px;\">Enrico Del Valle de Paz Faldini<\/td>\n<td style=\"width: 291.648px;\">Bacharelado_Psic\u00f3logo<\/td>\n<\/tr>\n<tr>\n<td style=\"width: 291.648px;\">Eug\u00eania Kanai<\/td>\n<td style=\"width: 291.648px;\">Bacharelado_Psic\u00f3logo<\/td>\n<\/tr>\n<tr>\n<td style=\"width: 291.648px;\">Fl\u00e1via Concei\u00e7\u00e3o Campana<\/td>\n<td style=\"width: 291.648px;\">Bacharelado_Psic\u00f3logo<\/td>\n<\/tr>\n<tr>\n<td style=\"width: 291.648px;\">Flaviana Zilio<\/td>\n<td style=\"width: 291.648px;\">Bacharelado_Psic\u00f3logo<\/td>\n<\/tr>\n<tr>\n<td style=\"width: 291.648px;\">Gisele Joana Gobbetti Santos<\/td>\n<td style=\"width: 291.648px;\">Bacharelado_Psic\u00f3logo<\/td>\n<\/tr>\n<tr>\n<td style=\"width: 291.648px;\">Jo\u00e3o Rodrigo Oliveira e Silva<\/td>\n<td style=\"width: 291.648px;\">Bacharelado_Psic\u00f3logo<\/td>\n<\/tr>\n<tr>\n<td style=\"width: 291.648px;\">Karina A. A. B. M. Deburk<\/td>\n<td style=\"width: 291.648px;\">Bacharelado<\/td>\n<\/tr>\n<tr>\n<td style=\"width: 291.648px;\">Leandro Augusto Parolari Fernandes<\/td>\n<td style=\"width: 291.648px;\">Bacharelado<\/td>\n<\/tr>\n<tr>\n<td style=\"width: 291.648px;\">Lia Ades<\/td>\n<td style=\"width: 291.648px;\">Bacharelado_Psic\u00f3logo<\/td>\n<\/tr>\n<tr>\n<td style=\"width: 291.648px;\">Lucas Roberto Lopes Nascimento<\/td>\n<td style=\"width: 291.648px;\">Bacharelado<\/td>\n<\/tr>\n<tr>\n<td style=\"width: 291.648px;\">Luciana Bertini Godoy<\/td>\n<td style=\"width: 291.648px;\">Bacharelado_Psic\u00f3logo<\/td>\n<\/tr>\n<tr>\n<td style=\"width: 291.648px;\">Luciana Perez de Campos Pires<\/td>\n<td style=\"width: 291.648px;\">Bacharelado_Psic\u00f3logo<\/td>\n<\/tr>\n<tr>\n<td style=\"width: 291.648px;\">Luciana Sampaio Puga<\/td>\n<td style=\"width: 291.648px;\">Bacharelado_Psic\u00f3logo<\/td>\n<\/tr>\n<tr>\n<td style=\"width: 291.648px;\">Lucila de Jesus Mello Gon\u00e7alves<\/td>\n<td style=\"width: 291.648px;\">Bacharelado_Psic\u00f3logo<\/td>\n<\/tr>\n<tr>\n<td style=\"width: 291.648px;\">Marcia Burrattino Melhado<\/td>\n<td style=\"width: 291.648px;\">Bacharelado_Psic\u00f3logo<\/td>\n<\/tr>\n<tr>\n<td style=\"width: 291.648px;\">Marcos Brunini<\/td>\n<td style=\"width: 291.648px;\">Bacharelado_Psic\u00f3logo<\/td>\n<\/tr>\n<tr>\n<td style=\"width: 291.648px;\">Maria Cristina Infante Vieira de Lucca<\/td>\n<td style=\"width: 291.648px;\">Bacharelado_Psic\u00f3logo<\/td>\n<\/tr>\n<tr>\n<td style=\"width: 291.648px;\">Maria Elisa Marchini Sayeg<\/td>\n<td style=\"width: 291.648px;\">Bacharelado_Psic\u00f3logo<\/td>\n<\/tr>\n<tr>\n<td style=\"width: 291.648px;\">Maria Inez Alves Pinto<\/td>\n<td style=\"width: 291.648px;\">Bacharelado_Psic\u00f3logo<\/td>\n<\/tr>\n<tr>\n<td style=\"width: 291.648px;\">Maria Jos\u00e9 Yoshida<\/td>\n<td style=\"width: 291.648px;\">Bacharelado_Psic\u00f3logo<\/td>\n<\/tr>\n<tr>\n<td style=\"width: 291.648px;\">Meiling Canizares<\/td>\n<td style=\"width: 291.648px;\">Bacharelado_Psic\u00f3logo<\/td>\n<\/tr>\n<tr>\n<td style=\"width: 291.648px;\">Renata Paparelli<\/td>\n<td style=\"width: 291.648px;\">Bacharelado_Psic\u00f3logo<\/td>\n<\/tr>\n<tr>\n<td style=\"width: 291.648px;\">Renato M. Av\u00f3<\/td>\n<td style=\"width: 291.648px;\">Bacharelado_Psic\u00f3logo<\/td>\n<\/tr>\n<tr>\n<td style=\"width: 291.648px;\">Ricardo Jos\u00e9 Shiguehara<\/td>\n<td style=\"width: 291.648px;\">Bacharelado_Psic\u00f3logo<\/td>\n<\/tr>\n<tr>\n<td style=\"width: 291.648px;\">Roberto Mac Fadden<\/td>\n<td style=\"width: 291.648px;\">Psic\u00f3logo<\/td>\n<\/tr>\n<tr>\n<td style=\"width: 291.648px;\">Ruben Taubemblatt<\/td>\n<td style=\"width: 291.648px;\">Bacharelado_Psic\u00f3logo<\/td>\n<\/tr>\n<tr>\n<td style=\"width: 291.648px;\">Silvana de Souza<\/td>\n<td style=\"width: 291.648px;\">Bacharelado_Psic\u00f3logo<\/td>\n<\/tr>\n<tr>\n<td style=\"width: 291.648px;\">Simone Fernandes<\/td>\n<td style=\"width: 291.648px;\">Bacharelado_Psic\u00f3logo<\/td>\n<\/tr>\n<tr>\n<td style=\"width: 291.648px;\">Suzi Teresa da Silva<\/td>\n<td style=\"width: 291.648px;\">Bacharelado_Psic\u00f3logo<\/td>\n<\/tr>\n<tr>\n<td style=\"width: 291.648px;\">Sylvia Helena Gomes Cardim Moreira Guerra<\/td>\n<td style=\"width: 291.648px;\">Bacharelado_Psic\u00f3logo<\/td>\n<\/tr>\n<tr>\n<td style=\"width: 291.648px;\">Tales Afonso Muxfeldt Ab\u2019 Saber<\/td>\n<td style=\"width: 291.648px;\">Bacharelado_Psic\u00f3logo<\/td>\n<\/tr>\n<tr>\n<td style=\"width: 291.648px;\">Valeria Figueiredo Porto<\/td>\n<td style=\"width: 291.648px;\">Bacharelado_Psic\u00f3logo<\/td>\n<\/tr>\n<tr>\n<td style=\"width: 291.648px;\">Vladimir de Andrade Stempliuk<\/td>\n<td style=\"width: 291.648px;\">Bacharelado_Psic\u00f3logo<\/td>\n<\/tr>\n<tr>\n<td style=\"width: 291.648px;\">Yara Ishara<\/td>\n<td style=\"width: 291.648px;\">Bacharelado_Psic\u00f3logo<\/td>\n<\/tr>\n<\/tbody>\n<\/table>\n","protected":false},"excerpt":{"rendered":"<p>|1960 \u00a0| \u00a01961\u00a0\u00a0| \u00a01962\u00a0\u00a0| \u00a01963\u00a0\u00a0| \u00a01964\u00a0\u00a0| \u00a01965\u00a0\u00a0| \u00a01966\u00a0\u00a0| \u00a01967 \u00a0| \u00a01968 \u00a0| \u00a01969 \u00a0| \u00a01970\u00a0 | \u00a01971 \u00a0| \u00a01972 \u00a0| \u00a01973\u00a0\u00a0| \u00a01974 \u00a0| \u00a01975 \u00a0| \u00a01976 \u00a0| \u00a01977 \u00a0| \u00a01978 \u00a0| \u00a01979 \u00a0| \u00a01980 \u00a0| \u00a01981 \u00a0| \u00a01982 \u00a0| \u00a01983 \u00a0| \u00a01984 \u00a0| \u00a01985 \u00a0| \u00a01986 \u00a0| \u00a01987 \u00a0| \u00a01988 \u00a0| \u00a01989 \u00a0| \u00a01990\u00a0\u00a0| \u00a01991 [&hellip;]<\/p>\n","protected":false},"author":2,"featured_media":0,"parent":0,"menu_order":0,"comment_status":"closed","ping_status":"closed","template":"","meta":{"_acf_changed":false,"footnotes":""},"categories":[499],"tags":[],"class_list":["post-11080","page","type-page","status-publish","hentry","category-alunos"],"acf":[],"jetpack_sharing_enabled":true,"_links":{"self":[{"href":"https:\/\/www.ip.usp.br\/site\/wp-json\/wp\/v2\/pages\/11080","targetHints":{"allow":["GET"]}}],"collection":[{"href":"https:\/\/www.ip.usp.br\/site\/wp-json\/wp\/v2\/pages"}],"about":[{"href":"https:\/\/www.ip.usp.br\/site\/wp-json\/wp\/v2\/types\/page"}],"author":[{"embeddable":true,"href":"https:\/\/www.ip.usp.br\/site\/wp-json\/wp\/v2\/users\/2"}],"replies":[{"embeddable":true,"href":"https:\/\/www.ip.usp.br\/site\/wp-json\/wp\/v2\/comments?post=11080"}],"version-history":[{"count":9,"href":"https:\/\/www.ip.usp.br\/site\/wp-json\/wp\/v2\/pages\/11080\/revisions"}],"predecessor-version":[{"id":30358,"href":"https:\/\/www.ip.usp.br\/site\/wp-json\/wp\/v2\/pages\/11080\/revisions\/30358"}],"wp:attachment":[{"href":"https:\/\/www.ip.usp.br\/site\/wp-json\/wp\/v2\/media?parent=11080"}],"wp:term":[{"taxonomy":"category","embeddable":true,"href":"https:\/\/www.ip.usp.br\/site\/wp-json\/wp\/v2\/categories?post=11080"},{"taxonomy":"post_tag","embeddable":true,"href":"https:\/\/www.ip.usp.br\/site\/wp-json\/wp\/v2\/tags?post=11080"}],"curies":[{"name":"wp","href":"https:\/\/api.w.org\/{rel}","templated":true}]}}