{"id":11133,"date":"2016-10-11T20:58:54","date_gmt":"2016-10-11T23:58:54","guid":{"rendered":"https:\/\/www.ip.usp.br\/site\/?page_id=11133"},"modified":"2020-02-14T14:39:47","modified_gmt":"2020-02-14T17:39:47","slug":"2008-2","status":"publish","type":"page","link":"https:\/\/www.ip.usp.br\/site\/2008-2\/","title":{"rendered":"2008"},"content":{"rendered":"<hr \/>\n<p><span style=\"color: #ffffff;\">|<\/span><a href=\"https:\/\/www.ip.usp.br\/site\/1960-2\/\">1960<\/a> \u00a0| \u00a0<a href=\"https:\/\/www.ip.usp.br\/site\/1961-2\/\">1961<\/a>\u00a0\u00a0| \u00a0<a href=\"https:\/\/www.ip.usp.br\/site\/1962-2\/\">1962<\/a>\u00a0\u00a0| \u00a0<a href=\"https:\/\/www.ip.usp.br\/site\/1963-2\/\">1963<\/a>\u00a0\u00a0| \u00a0<a href=\"https:\/\/www.ip.usp.br\/site\/1964-2\/\">1964<\/a>\u00a0\u00a0| \u00a0<a href=\"https:\/\/www.ip.usp.br\/site\/1965-2\/\">1965<\/a>\u00a0\u00a0| \u00a0<a href=\"https:\/\/www.ip.usp.br\/site\/1966-2\/\">1966<\/a>\u00a0\u00a0| \u00a0<a href=\"https:\/\/www.ip.usp.br\/site\/1967-2\/\">1967<\/a> \u00a0| \u00a0<a href=\"https:\/\/www.ip.usp.br\/site\/1968-2\/\">1968<\/a> \u00a0| \u00a0<a href=\"https:\/\/www.ip.usp.br\/site\/?page_id=10978&amp;preview=true\">1969<\/a> \u00a0| \u00a0<a href=\"https:\/\/www.ip.usp.br\/site\/1970-2\/\">1970<\/a>\u00a0 | \u00a0<a href=\"https:\/\/www.ip.usp.br\/site\/1971-2\/\">1971<\/a> \u00a0| \u00a0<a href=\"https:\/\/www.ip.usp.br\/site\/1972-2\/\">1972<\/a> \u00a0| \u00a0<a href=\"https:\/\/www.ip.usp.br\/site\/1973-2\/\">1973<\/a>\u00a0\u00a0| \u00a0<a href=\"https:\/\/www.ip.usp.br\/site\/1974-2\/\">1974<\/a> \u00a0| \u00a0<a href=\"https:\/\/www.ip.usp.br\/site\/1975-2\/\">1975<\/a> \u00a0| \u00a0<a href=\"https:\/\/www.ip.usp.br\/site\/1976-2\/\">1976<\/a> \u00a0| \u00a0<a href=\"https:\/\/www.ip.usp.br\/site\/1977-2\/\">1977<\/a> \u00a0| \u00a0<a href=\"https:\/\/www.ip.usp.br\/site\/1978-2\/\">1978<\/a> \u00a0| \u00a0<a href=\"https:\/\/www.ip.usp.br\/site\/1979-2\/\">1979<\/a> \u00a0| \u00a0<a href=\"https:\/\/www.ip.usp.br\/site\/1980-2\/\">1980<\/a> \u00a0| \u00a0<a href=\"https:\/\/www.ip.usp.br\/site\/1981-2\/\">1981<\/a> \u00a0| \u00a0<a href=\"https:\/\/www.ip.usp.br\/site\/1982-2\/\">1982<\/a> \u00a0| \u00a0<a href=\"https:\/\/www.ip.usp.br\/site\/1983-2\/\">1983<\/a> \u00a0| \u00a0<a href=\"https:\/\/www.ip.usp.br\/site\/1984-2\/\">1984<\/a> \u00a0| \u00a0<a href=\"https:\/\/www.ip.usp.br\/site\/1985-2\/\">1985<\/a> \u00a0| \u00a0<a href=\"https:\/\/www.ip.usp.br\/site\/1986-2\/\">1986<\/a> \u00a0| \u00a0<a href=\"https:\/\/www.ip.usp.br\/site\/1987-2\/\">1987<\/a> \u00a0| \u00a0<a href=\"https:\/\/www.ip.usp.br\/site\/1988-2\/\">1988<\/a> \u00a0| \u00a0<a href=\"https:\/\/www.ip.usp.br\/site\/1989-2\/\">1989<\/a> \u00a0| \u00a0<a href=\"https:\/\/www.ip.usp.br\/site\/1990-2\/\">1990<\/a>\u00a0\u00a0| \u00a0<a href=\"https:\/\/www.ip.usp.br\/site\/1991-2\/\">1991<\/a> \u00a0| \u00a0<a href=\"https:\/\/www.ip.usp.br\/site\/1992-2\/\">1992<\/a> \u00a0| \u00a0<a href=\"https:\/\/www.ip.usp.br\/site\/1993-2\/\">1993<\/a> \u00a0| \u00a0<a href=\"https:\/\/www.ip.usp.br\/site\/1994-2\/\">1994<\/a> \u00a0| \u00a0<a href=\"https:\/\/www.ip.usp.br\/site\/1995-2\/\">1995<\/a> \u00a0| \u00a0<a href=\"https:\/\/www.ip.usp.br\/site\/1996-2\/\">1996<\/a> \u00a0| \u00a0<a href=\"https:\/\/www.ip.usp.br\/site\/1997-2\/\">1997<\/a> \u00a0| \u00a0<a href=\"https:\/\/www.ip.usp.br\/site\/1998-2\/\">1998<\/a>\u00a0\u00a0| \u00a0<a href=\"https:\/\/www.ip.usp.br\/site\/1999-2\/\">1999<\/a> \u00a0| \u00a0<a href=\"https:\/\/www.ip.usp.br\/site\/2000-2\/\">2000<\/a> \u00a0| \u00a0<a href=\"https:\/\/www.ip.usp.br\/site\/2001-2\/\">2001<\/a> \u00a0| \u00a0<a href=\"https:\/\/www.ip.usp.br\/site\/2002-2\/\">2002<\/a> \u00a0| \u00a0<a href=\"https:\/\/www.ip.usp.br\/site\/2003-2\/\">2003<\/a> \u00a0| \u00a0<a href=\"https:\/\/www.ip.usp.br\/site\/2004-2\/\">2004<\/a> \u00a0| \u00a0<a href=\"https:\/\/www.ip.usp.br\/site\/2005-2\/\">2005<\/a> \u00a0| \u00a0<a href=\"https:\/\/www.ip.usp.br\/site\/2006-2\/\">2006<\/a>\u00a0\u00a0| \u00a0<a href=\"https:\/\/www.ip.usp.br\/site\/2007-2\/\">2007<\/a> \u00a0| \u00a0<a href=\"https:\/\/www.ip.usp.br\/site\/2008-2\/\">2008<\/a> \u00a0| \u00a0<a href=\"https:\/\/www.ip.usp.br\/site\/2009-2\/\">2009<\/a> \u00a0| \u00a0<a href=\"https:\/\/www.ip.usp.br\/site\/2010-2\/\">2010<\/a> \u00a0| \u00a0<a href=\"https:\/\/www.ip.usp.br\/site\/2011-2\/\">2011<\/a>\u00a0 | \u00a0<a href=\"https:\/\/www.ip.usp.br\/site\/2012-2\/\">2012<\/a>\u00a0 | \u00a0<a href=\"https:\/\/www.ip.usp.br\/site\/2013-2\/\">2013<\/a>\u00a0 | \u00a0<a href=\"https:\/\/www.ip.usp.br\/site\/2014-2\/\">2014<\/a> \u00a0| \u00a0<a href=\"https:\/\/www.ip.usp.br\/site\/2015-2\/\">2015<\/a> \u00a0| \u00a0<a href=\"https:\/\/www.ip.usp.br\/site\/2016-2\/\">2016<\/a>\u00a0| \u00a0<a href=\"https:\/\/www.ip.usp.br\/site\/2017-2\/\">2017<\/a> \u00a0| \u00a0<a href=\"https:\/\/www.ip.usp.br\/site\/2018-2\/\">2018<\/a> \u00a0| \u00a0<a href=\"https:\/\/www.ip.usp.br\/site\/2019-2\/\">2019<\/a><\/p>\n<hr \/>\n<table style=\"width: 621.344px;\">\n<tbody>\n<tr style=\"height: 21.8576px;\">\n<td style=\"height: 21.8576px; width: 276px;\">ALUNO<\/td>\n<td style=\"height: 21.8576px; width: 200.344px;\">TITULA\u00c7\u00c3O<\/td>\n<\/tr>\n<tr style=\"height: 21px;\">\n<td style=\"height: 21px; width: 276px;\">Adriana Setsumi Higa<\/td>\n<td style=\"height: 21px; width: 200.344px;\">Licenciatura<\/td>\n<\/tr>\n<tr style=\"height: 21px;\">\n<td style=\"height: 21px; width: 276px;\">Aline Moreira da Silva Tafner<\/td>\n<td style=\"height: 21px; width: 200.344px;\">Bacharelado_Psic\u00f3logo<\/td>\n<\/tr>\n<tr style=\"height: 21px;\">\n<td style=\"height: 21px; width: 276px;\">Ana Carolina Bastides Horibe<\/td>\n<td style=\"height: 21px; width: 200.344px;\">Licenciatura<\/td>\n<\/tr>\n<tr style=\"height: 15px;\">\n<td style=\"height: 15px; width: 276px;\">Ana Carolina Comin Vargas<\/td>\n<td style=\"height: 15px; width: 200.344px;\">Bacharelado-Psic\u00f3logo-Licenciatura<\/td>\n<\/tr>\n<tr style=\"height: 18px;\">\n<td style=\"height: 18px; width: 276px;\">Ana Carolina Trousdell Franceschini<\/td>\n<td style=\"height: 18px; width: 200.344px;\">Psic\u00f3logo<\/td>\n<\/tr>\n<tr style=\"height: 21px;\">\n<td style=\"height: 21px; width: 276px;\">Andr\u00e9 Rostworowski<\/td>\n<td style=\"height: 21px; width: 200.344px;\">Bacharelado_Psic\u00f3logo<\/td>\n<\/tr>\n<tr style=\"height: 21px;\">\n<td style=\"height: 21px; width: 276px;\">Andr\u00e9ia Marques Gomes<\/td>\n<td style=\"height: 21px; width: 200.344px;\">Bacharelado_Psic\u00f3logo<\/td>\n<\/tr>\n<tr style=\"height: 21px;\">\n<td style=\"height: 21px; width: 276px;\">Beatriz Waldvolgel Giraldelli<\/td>\n<td style=\"height: 21px; width: 200.344px;\">Bacharelado<\/td>\n<\/tr>\n<tr style=\"height: 21px;\">\n<td style=\"height: 21px; width: 276px;\">Camila Goldstein Barreiros<\/td>\n<td style=\"height: 21px; width: 200.344px;\">Bacharelado_Psic\u00f3logo<\/td>\n<\/tr>\n<tr style=\"height: 21px;\">\n<td style=\"height: 21px; width: 276px;\">Carina Ferreira Guedes<\/td>\n<td style=\"height: 21px; width: 200.344px;\">Bacharelado_Psic\u00f3logo<\/td>\n<\/tr>\n<tr style=\"height: 21px;\">\n<td style=\"height: 21px; width: 276px;\">Carla Cristina Kawanami<\/td>\n<td style=\"height: 21px; width: 200.344px;\">Bacharelado_Psic\u00f3logo<\/td>\n<\/tr>\n<tr style=\"height: 21px;\">\n<td style=\"height: 21px; width: 276px;\">Carolina Calmon Ramalho<\/td>\n<td style=\"height: 21px; width: 200.344px;\">Psic\u00f3logo<\/td>\n<\/tr>\n<tr style=\"height: 21px;\">\n<td style=\"height: 21px; width: 276px;\">Carolina Cardoso Tiussi<\/td>\n<td style=\"height: 21px; width: 200.344px;\">Bacharelado_Psic\u00f3logo<\/td>\n<\/tr>\n<tr style=\"height: 21px;\">\n<td style=\"height: 21px; width: 276px;\">Carolina Rabello Padovani<\/td>\n<td style=\"height: 21px; width: 200.344px;\">Psic\u00f3logo-Licenciatura<\/td>\n<\/tr>\n<tr style=\"height: 24px;\">\n<td style=\"height: 24px; width: 276px;\">Christian Campos de Oliveira Harit\u00e7alde<\/td>\n<td style=\"height: 24px; width: 200.344px;\">Psic\u00f3logo<\/td>\n<\/tr>\n<tr style=\"height: 21px;\">\n<td style=\"height: 21px; width: 276px;\">Dailza Pineda<\/td>\n<td style=\"height: 21px; width: 200.344px;\">Bacharelado_Psic\u00f3logo<\/td>\n<\/tr>\n<tr style=\"height: 21px;\">\n<td style=\"height: 21px; width: 276px;\">Daniel Marques Pessoa Siqueira<\/td>\n<td style=\"height: 21px; width: 200.344px;\">Bacharelado_Psic\u00f3logo<\/td>\n<\/tr>\n<tr style=\"height: 21px;\">\n<td style=\"height: 21px; width: 276px;\">Daniel Rossin P\u00f3lo<\/td>\n<td style=\"height: 21px; width: 200.344px;\">Licenciatura<\/td>\n<\/tr>\n<tr style=\"height: 22px;\">\n<td style=\"height: 22px; width: 276px;\">D\u00e9bora Zanutto Cardillo<\/td>\n<td style=\"height: 22px; width: 200.344px;\">Bacharelado-Psic\u00f3logo-Licenciatura<\/td>\n<\/tr>\n<tr style=\"height: 21px;\">\n<td style=\"height: 21px; width: 276px;\">Dulce Ricciardi Copped\u00ea<\/td>\n<td style=\"height: 21px; width: 200.344px;\">Psic\u00f3logo<\/td>\n<\/tr>\n<tr style=\"height: 21px;\">\n<td style=\"height: 21px; width: 276px;\">Elaine Taminato Hara<\/td>\n<td style=\"height: 21px; width: 200.344px;\">Bacharelado_Psic\u00f3logo<\/td>\n<\/tr>\n<tr style=\"height: 21px;\">\n<td style=\"height: 21px; width: 276px;\">Elisa Vieira<\/td>\n<td style=\"height: 21px; width: 200.344px;\">Bacharelado_Psic\u00f3logo<\/td>\n<\/tr>\n<tr style=\"height: 44px;\">\n<td style=\"height: 44px; width: 276px;\">Fabiana Cristina Amaral da Fonseca<\/td>\n<td style=\"height: 44px; width: 200.344px;\">Bacharelado_Psic\u00f3logo<\/td>\n<\/tr>\n<tr style=\"height: 21px;\">\n<td style=\"height: 21px; width: 276px;\">Fabiana dos Reis Marchiori<\/td>\n<td style=\"height: 21px; width: 200.344px;\">Bacharelado_Psic\u00f3logo<\/td>\n<\/tr>\n<tr style=\"height: 24px;\">\n<td style=\"height: 24px; width: 276px;\">Felipe Andr\u00e9s Calder\u00f3n Roa<\/td>\n<td style=\"height: 24px; width: 200.344px;\">Bacharelado-Psic\u00f3logo-Licenciatura<\/td>\n<\/tr>\n<tr style=\"height: 21px;\">\n<td style=\"height: 21px; width: 276px;\">Guilherme Borges Valente<\/td>\n<td style=\"height: 21px; width: 200.344px;\">Bacharelado_Psic\u00f3logo<\/td>\n<\/tr>\n<tr style=\"height: 21px;\">\n<td style=\"height: 21px; width: 276px;\">In\u00eas Tomsic<\/td>\n<td style=\"height: 21px; width: 200.344px;\">Bacharelado_Psic\u00f3logo<\/td>\n<\/tr>\n<tr style=\"height: 21px;\">\n<td style=\"height: 21px; width: 276px;\">Isabel Tatit<\/td>\n<td style=\"height: 21px; width: 200.344px;\">Psic\u00f3logo<\/td>\n<\/tr>\n<tr style=\"height: 21px;\">\n<td style=\"height: 21px; width: 276px;\">Jo\u00e3o Vitor Hernandez Gon\u00e7alves<\/td>\n<td style=\"height: 21px; width: 200.344px;\">Bacharelado_Psic\u00f3logo<\/td>\n<\/tr>\n<tr style=\"height: 26px;\">\n<td style=\"height: 26px; width: 276px;\">Julia de Andrade Henrique dos Santos<\/td>\n<td style=\"height: 26px; width: 200.344px;\">Bacharelado_Psic\u00f3logo<\/td>\n<\/tr>\n<tr style=\"height: 21px;\">\n<td style=\"height: 21px; width: 276px;\">Juliana Faria Gomes<\/td>\n<td style=\"height: 21px; width: 200.344px;\">Bacharelado_Psic\u00f3logo<\/td>\n<\/tr>\n<tr style=\"height: 21px;\">\n<td style=\"height: 21px; width: 276px;\">Juliana Hamada Serrano<\/td>\n<td style=\"height: 21px; width: 200.344px;\">Bacharelado_Psic\u00f3logo<\/td>\n<\/tr>\n<tr style=\"height: 20px;\">\n<td style=\"height: 20px; width: 276px;\">Karina Schmidt Brancher<\/td>\n<td style=\"height: 20px; width: 200.344px;\">Bacharelado-Psic\u00f3logo-Licenciatura<\/td>\n<\/tr>\n<tr style=\"height: 21px;\">\n<td style=\"height: 21px; width: 276px;\">K\u00e1tia Miyuki Tsiji<\/td>\n<td style=\"height: 21px; width: 200.344px;\">Psic\u00f3logo<\/td>\n<\/tr>\n<tr style=\"height: 21px;\">\n<td style=\"height: 21px; width: 276px;\">K\u00e1tia Yamamoto<\/td>\n<td style=\"height: 21px; width: 200.344px;\">Bacharelado<\/td>\n<\/tr>\n<tr style=\"height: 21px;\">\n<td style=\"height: 21px; width: 276px;\">Ligia Maria Borba Pereira<\/td>\n<td style=\"height: 21px; width: 200.344px;\">Bacharelado_Psic\u00f3logo<\/td>\n<\/tr>\n<tr style=\"height: 21px;\">\n<td style=\"height: 21px; width: 276px;\">Linn Ando Ussami<\/td>\n<td style=\"height: 21px; width: 200.344px;\">Bacharelado_Psic\u00f3logo<\/td>\n<\/tr>\n<tr style=\"height: 17px;\">\n<td style=\"height: 17px; width: 276px;\">Lucas Mendes de Almeida Antonini<\/td>\n<td style=\"height: 17px; width: 200.344px;\">Bacharelado_Psic\u00f3logo<\/td>\n<\/tr>\n<tr style=\"height: 21px;\">\n<td style=\"height: 21px; width: 276px;\">Luciana Ono Shima<\/td>\n<td style=\"height: 21px; width: 200.344px;\">Bacharelado_Psic\u00f3logo<\/td>\n<\/tr>\n<tr style=\"height: 21px;\">\n<td style=\"height: 21px; width: 276px;\">Luciano Esp\u00f3sito Sewaybricker<\/td>\n<td style=\"height: 21px; width: 200.344px;\">Bacharelado_Psic\u00f3logo<\/td>\n<\/tr>\n<tr style=\"height: 21px;\">\n<td style=\"height: 21px; width: 276px;\">Ma\u00edra Mamud God\u00f3i Mour\u00e3o<\/td>\n<td style=\"height: 21px; width: 200.344px;\">Bacharelado_Psic\u00f3logo<\/td>\n<\/tr>\n<tr style=\"height: 21px;\">\n<td style=\"height: 21px; width: 276px;\">Marcel Cervantes de Oliveira<\/td>\n<td style=\"height: 21px; width: 200.344px;\">Bacharelado_Psic\u00f3logo<\/td>\n<\/tr>\n<tr style=\"height: 21px;\">\n<td style=\"height: 21px; width: 276px;\">Marcela Pezzi<\/td>\n<td style=\"height: 21px; width: 200.344px;\">Psic\u00f3logo<\/td>\n<\/tr>\n<tr style=\"height: 21px;\">\n<td style=\"height: 21px; width: 276px;\">Marcela Rezende Gea<\/td>\n<td style=\"height: 21px; width: 200.344px;\">Bacharelado_Psic\u00f3logo<\/td>\n<\/tr>\n<tr style=\"height: 21px;\">\n<td style=\"height: 21px; width: 276px;\">Marcos Stucchi Pedott<\/td>\n<td style=\"height: 21px; width: 200.344px;\">Bacharelado<\/td>\n<\/tr>\n<tr style=\"height: 14px;\">\n<td style=\"height: 14px; width: 276px;\">Marina Botteon Bergamaschi<\/td>\n<td style=\"height: 14px; width: 200.344px;\">Bacharelado-Psic\u00f3logo-Licenciatura<\/td>\n<\/tr>\n<tr style=\"height: 21px;\">\n<td style=\"height: 21px; width: 276px;\">Marina Prado Sasao<\/td>\n<td style=\"height: 21px; width: 200.344px;\">Bacharelado_Psic\u00f3logo<\/td>\n<\/tr>\n<tr style=\"height: 21px;\">\n<td style=\"height: 21px; width: 276px;\">Mario Cesar da Silva<\/td>\n<td style=\"height: 21px; width: 200.344px;\">Psic\u00f3logo<\/td>\n<\/tr>\n<tr style=\"height: 21px;\">\n<td style=\"height: 21px; width: 276px;\">Mario Felipe de Lima Carvalho<\/td>\n<td style=\"height: 21px; width: 200.344px;\">Psic\u00f3logo<\/td>\n<\/tr>\n<tr style=\"height: 21px;\">\n<td style=\"height: 21px; width: 276px;\">Marjorie El Khouri<\/td>\n<td style=\"height: 21px; width: 200.344px;\">Psic\u00f3logo<\/td>\n<\/tr>\n<tr style=\"height: 21px;\">\n<td style=\"height: 21px; width: 276px;\">Natalia Tarallo<\/td>\n<td style=\"height: 21px; width: 200.344px;\">Psic\u00f3logo<\/td>\n<\/tr>\n<tr style=\"height: 21px;\">\n<td style=\"height: 21px; width: 276px;\">Norma Suematsu<\/td>\n<td style=\"height: 21px; width: 200.344px;\">Psic\u00f3logo-Licenciatura<\/td>\n<\/tr>\n<tr style=\"height: 21px;\">\n<td style=\"height: 21px; width: 276px;\">Patr\u00edcia Tiemi Murakami Otachi<\/td>\n<td style=\"height: 21px; width: 200.344px;\">Licenciatura<\/td>\n<\/tr>\n<tr style=\"height: 21px;\">\n<td style=\"height: 21px; width: 276px;\">Paula Puertas Beltrame<\/td>\n<td style=\"height: 21px; width: 200.344px;\">Bacharelado_Psic\u00f3logo<\/td>\n<\/tr>\n<tr style=\"height: 21px;\">\n<td style=\"height: 21px; width: 276px;\">Pedro Rodrigo Pe\u00f1uela Sanches<\/td>\n<td style=\"height: 21px; width: 200.344px;\">Psic\u00f3logo<\/td>\n<\/tr>\n<tr style=\"height: 20px;\">\n<td style=\"height: 20px; width: 276px;\">Rafael Alves Lima<\/td>\n<td style=\"height: 20px; width: 200.344px;\">Bacharelado-Psic\u00f3logo-Licenciatura<\/td>\n<\/tr>\n<tr style=\"height: 14px;\">\n<td style=\"height: 14px; width: 276px;\">Raquel Morais de Oliveira<\/td>\n<td style=\"height: 14px; width: 200.344px;\">Bacharelado-Psic\u00f3logo-Licenciatura<\/td>\n<\/tr>\n<tr style=\"height: 21px;\">\n<td style=\"height: 21px; width: 276px;\">Raquel Zanelatto Alves da Silva<\/td>\n<td style=\"height: 21px; width: 200.344px;\">Bacharelado_Psic\u00f3logo<\/td>\n<\/tr>\n<tr style=\"height: 21px;\">\n<td style=\"height: 21px; width: 276px;\">Renata Ferreira dos Santos Coelho<\/td>\n<td style=\"height: 21px; width: 200.344px;\">Bacharelado_Psic\u00f3logo<\/td>\n<\/tr>\n<tr style=\"height: 21px;\">\n<td style=\"height: 21px; width: 276px;\">Renata Silva Ara\u00fajo<\/td>\n<td style=\"height: 21px; width: 200.344px;\">Bacharelado_Psic\u00f3logo<\/td>\n<\/tr>\n<tr style=\"height: 21px;\">\n<td style=\"height: 21px; width: 276px;\">Rinaldo Lopes Coelho<\/td>\n<td style=\"height: 21px; width: 200.344px;\">Bacharelado<\/td>\n<\/tr>\n<tr style=\"height: 21px;\">\n<td style=\"height: 21px; width: 276px;\">Samira Maria Gomes<\/td>\n<td style=\"height: 21px; width: 200.344px;\">Psic\u00f3logo-Licenciatura<\/td>\n<\/tr>\n<tr style=\"height: 21px;\">\n<td style=\"height: 21px; width: 276px;\">Simone Marques Yamada<\/td>\n<td style=\"height: 21px; width: 200.344px;\">Bacharelado_Psic\u00f3logo<\/td>\n<\/tr>\n<tr style=\"height: 23px;\">\n<td style=\"height: 23px; width: 276px;\">Suely de Barros Brand\u00e3o<\/td>\n<td style=\"height: 23px; width: 200.344px;\">Bacharelado-Psic\u00f3logo-Licenciatura<\/td>\n<\/tr>\n<tr style=\"height: 21px;\">\n<td style=\"height: 21px; width: 276px;\">Tania Lisboa Machado<\/td>\n<td style=\"height: 21px; width: 200.344px;\">Psic\u00f3logo<\/td>\n<\/tr>\n<tr style=\"height: 21px;\">\n<td style=\"height: 21px; width: 276px;\">Tereza Kelly Mitie Ogata<\/td>\n<td style=\"height: 21px; width: 200.344px;\">Bacharelado_Psic\u00f3logo<\/td>\n<\/tr>\n<tr style=\"height: 21px;\">\n<td style=\"height: 21px; width: 276px;\">Thais Mariana Arantes Ferreira<\/td>\n<td style=\"height: 21px; width: 200.344px;\">Bacharelado_Psic\u00f3logo<\/td>\n<\/tr>\n<tr style=\"height: 10px;\">\n<td style=\"height: 10px; width: 276px;\">Tha\u00eds Morena Tardone<\/td>\n<td style=\"height: 10px; width: 200.344px;\">Bacharelado-Psic\u00f3logo-Licenciatura<\/td>\n<\/tr>\n<tr style=\"height: 7px;\">\n<td style=\"height: 7px; width: 276px;\">Thais Saul Nazar<\/td>\n<td style=\"height: 7px; width: 200.344px;\">Bacharelado-Psic\u00f3logo-Licenciatura<\/td>\n<\/tr>\n<tr style=\"height: 16px;\">\n<td style=\"height: 16px; width: 276px;\">Tiago Buschinelli Marzag\u00e3o Barbuto<\/td>\n<td style=\"height: 16px; width: 200.344px;\">Bacharelado_Psic\u00f3logo<\/td>\n<\/tr>\n<tr style=\"height: 21px;\">\n<td style=\"height: 21px; width: 276px;\">Tiago de Moraes Tavares de Lima<\/td>\n<td style=\"height: 21px; width: 200.344px;\">Psic\u00f3logo<\/td>\n<\/tr>\n<tr style=\"height: 21px;\">\n<td style=\"height: 21px; width: 276px;\">Tifani Nosow<\/td>\n<td style=\"height: 21px; width: 200.344px;\">Bacharelado_Psic\u00f3logo<\/td>\n<\/tr>\n<tr style=\"height: 9px;\">\n<td style=\"height: 9px; width: 276px;\">Vanessa Machia de Campos<\/td>\n<td style=\"height: 9px; width: 200.344px;\">Bacharelado-Psic\u00f3logo-Licenciatura<\/td>\n<\/tr>\n<tr style=\"height: 25px;\">\n<td style=\"height: 25px; width: 276px;\">V\u00e2nia Aparecida Calado<\/td>\n<td style=\"height: 25px; width: 200.344px;\">Bacharelado-Psic\u00f3logo-Licenciatura<\/td>\n<\/tr>\n<tr style=\"height: 1px;\">\n<td style=\"height: 1px; width: 276px;\">Victor Mangabeira Cardoso dos Santos<\/td>\n<td style=\"height: 1px; width: 200.344px;\">Bacharelado-Psic\u00f3logo-Licenciatura<\/td>\n<\/tr>\n<tr style=\"height: 5px;\">\n<td style=\"height: 5px; width: 276px;\">Wilson de Albuquerque Cavalcanti Franco<\/td>\n<td style=\"height: 5px; width: 200.344px;\">Bacharelado_Psic\u00f3logo<\/td>\n<\/tr>\n<\/tbody>\n<\/table>\n","protected":false},"excerpt":{"rendered":"<p>|1960 \u00a0| \u00a01961\u00a0\u00a0| \u00a01962\u00a0\u00a0| \u00a01963\u00a0\u00a0| \u00a01964\u00a0\u00a0| \u00a01965\u00a0\u00a0| \u00a01966\u00a0\u00a0| \u00a01967 \u00a0| \u00a01968 \u00a0| \u00a01969 \u00a0| \u00a01970\u00a0 | \u00a01971 \u00a0| \u00a01972 \u00a0| \u00a01973\u00a0\u00a0| \u00a01974 \u00a0| \u00a01975 \u00a0| \u00a01976 \u00a0| \u00a01977 \u00a0| \u00a01978 \u00a0| \u00a01979 \u00a0| \u00a01980 \u00a0| \u00a01981 \u00a0| \u00a01982 \u00a0| \u00a01983 \u00a0| \u00a01984 \u00a0| \u00a01985 \u00a0| \u00a01986 \u00a0| \u00a01987 \u00a0| \u00a01988 \u00a0| \u00a01989 \u00a0| \u00a01990\u00a0\u00a0| \u00a01991 [&hellip;]<\/p>\n","protected":false},"author":2,"featured_media":0,"parent":0,"menu_order":0,"comment_status":"closed","ping_status":"closed","template":"","meta":{"_acf_changed":false,"footnotes":""},"categories":[499],"tags":[],"class_list":["post-11133","page","type-page","status-publish","hentry","category-alunos"],"acf":[],"jetpack_sharing_enabled":true,"_links":{"self":[{"href":"https:\/\/www.ip.usp.br\/site\/wp-json\/wp\/v2\/pages\/11133","targetHints":{"allow":["GET"]}}],"collection":[{"href":"https:\/\/www.ip.usp.br\/site\/wp-json\/wp\/v2\/pages"}],"about":[{"href":"https:\/\/www.ip.usp.br\/site\/wp-json\/wp\/v2\/types\/page"}],"author":[{"embeddable":true,"href":"https:\/\/www.ip.usp.br\/site\/wp-json\/wp\/v2\/users\/2"}],"replies":[{"embeddable":true,"href":"https:\/\/www.ip.usp.br\/site\/wp-json\/wp\/v2\/comments?post=11133"}],"version-history":[{"count":9,"href":"https:\/\/www.ip.usp.br\/site\/wp-json\/wp\/v2\/pages\/11133\/revisions"}],"predecessor-version":[{"id":30372,"href":"https:\/\/www.ip.usp.br\/site\/wp-json\/wp\/v2\/pages\/11133\/revisions\/30372"}],"wp:attachment":[{"href":"https:\/\/www.ip.usp.br\/site\/wp-json\/wp\/v2\/media?parent=11133"}],"wp:term":[{"taxonomy":"category","embeddable":true,"href":"https:\/\/www.ip.usp.br\/site\/wp-json\/wp\/v2\/categories?post=11133"},{"taxonomy":"post_tag","embeddable":true,"href":"https:\/\/www.ip.usp.br\/site\/wp-json\/wp\/v2\/tags?post=11133"}],"curies":[{"name":"wp","href":"https:\/\/api.w.org\/{rel}","templated":true}]}}