{"id":11606,"date":"2016-10-14T12:04:08","date_gmt":"2016-10-14T15:04:08","guid":{"rendered":"https:\/\/www.ip.usp.br\/site\/?page_id=11606"},"modified":"2018-07-06T09:02:06","modified_gmt":"2018-07-06T12:02:06","slug":"bancas-examinadoras-3","status":"publish","type":"page","link":"https:\/\/www.ip.usp.br\/site\/bancas-examinadoras-3\/","title":{"rendered":"Bancas examinadoras"},"content":{"rendered":"<h3 style=\"text-align: justify;\">Mestrado<\/h3>\n<p style=\"text-align: justify;\">As Bancas de Mestrado s\u00e3o compostas de 2 membros efetivos, al\u00e9m do orientador; no m\u00ednimo, 1 membro efetivo e seu suplente s\u00e3o externos ao Programa e ao Instituto de Psicologia.<\/p>\n<h3 style=\"text-align: justify;\">Doutorado<\/h3>\n<p style=\"text-align: justify;\">As Bancas de Doutorado s\u00e3o compostas de 5 membros efetivos; al\u00e9m do orientador; no m\u00ednimo, 2 membros efetivos e seus suplentes s\u00e3o externos ao Programa e ao Instituto de Psicologia.\u00a0Pelo que diz o Regimento Geral da USP, o orientador do aluno \u00e9 membro nato e presidente da Banca, e os demais membros s\u00e3o portadores, no m\u00ednimo, do t\u00edtulo de Doutor.<\/p>\n<h3 style=\"text-align: justify;\">Doutorado Direto<\/h3>\n<p style=\"text-align: justify;\">A avalia\u00e7\u00e3o do candidato \u00e0 sele\u00e7\u00e3o para o Doutorado Direto \u00e9 feita pela Banca Examinadora, sugerida pelo Coordenador do Programa e aprovada pela CPG.<br \/>\nA Banca ser\u00e1 composta por tr\u00eas examinadores, portadores, no m\u00ednimo, do t\u00edtulo de doutor, dos quais pelo menos um pertence ao Programa pretendido pelo aluno; n\u00e3o poder\u00e1 haver a participa\u00e7\u00e3o do poss\u00edvel orientador.<br \/>\nA an\u00e1lise do projeto de pesquisa examinar\u00e1 a adequa\u00e7\u00e3o da apresenta\u00e7\u00e3o do problema, a sufici\u00eancia do embasamento te\u00f3rico preliminar, o encaminhamento metodol\u00f3gico, a pertin\u00eancia das refer\u00eancias bibliogr\u00e1ficas e a compatibilidade com as linhas de pesquisa do Programa.<br \/>\nA an\u00e1lise do curr\u00edculo Lattes levar\u00e1 em conta a afinidade da gradua\u00e7\u00e3o do candidato com o Programa, suas atividades acad\u00eamicas, participa\u00e7\u00e3o em eventos cient\u00edficos, publica\u00e7\u00f5es e sua experi\u00eancia profissional e em pesquisa.<br \/>\nA argui\u00e7\u00e3o do candidato visando a apreciar o seu potencial deve considerar as raz\u00f5es da op\u00e7\u00e3o pelo Programa, a disponibilidade de tempo, o aproveitamento de suas experi\u00eancias acad\u00eamicas e sua motiva\u00e7\u00e3o para realizar as atividades de ensino e pesquisa.<br \/>\nOutros aspectos considerados pela Banca examinador na avalia\u00e7\u00e3o do candidato a Doutorado Direto s\u00e3o:<\/p>\n<ul>\n<li style=\"text-align: justify;\">a participa\u00e7\u00e3o do solicitante em reuni\u00f5es cient\u00edficas, nas quais tenha divulgado os resultados de suas pesquisas;<\/li>\n<li style=\"text-align: justify;\">a publica\u00e7\u00e3o de, no m\u00ednimo, um artigo em peri\u00f3dico indexado e voltado para a \u00e1rea de investiga\u00e7\u00e3o do candidato;<\/li>\n<li style=\"text-align: justify;\">a elabora\u00e7\u00e3o do relat\u00f3rio de avalia\u00e7\u00e3o do candidato para a Comiss\u00e3o de Sele\u00e7\u00e3o da CCP.<\/li>\n<\/ul>\n","protected":false},"excerpt":{"rendered":"<p>Mestrado As Bancas de Mestrado s\u00e3o compostas de 2 membros efetivos, al\u00e9m do orientador; no m\u00ednimo, 1 membro efetivo e seu suplente s\u00e3o externos ao Programa e ao Instituto de Psicologia. Doutorado As Bancas de Doutorado s\u00e3o compostas de 5 membros efetivos; al\u00e9m do orientador; no m\u00ednimo, 2 membros efetivos e seus suplentes s\u00e3o externos [&hellip;]<\/p>\n","protected":false},"author":2,"featured_media":0,"parent":0,"menu_order":0,"comment_status":"closed","ping_status":"closed","template":"","meta":{"_acf_changed":false,"footnotes":""},"categories":[15],"tags":[],"class_list":["post-11606","page","type-page","status-publish","hentry","category-pos-graduacao"],"acf":[],"jetpack_sharing_enabled":true,"_links":{"self":[{"href":"https:\/\/www.ip.usp.br\/site\/wp-json\/wp\/v2\/pages\/11606","targetHints":{"allow":["GET"]}}],"collection":[{"href":"https:\/\/www.ip.usp.br\/site\/wp-json\/wp\/v2\/pages"}],"about":[{"href":"https:\/\/www.ip.usp.br\/site\/wp-json\/wp\/v2\/types\/page"}],"author":[{"embeddable":true,"href":"https:\/\/www.ip.usp.br\/site\/wp-json\/wp\/v2\/users\/2"}],"replies":[{"embeddable":true,"href":"https:\/\/www.ip.usp.br\/site\/wp-json\/wp\/v2\/comments?post=11606"}],"version-history":[{"count":7,"href":"https:\/\/www.ip.usp.br\/site\/wp-json\/wp\/v2\/pages\/11606\/revisions"}],"predecessor-version":[{"id":18519,"href":"https:\/\/www.ip.usp.br\/site\/wp-json\/wp\/v2\/pages\/11606\/revisions\/18519"}],"wp:attachment":[{"href":"https:\/\/www.ip.usp.br\/site\/wp-json\/wp\/v2\/media?parent=11606"}],"wp:term":[{"taxonomy":"category","embeddable":true,"href":"https:\/\/www.ip.usp.br\/site\/wp-json\/wp\/v2\/categories?post=11606"},{"taxonomy":"post_tag","embeddable":true,"href":"https:\/\/www.ip.usp.br\/site\/wp-json\/wp\/v2\/tags?post=11606"}],"curies":[{"name":"wp","href":"https:\/\/api.w.org\/{rel}","templated":true}]}}