{"id":11609,"date":"2016-10-14T12:05:22","date_gmt":"2016-10-14T15:05:22","guid":{"rendered":"https:\/\/www.ip.usp.br\/site\/?page_id=11609"},"modified":"2018-07-05T16:42:57","modified_gmt":"2018-07-05T19:42:57","slug":"desligamento-3","status":"publish","type":"page","link":"https:\/\/www.ip.usp.br\/site\/desligamento-3\/","title":{"rendered":"Desligamento"},"content":{"rendered":"<p>O aluno matriculado no Mestrado ou Doutorado poder\u00e1 ser desligado do curso nos seguintes casos:<\/p>\n<ul>\n<li>se for reprovado duas vezes na mesma disciplina ou reprovado em tr\u00eas disciplinas distintas;<\/li>\n<li>se n\u00e3o efetuar a matr\u00edcula regularmente em dois per\u00edodos letivos consecutivos dentro do prazo previsto no calend\u00e1rio escolar fixado pelo <a href=\"http:\/\/www.prpg.usp.br\/\">CoPGr<\/a> (Conselho de P\u00f3s-Gradua\u00e7\u00e3o);<\/li>\n<li>se for reprovado pela segunda vez no exame de qualifica\u00e7\u00e3o;<\/li>\n<li>se n\u00e3o cumprir as atividades ou exig\u00eancias nos prazos regimentais;<\/li>\n<li>a\u00a0pedido do interessado.<\/li>\n<\/ul>\n<p>A CCP poder\u00e1 estabelecer, nas normas do Programa, crit\u00e9rios para desligamento baseados em desempenho acad\u00eamico e cient\u00edfico insatisfat\u00f3rios.<br \/>\nOs crit\u00e9rios para desligamento de p\u00f3s-graduando com desempenho acad\u00eamico e cient\u00edfico insatisfat\u00f3rio compreendem:<\/p>\n<ul>\n<li>descumprimento das metas e atividades estabelecidas no cronograma do projeto de pesquisa apresentado pelo p\u00f3s-graduando e aceito pelo orientador por ocasi\u00e3o do processo seletivo de admiss\u00e3o no Programa, explicitadas em relat\u00f3rio detalhado, por escrito, do orientador \u00e0 CCP;<\/li>\n<li>parecer escrito de docente externo ao Programa, acerca do descumprimento destas metas e atividades;<\/li>\n<li>com base no relat\u00f3rio e no parecer, caber\u00e1 \u00e0 CCP a indica\u00e7\u00e3o e \u00e0 CPG a homologa\u00e7\u00e3o do desligamento.<\/li>\n<\/ul>\n<p>O aluno desligado sem a conclus\u00e3o do Mestrado ou do Doutorado e que for novamente selecionado ter\u00e1 seu reingresso considerado como nova matr\u00edcula.<br \/>\nConsidera-se desligamento, a ocorr\u00eancia de um dos casos citados no Art. 54 do Regimento de P\u00f3-Gradua\u00e7\u00e3o da USP.<br \/>\nA solicita\u00e7\u00e3o de nova matr\u00edcula dever\u00e1 ser instru\u00edda com os seguintes documentos:<\/p>\n<ul>\n<li>justificativa do interessado;<\/li>\n<li>anu\u00eancia do orientador;<\/li>\n<li>plano de trabalho aprovado pelo orientador;<\/li>\n<li>hist\u00f3rico escolar do antigo curso.<\/li>\n<\/ul>\n<p>A documenta\u00e7\u00e3o dever\u00e1 ser acompanhada de manifesta\u00e7\u00e3o da CCP apoiada em parecer circunstanciado, emitido por um relator por ela designado, e aprovado pela CPG.<br \/>\nA nova matr\u00edcula dever\u00e1 ser efetivada pela CPG no prazo m\u00e1ximo de cento e oitenta dias contados a partir da data de reingresso. Decorrido esse prazo, a matr\u00edcula s\u00f3 poder\u00e1 ser efetivada pela CNR do CoPGr.<br \/>\nO interessado, cuja solicita\u00e7\u00e3o for aprovada, ser\u00e1 considerado aluno novo.<br \/>\nConsequentemente, dever\u00e1 cumprir todas as exig\u00eancias a que est\u00e3o sujeitos os alunos ingressantes e n\u00e3o poder\u00e1 aproveitar cr\u00e9ditos obtidos anteriormente.<\/p>\n","protected":false},"excerpt":{"rendered":"<p>O aluno matriculado no Mestrado ou Doutorado poder\u00e1 ser desligado do curso nos seguintes casos: se for reprovado duas vezes na mesma disciplina ou reprovado em tr\u00eas disciplinas distintas; se n\u00e3o efetuar a matr\u00edcula regularmente em dois per\u00edodos letivos consecutivos dentro do prazo previsto no calend\u00e1rio escolar fixado pelo CoPGr (Conselho de P\u00f3s-Gradua\u00e7\u00e3o); se for [&hellip;]<\/p>\n","protected":false},"author":2,"featured_media":0,"parent":0,"menu_order":0,"comment_status":"closed","ping_status":"closed","template":"","meta":{"_acf_changed":false,"footnotes":""},"categories":[15],"tags":[],"class_list":["post-11609","page","type-page","status-publish","hentry","category-pos-graduacao"],"acf":[],"jetpack_sharing_enabled":true,"_links":{"self":[{"href":"https:\/\/www.ip.usp.br\/site\/wp-json\/wp\/v2\/pages\/11609","targetHints":{"allow":["GET"]}}],"collection":[{"href":"https:\/\/www.ip.usp.br\/site\/wp-json\/wp\/v2\/pages"}],"about":[{"href":"https:\/\/www.ip.usp.br\/site\/wp-json\/wp\/v2\/types\/page"}],"author":[{"embeddable":true,"href":"https:\/\/www.ip.usp.br\/site\/wp-json\/wp\/v2\/users\/2"}],"replies":[{"embeddable":true,"href":"https:\/\/www.ip.usp.br\/site\/wp-json\/wp\/v2\/comments?post=11609"}],"version-history":[{"count":5,"href":"https:\/\/www.ip.usp.br\/site\/wp-json\/wp\/v2\/pages\/11609\/revisions"}],"predecessor-version":[{"id":18505,"href":"https:\/\/www.ip.usp.br\/site\/wp-json\/wp\/v2\/pages\/11609\/revisions\/18505"}],"wp:attachment":[{"href":"https:\/\/www.ip.usp.br\/site\/wp-json\/wp\/v2\/media?parent=11609"}],"wp:term":[{"taxonomy":"category","embeddable":true,"href":"https:\/\/www.ip.usp.br\/site\/wp-json\/wp\/v2\/categories?post=11609"},{"taxonomy":"post_tag","embeddable":true,"href":"https:\/\/www.ip.usp.br\/site\/wp-json\/wp\/v2\/tags?post=11609"}],"curies":[{"name":"wp","href":"https:\/\/api.w.org\/{rel}","templated":true}]}}