{"id":11612,"date":"2016-10-14T12:12:15","date_gmt":"2016-10-14T15:12:15","guid":{"rendered":"https:\/\/www.ip.usp.br\/site\/?page_id=11612"},"modified":"2025-07-03T10:22:42","modified_gmt":"2025-07-03T13:22:42","slug":"linhas-de-pesquisa-8-nec","status":"publish","type":"page","link":"https:\/\/www.ip.usp.br\/site\/linhas-de-pesquisa-8-nec\/","title":{"rendered":"Linhas de pesquisa"},"content":{"rendered":"<div style=\"text-align: justify;\">\n<p>O Programa est\u00e1 estruturado em quatro \u00e1reas de pesquisa: a) Sensa\u00e7\u00e3o, Percep\u00e7\u00e3o e Movimento; b) Neurotransmissores e comportamento, c) Desenvolvimento e Plasticidade e d) \u201cHist\u00f3ria, Filosofia e Educa\u00e7\u00e3o em Neuroci\u00eancias\u201d.<\/p>\n<p>Na \u00e1rea <em>Sensa\u00e7\u00e3o, Percep\u00e7\u00e3o e Movimento,<\/em> a organiza\u00e7\u00e3o funcional do sistema visual \u00e9 estudada em modelos animais, em condi\u00e7\u00f5es normais e patol\u00f3gicas (Ventura e Costa). O desempenho visual humano, em beb\u00eas, crian\u00e7as e adultos normais, com patologias ou com exposi\u00e7\u00e3o a agentes t\u00f3xicos ou patol\u00f3gicos, \u00e9 investigado em fun\u00e7\u00f5es b\u00e1sicas e complexas incluindo fatores cognitivos. Os projetos de pesquisa b\u00e1sica pretendem desvendar o funcionamento de c\u00e9lulas sensoriais e sua rela\u00e7\u00e3o com o comportamento e ecologia de animais n\u00e3o-humanos e o desenvolvimento de modelos animais n\u00e3o humanos para a detec\u00e7\u00e3o prematura de renopatias. Nos projetos que focalizam movimento, s\u00e3o estudados os efeitos de diferentes interven\u00e7\u00f5es computarizadas sobre o controle motor e cogni\u00e7\u00e3o de pacientes com doen\u00e7as neurodegenerativas, paralisia cerebral e idosos (, o efeito de les\u00f5es encef\u00e1licas sobre controle postural , a associa\u00e7\u00e3o de altera\u00e7\u00f5es de aprendizagem impl\u00edcita e doen\u00e7a de Parkinson e o efeito da estimula\u00e7\u00e3o trasncraniana sobre a aprendizagem motora.<\/p>\n<p>S\u00e3o orientadores dessas pesquisas: <a href=\"http:\/\/lattes.cnpq.br\/1356719753340228\" target=\"_blank\" rel=\"noopener noreferrer\">ANDRE FRAZAO HELENE<\/a>, <a href=\"http:\/\/buscatextual.cnpq.br\/buscatextual\/visualizacv.do?id=K4766855A1\" target=\"_blank\" rel=\"noopener noreferrer\">ANTONIO DE PADUA SERAFIM<\/a>, <a href=\"https:\/\/www.ip.usp.br\/site\/daniela-maria-oliveira-bonci\/\">DANIELA MARIA OLIVEIRA BONCI<\/a>, <a href=\"https:\/\/www.ip.usp.br\/site\/dora-selma-fix-ventura\/\">DORA SELMA FIX VENTURA<\/a>, <a href=\"http:\/\/buscatextual.cnpq.br\/buscatextual\/visualizacv.do?id=K4707682U2\" target=\"_blank\" rel=\"noopener noreferrer\">JOSE EDUARDO POMPEU<\/a>, <a href=\"http:\/\/buscatextual.cnpq.br\/buscatextual\/visualizacv.do?metodo=apresentar&amp;id=K4785789T0\" target=\"_blank\" rel=\"noopener noreferrer\">LUIS AUGUSTO TEIXEIRA<\/a>, <a href=\"https:\/\/www.ip.usp.br\/site\/marcelo-fernandes-da-costa\/\">MARCELO FERNANDES DA COSTA<\/a>, <a href=\"http:\/\/buscatextual.cnpq.br\/buscatextual\/visualizacv.do?id=K4702180Y5\" target=\"_blank\" rel=\"noopener noreferrer\">MARIA ELISA PIMENTEL PIEMONTE<\/a>, <a href=\"http:\/\/lattes.cnpq.br\/3657618112042349\" target=\"_blank\" rel=\"noopener noreferrer\">MICHELE SCHULTZ RAMOS DE ANDRADE<\/a><\/p>\n<p>Na \u00e1rea <em>Neurotransmissores e Comportamento<\/em> s\u00e3o investigados os mecanismos neurais de comportamentos t\u00edpicos da esp\u00e9cie e o produto do desenvolvimento. Em humanos, \u00e9 estudado os efeitos de tratamentos neuropsicol\u00f3gicos sobre a doen\u00e7a de Parkinson, Psicofisiologia e electroencefalografia do ensino e aprendizagem, de transtornos do comportamento e da viol\u00eancia sexual. Em modelos animais, s\u00e3o \u00e9 estudada a endocrinologia do comportamento, as bases neurais dos comportamentos motivados e o efeitos do estresse sobre o desempenho cognitivo.<\/p>\n<p>S\u00e3o orientadores dessas pesquisas: <a href=\"http:\/\/buscatextual.cnpq.br\/buscatextual\/visualizacv.do?id=K4766855A1\" target=\"_blank\" rel=\"noopener noreferrer\">ANTONIO DE PADUA SERAFIM<\/a>, <a href=\"http:\/\/buscatextual.cnpq.br\/buscatextual\/visualizacv.do?id=K4767157A1\" target=\"_blank\" rel=\"noopener noreferrer\">F\u00c1BIO LEYSER GON\u00c7ALVES<\/a>, <a href=\"http:\/\/buscatextual.cnpq.br\/buscatextual\/visualizacv.do?id=K4716267P2\" target=\"_blank\" rel=\"noopener noreferrer\">FELIPE D ALESSANDRO FERREIRA CORCHS<\/a>, <a href=\"http:\/\/lattes.cnpq.br\/7350868156912544\" target=\"_blank\" rel=\"noopener noreferrer\">JACKSON CIONI BITTENCOURT<\/a>, <a href=\"http:\/\/buscatextual.cnpq.br\/buscatextual\/visualizacv.do?id=K4707682U2\" target=\"_blank\" rel=\"noopener noreferrer\">JOSE EDUARDO POMPEU<\/a>, <a href=\"https:\/\/www.ip.usp.br\/site\/miriam-garcia-mijares\/\">MIRIAM GARCIA MIJARES<\/a>.<\/p>\n<p>Na \u00e1rea <em>Desenvolvimento e Plasticidade<\/em> s\u00e3o realizadas pesquisas que investigam processos comportamentais em um referencial de adapta\u00e7\u00e3o biol\u00f3gica na filog\u00eanese ou na ontog\u00eanese, e sua plasticidade neural e comportamental. Processos associativos de mem\u00f3ria (, mudan\u00e7a na neurotransmiss\u00e3o por exposi\u00e7\u00e3o a t\u00f3xicos , processos atencionais ,processos neurais envolvidos na percep\u00e7\u00e3o de dor , processos de altera\u00e7\u00f5es comportamentais na inf\u00e2ncia e adolesc\u00eancia, modula\u00e7\u00e3o de horm\u00f4nios sobre as propriedades pl\u00e1sticas do sistema nervoso envolvidas no comportamento, bem como sobre suas fun\u00e7\u00f5es sensoriais e cognitivas, neurodegenera\u00e7\u00e3o e neuroprote\u00e7\u00e3o no desenvolvimento ontogen\u00e9tico e comportamento em modelos animais.<\/p>\n<p>S\u00e3o orientadores dessas pesquisas: <a href=\"http:\/\/buscatextual.cnpq.br\/buscatextual\/visualizacv.do?id=K4716267P2\" target=\"_blank\" rel=\"noopener noreferrer\">FELIPE D ALESSANDRO FERREIRA CORCHS<\/a>, <a href=\"https:\/\/www.ip.usp.br\/site\/daniela-maria-oliveira-bonci\/\">DANIELA MARIA OLIVEIRA BONCI<\/a>, <a href=\"http:\/\/buscatextual.cnpq.br\/buscatextual\/visualizacv.do?id=K4766855A1\" target=\"_blank\" rel=\"noopener noreferrer\">ANTONIO DE PADUA SERAFIM<\/a>, <a href=\"http:\/\/buscatextual.cnpq.br\/buscatextual\/visualizacv.do?id=K4721459H2\" target=\"_blank\" rel=\"noopener noreferrer\">GUILHERME DE ARAUJO LUCAS,<\/a> <a href=\"http:\/\/buscatextual.cnpq.br\/buscatextual\/visualizacv.do?id=K4779028D7\" target=\"_blank\" rel=\"noopener noreferrer\">IVANA BRITO<\/a> , <a href=\"http:\/\/lattes.cnpq.br\/7350868156912544\" target=\"_blank\" rel=\"noopener noreferrer\">JACKSON CIONI BITTENCOURT<\/a>, <a href=\"http:\/\/buscatextual.cnpq.br\/buscatextual\/visualizacv.do?id=K4706504P5\" target=\"_blank\" rel=\"noopener noreferrer\">MARIA INES NOGUEIRA<\/a>, <a href=\"http:\/\/buscatextual.cnpq.br\/buscatextual\/visualizacv.do?id=K4767394P6\" target=\"_blank\" rel=\"noopener noreferrer\">RENATO TEODORO RAMOS<\/a>.<\/p>\n<p>Na \u00e1rea \u201c<em>Hist\u00f3ria, Filosofia e Educa\u00e7\u00e3o em Neuroci\u00eancias<\/em>\u201d aborda as interfaces da Neuroci\u00eancia com \u00e1reas de Humanidades. S\u00e3o analisadas quest\u00f5es metodol\u00f3gicas das neuroci\u00eancias, sua hist\u00f3ria, filosofia e \u00e9tica e o ensino das neuroci\u00eancias na educa\u00e7\u00e3o b\u00e1sica e superior.<\/p>\n<p>S\u00e3o orientadores dessas pesquisas: <a href=\"http:\/\/lattes.cnpq.br\/1356719753340228\" target=\"_blank\" rel=\"noopener noreferrer\">ANDRE FRAZAO HELENE<\/a>, <a href=\"http:\/\/buscatextual.cnpq.br\/buscatextual\/visualizacv.do?id=K4213662D6\" target=\"_blank\" rel=\"noopener noreferrer\">FRANCISCO ROMULO MONTE FERREIRA<\/a>, <a href=\"https:\/\/lattes.cnpq.br\/6696227477981073\" target=\"_blank\" rel=\"noopener\">LAERTE FONSECA<\/a>, <a href=\"https:\/\/www.ip.usp.br\/site\/marcelo-fernandes-da-costa\/\">MARCELO FERNANDES DA COSTA<\/a><\/p>\n<\/div>\n","protected":false},"excerpt":{"rendered":"<p>O Programa est\u00e1 estruturado em quatro \u00e1reas de pesquisa: a) Sensa\u00e7\u00e3o, Percep\u00e7\u00e3o e Movimento; b) Neurotransmissores e comportamento, c) Desenvolvimento e Plasticidade e d) \u201cHist\u00f3ria, Filosofia e Educa\u00e7\u00e3o em Neuroci\u00eancias\u201d. Na \u00e1rea Sensa\u00e7\u00e3o, Percep\u00e7\u00e3o e Movimento, a organiza\u00e7\u00e3o funcional do sistema visual \u00e9 estudada em modelos animais, em condi\u00e7\u00f5es normais e patol\u00f3gicas (Ventura e Costa). [&hellip;]<\/p>\n","protected":false},"author":2,"featured_media":0,"parent":0,"menu_order":0,"comment_status":"closed","ping_status":"closed","template":"","meta":{"_acf_changed":false,"footnotes":""},"categories":[15,205],"tags":[],"class_list":["post-11612","page","type-page","status-publish","hentry","category-pos-graduacao","category-ensino-programa-neurociencias-e-comportamento"],"acf":[],"jetpack_sharing_enabled":true,"_links":{"self":[{"href":"https:\/\/www.ip.usp.br\/site\/wp-json\/wp\/v2\/pages\/11612","targetHints":{"allow":["GET"]}}],"collection":[{"href":"https:\/\/www.ip.usp.br\/site\/wp-json\/wp\/v2\/pages"}],"about":[{"href":"https:\/\/www.ip.usp.br\/site\/wp-json\/wp\/v2\/types\/page"}],"author":[{"embeddable":true,"href":"https:\/\/www.ip.usp.br\/site\/wp-json\/wp\/v2\/users\/2"}],"replies":[{"embeddable":true,"href":"https:\/\/www.ip.usp.br\/site\/wp-json\/wp\/v2\/comments?post=11612"}],"version-history":[{"count":30,"href":"https:\/\/www.ip.usp.br\/site\/wp-json\/wp\/v2\/pages\/11612\/revisions"}],"predecessor-version":[{"id":52448,"href":"https:\/\/www.ip.usp.br\/site\/wp-json\/wp\/v2\/pages\/11612\/revisions\/52448"}],"wp:attachment":[{"href":"https:\/\/www.ip.usp.br\/site\/wp-json\/wp\/v2\/media?parent=11612"}],"wp:term":[{"taxonomy":"category","embeddable":true,"href":"https:\/\/www.ip.usp.br\/site\/wp-json\/wp\/v2\/categories?post=11612"},{"taxonomy":"post_tag","embeddable":true,"href":"https:\/\/www.ip.usp.br\/site\/wp-json\/wp\/v2\/tags?post=11612"}],"curies":[{"name":"wp","href":"https:\/\/api.w.org\/{rel}","templated":true}]}}