{"id":11633,"date":"2016-10-14T12:18:56","date_gmt":"2016-10-14T15:18:56","guid":{"rendered":"https:\/\/www.ip.usp.br\/site\/?page_id=11633"},"modified":"2025-07-04T13:55:51","modified_gmt":"2025-07-04T16:55:51","slug":"projetos-de-pesquisa-4-nec","status":"publish","type":"page","link":"https:\/\/www.ip.usp.br\/site\/projetos-de-pesquisa-4-nec\/","title":{"rendered":"Projetos de pesquisa &#8211; NEC"},"content":{"rendered":"<ul>\n<li>Ansiedade Matem\u00e1tica: foco na compreens\u00e3o e manejo das dificuldades de aprendizagem matem\u00e1tica e \u00e1reas afins<\/li>\n<li>Contribui\u00e7\u00e3o Ao Desenvolvimento De Antidepressivos<\/li>\n<li>Neuroimagem funcional<\/li>\n<li>A participa\u00e7\u00e3o do horm\u00f4nio concentrador de melanina no controle da lacta\u00e7\u00e3o<\/li>\n<li>A Vis\u00e3o como Indicador de Processos Lesivos na Retina e no Sistema Nervoso Central<\/li>\n<li>An\u00f3xia Neonatal<\/li>\n<li>Aprendizagem Sens\u00f3rio-Motora<\/li>\n<li>Aspectos psicofisiol\u00f3gicos e eletroencefalogr\u00e1ficos do transtorno obsessivo compulsivo: medidas integradas em realidade virtual<\/li>\n<li>Atacar ou defender? Resolu\u00e7\u00e3o de competi\u00e7\u00e3o de respostas pelos n\u00facleos da base em ratos<\/li>\n<li>Avalia\u00e7\u00e3o Psicof\u00edsica Da Vis\u00e3o De Cores E De Contrastes Em Portadores Assintom\u00e1ticos De Neuropatia \u00d3ptica De Leber\u00b4S Hereditary Optic Neuropathy (Lhon) De Um Pedigree Brasileiro Gigante<\/li>\n<li>Cronobiologia em modelos animais e humanos.<\/li>\n<li>Depress\u00e3o Maior &#8211; Estudo Da Efic\u00e1cia Da Estimula\u00e7\u00e3o Transcraniana Por Corrente Direta Para Tratar o Disturbio Depressivo Maior<\/li>\n<li>Desenvolvimento e Implanta\u00e7\u00e3o de M\u00e9todos de Avalia\u00e7\u00e3o Visual:Aplica\u00e7\u00f5es Cl\u00ednicas e em Modelos Animais<\/li>\n<li>Efeito da varia\u00e7\u00e3o da conting\u00eancia probabil\u00edstica de ocorr\u00eancia de um padr\u00e3o estimulat\u00f3rio sobre a aquisi\u00e7\u00e3o de mem\u00f3ria impl\u00edcita e expl\u00edcita, em humanos e ratos wistar.<\/li>\n<li>Efeitos comportamentais da aten\u00e7\u00e3o espacial, da aten\u00e7\u00e3o temporal e do alerta.<\/li>\n<li>Efeitos Do Videogame Kinect No Controle Postural, Condicionamento F\u00edsico, Cogni\u00e7\u00e3o E Qualidade De Vida De Pacientes Com Doen\u00e7a De Parkinson<\/li>\n<li>Efeitos Pl\u00e1sticos dos Horm\u00f4nios Grav\u00eddicos sobre o Sistema Nervoso Central.<\/li>\n<li>Efeitos transgeracionais da administra\u00e7\u00e3o de LPS no per\u00edodo pr\u00e9-natal: rela\u00e7\u00f5es com a depress\u00e3o.<\/li>\n<li>Engenharia Neurodid\u00e1tica: foco na produ\u00e7\u00e3o de Sequ\u00eancias Did\u00e1ticas que relacionem c\u00e9rebro a sala de aula<\/li>\n<li>Ensino Ci\u00eancias\/Neurociencias<\/li>\n<li>Envolvimento Das Vias Seroton\u00e9rgicas Na Etiologia Dos Sintomas Autistas: Avalia\u00e7\u00e3o Em Ratos Com Les\u00e3o Eletrol\u00edtica Do N\u00facleo Mediano Da Rafe<\/li>\n<li>Estudo Da Efic\u00e1cia Da Estimula\u00e7\u00e3o Transcraniana Por Corrente Direta Para Tratar O Disturbio Depressivo Maior<\/li>\n<li>Estudo Da Plasticidade Cerebelar Ap\u00f3s Les\u00f5es Medulares Contusas<\/li>\n<li>Estudo Das Bases Neurais De Comportamentos Motivados<\/li>\n<li>Estudo dos efeitos de diferentes modalidades de atividade f\u00edsica sobre o sistema nervoso central de camundongos.<\/li>\n<li>Fisiologia Do Comportamento: Orienta\u00e7\u00e3o E Navega\u00e7\u00e3o No Espa\u00e7o, Aten\u00e7\u00e3o Visual E Auditiva<\/li>\n<li>Fisiologia E Fisiopatologia Do Processamento De Informa\u00e7\u00e3o Neural: Abordagens Eletrofisiol\u00f3gica, Comportamental E Matem\u00e1tico-Computacional<\/li>\n<li>Integra\u00e7\u00e3o Entre Controle Postural E Supra-Postural Em Situa\u00e7\u00f5es De Perturba\u00e7\u00e3o Do Equil\u00edbrio Corporal Em Indiv\u00edduos Idosos<\/li>\n<li>Investiga\u00e7\u00e3o Dos Mecanismos De Estimula\u00e7\u00e3o Transcraniana Por Corrente Cont\u00ednua (ETCC) Do C\u00f3rtex Motor Para O Tratamento Da Dor Cr\u00f4nica Na Les\u00e3o Medular<\/li>\n<li>Levantamento Da Preval\u00eancia De Abuso Sexual Na Popula\u00e7\u00e3o Brasileira<\/li>\n<li>Medidas Psicofisiol\u00f3gicas Do Processo De Ensino-Aprendizagem<\/li>\n<li>Modelos Comportamentais Para Estudo De Agentes De A\u00e7\u00e3o Central<\/li>\n<li>Monitoramento Ambiental E Da Sa\u00fade Humana \u00c0 Exposi\u00e7\u00e3o De Merc\u00fario<\/li>\n<li>Neurobiologia da dor<\/li>\n<li>Neuroci\u00eancia e Sociedade<\/li>\n<li>Novas estrat\u00e9gias para transforma\u00e7\u00e3o de mem\u00f3rias traum\u00e1ticas<\/li>\n<li>Organiza\u00e7\u00e3o Funcional Das Vias Visuais<\/li>\n<li>Pr\u00e1ticas Cl\u00ednicas Em Psicossom\u00e1tica<\/li>\n<li>Processamento Crom\u00e1tico Em Carassius Auratus (Ostariophysi, Cypriniformes, Cyprinidae): Estudo Da Transmiss\u00e3o Sin\u00e1ptica Entre Cones UV E C\u00e9lulas Horizontais<\/li>\n<li>Processos Associativos, Controle Temporal E Mem\u00f3ria<\/li>\n<li>Processos e mecanismos comportamentais e neurais envolvidos no uso e abuso de drogas<\/li>\n<li>Psicoeduca\u00e7\u00e3o de Habilidades Sociais: foco na an\u00e1lise de cren\u00e7as centrais desadaptativas (TCC e Terapia do Esquema)<\/li>\n<li>Quantifying the effect of sleep on motor response trials<\/li>\n<li>Regula\u00e7\u00e3o Central da Homeostase Energ\u00e9tica e Glic\u00eamica<\/li>\n<li>Tecnologias Atencionais: foco no exame da aten\u00e7\u00e3o seletiva em tarefas matem\u00e1ticas e \u00e1reas afins (Eye Tracking, RV, EEG, HEG, VFC)<\/li>\n<li>Transtorno de D\u00e9ficit de Aten\u00e7\u00e3o e Hiperatividade: foco na neuromodula\u00e7\u00e3o n\u00e3o-invasiva via EEG (Neurofeedback)<\/li>\n<li>Vis\u00e3o De Cores E De Contrastes Normal E Patol\u00f3gica No Homem E Em Modelos Animais: Estudos Psicof\u00edsicos, Neuropsicol\u00f3gicos E Neurofisiol\u00f3gicos<\/li>\n<li>Vis\u00e3o Em Beb\u00eas Normais E Prematuros<\/li>\n<\/ul>\n<p>Fonte:\u00a0<a href=\"https:\/\/sucupira.capes.gov.br\" target=\"_blank\" rel=\"noopener\">https:\/\/sucupira.capes.gov.br<\/a><\/p>\n","protected":false},"excerpt":{"rendered":"<p>Ansiedade Matem\u00e1tica: foco na compreens\u00e3o e manejo das dificuldades de aprendizagem matem\u00e1tica e \u00e1reas afins Contribui\u00e7\u00e3o Ao Desenvolvimento De Antidepressivos Neuroimagem funcional A participa\u00e7\u00e3o do horm\u00f4nio concentrador de melanina no controle da lacta\u00e7\u00e3o A Vis\u00e3o como Indicador de Processos Lesivos na Retina e no Sistema Nervoso Central An\u00f3xia Neonatal Aprendizagem Sens\u00f3rio-Motora Aspectos psicofisiol\u00f3gicos e eletroencefalogr\u00e1ficos [&hellip;]<\/p>\n","protected":false},"author":2,"featured_media":0,"parent":0,"menu_order":0,"comment_status":"closed","ping_status":"closed","template":"","meta":{"_acf_changed":false,"footnotes":""},"categories":[15,205],"tags":[],"class_list":["post-11633","page","type-page","status-publish","hentry","category-pos-graduacao","category-ensino-programa-neurociencias-e-comportamento"],"acf":[],"jetpack_sharing_enabled":true,"_links":{"self":[{"href":"https:\/\/www.ip.usp.br\/site\/wp-json\/wp\/v2\/pages\/11633","targetHints":{"allow":["GET"]}}],"collection":[{"href":"https:\/\/www.ip.usp.br\/site\/wp-json\/wp\/v2\/pages"}],"about":[{"href":"https:\/\/www.ip.usp.br\/site\/wp-json\/wp\/v2\/types\/page"}],"author":[{"embeddable":true,"href":"https:\/\/www.ip.usp.br\/site\/wp-json\/wp\/v2\/users\/2"}],"replies":[{"embeddable":true,"href":"https:\/\/www.ip.usp.br\/site\/wp-json\/wp\/v2\/comments?post=11633"}],"version-history":[{"count":11,"href":"https:\/\/www.ip.usp.br\/site\/wp-json\/wp\/v2\/pages\/11633\/revisions"}],"predecessor-version":[{"id":52466,"href":"https:\/\/www.ip.usp.br\/site\/wp-json\/wp\/v2\/pages\/11633\/revisions\/52466"}],"wp:attachment":[{"href":"https:\/\/www.ip.usp.br\/site\/wp-json\/wp\/v2\/media?parent=11633"}],"wp:term":[{"taxonomy":"category","embeddable":true,"href":"https:\/\/www.ip.usp.br\/site\/wp-json\/wp\/v2\/categories?post=11633"},{"taxonomy":"post_tag","embeddable":true,"href":"https:\/\/www.ip.usp.br\/site\/wp-json\/wp\/v2\/tags?post=11633"}],"curies":[{"name":"wp","href":"https:\/\/api.w.org\/{rel}","templated":true}]}}