{"id":11814,"date":"2016-10-18T05:49:33","date_gmt":"2016-10-18T08:49:33","guid":{"rendered":"https:\/\/www.ip.usp.br\/site\/?page_id=11814"},"modified":"2025-04-09T16:19:10","modified_gmt":"2025-04-09T19:19:10","slug":"regimentos-e-regulamentos-3","status":"publish","type":"page","link":"https:\/\/www.ip.usp.br\/site\/regimentos-e-regulamentos-3\/","title":{"rendered":"Regimentos e regulamentos"},"content":{"rendered":"<p>&nbsp;<\/p>\n<table style=\"border-collapse: collapse; width: 100%;\">\n<tbody>\n<tr>\n<td style=\"width: 88.9392%;\"><\/td>\n<td style=\"width: 3.42143%;\"><\/td>\n<td style=\"width: 3.78349%;\"><a href=\"https:\/\/www.ip.usp.br\/site\/standards-and-regulations\/\"><img decoding=\"async\" class=\"alignnone size-full wp-image-19626\" src=\"https:\/\/www.ip.usp.br\/site\/wp-content\/uploads\/2018\/08\/us.gif\" alt=\"\" width=\"20\" height=\"14\" \/><\/a><\/td>\n<td style=\"width: 3.8559%;\"><a href=\"https:\/\/www.ip.usp.br\/site\/normas-y-reglamento\/\"><img decoding=\"async\" class=\"alignnone size-full wp-image-19623\" src=\"https:\/\/www.ip.usp.br\/site\/wp-content\/uploads\/2018\/08\/es.gif\" alt=\"\" width=\"20\" height=\"14\" \/><\/a><\/td>\n<\/tr>\n<\/tbody>\n<\/table>\n<p><a href=\"http:\/\/www.leginf.usp.br\/?resolucao=resolucao-no-7493-de-27-de-marco-de-2018\" target=\"_blank\" rel=\"noopener\">Regimento de P\u00f3s-Gradua\u00e7\u00e3o da Universidade de S\u00e3o Paulo<\/a><\/p>\n<p><a href=\"https:\/\/www.ip.usp.br\/site\/pos_graduacao\/regimentos-da-comissao-de-pos-graduacao-e-regulamentos-dos-programas\/\">Regimento da Comiss\u00e3o de P\u00f3s-Gradua\u00e7\u00e3o do Instituto de Psicologia (CPG-IP)<\/a><\/p>\n<p>Estudantes de Mestrado, Doutorado e Doutorado Direto dever\u00e3o cursar ao menos uma disciplina que aborde a dimens\u00e3o metodol\u00f3gica da pesquisa, em car\u00e1ter obrigat\u00f3rio, como consta no\u00a0<a href=\"https:\/\/www.ip.usp.br\/site\/pos_graduacao\/regimentos-da-comissao-de-pos-graduacao-e-regulamentos-dos-programas\/\">regulamento do programa.<\/a><a href=\"https:\/\/www.ip.usp.br\/portal\/images\/norma-CPG-IP.pdf\" target=\"_blank\" rel=\"noopener\"><br \/>\n<\/a><\/p>\n","protected":false},"excerpt":{"rendered":"<p>&nbsp; Regimento de P\u00f3s-Gradua\u00e7\u00e3o da Universidade de S\u00e3o Paulo Regimento da Comiss\u00e3o de P\u00f3s-Gradua\u00e7\u00e3o do Instituto de Psicologia (CPG-IP) Estudantes de Mestrado, Doutorado e Doutorado Direto dever\u00e3o cursar ao menos uma disciplina que aborde a dimens\u00e3o metodol\u00f3gica da pesquisa, em car\u00e1ter obrigat\u00f3rio, como consta no\u00a0regulamento do programa.<\/p>\n","protected":false},"author":2,"featured_media":0,"parent":0,"menu_order":0,"comment_status":"closed","ping_status":"closed","template":"","meta":{"_acf_changed":false,"footnotes":""},"categories":[15,141],"tags":[],"class_list":["post-11814","page","type-page","status-publish","hentry","category-pos-graduacao","category-pos-graduacao-ensino-programa"],"acf":[],"jetpack_sharing_enabled":true,"_links":{"self":[{"href":"https:\/\/www.ip.usp.br\/site\/wp-json\/wp\/v2\/pages\/11814","targetHints":{"allow":["GET"]}}],"collection":[{"href":"https:\/\/www.ip.usp.br\/site\/wp-json\/wp\/v2\/pages"}],"about":[{"href":"https:\/\/www.ip.usp.br\/site\/wp-json\/wp\/v2\/types\/page"}],"author":[{"embeddable":true,"href":"https:\/\/www.ip.usp.br\/site\/wp-json\/wp\/v2\/users\/2"}],"replies":[{"embeddable":true,"href":"https:\/\/www.ip.usp.br\/site\/wp-json\/wp\/v2\/comments?post=11814"}],"version-history":[{"count":20,"href":"https:\/\/www.ip.usp.br\/site\/wp-json\/wp\/v2\/pages\/11814\/revisions"}],"predecessor-version":[{"id":50821,"href":"https:\/\/www.ip.usp.br\/site\/wp-json\/wp\/v2\/pages\/11814\/revisions\/50821"}],"wp:attachment":[{"href":"https:\/\/www.ip.usp.br\/site\/wp-json\/wp\/v2\/media?parent=11814"}],"wp:term":[{"taxonomy":"category","embeddable":true,"href":"https:\/\/www.ip.usp.br\/site\/wp-json\/wp\/v2\/categories?post=11814"},{"taxonomy":"post_tag","embeddable":true,"href":"https:\/\/www.ip.usp.br\/site\/wp-json\/wp\/v2\/tags?post=11814"}],"curies":[{"name":"wp","href":"https:\/\/api.w.org\/{rel}","templated":true}]}}