{"id":12081,"date":"2016-10-20T09:29:18","date_gmt":"2016-10-20T12:29:18","guid":{"rendered":"https:\/\/www.ip.usp.br\/site\/?page_id=12081"},"modified":"2016-10-26T08:17:47","modified_gmt":"2016-10-26T11:17:47","slug":"bolsas","status":"publish","type":"page","link":"https:\/\/www.ip.usp.br\/site\/bolsas\/","title":{"rendered":"Bolsas"},"content":{"rendered":"<ul>\n<li><a href=\"https:\/\/www.ip.usp.br\/site\/wp-content\/uploads\/2016\/10\/form-bolsas-FORMULARIO_INSCRICAO_BOLSA.doc\">Inscri\u00e7\u00e3o<\/a><\/li>\n<li><a href=\"https:\/\/www.ip.usp.br\/site\/wp-content\/uploads\/2016\/10\/form-bolsas-FORMULARIO_AVALIACAO_BOLSA.doc\">Avalia\u00e7\u00e3o<\/a><\/li>\n<li><a href=\"https:\/\/www.ip.usp.br\/site\/wp-content\/uploads\/2016\/10\/form-bolsas-renovacaobolsapos_5.doc\">Renova\u00e7\u00e3o<\/a><\/li>\n<li><a href=\"https:\/\/www.ip.usp.br\/site\/wp-content\/uploads\/2016\/10\/cancelamentodebolsacapes.xls\">Cancelamento de Bolsa<\/a><\/li>\n<li><a href=\"https:\/\/www.ip.usp.br\/site\/wp-content\/uploads\/2016\/10\/cadastrobolsistacapes.xls\">Cadastro de Bolsista \u2013 CAPES<\/a><\/li>\n<li><a href=\"https:\/\/www.ip.usp.br\/site\/wp-content\/uploads\/2016\/10\/form-bolsas-CAPES_termocompromisso.doc\">Termo de Compromisso \u2013 CAPES<\/a><\/li>\n<\/ul>\n","protected":false},"excerpt":{"rendered":"<p>Inscri\u00e7\u00e3o Avalia\u00e7\u00e3o Renova\u00e7\u00e3o Cancelamento de Bolsa Cadastro de Bolsista \u2013 CAPES Termo de Compromisso \u2013 CAPES<\/p>\n","protected":false},"author":2,"featured_media":0,"parent":0,"menu_order":0,"comment_status":"closed","ping_status":"closed","template":"","meta":{"_acf_changed":false,"footnotes":""},"categories":[462,15],"tags":[],"class_list":["post-12081","page","type-page","status-publish","hentry","category-neurociencias-e-comportamento-nec","category-pos-graduacao"],"acf":[],"jetpack_sharing_enabled":true,"_links":{"self":[{"href":"https:\/\/www.ip.usp.br\/site\/wp-json\/wp\/v2\/pages\/12081","targetHints":{"allow":["GET"]}}],"collection":[{"href":"https:\/\/www.ip.usp.br\/site\/wp-json\/wp\/v2\/pages"}],"about":[{"href":"https:\/\/www.ip.usp.br\/site\/wp-json\/wp\/v2\/types\/page"}],"author":[{"embeddable":true,"href":"https:\/\/www.ip.usp.br\/site\/wp-json\/wp\/v2\/users\/2"}],"replies":[{"embeddable":true,"href":"https:\/\/www.ip.usp.br\/site\/wp-json\/wp\/v2\/comments?post=12081"}],"version-history":[{"count":2,"href":"https:\/\/www.ip.usp.br\/site\/wp-json\/wp\/v2\/pages\/12081\/revisions"}],"predecessor-version":[{"id":12734,"href":"https:\/\/www.ip.usp.br\/site\/wp-json\/wp\/v2\/pages\/12081\/revisions\/12734"}],"wp:attachment":[{"href":"https:\/\/www.ip.usp.br\/site\/wp-json\/wp\/v2\/media?parent=12081"}],"wp:term":[{"taxonomy":"category","embeddable":true,"href":"https:\/\/www.ip.usp.br\/site\/wp-json\/wp\/v2\/categories?post=12081"},{"taxonomy":"post_tag","embeddable":true,"href":"https:\/\/www.ip.usp.br\/site\/wp-json\/wp\/v2\/tags?post=12081"}],"curies":[{"name":"wp","href":"https:\/\/api.w.org\/{rel}","templated":true}]}}