{"id":12170,"date":"2016-10-21T08:53:55","date_gmt":"2016-10-21T11:53:55","guid":{"rendered":"https:\/\/www.ip.usp.br\/site\/?page_id=12170"},"modified":"2022-08-02T09:12:13","modified_gmt":"2022-08-02T12:12:13","slug":"inscricao","status":"publish","type":"page","link":"https:\/\/www.ip.usp.br\/site\/inscricao\/","title":{"rendered":"Inscri\u00e7\u00e3o"},"content":{"rendered":"<table style=\"border-collapse: collapse; width: 100%;\">\n<tbody>\n<tr>\n<td style=\"width: 93.1515%;\"><\/td>\n<td style=\"width: 6.84848%;\"><a href=\"https:\/\/www.ip.usp.br\/site\/enrollment\/\"><img decoding=\"async\" class=\"alignnone size-full wp-image-19626\" src=\"https:\/\/www.ip.usp.br\/site\/wp-content\/uploads\/2018\/08\/us.gif\" alt=\"\" width=\"20\" height=\"14\" \/><\/a><\/td>\n<\/tr>\n<\/tbody>\n<\/table>\n<p>&nbsp;<\/p>\n<p>A inscri\u00e7\u00e3o de candidatos para o exame de sele\u00e7\u00e3o aos cursos de Mestrado e Doutorado \u00e9 aberta por meio de edital publicado na p\u00e1gina da P\u00f3s-Gradua\u00e7\u00e3o, anualmente, no m\u00eas de julho. Para que a inscri\u00e7\u00e3o seja feita \u00e9 necess\u00e1rio que o candidato apresente todos os documentos solicitados pelo edital.<\/p>\n<p><strong>Processo Seletivo:<\/strong> <a href=\"https:\/\/www.ip.usp.br\/site\/pos_graduacao\/programa-de-pos-psicologia-escolar-e-do-desenvolvimento-psa\/\">https:\/\/www.ip.usp.br\/site\/pos_graduacao\/programa-de-pos-psicologia-escolar-e-do-desenvolvimento-psa\/<\/a><\/p>\n<p><strong>Comprova\u00e7\u00e3o De Profici\u00eancia Em L\u00edngua Estrangeira<\/strong><\/p>\n<p>Apresenta\u00e7\u00e3o de documento que comprove profici\u00eancia em l\u00edngua estrangeira (tal como descrito neste edital) \u00e9 condi\u00e7\u00e3o necess\u00e1ria, insubstitu\u00edvel e improrrog\u00e1vel, para realiza\u00e7\u00e3o da inscri\u00e7\u00e3o.<\/p>\n<p>A comprova\u00e7\u00e3o de profici\u00eancia em l\u00edngua estrangeira, exigida pelo regimento da P\u00f3s-Gradua\u00e7\u00e3o da Universidade de S\u00e3o Paulo, busca avaliar a capacidade do (a) candidato (a) de leitura do material bibliogr\u00e1fico da refer\u00eancia te\u00f3rica que embasar\u00e1 sua pesquisa, bem como suas habilidades para participar de congressos, interc\u00e2mbios e est\u00e1gios no exterior.<\/p>\n<p>INGL\u00caS<br \/>\nPaper Based Test (PBT) com o resultado m\u00ednimo de 450 pontos \u2013 TOEFL<br \/>\nInternet Based Test (IBT) com o resultado m\u00ednimo de 60 pontos \u2013 TOEFL<br \/>\nInstitutional Testing Program (ITP) com resultado m\u00ednimo de 470 pontos \u2013 TOEFL<br \/>\nTest of English for International Communication \u2013TOEIC (m\u00ednimo de 450 pontos)<br \/>\nInternational English Language Test \u2013 IELTS (m\u00ednimo de 5,5 pontos)<\/p>\n<p>FRANC\u00caS<br \/>\nDiploma DALF (Dipl\u00f4me Approfondi de Langue Fran\u00e7aise) ou DELF (Dipl\u00f4me d&#8217;\u00c9tudes en Langue Fran\u00e7aise) \u2013n\u00edvel B1 (com uma nota de 80\/100)<br \/>\nTCF \u2013 TP (tout public) (Test de Connaissance du Fran\u00e7ais) somente as provas obrigat\u00f3rias &#8211; (score de 380 pontos)<\/p>\n<p>ESPANHOL<br \/>\nDELE \u2013 N\u00edvel Intermedi\u00e1rio, emitido pelo Instituto Cervantes<br \/>\nCentro Interdepartamental de L\u00ednguas da Faculdade de Filosofia, Letras e Ci\u00eancias Humanas da USP (CIL-FFLCH-USP), conforme orienta\u00e7\u00f5es a seguir:<\/p>\n<p>Os editais para exame de Profici\u00eancia (Franc\u00eas, Ingl\u00eas e Espanhol) ser\u00e3o divulgados pelo pr\u00f3prio Centro Interdepartamental de L\u00ednguas da Faculdade de Filosofia, Letras e Ci\u00eancias Humanas da USP (CIL-FFLCH-USP)<\/p>\n<p><a href=\"http:\/\/clinguas.fflch.usp.br\/\" target=\"_blank\" rel=\"noopener\">CL \u2013 CENTRO INTERDEPARTAMENTAL DE L\u00cdNGUAS (FFLCH-USP).https:\/\/clinguas.fflch.usp.br\/<\/a><\/p>\n<p>Profici\u00eancia em Ingl\u00eas <a href=\"https:\/\/clinguas.fflch.usp.br\/proficiencia-ingles\" target=\"_blank\" rel=\"noopener\">https:\/\/clinguas.fflch.usp.br\/proficiencia-ingles<\/a><\/p>\n<p>Profici\u00eancia em Franc\u00eas <a href=\"https:\/\/clinguas.fflch.usp.br\/frances\" target=\"_blank\" rel=\"noopener\">https:\/\/clinguas.fflch.usp.br\/frances<\/a><\/p>\n<p>Profici\u00eancia em Espanhol <a href=\"https:\/\/clinguas.fflch.usp.br\/espanhol\" target=\"_blank\" rel=\"noopener\">https:\/\/clinguas.fflch.usp.br\/espanhol<\/a><\/p>\n<p><strong>Elabora\u00e7\u00e3o do plano de trabalho<\/strong><\/p>\n<p>O candidato \u00e0 uma vaga no Mestrado do PPG PSA, dever\u00e1 elaborar o Plano de Trabalho, seguindo formata\u00e7\u00e3o e contendo as informa\u00e7\u00f5es, conforme descrito no roteiro abaixo:<\/p>\n<p>\u2022 <span style=\"text-decoration: underline;\"><strong>Texto com no m\u00e1ximo 10 p\u00e1ginas<\/strong><\/span>, escrito em fonte Times New Roman 12, com espa\u00e7o 1,5 entre as linhas, arquivo em PDF;<br \/>\n\u2022 Indica\u00e7\u00e3o do nome do candidato;<br \/>\n\u2022 Indica\u00e7\u00e3o da Linha de Pesquisa do Programa escolhida, na qual o projeto se enquadra (ver item I \u2013 Das Linhas de Pesquisa);<br \/>\n\u2022 Indica\u00e7\u00e3o dos motivos para cursar a P\u00f3s-Gradua\u00e7\u00e3o neste programa e disponibilidade do candidato para estudo e pesquisa;<br \/>\n\u2022 Seguir os aspectos formais tais como, boa reda\u00e7\u00e3o, clareza de ideias e organiza\u00e7\u00e3o da exposi\u00e7\u00e3o;<br \/>\n\u2022 Indica\u00e7\u00e3o do problema de pesquisa\/pergunta;<br \/>\n\u2022 Defini\u00e7\u00e3o dos objetivos a serem atingidos;<br \/>\n\u2022 Indica\u00e7\u00e3o dos elementos norteadores do referencial te\u00f3rico que sustenta a pergunta;<br \/>\n\u2022 Um esbo\u00e7o do m\u00e9todo;<br \/>\n\u2022 Uma argumenta\u00e7\u00e3o sobre a necessidade de realiza\u00e7\u00e3o da pesquisa proposta;<br \/>\n\u2022 Refer\u00eancias bibliogr\u00e1ficas.<\/p>\n<p>Observa\u00e7\u00e3o: Aspectos formais, tais como reda\u00e7\u00e3o, clareza de ideias e organiza\u00e7\u00e3o da exposi\u00e7\u00e3o ser\u00e3o levados em conta.<\/p>\n<p><strong>Elabora\u00e7\u00e3o do Projeto de Pesquisa<\/strong><\/p>\n<p>O candidato \u00e0 uma vaga no Doutorado ou Doutorado Direto do IP USP, dever\u00e1 elaborar um Projeto de Pesquisa, conforme o roteiro abaixo:<\/p>\n<p>\u2022 <span style=\"text-decoration: underline;\"><strong>Texto com no m\u00e1ximo 20 p\u00e1ginas<\/strong><\/span>, escrito em fonte Times New Roman 12, com espa\u00e7o 1,5 entre as linhas, arquivo PDF;<br \/>\n\u2022 Indica\u00e7\u00e3o do nome do candidato;<br \/>\n\u2022 Linha de Pesquisa do Programa escolhida, na qual o projeto se enquadra (ver Linhas de Pesquisa e Orientadores);<br \/>\n\u2022 Indica\u00e7\u00e3o do problema\/pergunta da pesquisa;<br \/>\n\u2022 Defini\u00e7\u00e3o do objetivo a ser alcan\u00e7ado;<br \/>\n\u2022 Indica\u00e7\u00e3o da fundamenta\u00e7\u00e3o te\u00f3rica que sustenta a pergunta ou a enuncia\u00e7\u00e3o do problema de pesquisa do candidato;<br \/>\n\u2022 Indica\u00e7\u00e3o do m\u00e9todo a ser utilizado para chegar aos objetivos propostos, articulando-os \u00e0 fundamenta\u00e7\u00e3o te\u00f3rica e ao problema de pesquisa;<br \/>\n\u2022 Refer\u00eancias bibliogr\u00e1ficas.<\/p>\n<p>Observa\u00e7\u00e3o: Aspectos formais, tais como reda\u00e7\u00e3o, clareza de ideias e organiza\u00e7\u00e3o da exposi\u00e7\u00e3o ser\u00e3o levados em conta.<\/p>\n<p><strong>Forma\u00e7\u00e3o acad\u00eamica<\/strong><\/p>\n<p>No formul\u00e1rio constar\u00e3o as indica\u00e7\u00f5es do que os candidatos devem apresentar e computar para a avalia\u00e7\u00e3o de seus curr\u00edculos, bem como os pesos dados a cada atividade ou produ\u00e7\u00e3o do candidato. Caber\u00e1 ao pr\u00f3prio candidato pontuar, no pr\u00f3prio Formul\u00e1rio de Avalia\u00e7\u00e3o Acad\u00eamica, as informa\u00e7\u00f5es adicionadas para que os avaliadores possam, ent\u00e3o, averiguar a pontua\u00e7\u00e3o visando estabelecer a pontua\u00e7\u00e3o final e a nota desse quesito.<\/p>\n<p>Cada informa\u00e7\u00e3o preenchida dever\u00e1 ser acompanhada de documento comprovat\u00f3rio, devidamente identificado e rigorosamente ordenado (seguindo-se a sequ\u00eancia do Formul\u00e1rio de Avalia\u00e7\u00e3o Acad\u00eamica).<\/p>\n<p>SOMENTE AS INFORMA\u00c7\u00d5ES COMPROVADAS POR DOCUMENTOS, SER\u00c3O COMPUTADAS. NENHUMA INFORMA\u00c7\u00c3O SEM DOCUMENTO SER\u00c1 COMPUTADA, EM NENHUMA HIP\u00d3TESE.<\/p>\n<p>A pontua\u00e7\u00e3o informada pelo candidato ser\u00e1 conferida pelos avaliadores que, ao final desta confer\u00eancia, indicar\u00e3o a pontua\u00e7\u00e3o do curr\u00edculo a ser efetivamente considerada para o processo seletivo, cujo valor n\u00e3o poder\u00e1 ser inferior a 7,0 (sete). N\u00e3o est\u00e1 previsto neste edital a possibilidade de acesso ou revis\u00e3o \u00e0 nota e pontua\u00e7\u00f5es do formul\u00e1rio de avalia\u00e7\u00e3o acad\u00eamica<\/p>\n","protected":false},"excerpt":{"rendered":"<p>&nbsp; A inscri\u00e7\u00e3o de candidatos para o exame de sele\u00e7\u00e3o aos cursos de Mestrado e Doutorado \u00e9 aberta por meio de edital publicado na p\u00e1gina da P\u00f3s-Gradua\u00e7\u00e3o, anualmente, no m\u00eas de julho. Para que a inscri\u00e7\u00e3o seja feita \u00e9 necess\u00e1rio que o candidato apresente todos os documentos solicitados pelo edital. Processo Seletivo: https:\/\/www.ip.usp.br\/site\/pos_graduacao\/programa-de-pos-psicologia-escolar-e-do-desenvolvimento-psa\/ Comprova\u00e7\u00e3o De [&hellip;]<\/p>\n","protected":false},"author":2,"featured_media":0,"parent":0,"menu_order":0,"comment_status":"closed","ping_status":"closed","template":"","meta":{"_acf_changed":false,"footnotes":""},"categories":[141],"tags":[],"class_list":["post-12170","page","type-page","status-publish","hentry","category-pos-graduacao-ensino-programa"],"acf":[],"jetpack_sharing_enabled":true,"_links":{"self":[{"href":"https:\/\/www.ip.usp.br\/site\/wp-json\/wp\/v2\/pages\/12170","targetHints":{"allow":["GET"]}}],"collection":[{"href":"https:\/\/www.ip.usp.br\/site\/wp-json\/wp\/v2\/pages"}],"about":[{"href":"https:\/\/www.ip.usp.br\/site\/wp-json\/wp\/v2\/types\/page"}],"author":[{"embeddable":true,"href":"https:\/\/www.ip.usp.br\/site\/wp-json\/wp\/v2\/users\/2"}],"replies":[{"embeddable":true,"href":"https:\/\/www.ip.usp.br\/site\/wp-json\/wp\/v2\/comments?post=12170"}],"version-history":[{"count":17,"href":"https:\/\/www.ip.usp.br\/site\/wp-json\/wp\/v2\/pages\/12170\/revisions"}],"predecessor-version":[{"id":39751,"href":"https:\/\/www.ip.usp.br\/site\/wp-json\/wp\/v2\/pages\/12170\/revisions\/39751"}],"wp:attachment":[{"href":"https:\/\/www.ip.usp.br\/site\/wp-json\/wp\/v2\/media?parent=12170"}],"wp:term":[{"taxonomy":"category","embeddable":true,"href":"https:\/\/www.ip.usp.br\/site\/wp-json\/wp\/v2\/categories?post=12170"},{"taxonomy":"post_tag","embeddable":true,"href":"https:\/\/www.ip.usp.br\/site\/wp-json\/wp\/v2\/tags?post=12170"}],"curies":[{"name":"wp","href":"https:\/\/api.w.org\/{rel}","templated":true}]}}