{"id":12227,"date":"2016-10-21T11:16:45","date_gmt":"2016-10-21T14:16:45","guid":{"rendered":"https:\/\/www.ip.usp.br\/site\/?page_id=12227"},"modified":"2016-11-18T13:27:37","modified_gmt":"2016-11-18T16:27:37","slug":"orientadores-e-coorientadores-psa","status":"publish","type":"page","link":"https:\/\/www.ip.usp.br\/site\/orientadores-e-coorientadores-psa\/","title":{"rendered":"Orientadores e Coorientadores"},"content":{"rendered":"<p>A decis\u00e3o sobre o Credenciamento de um Orientador Pleno baseia-se em seu desempenho acad\u00eamico e cient\u00edfico. O docente ser\u00e1 avaliado por sua capacidade de orientar mestrandos e doutorandos, conduzir projetos de pesquisa e gerar publica\u00e7\u00f5es em peri\u00f3dicos com arbitragem. Ser\u00e1 considerada sua participa\u00e7\u00e3o em congressos, conv\u00eanios nacionais e internacionais e est\u00e1gios de p\u00f3s-doutorado. A coordena\u00e7\u00e3o e a participa\u00e7\u00e3o do docente em projetos de pesquisa com fomento ser\u00e3o valorizadas.<\/p>\n<p>O orientador pleno de Mestrado, Doutorado e Doutorado Direto dever\u00e1 necessariamente assumir atividades did\u00e1ticas no Programa de P\u00f3s-Gradua\u00e7\u00e3o em Psicologia Escolar e do Desenvolvimento Humano. XI.3. O Credenciamento e Recredenciamento pleno como orientador de Mestrado e Doutorado ser\u00e1 avaliado a cada cinco anos.<\/p>\n<p>O n\u00famero m\u00e1ximo de alunos por orientador \u00e9 oito, podendo chegar a dez com anu\u00eancia da CCP e respeitado o artigo 84, par\u00e1grafo primeiro do Regimento de P\u00f3s-Gradua\u00e7\u00e3o.<\/p>\n<p>Adicionalmente, o docente poder\u00e1 coorientar at\u00e9 cinco alunos, respeitado o artigo 84, par\u00e1grafo primeiro do Regimento de P\u00f3s-Gradua\u00e7\u00e3o.<\/p>\n<p>O candidato ao credenciamento pleno como Orientador para Mestrado deve: 1 \u2013 ter ministrado disciplina no Programa por um semestre; 2 \u2013 estar conduzindo pesquisa em uma das linhas do Programa; 3 \u2013 comprovar publica\u00e7\u00e3o de no m\u00ednimo um artigo em peri\u00f3dico indexado, compat\u00edvel com a Linha de Pesquisa em que atua, nos \u00faltimos tr\u00eas anos.<\/p>\n<p>O candidato ao credenciamento pleno como orientador de Doutorado deve: 1. ter ministrado disciplina no Programa por um semestre; 2. estar conduzindo pesquisa em uma das linhas do Programa; 3. ter conclu\u00eddo com \u00eaxito a orienta\u00e7\u00e3o de pelo menos uma disserta\u00e7\u00e3o de Mestrado. 4. comprovar duas publica\u00e7\u00f5es em peri\u00f3dicos indexados, compat\u00edveis com a Linha de Pesquisa em que atua, nos \u00faltimos tr\u00eas anos.<\/p>\n<p>Admite-se a figura do coorientador somente para Doutorado e quando houver necessidade de uma contribui\u00e7\u00e3o espec\u00edfica, te\u00f3rica ou metodol\u00f3gica complementar \u00e0 do orientador. O coorientador pode ser docente ou pesquisador da USP ou externo \u00e0 USP.<\/p>\n<p>Para credenciamento de docente como coorientador \u00e9 necess\u00e1rio:<\/p>\n<p>Solicita\u00e7\u00e3o do orientador, demonstrando a rela\u00e7\u00e3o da Linha de Pesquisa do indicado com o projeto de trabalho do aluno e com as atividades a serem desenvolvidas. Comprova\u00e7\u00e3o de uma publica\u00e7\u00e3o de autoria do indicado, em peri\u00f3dico reconhecido e com referencial adequado, compat\u00edvel com a Linha de Pesquisa em que atua.<\/p>\n<p>Quanto aos prazos para solicita\u00e7\u00e3o:<\/p>\n<p>O prazo para envio do pedido de credenciamento \u00e0 CCP, pelo orientador, \u00e9 de no m\u00e1ximo 30 (trinta) meses do prazo regulamentar do Doutorado estabelecido pelo Programa.<\/p>\n<p>A CCP dever\u00e1 deliberar sobre a solicita\u00e7\u00e3o no prazo m\u00e1ximo de 30 (trinta) dias.<\/p>\n<p>A figura do orientador espec\u00edfico \u00e9 aceita para casos individuais e pode ter a participa\u00e7\u00e3o de docente da Unidade, de outras Unidades da USP, docente externo \u00e0 USP ou pesquisador cient\u00edfico.<\/p>\n<p>Para credenciamento como orientador espec\u00edfico em curso de Mestrado, Doutorado e Doutorado Direto, o interessado deve: 1. estar realizando pesquisa em uma das Linhas do Programa; 2. demonstrar a interliga\u00e7\u00e3o da natureza e complexidade do projeto de pesquisa do aluno com sua Linha de Pesquisa; 3. comprovar uma publica\u00e7\u00e3o em peri\u00f3dico reconhecido e com referencial adequado, compat\u00edvel com uma das Linhas de Pesquisa do Programa, nos \u00faltimos tr\u00eas anos.<\/p>\n<p>Para credenciamento de T\u00e9cnico de N\u00edvel Superior como Orientador Espec\u00edfico em curso de Mestrado, o interessado deve:<\/p>\n<p>1. ser portador do t\u00edtulo de doutor;<\/p>\n<p>2. ter publicado no m\u00ednimo um artigo em revista indexada, compat\u00edvel com uma das linhas de pesquisa do Programa, nos \u00faltimos tr\u00eas anos;<\/p>\n<p>3. comprovar participa\u00e7\u00e3o em projeto de pesquisa em andamento. Para credenciamento como Orientador Espec\u00edfico ou T\u00e9cnico de N\u00edvel Superior em curso de Doutorado, o interessado deve:<\/p>\n<p>1. ser portador do t\u00edtulo de doutor;<\/p>\n<p>2. ter conclu\u00eddo com \u00eaxito a orienta\u00e7\u00e3o de, no m\u00ednimo, uma disserta\u00e7\u00e3o de Mestrado;<\/p>\n<p>3. ter publicado no m\u00ednimo dois artigos em revista indexada, na \u00e1rea de pesquisa de sua especializa\u00e7\u00e3o, nos \u00faltimos tr\u00eas anos;<\/p>\n<p>4. comprovar participa\u00e7\u00e3o em projeto de pesquisa em andamento.<\/p>\n","protected":false},"excerpt":{"rendered":"<p>A decis\u00e3o sobre o Credenciamento de um Orientador Pleno baseia-se em seu desempenho acad\u00eamico e cient\u00edfico. O docente ser\u00e1 avaliado por sua capacidade de orientar mestrandos e doutorandos, conduzir projetos de pesquisa e gerar publica\u00e7\u00f5es em peri\u00f3dicos com arbitragem. Ser\u00e1 considerada sua participa\u00e7\u00e3o em congressos, conv\u00eanios nacionais e internacionais e est\u00e1gios de p\u00f3s-doutorado. A coordena\u00e7\u00e3o [&hellip;]<\/p>\n","protected":false},"author":2,"featured_media":0,"parent":0,"menu_order":0,"comment_status":"closed","ping_status":"closed","template":"","meta":{"_acf_changed":false,"footnotes":""},"categories":[141],"tags":[],"class_list":["post-12227","page","type-page","status-publish","hentry","category-pos-graduacao-ensino-programa"],"acf":[],"jetpack_sharing_enabled":true,"_links":{"self":[{"href":"https:\/\/www.ip.usp.br\/site\/wp-json\/wp\/v2\/pages\/12227","targetHints":{"allow":["GET"]}}],"collection":[{"href":"https:\/\/www.ip.usp.br\/site\/wp-json\/wp\/v2\/pages"}],"about":[{"href":"https:\/\/www.ip.usp.br\/site\/wp-json\/wp\/v2\/types\/page"}],"author":[{"embeddable":true,"href":"https:\/\/www.ip.usp.br\/site\/wp-json\/wp\/v2\/users\/2"}],"replies":[{"embeddable":true,"href":"https:\/\/www.ip.usp.br\/site\/wp-json\/wp\/v2\/comments?post=12227"}],"version-history":[{"count":2,"href":"https:\/\/www.ip.usp.br\/site\/wp-json\/wp\/v2\/pages\/12227\/revisions"}],"predecessor-version":[{"id":14151,"href":"https:\/\/www.ip.usp.br\/site\/wp-json\/wp\/v2\/pages\/12227\/revisions\/14151"}],"wp:attachment":[{"href":"https:\/\/www.ip.usp.br\/site\/wp-json\/wp\/v2\/media?parent=12227"}],"wp:term":[{"taxonomy":"category","embeddable":true,"href":"https:\/\/www.ip.usp.br\/site\/wp-json\/wp\/v2\/categories?post=12227"},{"taxonomy":"post_tag","embeddable":true,"href":"https:\/\/www.ip.usp.br\/site\/wp-json\/wp\/v2\/tags?post=12227"}],"curies":[{"name":"wp","href":"https:\/\/api.w.org\/{rel}","templated":true}]}}