{"id":12278,"date":"2016-10-21T13:46:44","date_gmt":"2016-10-21T16:46:44","guid":{"rendered":"https:\/\/www.ip.usp.br\/site\/?page_id=12278"},"modified":"2021-12-29T14:31:00","modified_gmt":"2021-12-29T17:31:00","slug":"matricula-e-rematricula","status":"publish","type":"page","link":"https:\/\/www.ip.usp.br\/site\/matricula-e-rematricula\/","title":{"rendered":"Matr\u00edcula e Rematr\u00edcula"},"content":{"rendered":"<p style=\"text-align: justify\">O estudante de P\u00f3s-Gradua\u00e7\u00e3o deve efetuar a matr\u00edcula regularmente, em cada per\u00edodo letivo, nas \u00e9pocas e prazos fixados pelos \u00f3rg\u00e3os centrais da USP, em todas as fases de seus estudos, at\u00e9 a obten\u00e7\u00e3o do t\u00edtulo de Mestre ou de Doutor. N\u00e3o \u00e9 permitida a matr\u00edcula simult\u00e2nea em mais de um curso de Mestrado ou de Doutorado na Universidade de S\u00e3o Paulo. O aluno participante de conv\u00eanio celebrado pela USP, atuando em atividades de P\u00f3s-Gradua\u00e7\u00e3o, por per\u00edodo igual ou superior a tr\u00eas meses, sob supervis\u00e3o de orientador credenciado em Programa de P\u00f3s-Gradua\u00e7\u00e3o da USP, pode ser matriculado como aluno regular no Programa ou \u00e1rea de concentra\u00e7\u00e3o na qual o orientador est\u00e1 credenciado.<\/p>\n<p style=\"text-align: justify\">Para tanto, a matr\u00edcula do aluno na P\u00f3s-Gradua\u00e7\u00e3o ser\u00e1 efetivada pela PRPG e ter\u00e1 validade durante o per\u00edodo de perman\u00eancia na USP. O estudante, nestas condi\u00e7\u00f5es, estar\u00e1 sujeito \u00e0s normas e regulamentos gerais do Curso e Programa de origem. \u00c9 necess\u00e1rio apresentar a seguinte documenta\u00e7\u00e3o para realizar a matr\u00edcula:<\/p>\n<ul style=\"text-align: justify\">\n<li>formul\u00e1rio de matr\u00edcula assinado pelo orientador (retirado ap\u00f3s aprova\u00e7\u00e3o na entrevista);<\/li>\n<li>apresenta\u00e7\u00e3o do Diploma de Gradua\u00e7\u00e3o e\/ou Ata de defesa do Mestrado, realizados at\u00e9 o dia 1 de fevereiro do ano em que o candidato se inscrever.<\/li>\n<\/ul>\n<p style=\"text-align: justify\">O n\u00e3o cumprimento desses requisitos pelo candidato implicar\u00e1 em n\u00e3o homologa\u00e7\u00e3o de sua matr\u00edcula e perda da vaga. Matr\u00edcula por procura\u00e7\u00e3o: Os formul\u00e1rios t\u00eam que ser obrigatoriamente assinados pelo candidato ou por seu procurador. A procura\u00e7\u00e3o n\u00e3o precisa ser reconhecida em cart\u00f3rio, desde que o procurador apresente o RG original no ato da inscri\u00e7\u00e3o e a documenta\u00e7\u00e3o completa solicitada.<br \/>\nSe o candidato for estrangeiro, dever\u00e1 apresentar profici\u00eancia em L\u00edngua Portuguesa.<\/p>\n<h3 style=\"text-align: justify\">Acesso via sistema<\/h3>\n<p style=\"text-align: justify\">\u00c9 fundamental ter o e-mail com a extens\u00e3o USP. Caso o aluno queira manter outro e-mail, dever\u00e1 entrar no sistema de e-mails da USP para solicitar encaminhamento das mensagens para o seu pr\u00f3prio e-mail em uso. \u00c9 obrigat\u00f3rio o uso do e-mail com extens\u00e3o USP para o aluno receber todos os comunicados referentes \u00e0 P\u00f3s-Gradua\u00e7\u00e3o. Para obter seu endere\u00e7o eletr\u00f4nico (e-mail USP) o aluno dever\u00e1 acessar o site \u201c<a href=\"http:\/\/pedidoemail.usp.br\">pedidoemail.usp.br<\/a>\u201d e seguir as instru\u00e7\u00f5es. Para ter acesso ao sistema <a href=\"https:\/\/uspdigital.usp.br\/janus\/componente\/autenticar.jsf\">JANUS\/WEB<\/a> o aluno dever\u00e1 acessar o site <a href=\"https:\/\/uspdigital.usp.br\/wsusuario\/\">uspdigital.usp.br<\/a><a href=\"https:\/\/uspdigital.usp.br\/wsusuario\/\">,<\/a> clicar em sistema Janus e depois clicar em \u201cprimeiro acesso\u201d para solicitar sua senha. A senha ser\u00e1 enviada para o e-mail do aluno. Neste site, o aluno poder\u00e1 verificar o deferimento de matr\u00edculas, notas e frequ\u00eancia em disciplinas, ficha do aluno, cr\u00e9ditos, prazos etc., ou seja, acompanhar toda sua \u201cvida acad\u00eamica\u201d.<br \/>\nCabe ao aluno o acompanhamento de sua vida acad\u00eamica.<\/p>\n<h3 style=\"text-align: justify\">Rematr\u00edcula<\/h3>\n<p style=\"text-align: justify\">O aluno dever\u00e1 realizar o processo de matr\u00edcula semestralmente, atrav\u00e9s do site <a href=\"https:\/\/uspdigital.usp.br\/wsusuario\/\">uspdigital.usp.br<\/a>, nos per\u00edodos informados por e-mail, mesmo quando tiver cumprido todos os cr\u00e9ditos (neste caso efetuar \u201cmatr\u00edcula de acompanhamento\u201d). A n\u00e3o realiza\u00e7\u00e3o de rematr\u00edcula no semestre implica em desligamento autom\u00e1tico do curso.<\/p>\n<h3 style=\"text-align: justify\">Calend\u00e1rio de matr\u00edcula<\/h3>\n<p style=\"text-align: justify\">O per\u00edodo de matr\u00edcula de alunos regulares, que n\u00e3o est\u00e3o com matr\u00edcula trancada, compreende 3 etapas consecutivas, recomendando-se que os alunos consultem previamente o orientador sobre a escolha das disciplinas.<\/p>\n<table style=\"border-collapse: collapse;width: 100%;height: 24px\">\n<tbody>\n<tr style=\"height: 24px\">\n<td style=\"width: 37.8307%;height: 24px\"><\/td>\n<td style=\"width: 24.3385%;background-color: #2d386e;height: 0px;text-align: center;vertical-align: middle\"><strong><strong><strong><strong><strong><span style=\"color: #ffffff\"><br \/>\n<a style=\"color: #ffffff\" href=\"https:\/\/uspdigital.usp.br\/janus\/componente\/periodoMatricula.jsf\">Consulte aqui o<\/a><br \/>\n<a href=\"https:\/\/uspdigital.usp.br\/janus\/componente\/periodoMatricula.jsf\"><span style=\"color: #ffffff\"><span style=\"text-decoration: underline\">CALEND\u00c1RIO ESCOLAR<\/span><\/span><\/a><br \/>\n<a style=\"color: #ffffff\" href=\"https:\/\/uspdigital.usp.br\/janus\/componente\/periodoMatricula.jsf\">vigente<\/a><\/p>\n<p><\/span><\/strong><\/strong><\/strong><\/strong><\/strong><\/td>\n<td style=\"width: 37.8307%;height: 24px\"><\/td>\n<\/tr>\n<\/tbody>\n<\/table>\n<p style=\"text-align: justify\"><span style=\"color: #ffffff\">.<\/span><\/p>\n<p style=\"text-align: justify\">Nota: Os per\u00edodos iniciam-se \u00e0 0h00 e encerram-se \u00e0s 23h59, no hor\u00e1rio de Bras\u00edlia.<\/p>\n<ul>\n<li style=\"text-align: justify\">Pr\u00e9-matr\u00edcula do aluno<br \/>\nper\u00edodo para os alunos efetuarem suas pr\u00e9-matr\u00edculas em disciplinas ou sua matr\u00edcula de acompanhamento, sendo a matr\u00edcula de acompanhamento obrigat\u00f3ria para o aluno que n\u00e3o se matricular em nenhuma disciplina. Toda a\u00e7\u00e3o confirmada pelo aluno, neste Sistema, gera um\u00a0e-mail\u00a0a si pr\u00f3prio como comprovante da a\u00e7\u00e3o executada;<\/li>\n<li style=\"text-align: justify\">Aval do orientador<br \/>\nper\u00edodo para os orientadores avalizarem as pr\u00e9-matr\u00edculas em disciplinas e aceitarem as matr\u00edculas de acompanhamento de seus orientandos. A pr\u00e9-matr\u00edcula em disciplina ou solicita\u00e7\u00e3o de matr\u00edcula de acompanhamento n\u00e3o apreciada pelo respectivo orientador, neste prazo, ser\u00e1\u00a0automaticamente aceita;<\/li>\n<li style=\"text-align: justify\">Deferimento do ministrante<br \/>\nper\u00edodo para os ministrantes de disciplina deferirem as pr\u00e9-matr\u00edculas avalizadas pelos orientadores. A pr\u00e9-matr\u00edcula, avalizada pelo orientador, que n\u00e3o receber manifesta\u00e7\u00e3o do ministrante da disciplina ser\u00e1\u00a0automaticamente aceita.<\/li>\n<\/ul>\n","protected":false},"excerpt":{"rendered":"<p>O estudante de P\u00f3s-Gradua\u00e7\u00e3o deve efetuar a matr\u00edcula regularmente, em cada per\u00edodo letivo, nas \u00e9pocas e prazos fixados pelos \u00f3rg\u00e3os centrais da USP, em todas as fases de seus estudos, at\u00e9 a obten\u00e7\u00e3o do t\u00edtulo de Mestre ou de Doutor. N\u00e3o \u00e9 permitida a matr\u00edcula simult\u00e2nea em mais de um curso de Mestrado ou de [&hellip;]<\/p>\n","protected":false},"author":2,"featured_media":0,"parent":0,"menu_order":0,"comment_status":"closed","ping_status":"closed","template":"","meta":{"_acf_changed":false,"footnotes":""},"categories":[15],"tags":[],"class_list":["post-12278","page","type-page","status-publish","hentry","category-pos-graduacao"],"acf":[],"jetpack_sharing_enabled":true,"_links":{"self":[{"href":"https:\/\/www.ip.usp.br\/site\/wp-json\/wp\/v2\/pages\/12278","targetHints":{"allow":["GET"]}}],"collection":[{"href":"https:\/\/www.ip.usp.br\/site\/wp-json\/wp\/v2\/pages"}],"about":[{"href":"https:\/\/www.ip.usp.br\/site\/wp-json\/wp\/v2\/types\/page"}],"author":[{"embeddable":true,"href":"https:\/\/www.ip.usp.br\/site\/wp-json\/wp\/v2\/users\/2"}],"replies":[{"embeddable":true,"href":"https:\/\/www.ip.usp.br\/site\/wp-json\/wp\/v2\/comments?post=12278"}],"version-history":[{"count":28,"href":"https:\/\/www.ip.usp.br\/site\/wp-json\/wp\/v2\/pages\/12278\/revisions"}],"predecessor-version":[{"id":37743,"href":"https:\/\/www.ip.usp.br\/site\/wp-json\/wp\/v2\/pages\/12278\/revisions\/37743"}],"wp:attachment":[{"href":"https:\/\/www.ip.usp.br\/site\/wp-json\/wp\/v2\/media?parent=12278"}],"wp:term":[{"taxonomy":"category","embeddable":true,"href":"https:\/\/www.ip.usp.br\/site\/wp-json\/wp\/v2\/categories?post=12278"},{"taxonomy":"post_tag","embeddable":true,"href":"https:\/\/www.ip.usp.br\/site\/wp-json\/wp\/v2\/tags?post=12278"}],"curies":[{"name":"wp","href":"https:\/\/api.w.org\/{rel}","templated":true}]}}