{"id":12285,"date":"2016-10-21T14:01:56","date_gmt":"2016-10-21T17:01:56","guid":{"rendered":"https:\/\/www.ip.usp.br\/site\/?page_id=12285"},"modified":"2018-07-06T11:08:10","modified_gmt":"2018-07-06T14:08:10","slug":"transferencia-de-area-de-concentracao","status":"publish","type":"page","link":"https:\/\/www.ip.usp.br\/site\/transferencia-de-area-de-concentracao\/","title":{"rendered":"Transfer\u00eancia de \u00e1rea de concentra\u00e7\u00e3o"},"content":{"rendered":"<p style=\"text-align: justify;\">A partir da aprova\u00e7\u00e3o no Exame de Qualifica\u00e7\u00e3o, e por sugest\u00e3o da banca examinadora, o(a) estudante poder\u00e1 solicitar a mudan\u00e7a de n\u00edvel com anu\u00eancia do orientador, num prazo m\u00e1ximo de 30 (trinta) dias.\u00a0A Comiss\u00e3o de P\u00f3s-Gradua\u00e7\u00e3o analisar\u00e1 o pedido fundamentado em parecer circunstanciado emitido por um relator sobre o novo projeto de pesquisa e desempenho acad\u00eamico do(a) estudante.\u00a0Para a mudan\u00e7a de n\u00edvel, dever\u00e3o ser verificados os prazos para a realiza\u00e7\u00e3o de exame de qualifica\u00e7\u00e3o e os cr\u00e9ditos m\u00ednimos exigidos para a qualifica\u00e7\u00e3o no novo curso. Caso esse prazo j\u00e1 tenha sido ultrapassado ou n\u00e3o tenha sido cumprido o n\u00famero m\u00ednimo de cr\u00e9ditos, a mudan\u00e7a n\u00e3o ser\u00e1 poss\u00edvel.<\/p>\n<p>&nbsp;<\/p>\n<h3>Resolu\u00e7\u00e3o<\/h3>\n<p>&nbsp;<\/p>\n<p><a href=\"http:\/\/www.leginf.usp.br\/?resolucao=resolucao-no-7493-de-27-de-marco-de-2018\" target=\"_blank\" rel=\"noopener\">http:\/\/www.leginf.usp.br\/?resolucao=resolucao-no-7493-de-27-de-marco-de-2018<\/a><\/p>\n","protected":false},"excerpt":{"rendered":"<p>A partir da aprova\u00e7\u00e3o no Exame de Qualifica\u00e7\u00e3o, e por sugest\u00e3o da banca examinadora, o(a) estudante poder\u00e1 solicitar a mudan\u00e7a de n\u00edvel com anu\u00eancia do orientador, num prazo m\u00e1ximo de 30 (trinta) dias.\u00a0A Comiss\u00e3o de P\u00f3s-Gradua\u00e7\u00e3o analisar\u00e1 o pedido fundamentado em parecer circunstanciado emitido por um relator sobre o novo projeto de pesquisa e desempenho [&hellip;]<\/p>\n","protected":false},"author":2,"featured_media":0,"parent":0,"menu_order":0,"comment_status":"closed","ping_status":"closed","template":"","meta":{"_acf_changed":false,"footnotes":""},"categories":[15],"tags":[],"class_list":["post-12285","page","type-page","status-publish","hentry","category-pos-graduacao"],"acf":[],"jetpack_sharing_enabled":true,"_links":{"self":[{"href":"https:\/\/www.ip.usp.br\/site\/wp-json\/wp\/v2\/pages\/12285","targetHints":{"allow":["GET"]}}],"collection":[{"href":"https:\/\/www.ip.usp.br\/site\/wp-json\/wp\/v2\/pages"}],"about":[{"href":"https:\/\/www.ip.usp.br\/site\/wp-json\/wp\/v2\/types\/page"}],"author":[{"embeddable":true,"href":"https:\/\/www.ip.usp.br\/site\/wp-json\/wp\/v2\/users\/2"}],"replies":[{"embeddable":true,"href":"https:\/\/www.ip.usp.br\/site\/wp-json\/wp\/v2\/comments?post=12285"}],"version-history":[{"count":7,"href":"https:\/\/www.ip.usp.br\/site\/wp-json\/wp\/v2\/pages\/12285\/revisions"}],"predecessor-version":[{"id":18536,"href":"https:\/\/www.ip.usp.br\/site\/wp-json\/wp\/v2\/pages\/12285\/revisions\/18536"}],"wp:attachment":[{"href":"https:\/\/www.ip.usp.br\/site\/wp-json\/wp\/v2\/media?parent=12285"}],"wp:term":[{"taxonomy":"category","embeddable":true,"href":"https:\/\/www.ip.usp.br\/site\/wp-json\/wp\/v2\/categories?post=12285"},{"taxonomy":"post_tag","embeddable":true,"href":"https:\/\/www.ip.usp.br\/site\/wp-json\/wp\/v2\/tags?post=12285"}],"curies":[{"name":"wp","href":"https:\/\/api.w.org\/{rel}","templated":true}]}}