{"id":12461,"date":"2016-10-25T07:32:56","date_gmt":"2016-10-25T10:32:56","guid":{"rendered":"https:\/\/www.ip.usp.br\/site\/?page_id=12461"},"modified":"2024-02-27T10:28:36","modified_gmt":"2024-02-27T13:28:36","slug":"atletica-psico-usp","status":"publish","type":"page","link":"https:\/\/www.ip.usp.br\/site\/atletica-psico-usp\/","title":{"rendered":"Atl\u00e9tica Psico USP"},"content":{"rendered":"<p><img fetchpriority=\"high\" decoding=\"async\" class=\"wp-image-46041 size-medium alignleft\" src=\"https:\/\/www.ip.usp.br\/site\/wp-content\/uploads\/2024\/02\/atleptica-2024-300x300.png\" alt=\"\" width=\"300\" height=\"300\" srcset=\"https:\/\/www.ip.usp.br\/site\/wp-content\/uploads\/2024\/02\/atleptica-2024-300x300.png 300w, https:\/\/www.ip.usp.br\/site\/wp-content\/uploads\/2024\/02\/atleptica-2024-150x150.png 150w, https:\/\/www.ip.usp.br\/site\/wp-content\/uploads\/2024\/02\/atleptica-2024.png 855w\" sizes=\"(max-width: 300px) 100vw, 300px\" \/><\/p>\n<p>A Associa\u00e7\u00e3o Atl\u00e9tica Acad\u00eamica Bus\u00ed\u00adlis \u00e9 o nome oficial da Atl\u00e9tica Psico USP, uma entidade sem fins lucrativos, composta de estudantes do Instituto de Psicologia da Universidade de S\u00e3o Paulo e voltada a eles.<\/p>\n<p>Seu principal objetivo \u00e9 proporcionar integra\u00e7\u00e3o, divers\u00e3o e competi\u00e7\u00e3o de seus associados atrav\u00e9s do esporte.<\/p>\n<p>A Atl\u00e9tica Psico USP\u00a0ajuda a manter treinos de modalidades esportivas dos estudantes do IPUSP, organiza competi\u00e7\u00f5es universit\u00e1rias, seja internamente, na USP, seja com outras institui\u00e7\u00f5es de Psicologia, e promove, juntamente com outras entidades do Instituto, a recep\u00e7\u00e3o de calouros. Tamb\u00e9m promove festas, gincanas integrativas e esportivas.<\/p>\n<p>A miss\u00e3o da Atl\u00e9tica Psico USP\u00a0\u00e9 co-produzir, manter e providenciar realidade e cultura esportiva aos estudantes, funcion\u00e1rios e professores de psicologia da USP.<\/p>\n<p>Os\u00a0treinos oferecidos pela\u00a0Atl\u00e9tica contemplam as seguintes modalidades esportivas:<\/p>\n<p><a href=\"https:\/\/www.ip.usp.br\/site\/atletismo\/\" target=\"_blank\" rel=\"noopener noreferrer\">Atletismo<\/a><\/p>\n<p><a href=\"https:\/\/www.ip.usp.br\/site\/basquete-feminino\/\" target=\"_blank\" rel=\"noopener noreferrer\">Basquete Feminino<\/a><\/p>\n<p><a href=\"https:\/\/www.ip.usp.br\/site\/basquete-masculino\/\" target=\"_blank\" rel=\"noopener noreferrer\">Basquete Masculino<\/a><\/p>\n<p><a href=\"https:\/\/www.ip.usp.br\/site\/futsal-feminino\/\" target=\"_blank\" rel=\"noopener noreferrer\">Futsal Feminino<\/a><\/p>\n<p><a href=\"https:\/\/www.ip.usp.br\/site\/futsal-masculino\/\" target=\"_blank\" rel=\"noopener noreferrer\">Futsal Masculino<\/a><\/p>\n<p><a href=\"https:\/\/www.ip.usp.br\/site\/handebol-feminino\/\" target=\"_blank\" rel=\"noopener noreferrer\">Handebol Feminino<\/a><\/p>\n<p><a href=\"https:\/\/www.ip.usp.br\/site\/handebol-masculino\/\" target=\"_blank\" rel=\"noopener noreferrer\">Handebol Masculino<\/a><\/p>\n<p><a href=\"https:\/\/www.ip.usp.br\/site\/natacao\/\" target=\"_blank\" rel=\"noopener noreferrer\">Nata\u00e7\u00e3o<\/a><\/p>\n<p><a href=\"https:\/\/www.ip.usp.br\/site\/sinuca\/\" target=\"_blank\" rel=\"noopener noreferrer\">Sinuca<\/a><\/p>\n<p><a href=\"https:\/\/www.ip.usp.br\/site\/tenis\/\" target=\"_blank\" rel=\"noopener noreferrer\">T\u00eanis<\/a><\/p>\n<p><a href=\"https:\/\/www.ip.usp.br\/site\/truco\/\" target=\"_blank\" rel=\"noopener noreferrer\">Truco<\/a><\/p>\n<p><a href=\"https:\/\/www.ip.usp.br\/site\/volei-feminino\/\" target=\"_blank\" rel=\"noopener noreferrer\">V\u00f4lei Feminino<\/a><\/p>\n<p><a href=\"https:\/\/www.ip.usp.br\/site\/volei-masculino\/\" target=\"_blank\" rel=\"noopener noreferrer\">V\u00f4lei Masculino<\/a><\/p>\n<p><a href=\"https:\/\/www.ip.usp.br\/site\/outras-modalidades\/\" target=\"_blank\" rel=\"noopener noreferrer\">Outras Modalidades<\/a><\/p>\n<p>&nbsp;<\/p>\n<h3>Agenda 2019<\/h3>\n<p><img decoding=\"async\" class=\"size-full wp-image-28952 alignnone\" src=\"https:\/\/www.ip.usp.br\/site\/wp-content\/uploads\/2019\/08\/Screenshot_2019-08-29-10-00-33-673_com.google.android.apps_.docs_.png\" alt=\"\" width=\"567\" height=\"778\" srcset=\"https:\/\/www.ip.usp.br\/site\/wp-content\/uploads\/2019\/08\/Screenshot_2019-08-29-10-00-33-673_com.google.android.apps_.docs_.png 567w, https:\/\/www.ip.usp.br\/site\/wp-content\/uploads\/2019\/08\/Screenshot_2019-08-29-10-00-33-673_com.google.android.apps_.docs_-219x300.png 219w\" sizes=\"(max-width: 567px) 100vw, 567px\" \/><\/p>\n<h3>Contato<\/h3>\n<p>E-mail:\u00a0atlepticapsicousp@gmail.com<\/p>\n<p>Facebook:\u00a0<a href=\"https:\/\/www.facebook.com\/atleticapsicousp\/?fref=ts\" target=\"_blank\" rel=\"noopener noreferrer\">Atl\u00e9tica Psico USP<\/a><\/p>\n<h3><\/h3>\n<h3>Endere\u00e7o<\/h3>\n<p>Instituto de Psicologia da USP<\/p>\n<p>Av. Prof. Mello Moraes, 1721, sala 11, Bloco B<\/p>\n<p>Cidade Universit\u00e1ria &#8211; S\u00e3o Paulo (SP) &#8211; CEP 05508-030<\/p>\n","protected":false},"excerpt":{"rendered":"<p>A Associa\u00e7\u00e3o Atl\u00e9tica Acad\u00eamica Bus\u00ed\u00adlis \u00e9 o nome oficial da Atl\u00e9tica Psico USP, uma entidade sem fins lucrativos, composta de estudantes do Instituto de Psicologia da Universidade de S\u00e3o Paulo e voltada a eles. Seu principal objetivo \u00e9 proporcionar integra\u00e7\u00e3o, divers\u00e3o e competi\u00e7\u00e3o de seus associados atrav\u00e9s do esporte. A Atl\u00e9tica Psico USP\u00a0ajuda a manter [&hellip;]<\/p>\n","protected":false},"author":2,"featured_media":46040,"parent":0,"menu_order":0,"comment_status":"closed","ping_status":"closed","template":"","meta":{"_acf_changed":false,"footnotes":""},"categories":[477,449],"tags":[727],"class_list":["post-12461","page","type-page","status-publish","has-post-thumbnail","hentry","category-esporte","category-vida-na-usp","tag-atletica"],"acf":[],"jetpack_sharing_enabled":true,"_links":{"self":[{"href":"https:\/\/www.ip.usp.br\/site\/wp-json\/wp\/v2\/pages\/12461","targetHints":{"allow":["GET"]}}],"collection":[{"href":"https:\/\/www.ip.usp.br\/site\/wp-json\/wp\/v2\/pages"}],"about":[{"href":"https:\/\/www.ip.usp.br\/site\/wp-json\/wp\/v2\/types\/page"}],"author":[{"embeddable":true,"href":"https:\/\/www.ip.usp.br\/site\/wp-json\/wp\/v2\/users\/2"}],"replies":[{"embeddable":true,"href":"https:\/\/www.ip.usp.br\/site\/wp-json\/wp\/v2\/comments?post=12461"}],"version-history":[{"count":19,"href":"https:\/\/www.ip.usp.br\/site\/wp-json\/wp\/v2\/pages\/12461\/revisions"}],"predecessor-version":[{"id":12533,"href":"https:\/\/www.ip.usp.br\/site\/wp-json\/wp\/v2\/pages\/12461\/revisions\/12533"}],"wp:featuredmedia":[{"embeddable":true,"href":"https:\/\/www.ip.usp.br\/site\/wp-json\/wp\/v2\/media\/46040"}],"wp:attachment":[{"href":"https:\/\/www.ip.usp.br\/site\/wp-json\/wp\/v2\/media?parent=12461"}],"wp:term":[{"taxonomy":"category","embeddable":true,"href":"https:\/\/www.ip.usp.br\/site\/wp-json\/wp\/v2\/categories?post=12461"},{"taxonomy":"post_tag","embeddable":true,"href":"https:\/\/www.ip.usp.br\/site\/wp-json\/wp\/v2\/tags?post=12461"}],"curies":[{"name":"wp","href":"https:\/\/api.w.org\/{rel}","templated":true}]}}