{"id":12472,"date":"2016-10-25T07:52:12","date_gmt":"2016-10-25T10:52:12","guid":{"rendered":"https:\/\/www.ip.usp.br\/site\/?page_id=12472"},"modified":"2019-08-30T18:18:27","modified_gmt":"2019-08-30T21:18:27","slug":"futsal-feminino","status":"publish","type":"page","link":"https:\/\/www.ip.usp.br\/site\/futsal-feminino\/","title":{"rendered":"Futsal Feminino"},"content":{"rendered":"<p>O time de Futsal Feminino do IPUSP tamb\u00e9m \u00e9 conhecido como \u201cAmea\u00e7a Rosa\u201d devido \u00e0 cor caracter\u00edstica do seu uniforme. A grande maioria das atletas j\u00e1 est\u00e3o nos \u00faltimos anos da gradua\u00e7\u00e3o ou j\u00e1 s\u00e3o formadas (fazem p\u00f3s ou licenciatura), por isso precisamos muito de renova\u00e7\u00e3o, viu, bixetes?!<\/p>\n<p>O time \u00e9 bastante aguerrido e\u00a0luta at\u00e9 o fim pela vit\u00f3ria.<\/p>\n<p>No Interpsico, h\u00e1 uma grande rivalidade com a USP Ribeir\u00e3o, nossas maiores carrascas nas \u00faltimas competi\u00e7\u00f5es, com\u00a0quem sempre realizamos um jogo duro.<\/p>\n<p>Os treinos ocorrem \u00e0s ter\u00e7as e quintas, a partir das 19h30, nas quadras externas do CEPEUSP.<\/p>\n<p>Para maiores informa\u00e7\u00f5es fale com A DM Gabriela Pastori pelo e-mail: <a href=\"mailto:gabipastori@hotmail.com\">gabipastori@hotmail.com<\/a><\/p>\n<p><img fetchpriority=\"high\" decoding=\"async\" class=\"aligncenter size-full wp-image-28962\" src=\"https:\/\/www.ip.usp.br\/site\/wp-content\/uploads\/2019\/08\/bora-l\u00e1.png\" alt=\"\" width=\"560\" height=\"364\" srcset=\"https:\/\/www.ip.usp.br\/site\/wp-content\/uploads\/2019\/08\/bora-l\u00e1.png 560w, https:\/\/www.ip.usp.br\/site\/wp-content\/uploads\/2019\/08\/bora-l\u00e1-300x195.png 300w\" sizes=\"(max-width: 560px) 100vw, 560px\" \/><\/p>\n<p><img decoding=\"async\" class=\"aligncenter size-full wp-image-28961\" src=\"https:\/\/www.ip.usp.br\/site\/wp-content\/uploads\/2019\/08\/futsal-fem.png\" alt=\"\" width=\"196\" height=\"98\" \/><\/p>\n<p>&nbsp;<\/p>\n","protected":false},"excerpt":{"rendered":"<p>O time de Futsal Feminino do IPUSP tamb\u00e9m \u00e9 conhecido como \u201cAmea\u00e7a Rosa\u201d devido \u00e0 cor caracter\u00edstica do seu uniforme. A grande maioria das atletas j\u00e1 est\u00e3o nos \u00faltimos anos da gradua\u00e7\u00e3o ou j\u00e1 s\u00e3o formadas (fazem p\u00f3s ou licenciatura), por isso precisamos muito de renova\u00e7\u00e3o, viu, bixetes?! O time \u00e9 bastante aguerrido e\u00a0luta at\u00e9 [&hellip;]<\/p>\n","protected":false},"author":2,"featured_media":0,"parent":0,"menu_order":0,"comment_status":"closed","ping_status":"closed","template":"","meta":{"_acf_changed":false,"footnotes":""},"categories":[477,449],"tags":[],"class_list":["post-12472","page","type-page","status-publish","hentry","category-esporte","category-vida-na-usp"],"acf":[],"jetpack_sharing_enabled":true,"_links":{"self":[{"href":"https:\/\/www.ip.usp.br\/site\/wp-json\/wp\/v2\/pages\/12472","targetHints":{"allow":["GET"]}}],"collection":[{"href":"https:\/\/www.ip.usp.br\/site\/wp-json\/wp\/v2\/pages"}],"about":[{"href":"https:\/\/www.ip.usp.br\/site\/wp-json\/wp\/v2\/types\/page"}],"author":[{"embeddable":true,"href":"https:\/\/www.ip.usp.br\/site\/wp-json\/wp\/v2\/users\/2"}],"replies":[{"embeddable":true,"href":"https:\/\/www.ip.usp.br\/site\/wp-json\/wp\/v2\/comments?post=12472"}],"version-history":[{"count":4,"href":"https:\/\/www.ip.usp.br\/site\/wp-json\/wp\/v2\/pages\/12472\/revisions"}],"predecessor-version":[{"id":28963,"href":"https:\/\/www.ip.usp.br\/site\/wp-json\/wp\/v2\/pages\/12472\/revisions\/28963"}],"wp:attachment":[{"href":"https:\/\/www.ip.usp.br\/site\/wp-json\/wp\/v2\/media?parent=12472"}],"wp:term":[{"taxonomy":"category","embeddable":true,"href":"https:\/\/www.ip.usp.br\/site\/wp-json\/wp\/v2\/categories?post=12472"},{"taxonomy":"post_tag","embeddable":true,"href":"https:\/\/www.ip.usp.br\/site\/wp-json\/wp\/v2\/tags?post=12472"}],"curies":[{"name":"wp","href":"https:\/\/api.w.org\/{rel}","templated":true}]}}