{"id":12739,"date":"2016-10-26T08:33:20","date_gmt":"2016-10-26T11:33:20","guid":{"rendered":"https:\/\/www.ip.usp.br\/site\/?page_id=12739"},"modified":"2016-10-27T08:16:48","modified_gmt":"2016-10-27T11:16:48","slug":"outras-modalidades","status":"publish","type":"page","link":"https:\/\/www.ip.usp.br\/site\/outras-modalidades\/","title":{"rendered":"Outras Modalidades"},"content":{"rendered":"<p>Devido \u00e0\u00a0baixa\u00a0procura e \u00e0 aus\u00eancia nos\u00a0principais campeonatos da Psico, h\u00e1 modalidades que acabam n\u00e3o sendo\u00a0consideradas, apesar de sempre haver um ou outro atleta tentando montar um time da\u00a0Psico para elas.\u00a0Foi assim, ali\u00e1s, que come\u00e7ou a nata\u00e7\u00e3o, o t\u00eanis e o atletismo na Psico, com algu\u00e9m bem animado tentando convencer mais gente a participar.<\/p>\n<p>Sempre existe\u00a0uma turma de japas que quer montar um treino de beisebol e softbol. Com o\u00a0Rugby tamb\u00e9m j\u00e1 aconteceu de surgir um ou outro\u00a0interessado, mas, pelo menos por enquanto, a Psico ainda n\u00e3o conseguiu agregar atletas em n\u00famero suficiente para disputar essas modalidades.<\/p>\n<p>A\u00a0dica que podemos dar\u00a0jeito aos estudantes da Psico que se interessarem por modalidades que ainda n\u00e3o existem na Atl\u00e9tica Psico USP \u00e9\u00a0que eles compare\u00e7am\u00a0aos\u00a0treinos de outras faculdades. Modalidades como as lutas (Boxe, Jud\u00f4, Karat\u00ea etc), Fitness e Yoga, por outro lado, podem ser praticadas nas aulas do Cepeusp. Verifique o que \u00e9 de seu interesse e entre em contato com o Cepeusp, pelo <a href=\"http:\/\/www.cepe.usp.br\/\" target=\"_blank\">site<\/a>,\u00a0<a href=\"https:\/\/www.ip.usp.br\/site\/cepeusp\/\" target=\"_blank\">telefone<\/a>\u00a0ou indo presencialmente at\u00e9 o local para se informar\u00a0sobre as atividades de seu interesse.<\/p>\n<p>Algumas modalidades que n\u00e3o s\u00e3o oferecidas pelo Cepeusp t\u00eam\u00a0treinos organizados por Atl\u00e9ticas da USP. O Jiujitsu da Poli \u00e9 um exemplo disso.<\/p>\n<p>E h\u00e1 tamb\u00e9m algumas modalidades que a <a href=\"http:\/\/www.laausp.rg3.net\" target=\"_blank\">LAAUSP<\/a> (Liga Atl\u00e9tica Acad\u00eamica da USP &#8211; entidade respons\u00e1vel pelo esporte na USP) coordena na USP inteira, como o Rugby Feminino, o Freesby, entre outras.<\/p>\n<p>Para maiores informa\u00e7\u00f5es sobre treinos da Psico e informa\u00e7\u00f5es sobre\u00a0outras atl\u00e9ticas, entre em contato conosco pelo e-mail:\u00a0<a href=\"mailto:atlepticapsicousp@gmail.com\">atlepticapsicousp@gmail.com<\/a> ou pelo\u00a0Facebook:\u00a0<a href=\"https:\/\/www.facebook.com\/atleticapsicousp\/?fref=ts\" target=\"_blank\">Atl\u00e9tica Psico USP<\/a><\/p>\n","protected":false},"excerpt":{"rendered":"<p>Devido \u00e0\u00a0baixa\u00a0procura e \u00e0 aus\u00eancia nos\u00a0principais campeonatos da Psico, h\u00e1 modalidades que acabam n\u00e3o sendo\u00a0consideradas, apesar de sempre haver um ou outro atleta tentando montar um time da\u00a0Psico para elas.\u00a0Foi assim, ali\u00e1s, que come\u00e7ou a nata\u00e7\u00e3o, o t\u00eanis e o atletismo na Psico, com algu\u00e9m bem animado tentando convencer mais gente a participar. Sempre existe\u00a0uma [&hellip;]<\/p>\n","protected":false},"author":2,"featured_media":0,"parent":0,"menu_order":0,"comment_status":"closed","ping_status":"closed","template":"","meta":{"_acf_changed":false,"footnotes":""},"categories":[449],"tags":[],"class_list":["post-12739","page","type-page","status-publish","hentry","category-vida-na-usp"],"acf":[],"jetpack_sharing_enabled":true,"_links":{"self":[{"href":"https:\/\/www.ip.usp.br\/site\/wp-json\/wp\/v2\/pages\/12739","targetHints":{"allow":["GET"]}}],"collection":[{"href":"https:\/\/www.ip.usp.br\/site\/wp-json\/wp\/v2\/pages"}],"about":[{"href":"https:\/\/www.ip.usp.br\/site\/wp-json\/wp\/v2\/types\/page"}],"author":[{"embeddable":true,"href":"https:\/\/www.ip.usp.br\/site\/wp-json\/wp\/v2\/users\/2"}],"replies":[{"embeddable":true,"href":"https:\/\/www.ip.usp.br\/site\/wp-json\/wp\/v2\/comments?post=12739"}],"version-history":[{"count":4,"href":"https:\/\/www.ip.usp.br\/site\/wp-json\/wp\/v2\/pages\/12739\/revisions"}],"predecessor-version":[{"id":12880,"href":"https:\/\/www.ip.usp.br\/site\/wp-json\/wp\/v2\/pages\/12739\/revisions\/12880"}],"wp:attachment":[{"href":"https:\/\/www.ip.usp.br\/site\/wp-json\/wp\/v2\/media?parent=12739"}],"wp:term":[{"taxonomy":"category","embeddable":true,"href":"https:\/\/www.ip.usp.br\/site\/wp-json\/wp\/v2\/categories?post=12739"},{"taxonomy":"post_tag","embeddable":true,"href":"https:\/\/www.ip.usp.br\/site\/wp-json\/wp\/v2\/tags?post=12739"}],"curies":[{"name":"wp","href":"https:\/\/api.w.org\/{rel}","templated":true}]}}