{"id":12861,"date":"2016-10-27T07:58:10","date_gmt":"2016-10-27T10:58:10","guid":{"rendered":"https:\/\/www.ip.usp.br\/site\/?page_id=12861"},"modified":"2016-10-27T12:35:51","modified_gmt":"2016-10-27T15:35:51","slug":"bixusp","status":"publish","type":"page","link":"https:\/\/www.ip.usp.br\/site\/bixusp\/","title":{"rendered":"Bixusp"},"content":{"rendered":"<p>\u00c9 a primeira competi\u00e7\u00e3o do ano, realizada entre mar\u00e7o e abril. \u00c9 nela que introduzimos os nossos queridos bixos no mundo dos esportes universit\u00e1rios. \u00c9 uma competi\u00e7\u00e3o na qual\u00a0somente os calouros da USP\u00a0participam. As\u00a0modalidades disputadas s\u00e3o: Futebol Masculino, Futsal Feminino e Masculino, Handebol Feminino e Masculino, V\u00f4lei Feminino e Masculino, Basquete\u00a0Feminino e Masculino, T\u00eanis de Mesa\u00a0Feminino e Masculino, T\u00eanis Feminino e Masculino, Atletismo Feminino e Masculino, Nata\u00e7\u00e3o Feminino e Masculino e Xadrez Absoluto.<\/p>\n<p>J\u00e1 nessa competi\u00e7\u00e3o, mostramos aos calouros da Psico o quanto \u00e9 legal e divertido participar dos eventos promovidos pela Atl\u00e9tica. Contando sempre com a torcida animada dos veteranos e com a Histeria (bateria da Psico) marcando presen\u00e7a, o apoio durante os jogos \u00e9 garantido.<\/p>\n<p>As modalidades come\u00e7am e terminam no mesmo dia. Por isso, um mesmo time participa de\u00a0muitos jogos se\u00a0continuar ganhando e avan\u00e7ando na competi\u00e7\u00e3o. Esse, entretanto, n\u00e3o \u00e9 o caso dos times da Psico, que, infelizmente, na maioria das vezes, perde nos primeiros jogos. Mas \u00e9 melhor assim, sabe? Porque a\u00ed podemos confraternizar antes, enquanto a Poli e a FEA se matam para conquistar o t\u00edtulo.<\/p>\n<p>Claro que, \u00e0s vezes, h\u00e1 uma turma de bixos que nem liga\u00a0para as confraterniza\u00e7\u00f5es e chega at\u00e9 a final, como aconteceu uma vez no Futsal Masculino. Pois \u00e9, a Psico de vez em quando surpreende ela mesma!<\/p>\n<p>Venha conferir, jogar e se divertir nessa competi\u00e7\u00e3o, e prestigie (ou participe, se for atleta!) do\u00a0batizado dos bixos vestindo a t\u00e3o querida camisa da Psico-USP.<\/p>\n<div style=\"width: 652px\" class=\"wp-caption alignnone\"><img fetchpriority=\"high\" decoding=\"async\" src=\"https:\/\/www.ip.usp.br\/atletica\/images\/stories\/aaabusilis\/Futsal_Masculino\/bixusp_2003.jpg\" alt=\"bixusp_2003\" width=\"642\" height=\"480\" \/><p class=\"wp-caption-text\">Time de Futsal com o tradicional Uniforme &#8220;Fofo&#8221; no Bixusp 2003<\/p><\/div>\n","protected":false},"excerpt":{"rendered":"<p>\u00c9 a primeira competi\u00e7\u00e3o do ano, realizada entre mar\u00e7o e abril. \u00c9 nela que introduzimos os nossos queridos bixos no mundo dos esportes universit\u00e1rios. \u00c9 uma competi\u00e7\u00e3o na qual\u00a0somente os calouros da USP\u00a0participam. As\u00a0modalidades disputadas s\u00e3o: Futebol Masculino, Futsal Feminino e Masculino, Handebol Feminino e Masculino, V\u00f4lei Feminino e Masculino, Basquete\u00a0Feminino e Masculino, T\u00eanis de [&hellip;]<\/p>\n","protected":false},"author":2,"featured_media":0,"parent":0,"menu_order":0,"comment_status":"closed","ping_status":"closed","template":"","meta":{"_acf_changed":false,"footnotes":""},"categories":[477,449],"tags":[],"class_list":["post-12861","page","type-page","status-publish","hentry","category-esporte","category-vida-na-usp"],"acf":[],"jetpack_sharing_enabled":true,"_links":{"self":[{"href":"https:\/\/www.ip.usp.br\/site\/wp-json\/wp\/v2\/pages\/12861","targetHints":{"allow":["GET"]}}],"collection":[{"href":"https:\/\/www.ip.usp.br\/site\/wp-json\/wp\/v2\/pages"}],"about":[{"href":"https:\/\/www.ip.usp.br\/site\/wp-json\/wp\/v2\/types\/page"}],"author":[{"embeddable":true,"href":"https:\/\/www.ip.usp.br\/site\/wp-json\/wp\/v2\/users\/2"}],"replies":[{"embeddable":true,"href":"https:\/\/www.ip.usp.br\/site\/wp-json\/wp\/v2\/comments?post=12861"}],"version-history":[{"count":5,"href":"https:\/\/www.ip.usp.br\/site\/wp-json\/wp\/v2\/pages\/12861\/revisions"}],"predecessor-version":[{"id":12941,"href":"https:\/\/www.ip.usp.br\/site\/wp-json\/wp\/v2\/pages\/12861\/revisions\/12941"}],"wp:attachment":[{"href":"https:\/\/www.ip.usp.br\/site\/wp-json\/wp\/v2\/media?parent=12861"}],"wp:term":[{"taxonomy":"category","embeddable":true,"href":"https:\/\/www.ip.usp.br\/site\/wp-json\/wp\/v2\/categories?post=12861"},{"taxonomy":"post_tag","embeddable":true,"href":"https:\/\/www.ip.usp.br\/site\/wp-json\/wp\/v2\/tags?post=12861"}],"curies":[{"name":"wp","href":"https:\/\/api.w.org\/{rel}","templated":true}]}}