{"id":12862,"date":"2016-10-27T08:51:38","date_gmt":"2016-10-27T11:51:38","guid":{"rendered":"https:\/\/www.ip.usp.br\/site\/?page_id=12862"},"modified":"2016-10-27T12:55:32","modified_gmt":"2016-10-27T15:55:32","slug":"bife","status":"publish","type":"page","link":"https:\/\/www.ip.usp.br\/site\/bife\/","title":{"rendered":"BIFE"},"content":{"rendered":"<p>O BIFE \u00e9 a segunda competi\u00e7\u00e3o com viagem da qual o IPUSP participa. \u00c9 uma competi\u00e7\u00e3o que re\u00fane as maiores faculdades da USP (Poli, Med, FEA, SanFran etc.).<\/p>\n<p>A sua hist\u00f3ria remonta o Interusp. Nos anos 1990, algumas faculdades solicitaram a participa\u00e7\u00e3o\u00a0no Interusp, mas as fundadoras da competi\u00e7\u00e3o n\u00e3o permitiram a entrada. O\u00a0motivo alegado, segundo contam as lendas da USP, era o de que essas faculdades seriam muita fracas e estragariam o n\u00edvel competitivo da USP, al\u00e9m de que um n\u00famero grande de faculdades lotaria demais a competi\u00e7\u00e3o. Que lotariam a competi\u00e7\u00e3o, talvez, mas que seriam mais fracas, o argumento, com certeza, n\u00e3o procede. Isso porque, se comparados com boa parte das participantes do Interusp, v\u00e1rios times das faculdades integrantes do BIFE t\u00eam resultados muito melhores nos campeonatos da Liga Atl\u00e9tica Acad\u00eamica da Universidade de S\u00e3o Paulo (LAAUSP).<\/p>\n<p>Voltando \u00e0 forma\u00e7\u00e3o do BIFE, algumas dessas faculdades rejeitadas do Interusp formaram, ent\u00e3o, uma nova competi\u00e7\u00e3o entre as faculdades da USP, e o nome dado foi criado em fun\u00e7\u00e3o das fundadoras da competi\u00e7\u00e3o, que s\u00e3o Biologia, IME, FAU e ECA. Assim, com a primeira letra de cada faculdade na ordem apresentada, chegamos ao BIFE, fundado em 1999.<\/p>\n<p>As modalidades atualmente presentes no BIFE s\u00e3o: Futebol Masculino, Futsal Feminino e Masculino, V\u00f4lei Feminino e Masculino, Basquete\u00a0Feminino e Masculino, Handebol Feminino e Masculino, Nata\u00e7\u00e3o Feminino e Masculino, Atletismo Feminino e Masculino, T\u00eanis de Mesa\u00a0Feminino e Masculino, Rugby Masculino, T\u00eanis Masculino\u00a0e Xadrez Absoluto.<\/p>\n<p>Assim como o Interpsico, o BIFE \u00e9 realizado sempre numa cidade do interior de S\u00e3o Paulo ou proximidades. As atl\u00e9ticas participantes sempre fornecem o bus\u00e3o, o alojamento e as baladas no seu Kit BIFE, mas, assim como no Interpsico, muitas pessoas preferem ficar em casas alugadas, em hot\u00e9is ou em pousadas.<\/p>\n<p>Apesar de n\u00e3o ser pautado na integra\u00e7\u00e3o, como o Interpsico, essa socializa\u00e7\u00e3o acontece naturalmente no BIFE, pois s\u00e3o os nossos colegas uspianos que est\u00e3o l\u00e1. Assim, boa parte dos atletas\u00a0e\u00a0da torcida j\u00e1 se conhecem e at\u00e9 mesmo s\u00e3o amigos, pois dividem o CEPEUSP para treinar, competem em outros campeonatos da USP ou estudaram no mesmo col\u00e9gio ou cursinho juntos.<\/p>\n<p>Por outro lado, a maior diferen\u00e7a entre o BIFE e o Interpsico \u00e9 o n\u00edvel da competi\u00e7\u00e3o. Enquanto no Interpsico j\u00e1 fomos campe\u00f5es gerais, no BIFE a nossa melhor coloca\u00e7\u00e3o geral foi um sexto lugar (entre dez faculdades). Isso \u00e9 ruim? N\u00e3o! Porque, como sempre, a divers\u00e3o est\u00e1 garantida nas arquibancadas e\u00a0nas baladas. A grande diferen\u00e7a \u00e9 que a torcida tem\u00a0que realmente empurrar nossos atletas e estes, por sua vez, t\u00eam que se superar muito para conseguirmos a vit\u00f3ria. Isso, na vis\u00e3o de muitos, torna o BIFE at\u00e9 mais legal que o Interpsico, pois a divers\u00e3o \u00e9 a mesma, mas h\u00e1 um desafio extra\u00a0na competi\u00e7\u00e3o.<\/p>\n<p>Por isso, n\u00e3o perca essa competi\u00e7\u00e3o! Voc\u00ea n\u00e3o vai se arrepender! Ela costuma acontecer por volta de outubro ou novembro. Fique atento \u00e0 divulga\u00e7\u00e3o da Atl\u00e9tica Psico USP.<\/p>\n","protected":false},"excerpt":{"rendered":"<p>O BIFE \u00e9 a segunda competi\u00e7\u00e3o com viagem da qual o IPUSP participa. \u00c9 uma competi\u00e7\u00e3o que re\u00fane as maiores faculdades da USP (Poli, Med, FEA, SanFran etc.). A sua hist\u00f3ria remonta o Interusp. Nos anos 1990, algumas faculdades solicitaram a participa\u00e7\u00e3o\u00a0no Interusp, mas as fundadoras da competi\u00e7\u00e3o n\u00e3o permitiram a entrada. O\u00a0motivo alegado, segundo [&hellip;]<\/p>\n","protected":false},"author":2,"featured_media":0,"parent":0,"menu_order":0,"comment_status":"closed","ping_status":"closed","template":"","meta":{"_acf_changed":false,"footnotes":""},"categories":[477,449],"tags":[],"class_list":["post-12862","page","type-page","status-publish","hentry","category-esporte","category-vida-na-usp"],"acf":[],"jetpack_sharing_enabled":true,"_links":{"self":[{"href":"https:\/\/www.ip.usp.br\/site\/wp-json\/wp\/v2\/pages\/12862","targetHints":{"allow":["GET"]}}],"collection":[{"href":"https:\/\/www.ip.usp.br\/site\/wp-json\/wp\/v2\/pages"}],"about":[{"href":"https:\/\/www.ip.usp.br\/site\/wp-json\/wp\/v2\/types\/page"}],"author":[{"embeddable":true,"href":"https:\/\/www.ip.usp.br\/site\/wp-json\/wp\/v2\/users\/2"}],"replies":[{"embeddable":true,"href":"https:\/\/www.ip.usp.br\/site\/wp-json\/wp\/v2\/comments?post=12862"}],"version-history":[{"count":4,"href":"https:\/\/www.ip.usp.br\/site\/wp-json\/wp\/v2\/pages\/12862\/revisions"}],"predecessor-version":[{"id":12968,"href":"https:\/\/www.ip.usp.br\/site\/wp-json\/wp\/v2\/pages\/12862\/revisions\/12968"}],"wp:attachment":[{"href":"https:\/\/www.ip.usp.br\/site\/wp-json\/wp\/v2\/media?parent=12862"}],"wp:term":[{"taxonomy":"category","embeddable":true,"href":"https:\/\/www.ip.usp.br\/site\/wp-json\/wp\/v2\/categories?post=12862"},{"taxonomy":"post_tag","embeddable":true,"href":"https:\/\/www.ip.usp.br\/site\/wp-json\/wp\/v2\/tags?post=12862"}],"curies":[{"name":"wp","href":"https:\/\/api.w.org\/{rel}","templated":true}]}}