{"id":13076,"date":"2016-10-31T10:45:36","date_gmt":"2016-10-31T13:45:36","guid":{"rendered":"https:\/\/www.ip.usp.br\/site\/?page_id=13076"},"modified":"2016-10-31T10:46:23","modified_gmt":"2016-10-31T13:46:23","slug":"interanos","status":"publish","type":"page","link":"https:\/\/www.ip.usp.br\/site\/interanos\/","title":{"rendered":"Interanos"},"content":{"rendered":"<p>O Interanos \u00e9 uma disputa animad\u00edssima que acontece entre\u00a0as turmas atuais da Psico, os alunos j\u00e1 formados (carinhosamente chamados de dinossauros) e at\u00e9 mesmo os funcion\u00e1rios.<\/p>\n<p>Tradicionalmente, a disputa \u00e9 apenas de Futsal, Feminino e Masculino, mas j\u00e1 houve anos em que a Atl\u00e9tica incluiu modalidades como o V\u00f4lei Feminino, <em>Streetball<\/em> (jogo de Basquete de 3 contra 3) e Queimada.<\/p>\n<p>A Rivalidade entre as turmas \u00e9 bastante intensa, mas, ao final do campeonato, sempre h\u00e1 a tradicional confraterniza\u00e7\u00e3o da Psico, acompanhada por um belo churrasco.<\/p>\n<p>Este \u00e9 um evento esperado por muitos no IP, pois promove a integra\u00e7\u00e3o e a rivalidade (geralmente) saud\u00e1vel entre as turmas e funcion\u00e1rios do Instituto, num evento esportivo e festivo.<\/p>\n<div style=\"width: 619px\" class=\"wp-caption alignnone\"><img fetchpriority=\"high\" decoding=\"async\" src=\"https:\/\/www.ip.usp.br\/atletica\/images\/stories\/aaabusilis\/Futsal_Masculino\/interanos_2010_-_dinossauros.jpg\" alt=\"interanos_2010_-_dinossauros\" width=\"609\" height=\"456\" \/><p class=\"wp-caption-text\">Reuni\u00e3o do time dos Dinossauros da Psico de 2007 durante o Interanos (2010)<\/p><\/div>\n<p>&nbsp;<\/p>\n<div style=\"width: 622px\" class=\"wp-caption alignnone\"><img decoding=\"async\" src=\"https:\/\/www.ip.usp.br\/atletica\/images\/stories\/aaabusilis\/Interanos\/JULHO_2010_206.jpg\" alt=\"JULHO_2010_206\" width=\"612\" height=\"455\" \/><p class=\"wp-caption-text\">As organizadoras Gabi e Pri (2010)<\/p><\/div>\n<p>&nbsp;<\/p>\n<p>&nbsp;<\/p>\n<p>&nbsp;<\/p>\n<p>&nbsp;<\/p>\n<div style=\"width: 640px\" class=\"wp-caption alignnone\"><img decoding=\"async\" src=\"https:\/\/www.ip.usp.br\/atletica\/images\/stories\/aaabusilis\/Interanos\/JULHO_2010_215.jpg\" alt=\"JULHO_2010_215\" width=\"630\" height=\"471\" \/><p class=\"wp-caption-text\">Dinossauros e dinossauras marcando presen\u00e7a na torcida. Se o jogo n\u00e3o estava bom pelo menos tinha muito lance engra\u00e7ado (2010)<\/p><\/div>\n<p>&nbsp;<\/p>\n<div style=\"width: 623px\" class=\"wp-caption alignnone\"><img loading=\"lazy\" decoding=\"async\" src=\"https:\/\/www.ip.usp.br\/atletica\/images\/stories\/aaabusilis\/Interanos\/JULHO_2010_224.jpg\" alt=\"JULHO_2010_224\" width=\"613\" height=\"459\" \/><p class=\"wp-caption-text\">&#8220;Discuss\u00e3ozinha&#8221; das dinossauras com a organiza\u00e7\u00e3o, que foram as campe\u00e3s do Futsal com toda honra e m\u00e9rito (2010)<\/p><\/div>\n<div style=\"width: 627px\" class=\"wp-caption alignnone\"><img loading=\"lazy\" decoding=\"async\" src=\"https:\/\/www.ip.usp.br\/atletica\/images\/stories\/aaabusilis\/Interanos\/JULHO_2010_234.jpg\" alt=\"JULHO_2010_234\" width=\"617\" height=\"462\" \/><p class=\"wp-caption-text\">Time de V\u00f4lei da turma de 2007<\/p><\/div>\n<p>&nbsp;<\/p>\n<div style=\"width: 648px\" class=\"wp-caption alignnone\"><img loading=\"lazy\" decoding=\"async\" src=\"https:\/\/www.ip.usp.br\/atletica\/images\/stories\/aaabusilis\/Interanos\/JULHO_2010_237.jpg\" alt=\"JULHO_2010_237\" width=\"638\" height=\"477\" \/><p class=\"wp-caption-text\">Dinossauras vieram em peso no V\u00f4lei (2010)<\/p><\/div>\n","protected":false},"excerpt":{"rendered":"<p>O Interanos \u00e9 uma disputa animad\u00edssima que acontece entre\u00a0as turmas atuais da Psico, os alunos j\u00e1 formados (carinhosamente chamados de dinossauros) e at\u00e9 mesmo os funcion\u00e1rios. Tradicionalmente, a disputa \u00e9 apenas de Futsal, Feminino e Masculino, mas j\u00e1 houve anos em que a Atl\u00e9tica incluiu modalidades como o V\u00f4lei Feminino, Streetball (jogo de Basquete de [&hellip;]<\/p>\n","protected":false},"author":2,"featured_media":0,"parent":0,"menu_order":0,"comment_status":"closed","ping_status":"closed","template":"","meta":{"_acf_changed":false,"footnotes":""},"categories":[477,449],"tags":[],"class_list":["post-13076","page","type-page","status-publish","hentry","category-esporte","category-vida-na-usp"],"acf":[],"jetpack_sharing_enabled":true,"_links":{"self":[{"href":"https:\/\/www.ip.usp.br\/site\/wp-json\/wp\/v2\/pages\/13076","targetHints":{"allow":["GET"]}}],"collection":[{"href":"https:\/\/www.ip.usp.br\/site\/wp-json\/wp\/v2\/pages"}],"about":[{"href":"https:\/\/www.ip.usp.br\/site\/wp-json\/wp\/v2\/types\/page"}],"author":[{"embeddable":true,"href":"https:\/\/www.ip.usp.br\/site\/wp-json\/wp\/v2\/users\/2"}],"replies":[{"embeddable":true,"href":"https:\/\/www.ip.usp.br\/site\/wp-json\/wp\/v2\/comments?post=13076"}],"version-history":[{"count":1,"href":"https:\/\/www.ip.usp.br\/site\/wp-json\/wp\/v2\/pages\/13076\/revisions"}],"predecessor-version":[{"id":13127,"href":"https:\/\/www.ip.usp.br\/site\/wp-json\/wp\/v2\/pages\/13076\/revisions\/13127"}],"wp:attachment":[{"href":"https:\/\/www.ip.usp.br\/site\/wp-json\/wp\/v2\/media?parent=13076"}],"wp:term":[{"taxonomy":"category","embeddable":true,"href":"https:\/\/www.ip.usp.br\/site\/wp-json\/wp\/v2\/categories?post=13076"},{"taxonomy":"post_tag","embeddable":true,"href":"https:\/\/www.ip.usp.br\/site\/wp-json\/wp\/v2\/tags?post=13076"}],"curies":[{"name":"wp","href":"https:\/\/api.w.org\/{rel}","templated":true}]}}