{"id":13131,"date":"2016-10-31T11:43:53","date_gmt":"2016-10-31T14:43:53","guid":{"rendered":"https:\/\/www.ip.usp.br\/site\/?page_id=13131"},"modified":"2016-10-31T11:46:18","modified_gmt":"2016-10-31T14:46:18","slug":"selecao-usp","status":"publish","type":"page","link":"https:\/\/www.ip.usp.br\/site\/selecao-usp\/","title":{"rendered":"Sele\u00e7\u00e3o USP"},"content":{"rendered":"<p>Por vezes, temos a honra de nossos atletas serem requisitados para participar do time da USP. A forma\u00e7\u00e3o dessa sele\u00e7\u00e3o re\u00fane os melhores esportistas de toda a universidade.<\/p>\n<p>Nas competi\u00e7\u00f5es, a USP disputa campeonatos fort\u00edssimos, como a Unisinos &#8211;\u00a0realizada em outubro, na Universidade Unisinos, no Rio Grande do Sul -,\u00a0a principal competi\u00e7\u00e3o disputada pela Sele\u00e7\u00e3o USP.<\/p>\n<p>A escolha dos alunos \u00e9 feita pelos treinadores das modalidades da Sele\u00e7\u00e3o USP. Eles acompanham os demais campeonatos universit\u00e1rios (BIFE, Interusp, Intercursos, Copa USP, Jogos da Liga) e, s\u00f3 ent\u00e3o, selecionam os jogadores que julgam merecer representar a USP Brasil afora.<\/p>\n","protected":false},"excerpt":{"rendered":"<p>Por vezes, temos a honra de nossos atletas serem requisitados para participar do time da USP. A forma\u00e7\u00e3o dessa sele\u00e7\u00e3o re\u00fane os melhores esportistas de toda a universidade. Nas competi\u00e7\u00f5es, a USP disputa campeonatos fort\u00edssimos, como a Unisinos &#8211;\u00a0realizada em outubro, na Universidade Unisinos, no Rio Grande do Sul -,\u00a0a principal competi\u00e7\u00e3o disputada pela Sele\u00e7\u00e3o [&hellip;]<\/p>\n","protected":false},"author":2,"featured_media":0,"parent":0,"menu_order":0,"comment_status":"closed","ping_status":"closed","template":"","meta":{"_acf_changed":false,"footnotes":""},"categories":[477,449],"tags":[],"class_list":["post-13131","page","type-page","status-publish","hentry","category-esporte","category-vida-na-usp"],"acf":[],"jetpack_sharing_enabled":true,"_links":{"self":[{"href":"https:\/\/www.ip.usp.br\/site\/wp-json\/wp\/v2\/pages\/13131","targetHints":{"allow":["GET"]}}],"collection":[{"href":"https:\/\/www.ip.usp.br\/site\/wp-json\/wp\/v2\/pages"}],"about":[{"href":"https:\/\/www.ip.usp.br\/site\/wp-json\/wp\/v2\/types\/page"}],"author":[{"embeddable":true,"href":"https:\/\/www.ip.usp.br\/site\/wp-json\/wp\/v2\/users\/2"}],"replies":[{"embeddable":true,"href":"https:\/\/www.ip.usp.br\/site\/wp-json\/wp\/v2\/comments?post=13131"}],"version-history":[{"count":3,"href":"https:\/\/www.ip.usp.br\/site\/wp-json\/wp\/v2\/pages\/13131\/revisions"}],"predecessor-version":[{"id":13194,"href":"https:\/\/www.ip.usp.br\/site\/wp-json\/wp\/v2\/pages\/13131\/revisions\/13194"}],"wp:attachment":[{"href":"https:\/\/www.ip.usp.br\/site\/wp-json\/wp\/v2\/media?parent=13131"}],"wp:term":[{"taxonomy":"category","embeddable":true,"href":"https:\/\/www.ip.usp.br\/site\/wp-json\/wp\/v2\/categories?post=13131"},{"taxonomy":"post_tag","embeddable":true,"href":"https:\/\/www.ip.usp.br\/site\/wp-json\/wp\/v2\/tags?post=13131"}],"curies":[{"name":"wp","href":"https:\/\/api.w.org\/{rel}","templated":true}]}}