{"id":13133,"date":"2016-10-31T11:17:43","date_gmt":"2016-10-31T14:17:43","guid":{"rendered":"https:\/\/www.ip.usp.br\/site\/?page_id=13133"},"modified":"2016-10-31T11:58:09","modified_gmt":"2016-10-31T14:58:09","slug":"links-uteis","status":"publish","type":"page","link":"https:\/\/www.ip.usp.br\/site\/links-uteis\/","title":{"rendered":"Links \u00fateis"},"content":{"rendered":"<p><a href=\"https:\/\/www.facebook.com\/centroacademico.iaraiavelberg\" target=\"_blank\">CA Iara Iavelberg<\/a><\/p>\n<p>Acompanhe os eventos promovidos pelo Centro Acad\u00eamico do IPUSP<\/p>\n<p><a href=\"https:\/\/www.facebook.com\/atleticapsicousp\/?fref=ts\" target=\"_blank\">Atl\u00e9tica Psico Usp<\/a><\/p>\n<p>Veja os eventos, as modalidades esportivas e os produtos oferecidos pela Associa\u00e7\u00e3o Atl\u00e9tica Acad\u00eamica Bus\u00edlis<\/p>\n<p><a href=\"http:\/\/rdspsicousp.wordpress.com\/\" target=\"_blank\">rdspsicousp<\/a><\/p>\n<p>Confira o Blog com informes e not\u00edcias dos Representantes Discentes (RDs) do IPUSP<\/p>\n<p><a href=\"https:\/\/www.facebook.com\/laausp\" target=\"_blank\">LAAUSP &#8211; Liga Atl\u00e9tica Acad\u00eamica da Universidade de S\u00e3o Paulo<\/a><\/p>\n<p>Curta o Facebook da LAAUSP e fique sabendo\u00a0dos jogos e competi\u00e7\u00f5es da USP<\/p>\n<p><a href=\"http:\/\/www.cepe.usp.br\/\" target=\"_blank\">CEPEUSP &#8211; Centro de Pr\u00e1ticas Esportivas da USP<\/a><\/p>\n<p>Acompanhe os cursos, eventos, not\u00edcias e competi\u00e7\u00f5es promovidos pelo Cepeusp<\/p>\n<p><a href=\"http:\/\/www.jogosdacidade.prefeitura.sp.gov.br\/\" target=\"_blank\">Jogos da Cidade<\/a><\/p>\n<p>Confira\u00a0as modalidades, as datas dos jogos e as informa\u00e7\u00f5es sobre os campeonatos\u00a0da cidade de S\u00e3o Paulo<\/p>\n<p><a href=\"http:\/\/www.juesp.com.br\/\" target=\"_blank\">JUESP &#8211; Jogos Universit\u00e1rios do Estado de S\u00e3o Paulo<\/a><\/p>\n<p>Confira\u00a0as modalidades, as datas dos jogos e as informa\u00e7\u00f5es sobre os campeonatos\u00a0do estado de S\u00e3o Paulo<\/p>\n<p><a href=\"http:\/\/esportes.prefeitura.sp.gov.br\/\" target=\"_blank\">Secretaria Municipal de Esportes, Lazer e Recrea\u00e7\u00e3o<\/a><\/p>\n<p>Veja as informa\u00e7\u00f5es, os programas, as not\u00edcias e os eventos esportivos da cidade de S\u00e3o Paulo<\/p>\n<p><a href=\"http:\/\/www.selt.sp.gov.br\/index.php\" target=\"_blank\">Secretaria de Esporte, Lazer e Turismo do Estado de S\u00e3o Paulo<\/a><\/p>\n<p>Veja as informa\u00e7\u00f5es, os projetos e programas, as not\u00edcias e os eventos esportivos do estado de S\u00e3o Paulo<\/p>\n","protected":false},"excerpt":{"rendered":"<p>CA Iara Iavelberg Acompanhe os eventos promovidos pelo Centro Acad\u00eamico do IPUSP Atl\u00e9tica Psico Usp Veja os eventos, as modalidades esportivas e os produtos oferecidos pela Associa\u00e7\u00e3o Atl\u00e9tica Acad\u00eamica Bus\u00edlis rdspsicousp Confira o Blog com informes e not\u00edcias dos Representantes Discentes (RDs) do IPUSP LAAUSP &#8211; Liga Atl\u00e9tica Acad\u00eamica da Universidade de S\u00e3o Paulo Curta [&hellip;]<\/p>\n","protected":false},"author":2,"featured_media":0,"parent":0,"menu_order":0,"comment_status":"closed","ping_status":"closed","template":"","meta":{"_acf_changed":false,"footnotes":""},"categories":[477,449],"tags":[],"class_list":["post-13133","page","type-page","status-publish","hentry","category-esporte","category-vida-na-usp"],"acf":[],"jetpack_sharing_enabled":true,"_links":{"self":[{"href":"https:\/\/www.ip.usp.br\/site\/wp-json\/wp\/v2\/pages\/13133","targetHints":{"allow":["GET"]}}],"collection":[{"href":"https:\/\/www.ip.usp.br\/site\/wp-json\/wp\/v2\/pages"}],"about":[{"href":"https:\/\/www.ip.usp.br\/site\/wp-json\/wp\/v2\/types\/page"}],"author":[{"embeddable":true,"href":"https:\/\/www.ip.usp.br\/site\/wp-json\/wp\/v2\/users\/2"}],"replies":[{"embeddable":true,"href":"https:\/\/www.ip.usp.br\/site\/wp-json\/wp\/v2\/comments?post=13133"}],"version-history":[{"count":4,"href":"https:\/\/www.ip.usp.br\/site\/wp-json\/wp\/v2\/pages\/13133\/revisions"}],"predecessor-version":[{"id":13196,"href":"https:\/\/www.ip.usp.br\/site\/wp-json\/wp\/v2\/pages\/13133\/revisions\/13196"}],"wp:attachment":[{"href":"https:\/\/www.ip.usp.br\/site\/wp-json\/wp\/v2\/media?parent=13133"}],"wp:term":[{"taxonomy":"category","embeddable":true,"href":"https:\/\/www.ip.usp.br\/site\/wp-json\/wp\/v2\/categories?post=13133"},{"taxonomy":"post_tag","embeddable":true,"href":"https:\/\/www.ip.usp.br\/site\/wp-json\/wp\/v2\/tags?post=13133"}],"curies":[{"name":"wp","href":"https:\/\/api.w.org\/{rel}","templated":true}]}}