{"id":13202,"date":"2016-10-31T12:01:30","date_gmt":"2016-10-31T15:01:30","guid":{"rendered":"https:\/\/www.ip.usp.br\/site\/?page_id=13202"},"modified":"2016-10-31T12:01:30","modified_gmt":"2016-10-31T15:01:30","slug":"eventos-8","status":"publish","type":"page","link":"https:\/\/www.ip.usp.br\/site\/eventos-8\/","title":{"rendered":"Eventos"},"content":{"rendered":"<p>A Atl\u00e9tica da Psicologia USP organiza tamb\u00e9m v\u00e1rios eventos ao longo do ano, dentre eles podemos destacar o dia da Matr\u00edcula, a semana de recep\u00e7\u00e3o dos calouros, a festa dos bixos e muitos Happy hours ao longo do ano.<\/p>\n<p>&nbsp;<\/p>\n<p><strong>Confira cada um deles:<\/strong><\/p>\n<p>&nbsp;<\/p>\n<p><a title=\"Dia da Matr\u00edcula\" href=\"https:\/\/www.ip.usp.br\/atletica\/index.php?option=com_content&amp;view=article&amp;id=1989%3Adia-da-matricula&amp;catid=343&amp;Itemid=217\" target=\"_self\">Dia da Matr\u00edcula<\/a><\/p>\n<p>&nbsp;<\/p>\n<p><a title=\"Palestra da Atl\u00e9tica aos Bixos\" href=\"https:\/\/www.ip.usp.br\/atletica\/index.php?option=com_content&amp;view=article&amp;id=1990%3Apalestra-da-atletica-aos-bixos&amp;catid=343&amp;Itemid=217\" target=\"_self\">Palestra da Atl\u00e9tica aos Bixos<\/a><\/p>\n<p>&nbsp;<\/p>\n<p><a title=\"Dia do Cep\u00ea\" href=\"https:\/\/www.ip.usp.br\/atletica\/index.php?option=com_content&amp;view=article&amp;id=1991%3Adia-do-cepe&amp;catid=343&amp;Itemid=217\" target=\"_self\">Dia do Cep\u00ea<\/a><\/p>\n<p>&nbsp;<\/p>\n<p><a title=\"Festa dos Bixos\" href=\"https:\/\/www.ip.usp.br\/atletica\/index.php?option=com_content&amp;view=article&amp;id=1992%3Afesta-dos-bixos&amp;catid=343&amp;Itemid=217\" target=\"_self\">Festa dos Bixos<\/a><\/p>\n<p>&nbsp;<\/p>\n<p><a title=\"Festa Junina\" href=\"https:\/\/www.ip.usp.br\/atletica\/index.php?option=com_content&amp;view=article&amp;id=1993%3Afesta-junina&amp;catid=343&amp;Itemid=217\" target=\"_self\">Festa Junina<\/a><\/p>\n<p>&nbsp;<\/p>\n<p><a title=\"Bota Fora\" href=\"https:\/\/www.ip.usp.br\/atletica\/index.php?option=com_content&amp;view=article&amp;id=1994%3Abota-fora&amp;catid=343&amp;Itemid=217\" target=\"_self\">Bota Fora<\/a><\/p>\n<p>&nbsp;<\/p>\n<p><a title=\"Engorda\" href=\"https:\/\/www.ip.usp.br\/atletica\/index.php?option=com_content&amp;view=article&amp;id=2000%3Aengorda&amp;catid=343&amp;Itemid=217\" target=\"_self\">Engorda<\/a><\/p>\n<p>&nbsp;<\/p>\n<p><a title=\"Abate\" href=\"https:\/\/www.ip.usp.br\/atletica\/index.php?option=com_content&amp;view=article&amp;id=2001%3Aabate&amp;catid=343&amp;Itemid=217\" target=\"_self\">Abate<\/a><\/p>\n<p>&nbsp;<\/p>\n<p><a title=\"Happy Hours\" href=\"https:\/\/www.ip.usp.br\/atletica\/index.php?option=com_content&amp;view=article&amp;id=1995%3Ahappy-hours&amp;catid=343&amp;Itemid=217\" target=\"_self\">Happy Hours<\/a><\/p>\n","protected":false},"excerpt":{"rendered":"<p>A Atl\u00e9tica da Psicologia USP organiza tamb\u00e9m v\u00e1rios eventos ao longo do ano, dentre eles podemos destacar o dia da Matr\u00edcula, a semana de recep\u00e7\u00e3o dos calouros, a festa dos bixos e muitos Happy hours ao longo do ano. &nbsp; Confira cada um deles: &nbsp; Dia da Matr\u00edcula &nbsp; Palestra da Atl\u00e9tica aos Bixos &nbsp; [&hellip;]<\/p>\n","protected":false},"author":2,"featured_media":0,"parent":0,"menu_order":0,"comment_status":"closed","ping_status":"closed","template":"","meta":{"_acf_changed":false,"footnotes":""},"categories":[477,449],"tags":[],"class_list":["post-13202","page","type-page","status-publish","hentry","category-esporte","category-vida-na-usp"],"acf":[],"jetpack_sharing_enabled":true,"_links":{"self":[{"href":"https:\/\/www.ip.usp.br\/site\/wp-json\/wp\/v2\/pages\/13202","targetHints":{"allow":["GET"]}}],"collection":[{"href":"https:\/\/www.ip.usp.br\/site\/wp-json\/wp\/v2\/pages"}],"about":[{"href":"https:\/\/www.ip.usp.br\/site\/wp-json\/wp\/v2\/types\/page"}],"author":[{"embeddable":true,"href":"https:\/\/www.ip.usp.br\/site\/wp-json\/wp\/v2\/users\/2"}],"replies":[{"embeddable":true,"href":"https:\/\/www.ip.usp.br\/site\/wp-json\/wp\/v2\/comments?post=13202"}],"version-history":[{"count":1,"href":"https:\/\/www.ip.usp.br\/site\/wp-json\/wp\/v2\/pages\/13202\/revisions"}],"predecessor-version":[{"id":13205,"href":"https:\/\/www.ip.usp.br\/site\/wp-json\/wp\/v2\/pages\/13202\/revisions\/13205"}],"wp:attachment":[{"href":"https:\/\/www.ip.usp.br\/site\/wp-json\/wp\/v2\/media?parent=13202"}],"wp:term":[{"taxonomy":"category","embeddable":true,"href":"https:\/\/www.ip.usp.br\/site\/wp-json\/wp\/v2\/categories?post=13202"},{"taxonomy":"post_tag","embeddable":true,"href":"https:\/\/www.ip.usp.br\/site\/wp-json\/wp\/v2\/tags?post=13202"}],"curies":[{"name":"wp","href":"https:\/\/api.w.org\/{rel}","templated":true}]}}