{"id":13363,"date":"2016-11-01T13:56:19","date_gmt":"2016-11-01T16:56:19","guid":{"rendered":"https:\/\/www.ip.usp.br\/site\/?page_id=13363"},"modified":"2016-11-24T08:01:25","modified_gmt":"2016-11-24T11:01:25","slug":"documentos-para-inscricao-psc","status":"publish","type":"page","link":"https:\/\/www.ip.usp.br\/site\/documentos-para-inscricao-psc\/","title":{"rendered":"Documentos para inscri\u00e7\u00e3o"},"content":{"rendered":"<p>O estudante de P\u00f3s-Gradua\u00e7\u00e3o deve efetuar a matr\u00edcula regularmente, em cada per\u00edodo letivo, nas \u00e9pocas e prazos fixados pelos \u00f3rg\u00e3os centrais da USP, em todas as fases de seus estudos, at\u00e9 a obten\u00e7\u00e3o do t\u00edtulo de Mestre ou de Doutor.<br \/>\nN\u00e3o \u00e9 permitida a matr\u00edcula simult\u00e2nea em mais de um curso de Mestrado ou de Doutorado na Universidade de S\u00e3o Paulo.<br \/>\nO aluno participante de conv\u00eanio celebrado pela USP, atuando em atividades de P\u00f3s-Gradua\u00e7\u00e3o, por per\u00edodo igual ou superior a tr\u00eas meses, sob supervis\u00e3o de orientador credenciado em Programa de P\u00f3s-Gradua\u00e7\u00e3o da USP, pode ser matriculado como aluno regular no Programa ou \u00e1rea de concentra\u00e7\u00e3o na qual o orientador est\u00e1 credenciado.<\/p>\n<ul>\n<li>A matr\u00edcula do aluno na P\u00f3s-Gradua\u00e7\u00e3o \u00e9 efetivada pela PRPG e ter\u00e1 validade durante o per\u00edodo de perman\u00eancia na USP.<\/li>\n<li>O estudante nestas condi\u00e7\u00f5es estar\u00e1 sujeito \u00e0s normas e regulamentos gerais do Curso e Programa de origem.<\/li>\n<\/ul>\n<p>Apresentar a seguinte documenta\u00e7\u00e3o:<\/p>\n<ul>\n<li>Formul\u00e1rio de matr\u00edcula assinado pelo orientador (retirado ap\u00f3s aprova\u00e7\u00e3o na entrevista).<\/li>\n<li>Apresenta\u00e7\u00e3o do Diploma de Gradua\u00e7\u00e3o e\/ou Ata de defesa do Mestrado realizados at\u00e9 o dia 1 de fevereiro do ano em que o candidato se inscrever. O n\u00e3o cumprimento desses requisitos pelo candidato implicar\u00e1 em n\u00e3o homologa\u00e7\u00e3o de sua matr\u00edcula e perda da vaga<b>.<\/b><\/li>\n<\/ul>\n<h3>Matr\u00edcula por procura\u00e7\u00e3o<\/h3>\n<p>Os formul\u00e1rios t\u00eam que ser obrigatoriamente assinados pelo candidato ou por seu procurador. A procura\u00e7\u00e3o n\u00e3o precisa ser reconhecida em cart\u00f3rio, desde que o procurador apresente o RG original no ato da inscri\u00e7\u00e3o e a documenta\u00e7\u00e3o completa solicitada.<\/p>\n<p>* Se for estrangeiro apresentar profici\u00eancia em L\u00edngua Portuguesa.<\/p>\n<h3>Documentos necess\u00e1rios para matr\u00edcula<\/h3>\n<ul>\n<li style=\"font-weight: 400\"><span style=\"font-weight: 400\">taxa de inscri\u00e7\u00e3o;<\/span><\/li>\n<li style=\"font-weight: 400\"><span style=\"font-weight: 400\">uma <\/span><span style=\"font-weight: 400\">foto 3&#215;4;<\/span><\/li>\n<li style=\"font-weight: 400\"><span style=\"font-weight: 400\">requerimento, fornecido pela Secretaria no dia da inscri\u00e7\u00e3o ou <\/span><a href=\"https:\/\/www.ip.usp.br\/portal\/index.php?option=com_content&amp;view=article&amp;id=1390%3Arelacao-de-formularios&amp;catid=107&amp;Itemid=120&amp;lang=pt\"><span style=\"font-weight: 400\">retirado na Internet<\/span><\/a><span style=\"font-weight: 400\"> [qual \u00e9 o arquivo?];<\/span><\/li>\n<li style=\"font-weight: 400\"><span style=\"font-weight: 400\">duas vias do Curr\u00edculo Plataforma Lattes;<\/span><\/li>\n<li style=\"font-weight: 400\"><span style=\"font-weight: 400\">c\u00f3pia do CPF, RG (ou RNE, no caso de estrangeiros), T\u00edtulo de Eleitor e, no caso do g\u00eanero masculino, Documento Militar. N\u00e3o ser\u00e1 aceito CRP. Qualquer c\u00f3pia apresentada deve ser autenticada ou acompanhada do documento original;<\/span><\/li>\n<li style=\"font-weight: 400\"><span style=\"font-weight: 400\">comprovante de titula\u00e7\u00e3o. O documento original ou a c\u00f3pia devem conter o carimbo da Institui\u00e7\u00e3o:<\/span><\/li>\n<\/ul>\n<h3>Mestrado<\/h3>\n<ul>\n<li>Prova de conclus\u00e3o do Curso Superior (Diploma ou Certificado) e Hist\u00f3rico Escolar.<\/li>\n<\/ul>\n<h3>Doutorado<\/h3>\n<ul>\n<li>Prova de conclus\u00e3o do Curso Superior e do Mestrado (Diploma e Hist\u00f3rico Escolar);<\/li>\n<li>dois exemplares do Projeto de pesquisa dos candidatos ao Doutorado (vide Informa\u00e7\u00f5es complementares (link);<\/li>\n<li>um exemplar da Disserta\u00e7\u00e3o de Mestrado dos candidatos ao Doutorado.<\/li>\n<li>os candidatos ao Mestrado dever\u00e3o anexar, em duas vias, um plano de trabalho (vide Informa\u00e7\u00f5es complementares (link);<\/li>\n<li>comprovante de credenciamento do Curso junto \u00e0 CAPES (somente para os candidatos ao Doutorado). Obs.: Caso o curso de Mestrado n\u00e3o seja credenciado e o t\u00edtulo n\u00e3o seja reconhecido como equivalente ao da USP, o aluno, se aprovado, estar\u00e1 sujeito \u00e0s normas do Curso de Doutorado Direto.<\/li>\n<\/ul>\n","protected":false},"excerpt":{"rendered":"<p>O estudante de P\u00f3s-Gradua\u00e7\u00e3o deve efetuar a matr\u00edcula regularmente, em cada per\u00edodo letivo, nas \u00e9pocas e prazos fixados pelos \u00f3rg\u00e3os centrais da USP, em todas as fases de seus estudos, at\u00e9 a obten\u00e7\u00e3o do t\u00edtulo de Mestre ou de Doutor. N\u00e3o \u00e9 permitida a matr\u00edcula simult\u00e2nea em mais de um curso de Mestrado ou de [&hellip;]<\/p>\n","protected":false},"author":2,"featured_media":0,"parent":0,"menu_order":0,"comment_status":"closed","ping_status":"closed","template":"","meta":{"_acf_changed":false,"footnotes":""},"categories":[15,478],"tags":[],"class_list":["post-13363","page","type-page","status-publish","hentry","category-pos-graduacao","category-psicologia-clinica-psc"],"acf":[],"jetpack_sharing_enabled":true,"_links":{"self":[{"href":"https:\/\/www.ip.usp.br\/site\/wp-json\/wp\/v2\/pages\/13363","targetHints":{"allow":["GET"]}}],"collection":[{"href":"https:\/\/www.ip.usp.br\/site\/wp-json\/wp\/v2\/pages"}],"about":[{"href":"https:\/\/www.ip.usp.br\/site\/wp-json\/wp\/v2\/types\/page"}],"author":[{"embeddable":true,"href":"https:\/\/www.ip.usp.br\/site\/wp-json\/wp\/v2\/users\/2"}],"replies":[{"embeddable":true,"href":"https:\/\/www.ip.usp.br\/site\/wp-json\/wp\/v2\/comments?post=13363"}],"version-history":[{"count":5,"href":"https:\/\/www.ip.usp.br\/site\/wp-json\/wp\/v2\/pages\/13363\/revisions"}],"predecessor-version":[{"id":14539,"href":"https:\/\/www.ip.usp.br\/site\/wp-json\/wp\/v2\/pages\/13363\/revisions\/14539"}],"wp:attachment":[{"href":"https:\/\/www.ip.usp.br\/site\/wp-json\/wp\/v2\/media?parent=13363"}],"wp:term":[{"taxonomy":"category","embeddable":true,"href":"https:\/\/www.ip.usp.br\/site\/wp-json\/wp\/v2\/categories?post=13363"},{"taxonomy":"post_tag","embeddable":true,"href":"https:\/\/www.ip.usp.br\/site\/wp-json\/wp\/v2\/tags?post=13363"}],"curies":[{"name":"wp","href":"https:\/\/api.w.org\/{rel}","templated":true}]}}