{"id":13458,"date":"2016-11-03T11:53:27","date_gmt":"2016-11-03T14:53:27","guid":{"rendered":"https:\/\/www.ip.usp.br\/site\/?page_id=13458"},"modified":"2018-08-14T11:30:52","modified_gmt":"2018-08-14T14:30:52","slug":"webmail-usp","status":"publish","type":"page","link":"https:\/\/www.ip.usp.br\/site\/webmail-usp\/","title":{"rendered":"Webmail USP"},"content":{"rendered":"<p>O e-mail USP \u00e9 o endere\u00e7o eletr\u00f4nico institucional onde voc\u00ea receber\u00e1 informa\u00e7\u00f5es sobre disciplinas, notas, comunicados do IP e da USP, entre outros assuntos acad\u00eamicos.<\/p>\n<p>Para utilizar este e-mail n\u00e3o \u00e9 necess\u00e1rio realizar nenhuma ativa\u00e7\u00e3o, basta acessar a p\u00e1gina <a href=\"http:\/\/email.usp.br\" target=\"_blank\" rel=\"noopener\">http:\/\/email.usp.br<\/a> e entrar com o usu\u00e1rio e senha fornecidos.\u00a0Para entrar no sistema, use seu n\u00famero USP e a senha cadastrada no sistema <a href=\"https:\/\/uspdigital.usp.br\" target=\"_blank\" rel=\"noopener\">https:\/\/uspdigital.usp.br<\/a>.<\/p>\n<p>Norma para Uso do Correio Eletr\u00f4nico USP:\u00a0<a href=\"http:\/\/security.usp.br\/normas_pseg03.html\" target=\"_blank\" rel=\"noopener\">http:\/\/security.usphttp:\/\/email.usp.br.br\/normas_pseg03.html<\/a><\/p>\n<p>C\u00f3digo de \u00c9tica da Universidade de S\u00e3o Paulo:\u00a0<a href=\"http:\/\/www.leginf.usp.br\/?resolucao=resolucao-no-4871-de-22-de-outubro-de-2001\" target=\"_blank\" rel=\"noopener\">http:\/\/www.leginf.usp.br\/?resolucao=resolucao-no-4871-de-22-de-outubro-de-2001<\/a><\/p>\n","protected":false},"excerpt":{"rendered":"<p>O e-mail USP \u00e9 o endere\u00e7o eletr\u00f4nico institucional onde voc\u00ea receber\u00e1 informa\u00e7\u00f5es sobre disciplinas, notas, comunicados do IP e da USP, entre outros assuntos acad\u00eamicos. Para utilizar este e-mail n\u00e3o \u00e9 necess\u00e1rio realizar nenhuma ativa\u00e7\u00e3o, basta acessar a p\u00e1gina http:\/\/email.usp.br e entrar com o usu\u00e1rio e senha fornecidos.\u00a0Para entrar no sistema, use seu n\u00famero USP [&hellip;]<\/p>\n","protected":false},"author":2,"featured_media":0,"parent":0,"menu_order":0,"comment_status":"closed","ping_status":"closed","template":"","meta":{"_acf_changed":false,"footnotes":""},"categories":[398,507],"tags":[],"class_list":["post-13458","page","type-page","status-publish","hentry","category-graduacao","category-vida-universitaria-usp"],"acf":[],"jetpack_sharing_enabled":true,"_links":{"self":[{"href":"https:\/\/www.ip.usp.br\/site\/wp-json\/wp\/v2\/pages\/13458","targetHints":{"allow":["GET"]}}],"collection":[{"href":"https:\/\/www.ip.usp.br\/site\/wp-json\/wp\/v2\/pages"}],"about":[{"href":"https:\/\/www.ip.usp.br\/site\/wp-json\/wp\/v2\/types\/page"}],"author":[{"embeddable":true,"href":"https:\/\/www.ip.usp.br\/site\/wp-json\/wp\/v2\/users\/2"}],"replies":[{"embeddable":true,"href":"https:\/\/www.ip.usp.br\/site\/wp-json\/wp\/v2\/comments?post=13458"}],"version-history":[{"count":7,"href":"https:\/\/www.ip.usp.br\/site\/wp-json\/wp\/v2\/pages\/13458\/revisions"}],"predecessor-version":[{"id":19864,"href":"https:\/\/www.ip.usp.br\/site\/wp-json\/wp\/v2\/pages\/13458\/revisions\/19864"}],"wp:attachment":[{"href":"https:\/\/www.ip.usp.br\/site\/wp-json\/wp\/v2\/media?parent=13458"}],"wp:term":[{"taxonomy":"category","embeddable":true,"href":"https:\/\/www.ip.usp.br\/site\/wp-json\/wp\/v2\/categories?post=13458"},{"taxonomy":"post_tag","embeddable":true,"href":"https:\/\/www.ip.usp.br\/site\/wp-json\/wp\/v2\/tags?post=13458"}],"curies":[{"name":"wp","href":"https:\/\/api.w.org\/{rel}","templated":true}]}}