{"id":13554,"date":"2016-11-04T09:13:16","date_gmt":"2016-11-04T12:13:16","guid":{"rendered":"https:\/\/www.ip.usp.br\/site\/?page_id=13554"},"modified":"2016-11-17T10:17:02","modified_gmt":"2016-11-17T13:17:02","slug":"formularios-psc","status":"publish","type":"page","link":"https:\/\/www.ip.usp.br\/site\/formularios-psc\/","title":{"rendered":"Formul\u00e1rios"},"content":{"rendered":"<p>Os formul\u00e1rios ter\u00e3o que ser, obrigatoriamente, assinados pelo aluno (ou seu procurador) e orientador. A procura\u00e7\u00e3o n\u00e3o precisa ser reconhecida em cart\u00f3rio, desde que o procurador apresente o RG no ato da entrega do formul\u00e1rio.<br \/>\nA entrega dos formul\u00e1rios deve ser feita na Secretaria da P\u00f3s-Gradua\u00e7\u00e3o no Bloco G, sala 13, no hor\u00e1rio de 10 \u00e0s 12:00 e 13:30 \u00e0s 16:00, respeitando as datas do Calend\u00e1rio de P\u00f3s-Gradua\u00e7\u00e3o divulgado neste site.<\/p>\n<h3>Bolsas<\/h3>\n<div><a href=\"https:\/\/www.ip.usp.br\/site\/wp-content\/uploads\/2016\/10\/form-bolsas-FORMULARIO_INSCRICAO_BOLSA.doc\">Inscri\u00e7\u00e3o<\/a><\/div>\n<div><a href=\"https:\/\/www.ip.usp.br\/site\/wp-content\/uploads\/2016\/10\/form-bolsas-FORMULARIO_AVALIACAO_BOLSA.doc\">Avalia\u00e7\u00e3o<\/a><\/div>\n<div><a href=\"https:\/\/www.ip.usp.br\/site\/wp-content\/uploads\/2016\/10\/form-bolsas-renovacaobolsapos_5.doc\">Renova\u00e7\u00e3o<\/a><\/div>\n<div><a href=\"https:\/\/www.ip.usp.br\/site\/wp-content\/uploads\/2016\/10\/cancelamentodebolsacapes.xls\">Cancelamento de Bolsa<\/a><\/div>\n<div><a href=\"https:\/\/www.ip.usp.br\/site\/wp-content\/uploads\/2016\/10\/cadastrobolsistacapes.xls\">Cadastro de Bolsista &#8211; CAPES<br \/>\n<\/a><a href=\"https:\/\/www.ip.usp.br\/site\/wp-content\/uploads\/2016\/10\/form-bolsas-CAPES_termocompromisso.doc\">Termo de Compromisso &#8211; CAPES<\/a><\/div>\n<h3>Documentos para o EGQ &#8211; Exame Geral de Qualifica\u00e7\u00e3o (Mestrado e Doutorado)<\/h3>\n<p>(A ser entregue na CCP &#8211; Comiss\u00e3o Coordenadora do Programa)<\/p>\n<p><a href=\"https:\/\/www.ip.usp.br\/site\/wp-content\/uploads\/2016\/10\/form-Documentos-para-o-EGQ-FORMULARIO_APROVACAO_PARA_DEPSITO.doc\">Autoriza\u00e7\u00e3o de Dep\u00f3sito<br \/>\n<\/a><a href=\"https:\/\/www.ip.usp.br\/site\/wp-content\/uploads\/2016\/10\/form-Documentos-para-o-EGQ-FORMULARIO_CADASTRO_DE_DOCENTE_VISIT.doc\">Cadastro de Docente<br \/>\n<\/a><a href=\"https:\/\/www.ip.usp.br\/site\/wp-content\/uploads\/2016\/10\/form-Documentos-para-o-EGQ-FORMULARIO_BANCA_DE_QUALIFICACAO.doc\">Formul\u00e1rio de Banca de Qualifica\u00e7\u00e3o do EGQ<\/a><\/p>\n<h3>Documentos para Defesa (Mestrado e Doutorado)<\/h3>\n<p>Mestrado: 6 exemplares de disserta\u00e7\u00e3o \/ Doutorado: 8 exemplares de tese<\/p>\n<div><a href=\"https:\/\/www.ip.usp.br\/site\/wp-content\/uploads\/2016\/10\/form-Documentos-para-Defesa-FORMULARIO_APROVACAO_PARA_DEPSITO.doc\">Aprova\u00e7\u00e3o de Dep\u00f3sito<br \/>\n<\/a><a href=\"https:\/\/www.ip.usp.br\/site\/wp-content\/uploads\/2016\/10\/form-Documentos-para-Defesa-declaracaoparapublicacaodigitalkitdefesa.doc\">Declara\u00e7\u00e3o de Publica\u00e7\u00e3o<\/a><a href=\"https:\/\/www.ip.usp.br\/site\/wp-content\/uploads\/2016\/10\/form-Documentos-para-Defesa-FORMULARIO_APROVACAO_PARA_DEPSITO.doc\"><br \/>\n<\/a><\/div>\n<div><a href=\"https:\/\/www.ip.usp.br\/site\/wp-content\/uploads\/2016\/10\/form-Documentos-para-Defesa-conclusaodocursokitdefesa.doc\">Conclus\u00e3o de Curso<\/a><\/div>\n<div><a href=\"https:\/\/www.ip.usp.br\/site\/wp-content\/uploads\/2016\/10\/form-Documentos-para-Defesa-FORMULARIO_DE_DOCENTE_VISITANTE.doc\">Cadastro de Docente<\/a><\/div>\n<div><a href=\"https:\/\/www.ip.usp.br\/site\/wp-content\/uploads\/2016\/10\/form-Documentos-para-Defesa-INDICA\u00c7\u00c3O_BANCA_DE_DEFESA_MESTRADO.doc\">Formul\u00e1rio de Banca para Mestrado<\/a><\/div>\n<div><a href=\"https:\/\/www.ip.usp.br\/site\/wp-content\/uploads\/2016\/10\/form-Documentos-para-Defesa-INDICA\u00c7\u00c3O_FORMULARIO_DE_BANCA_DOUTORADO.doc\">Formul\u00e1rio de Banca para Doutorado\/Doutorado Direto<\/a><\/div>\n<div><a href=\"http:\/\/sistemas.ip.usp.br\/ficha-catalografica\/ficha.php\">Ficha Catalogr\u00e1fica<\/a><\/div>\n<div><a href=\"https:\/\/www.ip.usp.br\/site\/wp-content\/uploads\/2016\/10\/form-Documentos-para-Defesa-FORMULARIO_DE_PEDIDO_DE_DIPLOMA.doc\">Pedido de Diploma<\/a>\u00a0(anexar xerox do RG e diplomas de Gradua\u00e7\u00e3o \/\u00a0Recomenda-se a entrega do pedido de diploma no ato do dep\u00f3sito dos exemplares)<\/div>\n<div><a href=\"https:\/\/www.ip.usp.br\/site\/wp-content\/uploads\/2016\/10\/form-Documentos-para-Defesa-FORMULARIO_AGENDAMENTO.pdf\">Agendamento de Defesa<\/a>\u00a0(dever\u00e1 ser entregue na SPG ap\u00f3s a aprova\u00e7\u00e3o da Banca pela CPG)<\/div>\n<h3>Disciplinas<\/h3>\n<div><a href=\"https:\/\/www.ip.usp.br\/site\/wp-content\/uploads\/2016\/10\/form-disciplinas-FORMULARIO_MATRIC_EM_DISCIPL_1.doc\">Matr\u00edcula<\/a><\/div>\n<div><a href=\"https:\/\/www.ip.usp.br\/site\/wp-content\/uploads\/2016\/10\/form-disciplinas-FORMULARIO_ALUNO_ESPECIAL_1.doc\">Aluno Especial<br \/>\n<\/a><a href=\"https:\/\/www.ip.usp.br\/site\/wp-content\/uploads\/2016\/10\/form-disciplinas-FORMULARIO_CANCELAMENTO_DE_DISCIP.doc\">Cancelamento<\/a><a href=\"https:\/\/www.ip.usp.br\/site\/wp-content\/uploads\/2016\/10\/form-disciplinas-FORMULARIO_CANCELAMENTO_DE_DISCIP.doc\"><br \/>\n<\/a><\/div>\n<div><\/div>\n<h3>Programa de Aperfei\u00e7oamento de Ensino &#8211; PAE<\/h3>\n<div><a href=\"https:\/\/www.ip.usp.br\/site\/wp-content\/uploads\/2016\/10\/form-Programa-de-Aperfei\u00e7oamento-de-Ensino-PAE-fichadeinscricaopae_4.doc\">Ficha de Inscri\u00e7\u00e3o<\/a><\/div>\n<div><a href=\"https:\/\/www.ip.usp.br\/site\/wp-content\/uploads\/2016\/10\/form-Programa-de-Aperfei\u00e7oamento-de-Ensino-PAE-relatorio_estagiario_pae2010.doc\">Relat\u00f3rio do Estagi\u00e1rio<\/a><\/div>\n<div><a href=\"https:\/\/www.ip.usp.br\/site\/wp-content\/uploads\/2016\/10\/form-Programa-de-Aperfei\u00e7oamento-de-Ensino-PAE-fichadeavaliacaopae.doc\">Relat\u00f3rio do Supervisor<\/a><\/div>\n<div><a href=\"https:\/\/www.ip.usp.br\/site\/wp-content\/uploads\/2016\/10\/form-Programa-de-Aperfei\u00e7oamento-de-Ensino-PAE-dadospessoaisdrh1pae.doc\">Dados Pessoais -DRH<\/a><\/div>\n<div><a href=\"https:\/\/www.ip.usp.br\/site\/wp-content\/uploads\/2016\/10\/form-Programa-de-Aperfei\u00e7oamento-de-Ensino-PAE-declaracao_termos_da_portariapae.doc\">Declara\u00e7\u00e3o Portaria &#8211; GR 3588\/4391<\/a><\/div>\n<h3>Aux\u00edlios<\/h3>\n<div><a href=\"https:\/\/www.ip.usp.br\/site\/wp-content\/uploads\/2016\/10\/form-auxilios-formularioauxilio_aluno_USP.doc\">Solicita\u00e7\u00e3o de Aux\u00edlio (Alunos de P\u00f3s-Gradua\u00e7\u00e3o da USP)<\/a><\/div>\n<div><a href=\"https:\/\/www.ip.usp.br\/site\/wp-content\/uploads\/2016\/10\/form-auxilios-Formularioauxilio_Prof_USP.doc\">Solicita\u00e7\u00e3o de Aux\u00edlio (Docentes\/Pesquisadores da USP)<\/a><\/div>\n<div><a href=\"https:\/\/www.ip.usp.br\/site\/wp-content\/uploads\/2016\/10\/form-auxilios-Formularioauxilio_Aluno_Visitante.doc\">Solicita\u00e7\u00e3o de Aux\u00edlio (Alunos de P\u00f3s-Gradua\u00e7\u00e3o Estrangeiros)<\/a><\/div>\n<div><a href=\"https:\/\/www.ip.usp.br\/site\/wp-content\/uploads\/2016\/10\/form-auxilios-Formularioauxilio_Prof_Visitante.doc\">Solicita\u00e7\u00e3o de Aux\u00edlio (Docentes\/Pesquisadores Estrangeiros)<\/a><\/div>\n<h3>Diversos<\/h3>\n<div><a href=\"https:\/\/www.ip.usp.br\/site\/wp-content\/uploads\/2016\/10\/form-diversos-FORMULARIO_MATRICULA_SEMESTRAL.doc\">Matr\u00edcula Semestral Obrigat\u00f3ria<\/a><\/div>\n<div><a href=\"https:\/\/www.ip.usp.br\/site\/wp-content\/uploads\/2016\/10\/form-diversos-FORMULARIO_PRORROGACAO_PRAZO.doc\">Prorroga\u00e7\u00e3o de Prazo<\/a><\/div>\n<div><a href=\"https:\/\/www.ip.usp.br\/site\/wp-content\/uploads\/2016\/10\/form-diversos-FORMULARIO_EQUIVAL\u00caNCIA_DE_TITULO.doc\">Equival\u00eancia\/Valida\u00e7\u00e3o de T\u00edtulo<\/a><\/div>\n<div><a href=\"https:\/\/www.ip.usp.br\/site\/wp-content\/uploads\/2016\/10\/form-diversos-Formul\u00e1rio_Parecer_para_valida\u00e7\u00e3o_ou_equival\u00eancia_de_diploma.docx\">Parecer para Equival\u00eancia\/Valida\u00e7\u00e3o de T\u00edtulo<\/a><\/div>\n<div><a href=\"https:\/\/www.ip.usp.br\/site\/wp-content\/uploads\/2016\/10\/form-diversos-trancamentodiversos.doc\">Trancamento<\/a><\/div>\n<div><a href=\"https:\/\/www.ip.usp.br\/site\/wp-content\/uploads\/2016\/10\/form-diversos-transferenciadiversos.doc\">Transfer\u00eancia<\/a><\/div>\n<div><a href=\"https:\/\/www.ip.usp.br\/site\/wp-content\/uploads\/2016\/10\/form-diversos-processoseletivo07102016.doc\">Processo Seletivo &#8211; Ficha de Inscri\u00e7\u00e3o (2016)<\/a><\/div>\n<div><a href=\"https:\/\/www.ip.usp.br\/site\/wp-content\/uploads\/2016\/10\/form-diversos-atribuiodecreditosdiversos.1.doc\">Concess\u00e3o de Cr\u00e9ditos<\/a><\/div>\n<div><\/div>\n","protected":false},"excerpt":{"rendered":"<p>Os formul\u00e1rios ter\u00e3o que ser, obrigatoriamente, assinados pelo aluno (ou seu procurador) e orientador. A procura\u00e7\u00e3o n\u00e3o precisa ser reconhecida em cart\u00f3rio, desde que o procurador apresente o RG no ato da entrega do formul\u00e1rio. A entrega dos formul\u00e1rios deve ser feita na Secretaria da P\u00f3s-Gradua\u00e7\u00e3o no Bloco G, sala 13, no hor\u00e1rio de 10 [&hellip;]<\/p>\n","protected":false},"author":2,"featured_media":0,"parent":0,"menu_order":0,"comment_status":"closed","ping_status":"closed","template":"","meta":{"_acf_changed":false,"footnotes":""},"categories":[15,478],"tags":[],"class_list":["post-13554","page","type-page","status-publish","hentry","category-pos-graduacao","category-psicologia-clinica-psc"],"acf":[],"jetpack_sharing_enabled":true,"_links":{"self":[{"href":"https:\/\/www.ip.usp.br\/site\/wp-json\/wp\/v2\/pages\/13554","targetHints":{"allow":["GET"]}}],"collection":[{"href":"https:\/\/www.ip.usp.br\/site\/wp-json\/wp\/v2\/pages"}],"about":[{"href":"https:\/\/www.ip.usp.br\/site\/wp-json\/wp\/v2\/types\/page"}],"author":[{"embeddable":true,"href":"https:\/\/www.ip.usp.br\/site\/wp-json\/wp\/v2\/users\/2"}],"replies":[{"embeddable":true,"href":"https:\/\/www.ip.usp.br\/site\/wp-json\/wp\/v2\/comments?post=13554"}],"version-history":[{"count":1,"href":"https:\/\/www.ip.usp.br\/site\/wp-json\/wp\/v2\/pages\/13554\/revisions"}],"predecessor-version":[{"id":13556,"href":"https:\/\/www.ip.usp.br\/site\/wp-json\/wp\/v2\/pages\/13554\/revisions\/13556"}],"wp:attachment":[{"href":"https:\/\/www.ip.usp.br\/site\/wp-json\/wp\/v2\/media?parent=13554"}],"wp:term":[{"taxonomy":"category","embeddable":true,"href":"https:\/\/www.ip.usp.br\/site\/wp-json\/wp\/v2\/categories?post=13554"},{"taxonomy":"post_tag","embeddable":true,"href":"https:\/\/www.ip.usp.br\/site\/wp-json\/wp\/v2\/tags?post=13554"}],"curies":[{"name":"wp","href":"https:\/\/api.w.org\/{rel}","templated":true}]}}