{"id":13589,"date":"2016-11-04T11:37:02","date_gmt":"2016-11-04T14:37:02","guid":{"rendered":"https:\/\/www.ip.usp.br\/site\/?page_id=13589"},"modified":"2018-09-12T11:23:53","modified_gmt":"2018-09-12T14:23:53","slug":"historico-pse","status":"publish","type":"page","link":"https:\/\/www.ip.usp.br\/site\/historico-pse\/","title":{"rendered":"Hist\u00f3rico"},"content":{"rendered":"<p>O curso de P\u00f3s-Gradua\u00e7\u00e3o em PSICOLOGIA EXPERIMENTAL, vinculado ao Departamento de Psicologia Experimental, teve seu funcionamento autorizado pela C\u00e2mara de P\u00f3s-Gradua\u00e7\u00e3o do CEPE (Processo 4109-70), em 07\/05\/1970, em n\u00edvel de mestrado e, em 21\/01\/1974, em n\u00edvel de doutorado.<\/p>\n<p>Desde a sua cria\u00e7\u00e3o at\u00e9 o presente, o Programa titulou 482 mestres e 383 doutores. Grande parte dos professores e pesquisadores em Psicologia, que atuam nas universidades brasileiras, \u00e9 egressa do Programa de P\u00f3s-Gradua\u00e7\u00e3o em Psicologia Experimental. O Programa recebeu o conceito m\u00e1ximo de avalia\u00e7\u00e3o CAPES\/P\u00d3S-GRADUA\u00c7\u00c3O (nota 7) nos quatro \u00faltimos tri\u00eanios (2001-2003, 2004-2006, 2007-2009 e 2010-2012), e no quadri\u00eanio 2013-2016, al\u00e9m do pr\u00eamio internacional \u201cEnduring Programmatic Contribution for the Development of Behavior Analysis 2013\u201d, concedido pela Association for Behavior Analysis International.<\/p>\n<p>Em 2016, teve aprovado o Centro de Pesquisa, Inova\u00e7\u00e3o e Difus\u00e3o (Cepid) em Bem-estar e comportamento humano, financiado pela FAPESP e Natura, coordenado pela Profa. Emma Otta.<\/p>\n","protected":false},"excerpt":{"rendered":"<p>O curso de P\u00f3s-Gradua\u00e7\u00e3o em PSICOLOGIA EXPERIMENTAL, vinculado ao Departamento de Psicologia Experimental, teve seu funcionamento autorizado pela C\u00e2mara de P\u00f3s-Gradua\u00e7\u00e3o do CEPE (Processo 4109-70), em 07\/05\/1970, em n\u00edvel de mestrado e, em 21\/01\/1974, em n\u00edvel de doutorado. Desde a sua cria\u00e7\u00e3o at\u00e9 o presente, o Programa titulou 482 mestres e 383 doutores. Grande parte [&hellip;]<\/p>\n","protected":false},"author":2,"featured_media":0,"parent":0,"menu_order":0,"comment_status":"closed","ping_status":"closed","template":"","meta":{"_acf_changed":false,"footnotes":""},"categories":[15,483],"tags":[],"class_list":["post-13589","page","type-page","status-publish","hentry","category-pos-graduacao","category-psicologia-experimental-pse"],"acf":[],"jetpack_sharing_enabled":true,"_links":{"self":[{"href":"https:\/\/www.ip.usp.br\/site\/wp-json\/wp\/v2\/pages\/13589","targetHints":{"allow":["GET"]}}],"collection":[{"href":"https:\/\/www.ip.usp.br\/site\/wp-json\/wp\/v2\/pages"}],"about":[{"href":"https:\/\/www.ip.usp.br\/site\/wp-json\/wp\/v2\/types\/page"}],"author":[{"embeddable":true,"href":"https:\/\/www.ip.usp.br\/site\/wp-json\/wp\/v2\/users\/2"}],"replies":[{"embeddable":true,"href":"https:\/\/www.ip.usp.br\/site\/wp-json\/wp\/v2\/comments?post=13589"}],"version-history":[{"count":2,"href":"https:\/\/www.ip.usp.br\/site\/wp-json\/wp\/v2\/pages\/13589\/revisions"}],"predecessor-version":[{"id":24452,"href":"https:\/\/www.ip.usp.br\/site\/wp-json\/wp\/v2\/pages\/13589\/revisions\/24452"}],"wp:attachment":[{"href":"https:\/\/www.ip.usp.br\/site\/wp-json\/wp\/v2\/media?parent=13589"}],"wp:term":[{"taxonomy":"category","embeddable":true,"href":"https:\/\/www.ip.usp.br\/site\/wp-json\/wp\/v2\/categories?post=13589"},{"taxonomy":"post_tag","embeddable":true,"href":"https:\/\/www.ip.usp.br\/site\/wp-json\/wp\/v2\/tags?post=13589"}],"curies":[{"name":"wp","href":"https:\/\/api.w.org\/{rel}","templated":true}]}}