{"id":13672,"date":"2016-11-07T11:12:01","date_gmt":"2016-11-07T14:12:01","guid":{"rendered":"https:\/\/www.ip.usp.br\/site\/?page_id=13672"},"modified":"2016-11-07T11:12:09","modified_gmt":"2016-11-07T14:12:09","slug":"mestrado-pse","status":"publish","type":"page","link":"https:\/\/www.ip.usp.br\/site\/mestrado-pse\/","title":{"rendered":"Mestrado"},"content":{"rendered":"<p>O processo seletivo \u00e9 realizado para o Mestrado, Doutorado(para aluno portador de t\u00edtulo de Mestre pela USP ou por ela reconhecido) e Doutorado Direto(sem obten\u00e7\u00e3o pr\u00e9via do t\u00edtulo de Mestre).<br \/>\nOs documentos para inscri\u00e7\u00e3o, o n\u00famero de vagas dispon\u00edveis, a rela\u00e7\u00e3o de orientadores, os itens de avalia\u00e7\u00e3o de curr\u00edculo, a nota de cada item e a m\u00e9dia final de aprova\u00e7\u00e3o, os temas e a bibliografia indicados para o processo seletivo, constar\u00e3o em Edital espec\u00edfico, divulgado pela CPG na p\u00e1gina do IP \u2013 Sele\u00e7\u00e3o e por meio de material impresso. A divulga\u00e7\u00e3o dever\u00e1 ser feita at\u00e9 120 dias antes da data de inscri\u00e7\u00e3o.<br \/>\nAs inscri\u00e7\u00f5es s\u00e3o realizadas nos meses de julho e novembro de cada ano, desde que haja disponibilidade de vagas.<br \/>\nNo ato de inscri\u00e7\u00e3o o candidato dever\u00e1 apresentar carta de anu\u00eancia do poss\u00edvel futuro orientador atestando e aprovando seu projeto de pesquisa e c\u00f3pia do seu plano de trabalho ou projeto de pesquisa, al\u00e9m dos demais documentos divulgados na p\u00e1gina do IP.<\/p>\n<p>O processo seletivo para o Mestrado \u00e9 composto pelos seguintes exames eliminat\u00f3rios, avaliados por Comiss\u00e3o Examinadora indicada pela CCP:<\/p>\n<ul>\n<li>Prova de profici\u00eancia em l\u00edngua estrangeira conforme item V, do Regulamento do Programa;<\/li>\n<li>Prova escrita de conhecimentos espec\u00edficos da \u00e1rea a partir de bibliografia indicada e;<\/li>\n<li>Argui\u00e7\u00e3o e an\u00e1lise do projeto e do curr\u00edculo Lattes<\/li>\n<\/ul>\n<p>O processo de Argui\u00e7\u00e3o e an\u00e1lise do projeto e do curr\u00edculo Lattes \u00e9 avaliado por uma Comiss\u00e3o Examinadora \u00e9 composta por 3 examinadores, no m\u00ednimo, com t\u00edtulo de doutor, n\u00e3o podendo haver participa\u00e7\u00e3o do poss\u00edvel orientador e composto pelos itens:<\/p>\n<ul>\n<li>An\u00e1lise do projeto de pesquisa, que examina a adequa\u00e7\u00e3o da apresenta\u00e7\u00e3o e justificativa do problema a ser estudado, o encaminhamento metodol\u00f3gico, a pertin\u00eancia das refer\u00eancias bibliogr\u00e1ficas e a compatibilidade com as linhas de pesquisa do Programa;<\/li>\n<li>An\u00e1lise do curr\u00edculo Lattes, levando em conta: \u2013 as atividades acad\u00eamicas do candidato, especialmente participa\u00e7\u00e3o em eventos cient\u00edficos e publica\u00e7\u00f5es, e sua experi\u00eancia profissional e em pesquisa;<\/li>\n<li>Argui\u00e7\u00e3o do candidato pela Comiss\u00e3o Examinadora, visando apreciar seu potencial como futuro pesquisador, as raz\u00f5es da op\u00e7\u00e3o pelo Programa, sua disponibilidade de tempo, o aproveitamento de suas experi\u00eancias acad\u00eamicas e a inclus\u00e3o da p\u00f3s-gradua\u00e7\u00e3o em seu projeto de vida.<\/li>\n<\/ul>\n<p>O curso de Mestrado, compreendendo o dep\u00f3sito da disserta\u00e7\u00e3o, dever\u00e1 ser conclu\u00eddo no prazo m\u00e1ximo de trinta e seis meses. O curso de Doutorado, compreendendo o dep\u00f3sito da tese, dever\u00e1 ser conclu\u00eddo no prazo m\u00e1ximo de quarenta e oito meses. O curso de Doutorado Direto, compreendendo o dep\u00f3sito da tese, dever\u00e1 ser conclu\u00eddo no prazo m\u00e1ximo de sessenta meses.<br \/>\nO conceito m\u00ednimo para aprova\u00e7\u00e3o em cada uma das provas, conhecimentos espec\u00edficos, an\u00e1lise do projeto de pesquisa e an\u00e1lise do curr\u00edculo Lattes \u00e9 \u201c5\u201d(cinco).<\/p>\n","protected":false},"excerpt":{"rendered":"<p>O processo seletivo \u00e9 realizado para o Mestrado, Doutorado(para aluno portador de t\u00edtulo de Mestre pela USP ou por ela reconhecido) e Doutorado Direto(sem obten\u00e7\u00e3o pr\u00e9via do t\u00edtulo de Mestre). Os documentos para inscri\u00e7\u00e3o, o n\u00famero de vagas dispon\u00edveis, a rela\u00e7\u00e3o de orientadores, os itens de avalia\u00e7\u00e3o de curr\u00edculo, a nota de cada item e [&hellip;]<\/p>\n","protected":false},"author":2,"featured_media":0,"parent":0,"menu_order":0,"comment_status":"closed","ping_status":"closed","template":"","meta":{"_acf_changed":false,"footnotes":""},"categories":[15,483],"tags":[],"class_list":["post-13672","page","type-page","status-publish","hentry","category-pos-graduacao","category-psicologia-experimental-pse"],"acf":[],"jetpack_sharing_enabled":true,"_links":{"self":[{"href":"https:\/\/www.ip.usp.br\/site\/wp-json\/wp\/v2\/pages\/13672","targetHints":{"allow":["GET"]}}],"collection":[{"href":"https:\/\/www.ip.usp.br\/site\/wp-json\/wp\/v2\/pages"}],"about":[{"href":"https:\/\/www.ip.usp.br\/site\/wp-json\/wp\/v2\/types\/page"}],"author":[{"embeddable":true,"href":"https:\/\/www.ip.usp.br\/site\/wp-json\/wp\/v2\/users\/2"}],"replies":[{"embeddable":true,"href":"https:\/\/www.ip.usp.br\/site\/wp-json\/wp\/v2\/comments?post=13672"}],"version-history":[{"count":2,"href":"https:\/\/www.ip.usp.br\/site\/wp-json\/wp\/v2\/pages\/13672\/revisions"}],"predecessor-version":[{"id":13674,"href":"https:\/\/www.ip.usp.br\/site\/wp-json\/wp\/v2\/pages\/13672\/revisions\/13674"}],"wp:attachment":[{"href":"https:\/\/www.ip.usp.br\/site\/wp-json\/wp\/v2\/media?parent=13672"}],"wp:term":[{"taxonomy":"category","embeddable":true,"href":"https:\/\/www.ip.usp.br\/site\/wp-json\/wp\/v2\/categories?post=13672"},{"taxonomy":"post_tag","embeddable":true,"href":"https:\/\/www.ip.usp.br\/site\/wp-json\/wp\/v2\/tags?post=13672"}],"curies":[{"name":"wp","href":"https:\/\/api.w.org\/{rel}","templated":true}]}}