{"id":13773,"date":"2016-11-09T07:54:08","date_gmt":"2016-11-09T10:54:08","guid":{"rendered":"https:\/\/www.ip.usp.br\/site\/?page_id=13773"},"modified":"2026-03-25T14:09:50","modified_gmt":"2026-03-25T17:09:50","slug":"docentes-orientadores-psc","status":"publish","type":"page","link":"https:\/\/www.ip.usp.br\/site\/docentes-orientadores-psc\/","title":{"rendered":"Docentes \/ Orientadores"},"content":{"rendered":"<div>\n<table style=\"border-collapse: collapse; width: 100%;\" border=\"0\">\n<tbody>\n<tr>\n<td style=\"width: 93.7455%;\"><\/td>\n<td style=\"width: 2.30239%;\"><a href=\"https:\/\/www.ip.usp.br\/site\/docentes-orientadores-psc\/\"><img decoding=\"async\" class=\"alignnone size-full wp-image-19624\" src=\"https:\/\/www.ip.usp.br\/site\/wp-content\/uploads\/2018\/08\/br.gif\" alt=\"\" width=\"20\" height=\"14\" \/><\/a><\/td>\n<td style=\"width: 2.15732%;\"><a href=\"https:\/\/www.ip.usp.br\/site\/orientadores-2\/\"><img decoding=\"async\" class=\"alignnone size-full wp-image-19623\" src=\"https:\/\/www.ip.usp.br\/site\/wp-content\/uploads\/2018\/08\/es.gif\" alt=\"\" width=\"20\" height=\"14\" \/><\/a><\/td>\n<td style=\"width: 1.79478%;\"><a href=\"https:\/\/www.ip.usp.br\/site\/advisors-2\/\"><img decoding=\"async\" class=\"alignnone size-full wp-image-19626\" src=\"https:\/\/www.ip.usp.br\/site\/wp-content\/uploads\/2018\/08\/us.gif\" alt=\"\" width=\"20\" height=\"14\" \/><\/a><\/td>\n<\/tr>\n<\/tbody>\n<\/table>\n<\/div>\n<p><span style=\"font-family: Times New Roman, serif;\"><span style=\"font-size: medium;\"><span style=\"color: #0563c1;\"><u><a href=\"http:\/\/lattes.cnpq.br\/5203317308697543\"><span style=\"color: #428bca;\"><span style=\"font-family: Open Sans, serif;\">ALINE SOUZA MARTINS<\/span><\/span><\/a><\/u><\/span><a href=\"https:\/\/www.ip.usp.br\/site\/docentes-ab\/principal&amp;catid=174&amp;Itemid=92\"><span style=\"color: #428bca;\"><span style=\"font-family: Open Sans, serif;\"><br \/>\n<\/span><\/span><\/a><span style=\"color: #1a1a1a;\"><span style=\"font-family: Open Sans, serif;\">Linha de Pesquisa: <\/span><\/span><span style=\"color: #1a1a1a;\"><span style=\"font-family: Open Sans, serif;\"><b>Psican\u00e1lise, sofrimento e pol\u00edtica.<br \/>\n<\/b><\/span><\/span><\/span><\/span><span style=\"font-family: Times New Roman, serif;\"><span style=\"font-size: medium;\"><span style=\"color: #0563c1;\"><u><a href=\"mailto:asmartins@usp.br\"><span style=\"font-family: Open Sans, serif;\">asmartins@usp.br<\/span><\/a><\/u><\/span><\/span><\/span><\/p>\n<p><span style=\"font-family: Times New Roman, serif;\"><span style=\"font-size: medium;\"><span style=\"color: #0563c1;\"><u><a href=\"https:\/\/www.ip.usp.br\/site\/andres-eduardo-aguirre-antunez\/\"><span style=\"color: #428bca;\"><span style=\"font-family: Open Sans, serif;\">ANDR\u00c9S EDUARDO AGUIRRE ANT\u00daNEZ<\/span><\/span><\/a><\/u><\/span><a href=\"https:\/\/www.ip.usp.br\/site\/docentes-ab\/principal&amp;catid=174&amp;Itemid=92\"><span style=\"color: #428bca;\"><span style=\"font-family: Open Sans, serif;\"><br \/>\n<\/span><\/span><\/a><span style=\"color: #1a1a1a;\"><span style=\"font-family: Open Sans, serif;\">Linhas de Pesquisa: <\/span><\/span><span style=\"color: #1a1a1a;\"><span style=\"font-family: Open Sans, serif;\"><b>Interven\u00e7\u00f5es cl\u00ednicas em sa\u00fade mental: diagn\u00f3stico, a\u00e7\u00e3o terap\u00eautica e preven\u00e7\u00e3o<br \/>\n<\/b><\/span><\/span><\/span><\/span><span style=\"font-family: Times New Roman, serif;\"><span style=\"font-size: medium;\"><span style=\"color: #1a1a1a;\"><span style=\"font-family: Open Sans, serif;\"><b>Investiga\u00e7\u00e3o da situa\u00e7\u00e3o cl\u00ednica: perspectiva interdisciplinar<\/b><\/span><\/span><span style=\"color: #1a1a1a;\"><span style=\"font-family: Open Sans, serif;\">.<br \/>\n<\/span><\/span><span style=\"color: #0563c1;\"><u><a href=\"mailto:antunez@usp.br\"><span style=\"font-family: Open Sans, serif;\">antunez@usp.br<\/span><\/a><\/u><\/span><\/span><\/span><\/p>\n<p><span style=\"font-family: Times New Roman, serif;\"><span style=\"font-size: medium;\"><span style=\"color: #0563c1;\"><u><a href=\"https:\/\/www.ip.usp.br\/site\/christian-ingo-lenz-dunker\/\"><span style=\"color: #428bca;\"><span style=\"font-family: Open Sans, serif;\">CHRISTIAN INGO LENZ DUNKER<\/span><\/span><\/a><\/u><\/span><a href=\"https:\/\/www.ip.usp.br\/site\/cd\/principal&amp;catid=182&amp;Itemid=92%E3%80%88=pt&amp;lang=pt\"><span style=\"color: #428bca;\"><span style=\"font-family: Open Sans, serif;\"><br \/>\n<\/span><\/span><\/a><span style=\"color: #1a1a1a;\"><span style=\"font-family: Open Sans, serif;\">Linha de Pesquisa: <\/span><\/span><span style=\"color: #1a1a1a;\"><span style=\"font-family: Open Sans, serif;\"><b>Psican\u00e1lise, sofrimento e pol\u00edtica<\/b><\/span><\/span><span style=\"color: #1a1a1a;\"><span style=\"font-family: Open Sans, serif;\">.<br \/>\n<\/span><\/span><span style=\"color: #0563c1;\"><u><a href=\"mailto:chrisdunker@usp.br\"><span style=\"color: #428bca;\"><span style=\"font-family: Open Sans, serif;\">chrisdunker@usp.br<\/span><\/span><\/a><\/u><\/span><\/span><\/span><\/p>\n<p><span style=\"font-family: Times New Roman, serif;\"><span style=\"font-size: medium;\"><span style=\"color: #0563c1;\"><u><a href=\"https:\/\/www.ip.usp.br\/site\/daniel-kupermann\/\"><span style=\"color: #428bca;\"><span style=\"font-family: Open Sans, serif;\">DANIEL KUPERMANN<\/span><\/span><\/a><\/u><\/span><a href=\"https:\/\/www.ip.usp.br\/site\/cd\/principal&amp;catid=183&amp;Itemid=92\"><span style=\"color: #428bca;\"><span style=\"font-family: Open Sans, serif;\"><br \/>\n<\/span><\/span><\/a><span style=\"color: #1a1a1a;\"><span style=\"font-family: Open Sans, serif;\">Linha de Pesquisa: <\/span><\/span><span style=\"color: #1a1a1a;\"><span style=\"font-family: Open Sans, serif;\"><b>Psican\u00e1lise, trauma e vincularidades.<\/b><\/span><\/span><span style=\"color: #1a1a1a;\"><span style=\"font-family: Open Sans, serif;\"><br \/>\n<\/span><\/span><span style=\"color: #0563c1;\"><u><a href=\"mailto:dkupermann@usp.br\"><span style=\"color: #428bca;\"><span style=\"font-family: Open Sans, serif;\">dkupermann@usp.br<\/span><\/span><\/a><\/u><\/span><\/span><\/span><\/p>\n<p><span style=\"font-family: Times New Roman, serif;\"><span style=\"font-size: medium;\"><span style=\"color: #0563c1;\"><u><a href=\"http:\/\/lattes.cnpq.br\/3154628149495092\"><span style=\"color: #428bca;\"><span style=\"font-family: Open Sans, serif;\">DANIELLY PASSOS DE OLIVEIRA<\/span><\/span><\/a><\/u><\/span><a href=\"https:\/\/www.ip.usp.br\/site\/cd\/principal&amp;catid=183&amp;Itemid=92\"><span style=\"color: #428bca;\"><span style=\"font-family: Open Sans, serif;\"><br \/>\n<\/span><\/span><\/a><span style=\"color: #1a1a1a;\"><span style=\"font-family: Open Sans, serif;\">Linha de Pesquisa: <\/span><\/span><span style=\"color: #1a1a1a;\"><span style=\"font-family: Open Sans, serif;\"><b>Psican\u00e1lise, trauma e vincularidades.<\/b><\/span><\/span><span style=\"color: #1a1a1a;\"><span style=\"font-family: Open Sans, serif;\"><br \/>\n<\/span><\/span><span style=\"color: #0563c1;\"><u><a href=\"mailto:daniellypassos@usp.br\"><span style=\"color: #428bca;\"><span style=\"font-family: Open Sans, serif;\">daniellypassos@usp.br<\/span><\/span><\/a><\/u><\/span><\/span><\/span><\/p>\n<p><span style=\"font-family: Times New Roman, serif;\"><span style=\"font-size: medium;\"><span style=\"color: #0563c1;\"><u><a href=\"http:\/\/buscatextual.cnpq.br\/buscatextual\/visualizacv.do?id=K4799112E8\" target=\"_blank\" rel=\"noopener\"><span style=\"color: #428bca;\"><span style=\"font-family: Open Sans, serif;\">FRANCISCO LOTUFO NETO<\/span><\/span><\/a><\/u><\/span><span style=\"color: #1a1a1a;\"><span style=\"font-family: Open Sans, serif;\"><br \/>\nLinhas de Pesquisa: <\/span><\/span><span style=\"color: #1a1a1a;\"><span style=\"font-family: Open Sans, serif;\"><b>Investiga\u00e7\u00e3o da situa\u00e7\u00e3o cl\u00ednica: perspectiva interdisciplinar<\/b><\/span><\/span><span style=\"color: #1a1a1a;\"><span style=\"font-family: Open Sans, serif;\"> (dentro do Programa de P\u00f3s-Gradua\u00e7\u00e3o em Psicologia Cl\u00ednica IPUSP)<br \/>\n<\/span><\/span><span style=\"color: #0563c1;\"><u><a href=\"mailto:franciscolotufo@gmail.com\"><span style=\"color: #428bca;\"><span style=\"font-family: Open Sans, serif;\">franciscolotufo@gmail.com<\/span><\/span><\/a><\/u><\/span><\/span><\/span><\/p>\n<p><span style=\"text-decoration: underline;\"><a href=\"https:\/\/www.ip.usp.br\/site\/gabriel-inticher-binkowski\/\">GABRIEL INTICHER BINKOWSKI<\/a><\/span><br \/>\nLinhas de Pesquisa: <strong>\u00a0Psican\u00e1lise, sofrimento e pol\u00edtica<\/strong><br \/>\n<span style=\"text-decoration: underline;\"><a href=\"mailto:gabriel.binkowski@gmail.com\">gabriel.binkowski@gmail.com<\/a><\/span><\/p>\n<p><span style=\"font-family: Times New Roman, serif;\"><span style=\"font-size: medium;\"><span style=\"color: #0563c1;\"><u><a href=\"https:\/\/www.ip.usp.br\/site\/isabel-cristina-gomes\/\"><span style=\"color: #428bca;\"><span style=\"font-family: Open Sans, serif;\">ISABEL CRISTINA GOMES<\/span><\/span><\/a><\/u><\/span><span style=\"color: #1a1a1a;\"><span style=\"font-family: Open Sans, serif;\"><br \/>\nLinha de Pesquisa: <\/span><\/span><span style=\"color: #1a1a1a;\"><span style=\"font-family: Open Sans, serif;\"><b>Psican\u00e1lise, trauma e vincularidades.<\/b><\/span><\/span><span style=\"color: #1a1a1a;\"><span style=\"font-family: Open Sans, serif;\"><br \/>\n<\/span><\/span><span style=\"color: #0563c1;\"><u><a href=\"mailto:isagomes@usp.br\"><span style=\"color: #428bca;\"><span style=\"font-family: Open Sans, serif;\">isagomes@usp.br<\/span><\/span><\/a><\/u><\/span><\/span><\/span><\/p>\n<p><span style=\"font-family: Times New Roman, serif;\"><span style=\"font-size: medium;\"><span style=\"color: #0563c1;\"><u><a href=\"http:\/\/buscatextual.cnpq.br\/buscatextual\/visualizacv.do?id=K4708774A0\" target=\"_blank\" rel=\"noopener\"><span style=\"color: #428bca;\"><span style=\"font-family: Open Sans, serif;\">IVAN RAMOS ESTEV\u00c3O<\/span><\/span><\/a><\/u><\/span><span style=\"color: #1a1a1a;\"><span style=\"font-family: Open Sans, serif;\"><br \/>\nLinha de Pesquisa: Linha de Pesquisa: <\/span><\/span><span style=\"color: #1a1a1a;\"><span style=\"font-family: Open Sans, serif;\"><b>Psican\u00e1lise, sofrimento e pol\u00edtica<\/b><\/span><\/span><span style=\"color: #1a1a1a;\"><span style=\"font-family: Open Sans, serif;\">.<br \/>\n<\/span><\/span><span style=\"color: #0563c1;\"><u><a href=\"mailto:irestevao@usp.br\"><span style=\"color: #428bca;\"><span style=\"font-family: Open Sans, serif;\">irestevao@usp.br<\/span><\/span><\/a><\/u><\/span><\/span><\/span><\/p>\n<p><u><\/u><u style=\"color: #0563c1; font-size: medium; font-family: 'Times New Roman', serif;\"><a href=\"https:\/\/www.ip.usp.br\/site\/leila-salomao-de-la-plata-cury-tardivo\/\"><span style=\"color: #428bca;\"><span style=\"font-family: Open Sans, serif;\">LEILA SALOM\u00c3O DE LA PLATA CURY TARDIVO<\/span><\/span><\/a><br \/>\n<\/u><span style=\"font-family: Times New Roman, serif;\"><span style=\"font-size: medium;\"><span style=\"color: #1a1a1a;\"><span style=\"font-family: Open Sans, serif;\">Linhas de Pesquisa: <\/span><\/span><span style=\"color: #1a1a1a;\"><span style=\"font-family: Open Sans, serif;\"><b>Interven\u00e7\u00f5es cl\u00ednicas em sa\u00fade mental: diagn\u00f3stico, a\u00e7\u00e3o terap\u00eautica e preven\u00e7\u00e3o<\/b><\/span><\/span><span style=\"color: #1a1a1a;\"><span style=\"font-family: Open Sans, serif;\">.<br \/>\n<\/span><\/span><span style=\"color: #0563c1;\"><u><a href=\"mailto:tardivo@usp.br\"><span style=\"color: #428bca;\"><span style=\"font-family: Open Sans, serif;\">tardivo@usp.br<\/span><\/span><\/a><\/u><\/span><\/span><\/span><\/p>\n<p><span style=\"font-family: Times New Roman, serif;\"><span style=\"font-size: medium;\"><span style=\"color: #0563c1;\"><u><a href=\"https:\/\/www.ip.usp.br\/site\/marcia-helena-da-silva-melo-bertolla\/\"><span style=\"color: #428bca;\"><span style=\"font-family: Open Sans, serif;\">M\u00c1RCIA HELENA DA SILVA MELO<\/span><\/span><\/a><\/u><\/span><span style=\"color: #1a1a1a;\"><span style=\"font-family: Open Sans, serif;\"><br \/>\nLinhas de Pesquisa: <\/span><\/span><span style=\"color: #1a1a1a;\"><span style=\"font-family: Open Sans, serif;\"><b>Interven\u00e7\u00f5es cl\u00ednicas em sa\u00fade mental: diagn\u00f3stico, a\u00e7\u00e3o terap\u00eautica e preven\u00e7\u00e3o.<\/b><\/span><\/span><span style=\"color: #1a1a1a;\"><span style=\"font-family: Open Sans, serif;\"><br \/>\n<\/span><\/span><span style=\"color: #0563c1;\"><u><a href=\"mailto:mmelo@usp.br\"><span style=\"color: #428bca;\"><span style=\"font-family: Open Sans, serif;\">mmelo@usp.br<\/span><\/span><\/a><\/u><\/span><\/span><\/span><\/p>\n<p><span style=\"font-family: Times New Roman, serif;\"><span style=\"font-size: medium;\"><span style=\"color: #0563c1;\"><u><a href=\"https:\/\/www.ip.usp.br\/site\/maria-livia-tourinho-moretto-2\/\"><span style=\"color: #428bca;\"><span style=\"font-family: Open Sans, serif;\">MARIA LIVIA TOURINHO MORETTO<\/span><\/span><\/a><\/u><\/span><span style=\"color: #1a1a1a;\"><span style=\"font-family: Open Sans, serif;\"><br \/>\nLinha de Pesquisa: <\/span><\/span><span style=\"color: #1a1a1a;\"><span style=\"font-family: Open Sans, serif;\"><b>Psican\u00e1lise, sofrimento e pol\u00edtica<\/b><\/span><\/span><span style=\"color: #1a1a1a;\"><span style=\"font-family: Open Sans, serif;\">.<br \/>\n<\/span><\/span><span style=\"color: #0563c1;\"><u><a href=\"mailto:liviamoretto@usp.br\"><span style=\"color: #428bca;\"><span style=\"font-family: Open Sans, serif;\">liviamoretto@usp.br<\/span><\/span><\/a><\/u><\/span><\/span><\/span><\/p>\n<p><span style=\"font-family: Times New Roman, serif;\"><span style=\"font-size: medium;\"><span style=\"color: #0563c1;\"><u><a href=\"https:\/\/www.ip.usp.br\/site\/marina-ferreira-da-rosa-ribeiro\/\"><span style=\"color: #428bca;\"><span style=\"font-family: Open Sans, serif;\">MARINA FERREIRA DA ROSA RIBEIRO<\/span><\/span><\/a><\/u><\/span><span style=\"color: #1a1a1a;\"><span style=\"font-family: Open Sans, serif;\"><br \/>\nLinha de Pesquisa: <\/span><\/span><span style=\"color: #1a1a1a;\"><span style=\"font-family: Open Sans, serif;\"><b>Psican\u00e1lise, trauma e vincularidades.<\/b><\/span><\/span><span style=\"color: #1a1a1a;\"><span style=\"font-family: Open Sans, serif;\"><br \/>\n<\/span><\/span><span style=\"color: #0563c1;\"><u><a href=\"mailto:marinaribeiro@usp.br\"><span style=\"color: #428bca;\"><span style=\"font-family: Open Sans, serif;\">marinaribeiro@usp.br<\/span><\/span><\/a><\/u><\/span><\/span><\/span><\/p>\n<p><span style=\"font-family: Times New Roman, serif;\"><span style=\"font-size: medium;\"><span style=\"color: #0563c1;\"><u><a href=\"http:\/\/lattes.cnpq.br\/6671168816370381\"><span style=\"color: #428bca;\"><span style=\"font-family: Open Sans, serif;\">MAYRA MOREIRA XAVIER CASTELLANI<\/span><\/span><\/a><\/u><\/span><span style=\"color: #1a1a1a;\"><span style=\"font-family: Open Sans, serif;\"><br \/>\nLinha de Pesquisa: <\/span><\/span><span style=\"color: #1a1a1a;\"><span style=\"font-family: Open Sans, serif;\"><b>Psican\u00e1lise, sofrimento e pol\u00edtica.<\/b><\/span><\/span><span style=\"color: #1a1a1a;\"><span style=\"font-family: Open Sans, serif;\"><br \/>\n<\/span><\/span><span style=\"color: #0563c1;\"><u><a href=\"mailto:mayra.xavier@usp.br\"><span style=\"color: #428bca;\"><span style=\"font-family: Open Sans, serif;\">mayra.xavier@usp.br<\/span><\/span><\/a><\/u><\/span><\/span><\/span><\/p>\n<p><span style=\"font-family: Times New Roman, serif;\"><span style=\"font-size: medium;\"><span style=\"color: #0563c1;\"><u><a href=\"https:\/\/www.ip.usp.br\/site\/miriam-debieux-rosa\/\"><span style=\"color: #428bca;\"><span style=\"font-family: Open Sans, serif;\">MIRIAM DEBIEUX ROSA<\/span><\/span><\/a><\/u><\/span><span style=\"color: #1a1a1a;\"><span style=\"font-family: Open Sans, serif;\"><br \/>\nLinha de Pesquisa: Linha de Pesquisa: <\/span><\/span><span style=\"color: #1a1a1a;\"><span style=\"font-family: Open Sans, serif;\"><b>Psican\u00e1lise, sofrimento e pol\u00edtica<\/b><\/span><\/span><span style=\"color: #1a1a1a;\"><span style=\"font-family: Open Sans, serif;\">.<br \/>\n<\/span><\/span><span style=\"color: #0563c1;\"><u><a href=\"mailto:%20debieux@terra.com.br\"><span style=\"color: #428bca;\"><span style=\"font-family: Open Sans, serif;\">debieux@terra.com.br<\/span><\/span><\/a><\/u><\/span><\/span><\/span><\/p>\n<p><span style=\"font-family: Times New Roman, serif;\"><span style=\"font-size: medium;\"><span style=\"color: #0563c1;\"><u><a href=\"https:\/\/www.ip.usp.br\/site\/pablo-de-carvalho-godoy-castanho\/\"><span style=\"color: #428bca;\"><span style=\"font-family: Open Sans, serif;\">PABLO DE CARVALHO GODOY CASTANHO<\/span><\/span><\/a><\/u><\/span><span style=\"color: #1a1a1a;\"><span style=\"font-family: Open Sans, serif;\"><br \/>\nLinha de Pesquisa: <\/span><\/span><span style=\"color: #1a1a1a;\"><span style=\"font-family: Open Sans, serif;\"><b>Psican\u00e1lise, trauma e vincularidades.<\/b><\/span><\/span><a href=\"https:\/\/www.ip.usp.br\/site\/psiclin\/index.php?option=com_content&amp;view=article&amp;id=4160%3Alinha-de-pesquisa-q-investigacoes-em-psicanaliseq&amp;catid=428%3Apsicologia-clinica&amp;Itemid=306&amp;lang=pt\" target=\"_blank\" rel=\"noopener\"><span style=\"color: #428bca;\"><span style=\"font-family: Open Sans, serif;\"><br \/>\n<\/span><\/span><\/a><span style=\"color: #0563c1;\"><u><a href=\"mailto:pablo.castanho@usp.br\"><span style=\"color: #428bca;\"><span style=\"font-family: Open Sans, serif;\">pablo.castanho@usp.br<\/span><\/span><\/a><\/u><\/span><\/span><\/span><\/p>\n<p><a href=\"https:\/\/www.ip.usp.br\/site\/renatha-el-rafihi-ferreira\/\"><span style=\"text-decoration: underline;\">RENATHA EL RAFIHI FERREIRA<\/span><\/a><br \/>\nLinhas de Pesquisa:\u00a0<strong>Interven\u00e7\u00f5es cl\u00ednicas em sa\u00fade mental: diagn\u00f3stico, a\u00e7\u00e3o terap\u00eautica e preven\u00e7\u00e3o<\/strong><br \/>\n<span style=\"text-decoration: underline;\"><a href=\"mailto:rerafihi@usp.br\">rerafihi@usp.br<\/a><\/span><\/p>\n","protected":false},"excerpt":{"rendered":"<p>ALINE SOUZA MARTINS Linha de Pesquisa: Psican\u00e1lise, sofrimento e pol\u00edtica. asmartins@usp.br ANDR\u00c9S EDUARDO AGUIRRE ANT\u00daNEZ Linhas de Pesquisa: Interven\u00e7\u00f5es cl\u00ednicas em sa\u00fade mental: diagn\u00f3stico, a\u00e7\u00e3o terap\u00eautica e preven\u00e7\u00e3o Investiga\u00e7\u00e3o da situa\u00e7\u00e3o cl\u00ednica: perspectiva interdisciplinar. antunez@usp.br CHRISTIAN INGO LENZ DUNKER Linha de Pesquisa: Psican\u00e1lise, sofrimento e pol\u00edtica. chrisdunker@usp.br DANIEL KUPERMANN Linha de Pesquisa: Psican\u00e1lise, trauma e [&hellip;]<\/p>\n","protected":false},"author":2,"featured_media":0,"parent":0,"menu_order":0,"comment_status":"closed","ping_status":"closed","template":"","meta":{"_acf_changed":false,"footnotes":""},"categories":[15,144],"tags":[],"class_list":["post-13773","page","type-page","status-publish","hentry","category-pos-graduacao","category-pos-graduacao-ensino-programa-psc"],"acf":[],"jetpack_sharing_enabled":true,"_links":{"self":[{"href":"https:\/\/www.ip.usp.br\/site\/wp-json\/wp\/v2\/pages\/13773","targetHints":{"allow":["GET"]}}],"collection":[{"href":"https:\/\/www.ip.usp.br\/site\/wp-json\/wp\/v2\/pages"}],"about":[{"href":"https:\/\/www.ip.usp.br\/site\/wp-json\/wp\/v2\/types\/page"}],"author":[{"embeddable":true,"href":"https:\/\/www.ip.usp.br\/site\/wp-json\/wp\/v2\/users\/2"}],"replies":[{"embeddable":true,"href":"https:\/\/www.ip.usp.br\/site\/wp-json\/wp\/v2\/comments?post=13773"}],"version-history":[{"count":33,"href":"https:\/\/www.ip.usp.br\/site\/wp-json\/wp\/v2\/pages\/13773\/revisions"}],"predecessor-version":[{"id":54881,"href":"https:\/\/www.ip.usp.br\/site\/wp-json\/wp\/v2\/pages\/13773\/revisions\/54881"}],"wp:attachment":[{"href":"https:\/\/www.ip.usp.br\/site\/wp-json\/wp\/v2\/media?parent=13773"}],"wp:term":[{"taxonomy":"category","embeddable":true,"href":"https:\/\/www.ip.usp.br\/site\/wp-json\/wp\/v2\/categories?post=13773"},{"taxonomy":"post_tag","embeddable":true,"href":"https:\/\/www.ip.usp.br\/site\/wp-json\/wp\/v2\/tags?post=13773"}],"curies":[{"name":"wp","href":"https:\/\/api.w.org\/{rel}","templated":true}]}}