{"id":13775,"date":"2016-11-09T08:08:53","date_gmt":"2016-11-09T11:08:53","guid":{"rendered":"https:\/\/www.ip.usp.br\/site\/?page_id=13775"},"modified":"2016-11-09T08:11:01","modified_gmt":"2016-11-09T11:11:01","slug":"monitoria-peeg","status":"publish","type":"page","link":"https:\/\/www.ip.usp.br\/site\/monitoria-peeg\/","title":{"rendered":"Monitoria (PEEG)"},"content":{"rendered":"<p>O Programa de Est\u00edmulo ao Ensino de Gradua\u00e7\u00e3o\u00a0do IPUSP, tamb\u00e9m conhecido como Monitoria, tem o objetivo de incentivar os alunos com \u00f3timo desempenho acad\u00eamico a aperfei\u00e7oarem os estudos em disciplinas de interesse.<\/p>\n<h3>Inscri\u00e7\u00e3o<\/h3>\n<p>O per\u00edodo para solicita\u00e7\u00e3o de monitores pelos docentes\u00a0e as inscri\u00e7\u00f5es para a fun\u00e7\u00e3o de Monitor Bolsista ou Monitor Volunt\u00e1rio, com a finalidade espec\u00edfica de exercer atividades t\u00e9cnicas e did\u00e1ticas, \u00e9 disponibilizada por editais abertos no in\u00edcio dos semestres. Estes editais s\u00e3o hospedados do site do IPUSP e divulgados, via e-mail, pela Secretaria de Gradua\u00e7\u00e3o.\u00a0Poder\u00e3o candidatar-se \u00e0 monitoria os alunos matriculados nos Cursos de Gradua\u00e7\u00e3o em Psicologia que tenham obtido bom rendimento nas disciplinas cursadas.\u00a0Os candidatos poder\u00e3o inscrever-se em at\u00e9 3 (tr\u00eas) disciplinas oferecidas pelos Departamentos, mas, ap\u00f3s a sele\u00e7\u00e3o, feita pelos Departamentos, o candidato ter\u00e1 que optar, mediante termo a ser apresentado \u00e0 Assist\u00eancia Acad\u00eamica, por uma \u00fanica disciplina, seja para monitoria bolsista, seja para\u00a0monitoria\u00a0volunt\u00e1ria.<\/p>\n<h3 align=\"justify\">Documenta\u00e7\u00e3o<\/h3>\n<p align=\"justify\">Para efetivar a\u00a0inscri\u00e7\u00e3o, o candidato dever\u00e1 entregar na Assist\u00eancia Acad\u00eamica c\u00f3pia de todos os documentos exigidos:<\/p>\n<ul>\n<li><em>curriculum vitae;<\/em><\/li>\n<li>RG;<\/li>\n<li>CPF;<\/li>\n<li>Comprovante de v\u00ednculo acad\u00eamico com este Instituto (hist\u00f3rico escolar impresso do <a href=\"https:\/\/sistemas2.usp.br\/jupiterweb\/\" target=\"_blank\">Sistema J\u00fapiter<\/a>);<\/li>\n<li>Declara\u00e7\u00e3o de que n\u00e3o possui outra bolsa da USP ou de \u00f3rg\u00e3os de fomentos;<\/li>\n<li>endere\u00e7o, telefone e e-mail para contato.<\/li>\n<\/ul>\n<h3 align=\"justify\">Processo Seletivo<\/h3>\n<p align=\"justify\">O processo seletivo a ser feito pelos Departamentos constar\u00e1 de entrevista, exame de <em>curriculum vitae<\/em> e\/ou do hist\u00f3rico escolar.\u00a0O resultado do processo de sele\u00e7\u00e3o \u00e9\u00a0encaminhado pelos Departamentos e os alunos selecionados s\u00e3o comunicados pelo Servi\u00e7o de Gradua\u00e7\u00e3o, por e-mail.\u00a0A vig\u00eancia da bolsa ser\u00e1 correspondente ao per\u00edodo letivo do semestre, permitindo-se, todavia, que o aluno que j\u00e1 tenha exercido monitoria se candidate a novo processo seletivo.\u00a0Todo o processo seletivo obedecer\u00e1 \u00e0s disposi\u00e7\u00f5es contidas no Regimento do Instituto de Psicologia da USP, artigos 62 a 66.<\/p>\n<h3 align=\"justify\">Atividades<\/h3>\n<p align=\"justify\">O n\u00famero de horas da monitoria ser\u00e1 de 08 (oito) horas semanais, estabelecidas pelo Departamento.\u00a0Ao t\u00e9rmino do per\u00edodo da monitoria, o aluno dever\u00e1 apresentar ao Departamento, por interm\u00e9dio de seu professor respons\u00e1vel, um relat\u00f3rio das atividades desenvolvidas.\u00a0O professor respons\u00e1vel pela monitoria poder\u00e1, a qualquer tempo, solicitar a dispensa do aluno monitor, mediante justificativa que dever\u00e1 ser apreciada pelo Conselho Departamental.\u00a0Os Departamentos encaminhar\u00e3o ao Servi\u00e7o de Pessoal, at\u00e9 o terceiro dia \u00fatil de cada m\u00eas, um atestado de freq\u00fc\u00eancia do monitor, assinado pelo chefe do Departamento.\u00a0A monitoria tamb\u00e9m cessar\u00e1 antes do prazo determinado caso o aluno manifeste, por escrito, seu desinteresse.<\/p>\n<h3 align=\"justify\">Monitoria com bolsa<\/h3>\n<p align=\"justify\">Os monitores selecionados como monitores bolsistas ser\u00e3o remunerados mediante bolsa, cujo valor \u00e9 fixado pelo Conselho T\u00e9cnico-Administrativo do Instituto de Psicologia da USP, e corresponde a oitenta por cento do sal\u00e1rio m\u00ednimo vigente por 40 (quarenta) horas trabalhadas, sem v\u00ednculo empregat\u00edcio com a Unidade.<\/p>\n<p align=\"justify\"><a href=\"https:\/\/www.ip.usp.br\/site\/wp-content\/uploads\/2016\/09\/declarao_monitoria.doc\">Requerimento \u2013 Monitoria<\/a><br \/>\n<a href=\"https:\/\/www.ip.usp.br\/site\/wp-content\/uploads\/2016\/09\/declarao_monitoria.doc\">Declara\u00e7\u00e3o \u2013 Monitoria<\/a><\/p>\n","protected":false},"excerpt":{"rendered":"<p>O Programa de Est\u00edmulo ao Ensino de Gradua\u00e7\u00e3o\u00a0do IPUSP, tamb\u00e9m conhecido como Monitoria, tem o objetivo de incentivar os alunos com \u00f3timo desempenho acad\u00eamico a aperfei\u00e7oarem os estudos em disciplinas de interesse. Inscri\u00e7\u00e3o O per\u00edodo para solicita\u00e7\u00e3o de monitores pelos docentes\u00a0e as inscri\u00e7\u00f5es para a fun\u00e7\u00e3o de Monitor Bolsista ou Monitor Volunt\u00e1rio, com a finalidade [&hellip;]<\/p>\n","protected":false},"author":2,"featured_media":0,"parent":0,"menu_order":0,"comment_status":"closed","ping_status":"closed","template":"","meta":{"_acf_changed":false,"footnotes":""},"categories":[398,454],"tags":[],"class_list":["post-13775","page","type-page","status-publish","hentry","category-graduacao","category-o-curso"],"acf":[],"jetpack_sharing_enabled":true,"_links":{"self":[{"href":"https:\/\/www.ip.usp.br\/site\/wp-json\/wp\/v2\/pages\/13775","targetHints":{"allow":["GET"]}}],"collection":[{"href":"https:\/\/www.ip.usp.br\/site\/wp-json\/wp\/v2\/pages"}],"about":[{"href":"https:\/\/www.ip.usp.br\/site\/wp-json\/wp\/v2\/types\/page"}],"author":[{"embeddable":true,"href":"https:\/\/www.ip.usp.br\/site\/wp-json\/wp\/v2\/users\/2"}],"replies":[{"embeddable":true,"href":"https:\/\/www.ip.usp.br\/site\/wp-json\/wp\/v2\/comments?post=13775"}],"version-history":[{"count":3,"href":"https:\/\/www.ip.usp.br\/site\/wp-json\/wp\/v2\/pages\/13775\/revisions"}],"predecessor-version":[{"id":13783,"href":"https:\/\/www.ip.usp.br\/site\/wp-json\/wp\/v2\/pages\/13775\/revisions\/13783"}],"wp:attachment":[{"href":"https:\/\/www.ip.usp.br\/site\/wp-json\/wp\/v2\/media?parent=13775"}],"wp:term":[{"taxonomy":"category","embeddable":true,"href":"https:\/\/www.ip.usp.br\/site\/wp-json\/wp\/v2\/categories?post=13775"},{"taxonomy":"post_tag","embeddable":true,"href":"https:\/\/www.ip.usp.br\/site\/wp-json\/wp\/v2\/tags?post=13775"}],"curies":[{"name":"wp","href":"https:\/\/api.w.org\/{rel}","templated":true}]}}