{"id":13811,"date":"2016-11-09T10:32:05","date_gmt":"2016-11-09T13:32:05","guid":{"rendered":"https:\/\/www.ip.usp.br\/site\/?page_id=13811"},"modified":"2016-11-09T10:32:05","modified_gmt":"2016-11-09T13:32:05","slug":"disciplinas-e-matricula","status":"publish","type":"page","link":"https:\/\/www.ip.usp.br\/site\/disciplinas-e-matricula\/","title":{"rendered":"Disciplinas e Matr\u00edcula"},"content":{"rendered":"<h3>Disciplinas<\/h3>\n<p>Na USP existem tr\u00eas tipos de disciplinas: obrigat\u00f3rias, optativas eletivas e optativas livres.<\/p>\n<p>Recebem o nome de obrigat\u00f3rias as disciplinas que todos os alunos do curso devem cumprir. N\u00e3o \u00e9 necess\u00e1rio (embora indicado) curs\u00e1-las no semestre ideal (consulte essa informa\u00e7\u00e3o no J\u00fapiter, clicando em Acompanhamentos&gt;Evolu\u00e7\u00e3o do Curso).<\/p>\n<p>As optativas eletivas s\u00e3o mat\u00e9rias oferecidas regularmente (algumas com\u00a0pr\u00e9-requisitos), que podem ser escolhidas pelo aluno.<\/p>\n<p>J\u00e1 as optativas livres n\u00e3o t\u00eam um oferecimento regular. O aluno pode cursar as optativas livres dispon\u00edveis no pr\u00f3pri<span style=\"color: #000000\">o IP ou em qualquer outra Unidade da USP.<\/span><\/p>\n<p>Para se graduar, o estudante precisa cursar, no m\u00ednimo, 138 cr\u00e9ditos-aula de obrigat\u00f3rias, 15 de optativas eletivas e 47 de optativas livres.<\/p>\n<h3>Matr\u00edcula<\/h3>\n<p>Para realizar a matr\u00edcula nos tr\u00eas tipos de disciplinas, \u00e9 necess\u00e1rio acessar o Sistema Jupiterweb e entrar na sess\u00e3o &#8220;Matr\u00edcula&#8221;. O processo de matr\u00edcula \u00e9 composto por quatro etapas:<\/p>\n<ul>\n<li>Primeiramente, existem duas Intera\u00e7\u00f5es, que s\u00e3o os momentos espec\u00edficos em que o J\u00fapiter se abre para que os alunos selecionem as mat\u00e9rias que querem cursar;<\/li>\n<li>Depois disso, acontece o per\u00edodo de Consolida\u00e7\u00e3o, quando o resultado da matr\u00edcula pode ser acompanhado;<\/li>\n<li>Em seguida, h\u00e1 o momento dos Requerimentos, no qual os alunos podem enviar, via J\u00fapiter, justificativas para serem aceitos nas disciplinas que eles concorreram mas n\u00e3o foram matriculados. Aten\u00e7\u00e3o: essas disciplinas s\u00e3o pertencentes exclusivamente aos outros Institutos da USP. Para inclus\u00e3o de disciplinas do IP, \u00e9 necess\u00e1rio comparecer presencialmente ao <a href=\"https:\/\/www.ip.usp.br\/site\/retificacao-de-matricula\/\" target=\"_blank\">Servi\u00e7o de Gradua\u00e7\u00e3o<\/a>;<\/li>\n<li>Por fim, h\u00e1 o per\u00edodo da Retifica\u00e7\u00e3o\/Remo\u00e7\u00e3o de Optativas Livres e Eletivas, \u00faltima chance de cancelar uma inscri\u00e7\u00e3o.<\/li>\n<\/ul>\n<p>Ap\u00f3s essas quatro etapas, n\u00e3o \u00e9 poss\u00edvel se inscrever em mais nenhuma mat\u00e9ria e s\u00f3 \u00e9 poss\u00edvel cancelar matr\u00edculas comparecendo pessoalmente ao Servi\u00e7o de Gradua\u00e7\u00e3o (sala 14 do primeiro andar do Bloco G).<\/p>\n<p>Aten\u00e7\u00e3o: para ser aprovado nas disciplinas, \u00e9 preciso ter presen\u00e7a igual ou superior a 70%; para ter direito \u00e0 prova recupera\u00e7\u00e3o, a m\u00e9dia do aluno deve ser de, no m\u00ednimo, 3; e, para se inscrever e participar do Programa de Apoio \u00e0 Perman\u00eancia e Forma\u00e7\u00e3o Estudantil (PAPFE), \u00e9 necess\u00e1rio se matricular semestralmente em, no m\u00ednimo, 12 cr\u00e9ditos-aula.<\/p>\n<h3>J\u00fapiter (Sistema Jupiterweb)<\/h3>\n<p>O J\u00fapiter ou Sistema Jupiterweb \u00e9 o site em que o aluno\u00a0se matricula nas disciplinas, v\u00ea sua grade hor\u00e1ria, o calend\u00e1rio escolar, as disciplinas oferecidas pelo IP e pelos outros Institutos, acessa suas notas, solicita seu Busp\u00a0etc. Para acessar o site,\u00a0\u00e9 preciso utilizar o n\u00famero USP e a senha fornecida no dia da matr\u00edcula. Esta senha deve ser alterada, clicando-se, durante o primeiro acesso ao Sistema Jupiterweb, em &#8220;Alterar Senha&#8221;, no canto superior direito do site.<\/p>\n","protected":false},"excerpt":{"rendered":"<p>Disciplinas Na USP existem tr\u00eas tipos de disciplinas: obrigat\u00f3rias, optativas eletivas e optativas livres. Recebem o nome de obrigat\u00f3rias as disciplinas que todos os alunos do curso devem cumprir. N\u00e3o \u00e9 necess\u00e1rio (embora indicado) curs\u00e1-las no semestre ideal (consulte essa informa\u00e7\u00e3o no J\u00fapiter, clicando em Acompanhamentos&gt;Evolu\u00e7\u00e3o do Curso). As optativas eletivas s\u00e3o mat\u00e9rias oferecidas regularmente [&hellip;]<\/p>\n","protected":false},"author":2,"featured_media":0,"parent":0,"menu_order":0,"comment_status":"closed","ping_status":"closed","template":"","meta":{"_acf_changed":false,"footnotes":""},"categories":[398,454,449],"tags":[],"class_list":["post-13811","page","type-page","status-publish","hentry","category-graduacao","category-o-curso","category-vida-na-usp"],"acf":[],"jetpack_sharing_enabled":true,"_links":{"self":[{"href":"https:\/\/www.ip.usp.br\/site\/wp-json\/wp\/v2\/pages\/13811","targetHints":{"allow":["GET"]}}],"collection":[{"href":"https:\/\/www.ip.usp.br\/site\/wp-json\/wp\/v2\/pages"}],"about":[{"href":"https:\/\/www.ip.usp.br\/site\/wp-json\/wp\/v2\/types\/page"}],"author":[{"embeddable":true,"href":"https:\/\/www.ip.usp.br\/site\/wp-json\/wp\/v2\/users\/2"}],"replies":[{"embeddable":true,"href":"https:\/\/www.ip.usp.br\/site\/wp-json\/wp\/v2\/comments?post=13811"}],"version-history":[{"count":1,"href":"https:\/\/www.ip.usp.br\/site\/wp-json\/wp\/v2\/pages\/13811\/revisions"}],"predecessor-version":[{"id":13812,"href":"https:\/\/www.ip.usp.br\/site\/wp-json\/wp\/v2\/pages\/13811\/revisions\/13812"}],"wp:attachment":[{"href":"https:\/\/www.ip.usp.br\/site\/wp-json\/wp\/v2\/media?parent=13811"}],"wp:term":[{"taxonomy":"category","embeddable":true,"href":"https:\/\/www.ip.usp.br\/site\/wp-json\/wp\/v2\/categories?post=13811"},{"taxonomy":"post_tag","embeddable":true,"href":"https:\/\/www.ip.usp.br\/site\/wp-json\/wp\/v2\/tags?post=13811"}],"curies":[{"name":"wp","href":"https:\/\/api.w.org\/{rel}","templated":true}]}}