{"id":13920,"date":"2016-11-11T08:23:34","date_gmt":"2016-11-11T11:23:34","guid":{"rendered":"https:\/\/www.ip.usp.br\/site\/?page_id=13920"},"modified":"2016-11-25T06:41:16","modified_gmt":"2016-11-25T09:41:16","slug":"pos-doutorado-8","status":"publish","type":"page","link":"https:\/\/www.ip.usp.br\/site\/pos-doutorado-8\/","title":{"rendered":"P\u00f3s-Doutorado"},"content":{"rendered":"<p style=\"text-align: right\">Comiss\u00e3o de Pesquisa<br \/>\nAv. Prof. Mello Moraes, 1721 \u2013 bloco G \u2013 sala 12<br \/>\nCidade Universit\u00e1ria \u2013 S\u00e3o Paulo, SP<br \/>\nTel: 55 11 3091-1660 \u00a0<a href=\"mailto:copesqip@usp.br\">copesqip@usp.br<\/a><\/p>\n<p>O Programa oferece P\u00f3s Doutoramento para pesquisadores brasileiros e estrangeiros interessados em contribuir para a amplia\u00e7\u00e3o da pesquisa no \u00e2mbito da Psicologia Social.<\/p>\n<p>Para que um pesquisador seja aceito como p\u00f3s doutorando, precisar\u00e1:<br \/>\na) dedicar-se integralmente ao Programa;<\/p>\n<p>b) receber bolsa de ag\u00eancia de fomento para essa atividade ou comprovar que tenha renda suficiente para manter-se integralmente vinculado ao Programa;<\/p>\n<p>c) vincular-se a um dos docentes do Programa;<\/p>\n<p>d) apresentar projeto de pesquisa a ser avaliado pela Comiss\u00e3o de Pesquisa do Instituto de Psicologia e aceito pelo Conselho Departamental e pela Congrega\u00e7\u00e3o do Instituto;<\/p>\n<p>e) ministrar uma disciplina no curso de P\u00f3s-Gradua\u00e7\u00e3o;<\/p>\n<p>f) ter como produto de P\u00f3s-Gradua\u00e7\u00e3o, \u00a0a publica\u00e7\u00e3o de artigo cientifico em conjunto com o docente com quem realiza a pesquisa.<\/p>\n<p><strong>Maiores informa\u00e7\u00f5es na p\u00e1gina da <\/strong><a href=\"https:\/\/www.ip.usp.br\/site\/apresentacao-19\/\"><strong>Comiss\u00e3o de Pesquisa<\/strong><\/a><strong>.<\/strong><\/p>\n","protected":false},"excerpt":{"rendered":"<p>Comiss\u00e3o de Pesquisa Av. Prof. Mello Moraes, 1721 \u2013 bloco G \u2013 sala 12 Cidade Universit\u00e1ria \u2013 S\u00e3o Paulo, SP Tel: 55 11 3091-1660 \u00a0copesqip@usp.br O Programa oferece P\u00f3s Doutoramento para pesquisadores brasileiros e estrangeiros interessados em contribuir para a amplia\u00e7\u00e3o da pesquisa no \u00e2mbito da Psicologia Social. Para que um pesquisador seja aceito como [&hellip;]<\/p>\n","protected":false},"author":2,"featured_media":0,"parent":0,"menu_order":0,"comment_status":"closed","ping_status":"closed","template":"","meta":{"_acf_changed":false,"footnotes":""},"categories":[484],"tags":[],"class_list":["post-13920","page","type-page","status-publish","hentry","category-departamento-de-psicologia-social-e-do-trabalho"],"acf":[],"jetpack_sharing_enabled":true,"_links":{"self":[{"href":"https:\/\/www.ip.usp.br\/site\/wp-json\/wp\/v2\/pages\/13920","targetHints":{"allow":["GET"]}}],"collection":[{"href":"https:\/\/www.ip.usp.br\/site\/wp-json\/wp\/v2\/pages"}],"about":[{"href":"https:\/\/www.ip.usp.br\/site\/wp-json\/wp\/v2\/types\/page"}],"author":[{"embeddable":true,"href":"https:\/\/www.ip.usp.br\/site\/wp-json\/wp\/v2\/users\/2"}],"replies":[{"embeddable":true,"href":"https:\/\/www.ip.usp.br\/site\/wp-json\/wp\/v2\/comments?post=13920"}],"version-history":[{"count":4,"href":"https:\/\/www.ip.usp.br\/site\/wp-json\/wp\/v2\/pages\/13920\/revisions"}],"predecessor-version":[{"id":14639,"href":"https:\/\/www.ip.usp.br\/site\/wp-json\/wp\/v2\/pages\/13920\/revisions\/14639"}],"wp:attachment":[{"href":"https:\/\/www.ip.usp.br\/site\/wp-json\/wp\/v2\/media?parent=13920"}],"wp:term":[{"taxonomy":"category","embeddable":true,"href":"https:\/\/www.ip.usp.br\/site\/wp-json\/wp\/v2\/categories?post=13920"},{"taxonomy":"post_tag","embeddable":true,"href":"https:\/\/www.ip.usp.br\/site\/wp-json\/wp\/v2\/tags?post=13920"}],"curies":[{"name":"wp","href":"https:\/\/api.w.org\/{rel}","templated":true}]}}