{"id":14155,"date":"2016-11-18T14:01:06","date_gmt":"2016-11-18T17:01:06","guid":{"rendered":"https:\/\/www.ip.usp.br\/site\/?page_id=14155"},"modified":"2016-11-23T13:11:34","modified_gmt":"2016-11-23T16:11:34","slug":"informacoes-complementares-psc","status":"publish","type":"page","link":"https:\/\/www.ip.usp.br\/site\/informacoes-complementares-psc\/","title":{"rendered":"Informa\u00e7\u00f5es Complementares"},"content":{"rendered":"<h3>Cr\u00e9ditos Especiais<\/h3>\n<p>O aluno de Mestrado poder\u00e1 receber at\u00e9 4 cr\u00e9ditos, como cr\u00e9ditos especiais, pelas seguintes atividades:<\/p>\n<ul>\n<li>Publica\u00e7\u00e3o de trabalho completo em anais (ou similares) do qual o interessado \u00e9 autor (1 cr\u00e9dito). O trabalho dever\u00e1 estar ligado \u00e0 \u00e1rea de investiga\u00e7\u00e3o durante o curso;<\/li>\n<li>Livro ou cap\u00edtulo de livro de reconhecido m\u00e9rito na \u00e1rea de conhecimento (1 cr\u00e9dito);<\/li>\n<li>Participa\u00e7\u00e3o em semin\u00e1rios ou eventos promovidos pelo Instituto de Psicologia e pelo Programa de P\u00f3s-Gradua\u00e7\u00e3o em Psicologia Cl\u00ednica do IP USP, desde que demonstre apresenta\u00e7\u00e3o de trabalho;<\/li>\n<li>Trabalho completo publicado em revista indexada de circula\u00e7\u00e3o nacional ou internacional (2 cr\u00e9ditos).<\/li>\n<\/ul>\n<p>O aluno de Doutorado e Doutorado Direto poder\u00e1 receber at\u00e9 8 cr\u00e9ditos, como cr\u00e9ditos especiais, pelas seguintes atividades:<\/p>\n<ul>\n<li>Publica\u00e7\u00e3o de trabalho completo em anais (ou similares) do qual o interessado \u00e9 autor (1 cr\u00e9dito) O trabalho dever\u00e1 estar ligado a \u00e1rea de investiga\u00e7\u00e3o durante o curso;<\/li>\n<li>Livro ou cap\u00edtulo de livro de reconhecido m\u00e9rito na \u00e1rea de conhecimento (1 cr\u00e9dito);<\/li>\n<li>Participa\u00e7\u00e3o em semin\u00e1rios ou eventos promovidos pelo Instituto de Psicologia e pelo Programa de P\u00f3s-Gradua\u00e7\u00e3o em Psicologia Cl\u00ednica do IP USP, desde que demonstre apresenta\u00e7\u00e3o de trabalho (1 cr\u00e9dito);<\/li>\n<li>Trabalho completo publicado em revista indexada de circula\u00e7\u00e3o nacional ou internacional (2 cr\u00e9ditos).<\/li>\n<\/ul>\n<p>Nos cursos de Mestrado, Doutorado e Doutorado Direto 50% dos cr\u00e9ditos devem ser obtidos em disciplinas oferecidas pelo Programa.<\/p>\n<h3>Disciplinas Obrigat\u00f3rias<\/h3>\n<p>As disciplinas obrigat\u00f3rias para Mestrado s\u00e3o:\u00a0Metodologia de Pesquisa em Psicologia Cl\u00ednica<br \/>\nAs disciplinas obrigat\u00f3rias para o Doutorado e Doutorado Direto s\u00e3o:\u00a0Metodologia de Pesquisa em Psicologia Cl\u00ednica \u00a0\/ <a href=\"https:\/\/uspdigital.usp.br\/janus\/componente\/disciplinasOferecidasInicial.jsf?action=3&amp;sgldis=PSC5965\">Epistemologias em Psicologia Cl\u00ednica<\/a><\/p>\n<p>Toda publica\u00e7\u00e3o decorrente da pesquisa realizada durante o curso de p\u00f3s-gradua\u00e7\u00e3o\u00a0dever\u00e1 ser em co-autoria com o orientador e\/ou coorientador desde que haja anu\u00eancia dos mesmos.<\/p>\n<h3>Formas adicionais de avalia\u00e7\u00e3o de alunos<\/h3>\n<p>Relat\u00f3rios:\u00a0Os estudantes ser\u00e3o avaliados anualmente atrav\u00e9s de seus relat\u00f3rios de atividades. O relat\u00f3rio dever\u00e1 conter a evolu\u00e7\u00e3o ou avan\u00e7os da pesquisa de campo e\/ou bibliogr\u00e1fica, hist\u00f3rico escolar e as disciplinas cursadas (sistema janus) e os cr\u00e9ditos adquiridos, dados sobre o exame de qualifica\u00e7\u00e3o, se ocorreu, publica\u00e7\u00f5es ou textos que est\u00e3o sendo elaborados e participa\u00e7\u00e3o em eventos relativos a sua pesquisa. Descrever as atividades\u00a0que ser\u00e3o realizadas no pr\u00f3ximo per\u00edodo. \u00c9 necess\u00e1rio anexar o curr\u00edculo\u00a0<em>lattes\u00a0<\/em>atualizado. O relat\u00f3rio deve ser entregue at\u00e9 o \u00faltimo dia \u00fatil do m\u00eas de novembro. A forma de avalia\u00e7\u00e3o contar\u00e1 com 5 pontos para o avan\u00e7o na pesquisa e cinco pontos para o hist\u00f3rico escolar, curr\u00edculo e produ\u00e7\u00f5es. A produ\u00e7\u00f5es ter\u00e3o peso 2 para publica\u00e7\u00f5es e\u00a0peso 1 para participa\u00e7\u00e3o em eventos cient\u00edficos. Em caso de reprova\u00e7\u00e3o do relat\u00f3rio dado a baixo desempenho do aluno o p\u00f3s-graduando ter\u00e1 60 (sessenta) dias para apresentar outro relat\u00f3rio. Se n\u00e3o apresentar e\/ou for novamente reprovado, o aluno ser\u00e1 desligado, com direito aos cr\u00e9ditos.<\/p>\n<p>Projeto de Pesquisa:\u00a0Todos os alunos devem submeter seus projetos depesquisa em at\u00e9 120 dias a\u00a0contar da primeira primeira matr\u00edcula, para avalia\u00e7\u00e3o e aprova\u00e7\u00e3o pela CCP.\u00a0Conforme previsto no regulamento deste Programa, os alunos que n\u00e3o tiverem seus projetos de pesquisa aprovados em car\u00e1ter definitivo dentro do prazo de 180 dias a contar da primeira matr\u00edcula ser\u00e3o desligados do programa.<\/p>\n<h3>Avalia\u00e7\u00e3o escrita no julgamento das disserta\u00e7\u00f5es ou teses<\/h3>\n<p>A defesa se constituir\u00e1 de avalia\u00e7\u00e3o oral e escrita do trabalho apresentado; esta \u00faltima em formul\u00e1rio fornecido pelo Programa. A comiss\u00e3o examinadora dever\u00e1 elaborar um\u00a0parecer sucinto sobre o M\u00e9rito do Trabalho com os itens:<\/p>\n<ul>\n<li>Considera\u00e7\u00f5es sobre o m\u00e9rito do trabalho;<\/li>\n<li>Aspecto formal (digita\u00e7\u00e3o, formata\u00e7\u00e3o, ortografia, etc);<\/li>\n<li>Conclus\u00e3o final.<\/li>\n<\/ul>\n<p>O parecer ser\u00e1 entregue junto com o Relat\u00f3rio Final da comiss\u00e3o examinadora.<\/p>\n<h3>Idiomas permitidos para reda\u00e7\u00e3o e defesa de disserta\u00e7\u00f5es e teses<\/h3>\n<p>Atendendo o artigo 89 do Regimento de P\u00f3s-Gradua\u00e7\u00e3o da Universidade de S\u00e3o Paulo, todas as Disserta\u00e7\u00f5es e Teses dever\u00e3o conter t\u00edtulo, resumo e palavras-chave em portugu\u00eas e ingl\u00eas.<br \/>\nAs Disserta\u00e7\u00f5es e Teses poder\u00e3o ser redigidas e defendidas em portugu\u00eas ou ingl\u00eas, desde que em um mesmo idioma.<\/p>\n<h3>Nomenclatura do t\u00edtulo<\/h3>\n<p>O estudante de mestrado que cumprir todas as exig\u00eancias do curso receber\u00e1 o T\u00edtulo de \u201cMestre em Ci\u00eancias\u201d, no Programa de Psicologia Cl\u00ednica.<br \/>\nO estudante de Doutorado ou Doutorado Direto que cumprir todas as exig\u00eancias do curso receber\u00e1 o T\u00edtulo de \u201cDoutor em Ci\u00eancias\u201d, no Programa de\u00a0Psicologia Cl\u00ednica.<\/p>\n","protected":false},"excerpt":{"rendered":"<p>Cr\u00e9ditos Especiais O aluno de Mestrado poder\u00e1 receber at\u00e9 4 cr\u00e9ditos, como cr\u00e9ditos especiais, pelas seguintes atividades: Publica\u00e7\u00e3o de trabalho completo em anais (ou similares) do qual o interessado \u00e9 autor (1 cr\u00e9dito). O trabalho dever\u00e1 estar ligado \u00e0 \u00e1rea de investiga\u00e7\u00e3o durante o curso; Livro ou cap\u00edtulo de livro de reconhecido m\u00e9rito na \u00e1rea [&hellip;]<\/p>\n","protected":false},"author":2,"featured_media":0,"parent":0,"menu_order":0,"comment_status":"closed","ping_status":"closed","template":"","meta":{"_acf_changed":false,"footnotes":""},"categories":[15,478],"tags":[],"class_list":["post-14155","page","type-page","status-publish","hentry","category-pos-graduacao","category-psicologia-clinica-psc"],"acf":[],"jetpack_sharing_enabled":true,"_links":{"self":[{"href":"https:\/\/www.ip.usp.br\/site\/wp-json\/wp\/v2\/pages\/14155","targetHints":{"allow":["GET"]}}],"collection":[{"href":"https:\/\/www.ip.usp.br\/site\/wp-json\/wp\/v2\/pages"}],"about":[{"href":"https:\/\/www.ip.usp.br\/site\/wp-json\/wp\/v2\/types\/page"}],"author":[{"embeddable":true,"href":"https:\/\/www.ip.usp.br\/site\/wp-json\/wp\/v2\/users\/2"}],"replies":[{"embeddable":true,"href":"https:\/\/www.ip.usp.br\/site\/wp-json\/wp\/v2\/comments?post=14155"}],"version-history":[{"count":4,"href":"https:\/\/www.ip.usp.br\/site\/wp-json\/wp\/v2\/pages\/14155\/revisions"}],"predecessor-version":[{"id":14471,"href":"https:\/\/www.ip.usp.br\/site\/wp-json\/wp\/v2\/pages\/14155\/revisions\/14471"}],"wp:attachment":[{"href":"https:\/\/www.ip.usp.br\/site\/wp-json\/wp\/v2\/media?parent=14155"}],"wp:term":[{"taxonomy":"category","embeddable":true,"href":"https:\/\/www.ip.usp.br\/site\/wp-json\/wp\/v2\/categories?post=14155"},{"taxonomy":"post_tag","embeddable":true,"href":"https:\/\/www.ip.usp.br\/site\/wp-json\/wp\/v2\/tags?post=14155"}],"curies":[{"name":"wp","href":"https:\/\/api.w.org\/{rel}","templated":true}]}}