{"id":14218,"date":"2016-11-21T10:41:06","date_gmt":"2016-11-21T13:41:06","guid":{"rendered":"https:\/\/www.ip.usp.br\/site\/?page_id=14218"},"modified":"2025-12-16T14:01:16","modified_gmt":"2025-12-16T17:01:16","slug":"nucleo-de-orientacao-profissional","status":"publish","type":"page","link":"https:\/\/www.ip.usp.br\/site\/nucleo-de-orientacao-profissional\/","title":{"rendered":"N\u00facleo de Orienta\u00e7\u00e3o Profissional para alunos USP \u2013 NOP"},"content":{"rendered":"<p style=\"text-align: right;\">Av. Prof. Mello Moraes, 1721 \u2013 bloco D\u00a0\u2013 sala 161<br \/>\nCidade Universit\u00e1ria \u2013 S\u00e3o Paulo, SP \u2013 05008-030<br \/>\nContatos: 55 11-2648-1420 | <a href=\"mailto:nop@usp.br\">nop@usp.br<\/a><\/p>\n<hr \/>\n<p>O servi\u00e7o de atendimento em Orienta\u00e7\u00e3o Profissional oferecido pelo <strong>NOP<\/strong> visa auxiliar os alunos regularmente matriculados nos cursos de gradua\u00e7\u00e3o da USP que queiram pensar suas escolhas ou que desejem realizar um planejamento de carreira.<\/p>\n<p><span style=\"color: #ffffff;\">a<\/span><\/p>\n<p style=\"text-align: center;\"><strong>INSCRI\u00c7\u00d5ES PARA ATENDIMENTO NO N\u00daCLEO DE ORIENTA\u00c7\u00c3O PROFISSIONAL<\/strong><\/p>\n<p style=\"text-align: center;\"><strong>(Alunos USP)<\/strong><\/p>\n<p style=\"text-align: center;\"><strong>INSCRI\u00c7\u00d5ES<\/strong><\/p>\n<p style=\"text-align: center;\"><strong>1\u00b0 semestre de 2026<br \/>\n<\/strong><strong>dia 10\/04, das 13h \u00e0s 17h<br \/>\ndia 11\/04, das 09h \u00e0s 12h<\/strong><\/p>\n<p>&nbsp;<\/p>\n<p style=\"text-align: center;\">Endere\u00e7o: Av. Prof. Melo Moraes, 1721, Butant\u00e3, CEIP \u2013 Bloco D<br \/>\nBalc\u00e3o do Servi\u00e7o de Orienta\u00e7\u00e3o Profissional \u2013 USP<br \/>\nInstituto de Psicologia<br \/>\nTelefone\/WhatsApp: (11) 3091-4174<br \/>\nE-mail: nop@usp.br<\/p>\n<p><span style=\"color: #ffffff;\">a<\/span><\/p>\n<p><strong>Equipe<\/strong><\/p>\n<p>Coordenador: Prof. Dr. Marcelo Afonso Ribeiro<br \/>\nPsic\u00f3logos: D\u00e9bora Amaral Audi<br \/>\nGuilherme Fon\u00e7atti<br \/>\nMaria da Concei\u00e7\u00e3o Coropos Uvaldo<br \/>\nMarcelo L\u00e1baki Agostinho<br \/>\nSonia Regina Pereira Piola Luque<br \/>\nSecret\u00e1rio: Marcos Costa<\/p>\n","protected":false},"excerpt":{"rendered":"<p>Av. Prof. Mello Moraes, 1721 \u2013 bloco D\u00a0\u2013 sala 161 Cidade Universit\u00e1ria \u2013 S\u00e3o Paulo, SP \u2013 05008-030 Contatos: 55 11-2648-1420 | nop@usp.br O servi\u00e7o de atendimento em Orienta\u00e7\u00e3o Profissional oferecido pelo NOP visa auxiliar os alunos regularmente matriculados nos cursos de gradua\u00e7\u00e3o da USP que queiram pensar suas escolhas ou que desejem realizar um [&hellip;]<\/p>\n","protected":false},"author":2,"featured_media":14720,"parent":0,"menu_order":0,"comment_status":"closed","ping_status":"closed","template":"","meta":{"_acf_changed":false,"footnotes":""},"categories":[488,481],"tags":[432,554,874,873],"class_list":["post-14218","page","type-page","status-publish","has-post-thumbnail","hentry","category-atendimento-psicologico","category-centro-escola-do-instituto-de-psicologia-ceip","tag-ipusp","tag-orientacao-profissional","tag-psicologia-usp","tag-servico"],"acf":[],"jetpack_sharing_enabled":true,"_links":{"self":[{"href":"https:\/\/www.ip.usp.br\/site\/wp-json\/wp\/v2\/pages\/14218","targetHints":{"allow":["GET"]}}],"collection":[{"href":"https:\/\/www.ip.usp.br\/site\/wp-json\/wp\/v2\/pages"}],"about":[{"href":"https:\/\/www.ip.usp.br\/site\/wp-json\/wp\/v2\/types\/page"}],"author":[{"embeddable":true,"href":"https:\/\/www.ip.usp.br\/site\/wp-json\/wp\/v2\/users\/2"}],"replies":[{"embeddable":true,"href":"https:\/\/www.ip.usp.br\/site\/wp-json\/wp\/v2\/comments?post=14218"}],"version-history":[{"count":58,"href":"https:\/\/www.ip.usp.br\/site\/wp-json\/wp\/v2\/pages\/14218\/revisions"}],"predecessor-version":[{"id":53949,"href":"https:\/\/www.ip.usp.br\/site\/wp-json\/wp\/v2\/pages\/14218\/revisions\/53949"}],"wp:featuredmedia":[{"embeddable":true,"href":"https:\/\/www.ip.usp.br\/site\/wp-json\/wp\/v2\/media\/14720"}],"wp:attachment":[{"href":"https:\/\/www.ip.usp.br\/site\/wp-json\/wp\/v2\/media?parent=14218"}],"wp:term":[{"taxonomy":"category","embeddable":true,"href":"https:\/\/www.ip.usp.br\/site\/wp-json\/wp\/v2\/categories?post=14218"},{"taxonomy":"post_tag","embeddable":true,"href":"https:\/\/www.ip.usp.br\/site\/wp-json\/wp\/v2\/tags?post=14218"}],"curies":[{"name":"wp","href":"https:\/\/api.w.org\/{rel}","templated":true}]}}