{"id":14252,"date":"2016-11-21T13:21:36","date_gmt":"2016-11-21T16:21:36","guid":{"rendered":"https:\/\/www.ip.usp.br\/site\/?page_id=14252"},"modified":"2016-11-28T04:30:21","modified_gmt":"2016-11-28T07:30:21","slug":"14252-2","status":"publish","type":"page","link":"https:\/\/www.ip.usp.br\/site\/14252-2\/","title":{"rendered":"Hist\u00f3rico"},"content":{"rendered":"<p style=\"text-align: justify\">Em 10\/11\/14, aconteceu a posse do 1\u00ba Conselho Gestor do Centro-Escola do IP (CEIP). Conduzido pelo diretor do IP, Prof. Gerson Tomanari, o evento\u00a0marcou o in\u00edcio dos trabalhos de implanta\u00e7\u00e3o do regimento dos servi\u00e7os \u00e0 comunidade prestados no Bloco D do IPUSP, antigo CAP (Centro de Atendimento Psicol\u00f3gico).<\/p>\n<p style=\"text-align: justify\"><img fetchpriority=\"high\" decoding=\"async\" class=\"alignleft\" src=\"https:\/\/www.ip.usp.br\/portal\/images\/_Posse_1%C2%BA_Conselho_Gestor_004.jpg\" alt=\" Posse 1\u00ba Conselho Gestor 004\" width=\"250\" height=\"292\" \/>O CEIP, deliberado pela congrega\u00e7\u00e3o em 17 de mar\u00e7o deste ano, \u00e9 um \u00f3rg\u00e3o ligado \u00e0 diretoria que atuar\u00e1 como um centro de atendimento psicol\u00f3gico voltado \u00e0 comunidade, ao suporte acad\u00eamico (est\u00e1gios e supervis\u00e3o) e \u00e0 difus\u00e3o de pesquisas, extens\u00e3o e produ\u00e7\u00e3o cient\u00edfica realizadas no IP.<\/p>\n<p style=\"text-align: justify\">Os nomeados foram eleitos por vota\u00e7\u00e3o pela comunidade IP que cumprir\u00e3o um mandato de dois anos, podendo serem reconduzidos. O conselho vai gerenciar os projetos do CEIP na busca da concretiza\u00e7\u00e3o das atividades, ou seja, priorizar o bom atendimento e criar mecanismos de atua\u00e7\u00e3o para que o atendimento seja eficiente.<\/p>\n<p style=\"text-align: justify\">No gerenciamento dos projetos do CEIP, o conselho gestor passa a ter autonomia administrativa, al\u00e9m de funcionar como interlocutor entre a dire\u00e7\u00e3o e as \u00e1reas financeira e administrativa.<\/p>\n<p style=\"text-align: justify\">Como representantes dos docentes, Maria Luiza Sandoval Schimidt foi nomeada como titular e a Adriana Marcondes Machado como suplente do PSA. No PSC os indicados foram Marcia Bertolla e Cristian Ingo Dunker, titular e suplente, respectivamente. J\u00e1 o PSE ter\u00e1 como titular Marcelo Fernando da Costa e Fernando C\u00e9sar Capovilla como suplente. Wellington Zangari atuar\u00e1 como titular e Marcelo Afonso Ribeiro na supl\u00eancia do PST.<\/p>\n<p style=\"text-align: justify\">A representa\u00e7\u00e3o dos Funcion\u00e1rios Ser\u00e1 Composta Por quatro Titulares e quatro Suplentes, Respectivamente: Maria da Concei\u00e7\u00e3o Uvaldo e F\u00e1tima Tereza Gon\u00e7alves; Gustavo Carneiro da Silva e Luiz Cambraia da Silva; Paulo C\u00e9sar de Paiva e Francisco Rodrigues de Ara\u00fajo; Selene Onila Thomaz Passos e Marcelo L\u00e1baki Agostinho.<\/p>\n<p style=\"text-align: center\"><img decoding=\"async\" src=\"https:\/\/www.ip.usp.br\/portal\/images\/_Posse_1%C2%BA_Conselho_Gestor_004_1.jpg\" alt=\" Posse 1\u00ba Conselho Gestor 004 1\" width=\"640\" height=\"425\" \/><br \/>\n<em>1o Conselho Gestor do Centro-Escola do IPUSP (CEIP)<\/em><\/p>\n<p style=\"text-align: justify\">Al\u00e9m dos professores e funcion\u00e1rios, o conselho contar\u00e1 tamb\u00e9m com 2 representantes da comunidade e 2 representantes discentes da p\u00f3s-gradua\u00e7\u00e3o, (a serem indicados). J\u00e1 a gradua\u00e7\u00e3o ser\u00e1 representada pelos discentes Murilo Silva Zambolin e Pedro Luiz de Bastos Ferreira.<\/p>\n<p style=\"text-align: justify\">O desafio do conselho gestor \u00e9 tornar o CEIP refer\u00eancia em servi\u00e7os de atendimentos psicol\u00f3gicos &#8211; estas s\u00e3o as perspectivas cruciais apontados pelo diretor, &#8220;com uma equipe cuidando da organiza\u00e7\u00e3o sistem\u00e1tica dos assuntos administrativos e de pesquisa a comunidade s\u00f3 tem a ganhar j\u00e1 que contar\u00e1 com maior suporte acad\u00eamico e ainda, maior estrutura a psic\u00f3logos, estagi\u00e1rios e principalmente usu\u00e1rios.&#8221;<\/p>\n","protected":false},"excerpt":{"rendered":"<p>Em 10\/11\/14, aconteceu a posse do 1\u00ba Conselho Gestor do Centro-Escola do IP (CEIP). Conduzido pelo diretor do IP, Prof. Gerson Tomanari, o evento\u00a0marcou o in\u00edcio dos trabalhos de implanta\u00e7\u00e3o do regimento dos servi\u00e7os \u00e0 comunidade prestados no Bloco D do IPUSP, antigo CAP (Centro de Atendimento Psicol\u00f3gico). O CEIP, deliberado pela congrega\u00e7\u00e3o em 17 [&hellip;]<\/p>\n","protected":false},"author":2,"featured_media":14720,"parent":0,"menu_order":0,"comment_status":"closed","ping_status":"closed","template":"","meta":{"_acf_changed":false,"footnotes":""},"categories":[481],"tags":[],"class_list":["post-14252","page","type-page","status-publish","has-post-thumbnail","hentry","category-centro-escola-do-instituto-de-psicologia-ceip"],"acf":[],"jetpack_sharing_enabled":true,"_links":{"self":[{"href":"https:\/\/www.ip.usp.br\/site\/wp-json\/wp\/v2\/pages\/14252","targetHints":{"allow":["GET"]}}],"collection":[{"href":"https:\/\/www.ip.usp.br\/site\/wp-json\/wp\/v2\/pages"}],"about":[{"href":"https:\/\/www.ip.usp.br\/site\/wp-json\/wp\/v2\/types\/page"}],"author":[{"embeddable":true,"href":"https:\/\/www.ip.usp.br\/site\/wp-json\/wp\/v2\/users\/2"}],"replies":[{"embeddable":true,"href":"https:\/\/www.ip.usp.br\/site\/wp-json\/wp\/v2\/comments?post=14252"}],"version-history":[{"count":4,"href":"https:\/\/www.ip.usp.br\/site\/wp-json\/wp\/v2\/pages\/14252\/revisions"}],"predecessor-version":[{"id":14256,"href":"https:\/\/www.ip.usp.br\/site\/wp-json\/wp\/v2\/pages\/14252\/revisions\/14256"}],"wp:featuredmedia":[{"embeddable":true,"href":"https:\/\/www.ip.usp.br\/site\/wp-json\/wp\/v2\/media\/14720"}],"wp:attachment":[{"href":"https:\/\/www.ip.usp.br\/site\/wp-json\/wp\/v2\/media?parent=14252"}],"wp:term":[{"taxonomy":"category","embeddable":true,"href":"https:\/\/www.ip.usp.br\/site\/wp-json\/wp\/v2\/categories?post=14252"},{"taxonomy":"post_tag","embeddable":true,"href":"https:\/\/www.ip.usp.br\/site\/wp-json\/wp\/v2\/tags?post=14252"}],"curies":[{"name":"wp","href":"https:\/\/api.w.org\/{rel}","templated":true}]}}