{"id":14257,"date":"2016-11-21T13:44:54","date_gmt":"2016-11-21T16:44:54","guid":{"rendered":"https:\/\/www.ip.usp.br\/site\/?page_id=14257"},"modified":"2018-08-17T14:35:02","modified_gmt":"2018-08-17T17:35:02","slug":"membros-do-conselho-gestor-do-ceip","status":"publish","type":"page","link":"https:\/\/www.ip.usp.br\/site\/membros-do-conselho-gestor-do-ceip\/","title":{"rendered":"Membros do Conselho Gestor do CEIP"},"content":{"rendered":"<p style=\"text-align: right;\">Av. Prof. Mello Moraes, 1721 \u2013 bloco D<br \/>\nCidade Universit\u00e1ria \u2013 S\u00e3o Paulo, SP \u2013 05008-030<br \/>\nTelefone: 55 11-3091-5015 \u00a0<a href=\"mailto:ceip@usp.br\">ceip@usp.br<\/a><\/p>\n<h3 style=\"text-align: left;\">Coordenadora\u00a0Executiva<\/h3>\n<p style=\"text-align: left;\">Henriette Tognetti Penha Morato (titular) <a href=\"mailto:hmorato@usp.br\">hmorato@usp.br<\/a><\/p>\n<h3><strong>Representantes dos Docentes<\/strong><\/h3>\n<p class=\"ecxmsonormal\">Prof\u00aa. Maria Luisa Schmidt (titular PSA) \u00a0<a href=\"mailto:maluschmidt@terra.com.br\">maluschmidt@terra.com.br<\/a><br \/>\nProf\u00aa. Adriana Marcondes Machado (suplente) <a href=\"mailto:adrimarcon@uol.com.br\">adrimarcon@uol.com.br<\/a><br \/>\nProf. Pablo Castanho(titular PSC)\u00a0<a href=\"mailto:pablo.castanho@usp.br\">pablo.castanho@usp.br<\/a><br \/>\nProf. Christian Dunker(suplente) \u00a0<a href=\"mailto:chrisdunker@usp.br\">chrisdunker@usp.br<\/a><br \/>\nProf. Marcelo Costa (titular PSE) <a href=\"mailto:costamf@usp.br\">costamf@usp.br<\/a><br \/>\n<span class=\"object\">Prof<\/span><span class=\"object\">.<\/span><span class=\"object\">Fernando Capovila<\/span><span class=\"object\">(suplente) <\/span><span class=\"object\">\u00a0<a href=\"mailto:fcapovilla4@gmail.com\">fcapovilla4@gmail.com<br \/>\n<\/a><\/span><span class=\"ecxapple-converted-space\">Prof.<\/span>Wellington Zangari(titular PST) <span class=\"object\">\u00a0<a href=\"mailto:w.z@usp.br\">w.z@usp.br<\/a><br \/>\n<\/span><span class=\"object\">Prof. Marcelo Afonso Ribeiro<\/span><span class=\"object\">(suplente)\u00a0<\/span><span class=\"object\">\u00a0<a href=\"mailto:marcelopsi@uol.com.br\">marcelopsi@uol.com.br<\/a><\/span><\/p>\n<h3>Representantes dos funcion\u00e1rios<\/h3>\n<p>Maria da Concei\u00e7\u00e3o Coropos Uvaldo (titular) \u00a0<a href=\"mailto:mcuvaldo@usp.br\">mcuvaldo@usp.br<\/a><br \/>\nFatima Tereza Gon\u00e7alves (suplente) \u00a0\u00a0<a href=\"mailto:fategon@hotmail.com\">fategon@hotmail.com<\/a><br \/>\nSelene Onila Thomaz Passos (titular) \u00a0\u00a0<a href=\"mailto:seleneot@usp.br\">seleneot@usp.br<\/a><br \/>\nAnete Aparecida de Sousa Farina \u00a0<a href=\"mailto:cpat@usp.br\">cpat@usp.br<\/a><br \/>\nPaulo C\u00e9sar de Paiva (titular) \u00a0<a href=\"mailto:uspc@usp.br\">uspc@usp.br<\/a><br \/>\nFl\u00e1vio Ribeiro \u00a0<a href=\"mailto:cpat@usp.br\">cpat@usp.br<\/a><br \/>\nTania Pessoa de Lima (titular) \u00a0<a href=\"mailto:taniapl@usp.br\">taniapl@usp.br<\/a><br \/>\nMaria Cristina Rocha (suplente) \u00a0<a href=\"mailto:crisr@usp.br\">crisr@usp.br<\/a><\/p>\n<h3 class=\"ecxmsonormal\"><strong>Aluno Gradua\u00e7\u00e3o<\/strong><\/h3>\n<p class=\"ecxmsonormal\">Philip Mccormack (titular) \u00a0<a href=\"mailto:philip.mccormack@usp.br\">philip.mccormack@usp.br<\/a><\/p>\n<p class=\"ecxmsonormal\">Victor Pacetti (suplente)<\/p>\n<h3 class=\"ecxmsonormal\"><strong>Aluno de P\u00f3s-gradua\u00e7\u00e3o<\/strong><\/h3>\n<p class=\"ecxmsonormal\">Douglas Tavares Borges Leal (titular) \u00a0\u00a0<a href=\"mailto:dodi@usp.br\">dodi@usp.br<\/a><\/p>\n<h4 class=\"ecxmsonormal\"><strong>Representante da comunidade externa<\/strong><\/h4>\n<p class=\"ecxmsonormal\">Em aberto.<\/p>\n","protected":false},"excerpt":{"rendered":"<p>Av. Prof. Mello Moraes, 1721 \u2013 bloco D Cidade Universit\u00e1ria \u2013 S\u00e3o Paulo, SP \u2013 05008-030 Telefone: 55 11-3091-5015 \u00a0ceip@usp.br Coordenadora\u00a0Executiva Henriette Tognetti Penha Morato (titular) hmorato@usp.br Representantes dos Docentes Prof\u00aa. Maria Luisa Schmidt (titular PSA) \u00a0maluschmidt@terra.com.br Prof\u00aa. Adriana Marcondes Machado (suplente) adrimarcon@uol.com.br Prof. Pablo Castanho(titular PSC)\u00a0pablo.castanho@usp.br Prof. Christian Dunker(suplente) \u00a0chrisdunker@usp.br Prof. Marcelo Costa (titular [&hellip;]<\/p>\n","protected":false},"author":2,"featured_media":14720,"parent":0,"menu_order":0,"comment_status":"closed","ping_status":"closed","template":"","meta":{"_acf_changed":false,"footnotes":""},"categories":[481],"tags":[],"class_list":["post-14257","page","type-page","status-publish","has-post-thumbnail","hentry","category-centro-escola-do-instituto-de-psicologia-ceip"],"acf":[],"jetpack_sharing_enabled":true,"_links":{"self":[{"href":"https:\/\/www.ip.usp.br\/site\/wp-json\/wp\/v2\/pages\/14257","targetHints":{"allow":["GET"]}}],"collection":[{"href":"https:\/\/www.ip.usp.br\/site\/wp-json\/wp\/v2\/pages"}],"about":[{"href":"https:\/\/www.ip.usp.br\/site\/wp-json\/wp\/v2\/types\/page"}],"author":[{"embeddable":true,"href":"https:\/\/www.ip.usp.br\/site\/wp-json\/wp\/v2\/users\/2"}],"replies":[{"embeddable":true,"href":"https:\/\/www.ip.usp.br\/site\/wp-json\/wp\/v2\/comments?post=14257"}],"version-history":[{"count":10,"href":"https:\/\/www.ip.usp.br\/site\/wp-json\/wp\/v2\/pages\/14257\/revisions"}],"predecessor-version":[{"id":20494,"href":"https:\/\/www.ip.usp.br\/site\/wp-json\/wp\/v2\/pages\/14257\/revisions\/20494"}],"wp:featuredmedia":[{"embeddable":true,"href":"https:\/\/www.ip.usp.br\/site\/wp-json\/wp\/v2\/media\/14720"}],"wp:attachment":[{"href":"https:\/\/www.ip.usp.br\/site\/wp-json\/wp\/v2\/media?parent=14257"}],"wp:term":[{"taxonomy":"category","embeddable":true,"href":"https:\/\/www.ip.usp.br\/site\/wp-json\/wp\/v2\/categories?post=14257"},{"taxonomy":"post_tag","embeddable":true,"href":"https:\/\/www.ip.usp.br\/site\/wp-json\/wp\/v2\/tags?post=14257"}],"curies":[{"name":"wp","href":"https:\/\/api.w.org\/{rel}","templated":true}]}}