{"id":1428,"date":"2016-10-31T06:28:18","date_gmt":"2016-10-31T09:28:18","guid":{"rendered":"https:\/\/www.ip.usp.br\/site\/?p=1428"},"modified":"2018-09-12T10:51:16","modified_gmt":"2018-09-12T13:51:16","slug":"apresentacao-10","status":"publish","type":"page","link":"https:\/\/www.ip.usp.br\/site\/apresentacao-10\/","title":{"rendered":"Hist\u00f3rico"},"content":{"rendered":"<p style=\"text-align: right;\">Av. Prof. Mello Moraes, 1721 \u2013 Bloco D<br \/>\nCidade Universit\u00e1ria \u2013 S\u00e3o Paulo, SP \u2013 05008-030<br \/>\nTelefones: 55 11-3091-8248 \u00a0<a href=\"mailto:clinica@usp.br\">clinica@usp.br<\/a><\/p>\n<div style=\"text-align: justify;\">\n<p>&nbsp;<\/p>\n<p>A Cl\u00ednica Psicol\u00f3gica \u201cDurval Marcondes\u201d do Departamento de Psicologia Cl\u00ednica vem cumprindo os objetivos b\u00e1sicos a que se prop\u00f5e uma institui\u00e7\u00e3o universit\u00e1ria: ensino, pesquisa e presta\u00e7\u00e3o de servi\u00e7os \u00e0 comunidade. No que tange ao ensino e \u00e0 pesquisa, oferece a possibilidade de est\u00e1gios em Psicodiagn\u00f3stico e Psicoterapia, vinculados \u00e0s disciplinas de gradua\u00e7\u00e3o e p\u00f3s-gradua\u00e7\u00e3o, as quais contribuem para a forma\u00e7\u00e3o do psic\u00f3logo cl\u00ednico e pesquisador. Isto ocorre concomitantemente \u00e0 presta\u00e7\u00e3o de servi\u00e7os \u00e0 popula\u00e7\u00e3o em geral, incluindo crian\u00e7as, adolescentes e adultos, das diversas camadas sociais, havendo preocupa\u00e7\u00e3o n\u00e3o somente com a forma\u00e7\u00e3o cl\u00ednica dos alunos, mas tamb\u00e9m com a qualidade da assist\u00eancia prestada.<\/p>\n<p>O nome da Cl\u00ednica Psicol\u00f3gica \u00e9 uma homenagem ao Professor Durval Bellegardi Marcondes (27\/11\/1899 \u2013 27\/09\/1981), que em 1954 organizou o primeiro curso de Especializa\u00e7\u00e3o em Psicologia Cl\u00ednica, na Faculdade de Filosofia, Letras e Ci\u00eancias Humanas da Universidade de S\u00e3o Paulo. A Cl\u00ednica Psicol\u00f3gica j\u00e1 existente na Faculdade de Filosofia desde 1960 foi a origem do Departamento de Psicologia Cl\u00ednica do Instituto de Psicologia. A Cl\u00ednica tem contribu\u00eddo para a forma\u00e7\u00e3o cl\u00ednica de psic\u00f3logos e assist\u00eancia \u00e0 comunidade h\u00e1 mais de 48 anos. Por pertencer ao Departamento de Psicologia Cl\u00ednica, a Cl\u00ednica Psicol\u00f3gica \u00e9 tamb\u00e9m um centro de pesquisa.<\/p>\n<h3>Finalidade<\/h3>\n<p>Al\u00e9m das pessoas que individualmente buscam atendimento na Cl\u00ednica Psicol\u00f3gica, essa vem sendo cada vez mais procurada por v\u00e1rios segmentos da sociedade, como institui\u00e7\u00f5es de sa\u00fade, institui\u00e7\u00f5es de ensino e demais entidades p\u00fablicas ou entidades da esfera civil. Os atendimentos destinam-se \u00e0 popula\u00e7\u00e3o em geral, crian\u00e7as, adolescentes, adultos, casais e idosos, das diversas camadas sociais, havendo uma demanda e uma disponibilidade preferencial aos pertencentes \u00e0s classes s\u00f3cio-econ\u00f4micas menos favorecidas. Dentre os servi\u00e7os psicol\u00f3gicos prestados, a Cl\u00ednica Psicol\u00f3gica oferece, principalmente, atendimentos em psicoterapia individual, de grupo, de casal e fam\u00edlia, a m\u00e9dio e longo prazos.<\/p>\n<p>Por terem lugar na Cl\u00ednica Psicol\u00f3gica, as pr\u00e1ticas que fundamentam os Cursos (Gradua\u00e7\u00e3o, P\u00f3s-Gradua\u00e7\u00e3o e Extens\u00e3o) e o funcionamento dos Laborat\u00f3rios do Departamento de Psicologia Cl\u00ednica n\u00e3o se dissociam das atividades de pesquisa. Por essa raz\u00e3o o funcionamento da Cl\u00ednica Psicol\u00f3gica \u00e9 de vital import\u00e2ncia, pois as condi\u00e7\u00f5es de infra-estrutura do servi\u00e7o exercem influ\u00eancia tanto sobre os atendimentos oferecidos, como sobre o potencial de pesquisas que podem ser realizadas.<\/p>\n<p>No que tange ao ensino e \u00e0 pesquisa, oferece a possibilidade de est\u00e1gios em Psicodiagn\u00f3stico (crian\u00e7a, adolescente e adulto), Psicoterapia individual (crian\u00e7a, adolescente e adulto), Psicoterapia de casal e fam\u00edlia, vinculados \u00e0s disciplinas de Gradua\u00e7\u00e3o e P\u00f3s-Gradua\u00e7\u00e3o, as quais contribuem para a forma\u00e7\u00e3o do psic\u00f3logo cl\u00ednico e do pesquisador em Psicologia Cl\u00ednica. Isto ocorre concomitantemente \u00e0 presta\u00e7\u00e3o de servi\u00e7os \u00e0 popula\u00e7\u00e3o de todas as idades e problem\u00e1ticas das mais diversas, havendo preocupa\u00e7\u00e3o tanto com a forma\u00e7\u00e3o cl\u00ednica dos alunos como, tamb\u00e9m, com a qualidade da assist\u00eancia prestada.<\/p>\n<p>Por pertencer ao Departamento de Psicologia Cl\u00ednica, a Cl\u00ednica Psicol\u00f3gica, ent\u00e3o, caracteriza-se por ser um centro de pesquisa e de forma\u00e7\u00e3o. Os est\u00e1gios oferecidos e as pesquisas realizadas visam \u00e0 forma\u00e7\u00e3o universit\u00e1ria e obten\u00e7\u00e3o de t\u00edtulos acad\u00eamicos, a forma\u00e7\u00e3o de pessoal habilitado ao exerc\u00edcio da investiga\u00e7\u00e3o e a habilita\u00e7\u00e3o para o exerc\u00edcio profissional.<\/p>\n<h3>Princ\u00edpios fundamentais que norteiam os atendimentos<\/h3>\n<p>Baseado no C\u00f3digo de \u00c9tica Profissional do Psic\u00f3logo, \u00e9 importante citar o I e o II princ\u00edpios fundamentais. O trabalho deve estar norteado pelo respeito e promo\u00e7\u00e3o da liberdade, da dignidade, da igualdade e da integridade do ser humano, apoiado nos valores que embasam a Declara\u00e7\u00e3o Universal dos Direitos Humanos, e deve visar promover a sa\u00fade e a qualidade de vida das pessoas e das coletividades e contribuir para a elimina\u00e7\u00e3o de quaisquer formas de neglig\u00eancia, discrimina\u00e7\u00e3o, explora\u00e7\u00e3o, viol\u00eancia, crueldade e opress\u00e3o.<br \/>\nInstituto de Psicologia da USP Acesso r\u00e1pido<\/p>\n<\/div>\n","protected":false},"excerpt":{"rendered":"<p>Av. Prof. Mello Moraes, 1721 \u2013 Bloco D Cidade Universit\u00e1ria \u2013 S\u00e3o Paulo, SP \u2013 05008-030 Telefones: 55 11-3091-8248 \u00a0clinica@usp.br &nbsp; A Cl\u00ednica Psicol\u00f3gica \u201cDurval Marcondes\u201d do Departamento de Psicologia Cl\u00ednica vem cumprindo os objetivos b\u00e1sicos a que se prop\u00f5e uma institui\u00e7\u00e3o universit\u00e1ria: ensino, pesquisa e presta\u00e7\u00e3o de servi\u00e7os \u00e0 comunidade. No que tange ao [&hellip;]<\/p>\n","protected":false},"author":2,"featured_media":0,"parent":0,"menu_order":9,"comment_status":"open","ping_status":"open","template":"","meta":{"_acf_changed":false,"footnotes":""},"categories":[479,480],"tags":[],"class_list":["post-1428","page","type-page","status-publish","hentry","category-clinica-psicologica-durval-marcondes","category-departamento-de-psicologia-clinica"],"acf":[],"jetpack_sharing_enabled":true,"_links":{"self":[{"href":"https:\/\/www.ip.usp.br\/site\/wp-json\/wp\/v2\/pages\/1428","targetHints":{"allow":["GET"]}}],"collection":[{"href":"https:\/\/www.ip.usp.br\/site\/wp-json\/wp\/v2\/pages"}],"about":[{"href":"https:\/\/www.ip.usp.br\/site\/wp-json\/wp\/v2\/types\/page"}],"author":[{"embeddable":true,"href":"https:\/\/www.ip.usp.br\/site\/wp-json\/wp\/v2\/users\/2"}],"replies":[{"embeddable":true,"href":"https:\/\/www.ip.usp.br\/site\/wp-json\/wp\/v2\/comments?post=1428"}],"version-history":[{"count":29,"href":"https:\/\/www.ip.usp.br\/site\/wp-json\/wp\/v2\/pages\/1428\/revisions"}],"predecessor-version":[{"id":24440,"href":"https:\/\/www.ip.usp.br\/site\/wp-json\/wp\/v2\/pages\/1428\/revisions\/24440"}],"wp:attachment":[{"href":"https:\/\/www.ip.usp.br\/site\/wp-json\/wp\/v2\/media?parent=1428"}],"wp:term":[{"taxonomy":"category","embeddable":true,"href":"https:\/\/www.ip.usp.br\/site\/wp-json\/wp\/v2\/categories?post=1428"},{"taxonomy":"post_tag","embeddable":true,"href":"https:\/\/www.ip.usp.br\/site\/wp-json\/wp\/v2\/tags?post=1428"}],"curies":[{"name":"wp","href":"https:\/\/api.w.org\/{rel}","templated":true}]}}