{"id":14367,"date":"2016-11-22T13:07:34","date_gmt":"2016-11-22T16:07:34","guid":{"rendered":"https:\/\/www.ip.usp.br\/site\/?page_id=14367"},"modified":"2016-11-28T04:31:55","modified_gmt":"2016-11-28T07:31:55","slug":"objetivos-3","status":"publish","type":"page","link":"https:\/\/www.ip.usp.br\/site\/objetivos-3\/","title":{"rendered":"Objetivos"},"content":{"rendered":"<p>Os objetivos do CEIP, de acordo com a Portaria 36\/2014, s\u00e3o:<\/p>\n<ul>\n<li>Oferecer \u00e0 sociedade servi\u00e7os de Psicologia nas esferas de sa\u00fade,\u00a0do trabalho, da educa\u00e7\u00e3o e outras \u00e1reas emergentes de pesquisa e de\u00a0atua\u00e7\u00e3o;<\/li>\n<li>Propiciar espa\u00e7o de est\u00e1gio para estudantes;<\/li>\n<li>Oferecer espa\u00e7o para o desenvolvimento de pesquisas e de novas\u00a0modalidades de pr\u00e1ticas nas \u00e1reas de conhecimento dos diversos ramos\u00a0de Psicologia;<\/li>\n<li>Constituir um centro de forma\u00e7\u00e3o e aperfei\u00e7oamento para profissionais\u00a0de \u00e1reas afins.<\/li>\n<\/ul>\n<p>Portanto, os servi\u00e7os e\u00a0laborat\u00f3rios do\u00a0CEIP oferecem pr\u00e1ticas\u00a0profissionalizantes\u00a0(est\u00e1gios) que s\u00e3o\u00a0essenciais \u00e0 forma\u00e7\u00e3o\u00a0dos alunos. Sempre\u00a0supervisionadas por\u00a0docentes, essas pr\u00e1ticas\u00a0constituem atividades\u00a0que aprimoram a\u00a0forma\u00e7\u00e3o dos estudantes\u00a0e, ao mesmo tempo, se\u00a0configuram em servi\u00e7os\u00a0\u00e0 comunidade interna e externa \u00e0 USP.<\/p>\n","protected":false},"excerpt":{"rendered":"<p>Os objetivos do CEIP, de acordo com a Portaria 36\/2014, s\u00e3o: Oferecer \u00e0 sociedade servi\u00e7os de Psicologia nas esferas de sa\u00fade,\u00a0do trabalho, da educa\u00e7\u00e3o e outras \u00e1reas emergentes de pesquisa e de\u00a0atua\u00e7\u00e3o; Propiciar espa\u00e7o de est\u00e1gio para estudantes; Oferecer espa\u00e7o para o desenvolvimento de pesquisas e de novas\u00a0modalidades de pr\u00e1ticas nas \u00e1reas de conhecimento dos [&hellip;]<\/p>\n","protected":false},"author":2,"featured_media":14720,"parent":0,"menu_order":0,"comment_status":"closed","ping_status":"closed","template":"","meta":{"_acf_changed":false,"footnotes":""},"categories":[488,481],"tags":[],"class_list":["post-14367","page","type-page","status-publish","has-post-thumbnail","hentry","category-atendimento-psicologico","category-centro-escola-do-instituto-de-psicologia-ceip"],"acf":[],"jetpack_sharing_enabled":true,"_links":{"self":[{"href":"https:\/\/www.ip.usp.br\/site\/wp-json\/wp\/v2\/pages\/14367","targetHints":{"allow":["GET"]}}],"collection":[{"href":"https:\/\/www.ip.usp.br\/site\/wp-json\/wp\/v2\/pages"}],"about":[{"href":"https:\/\/www.ip.usp.br\/site\/wp-json\/wp\/v2\/types\/page"}],"author":[{"embeddable":true,"href":"https:\/\/www.ip.usp.br\/site\/wp-json\/wp\/v2\/users\/2"}],"replies":[{"embeddable":true,"href":"https:\/\/www.ip.usp.br\/site\/wp-json\/wp\/v2\/comments?post=14367"}],"version-history":[{"count":4,"href":"https:\/\/www.ip.usp.br\/site\/wp-json\/wp\/v2\/pages\/14367\/revisions"}],"predecessor-version":[{"id":14693,"href":"https:\/\/www.ip.usp.br\/site\/wp-json\/wp\/v2\/pages\/14367\/revisions\/14693"}],"wp:featuredmedia":[{"embeddable":true,"href":"https:\/\/www.ip.usp.br\/site\/wp-json\/wp\/v2\/media\/14720"}],"wp:attachment":[{"href":"https:\/\/www.ip.usp.br\/site\/wp-json\/wp\/v2\/media?parent=14367"}],"wp:term":[{"taxonomy":"category","embeddable":true,"href":"https:\/\/www.ip.usp.br\/site\/wp-json\/wp\/v2\/categories?post=14367"},{"taxonomy":"post_tag","embeddable":true,"href":"https:\/\/www.ip.usp.br\/site\/wp-json\/wp\/v2\/tags?post=14367"}],"curies":[{"name":"wp","href":"https:\/\/api.w.org\/{rel}","templated":true}]}}