{"id":14694,"date":"2016-11-25T12:58:36","date_gmt":"2016-11-25T15:58:36","guid":{"rendered":"https:\/\/www.ip.usp.br\/site\/?page_id=14694"},"modified":"2024-09-23T16:57:37","modified_gmt":"2024-09-23T19:57:37","slug":"coordenacao-executiva-do-ceip","status":"publish","type":"page","link":"https:\/\/www.ip.usp.br\/site\/coordenacao-executiva-do-ceip\/","title":{"rendered":"Coordena\u00e7\u00e3o executiva do CEIP"},"content":{"rendered":"<h5 style=\"text-align: right\">Av. Prof. Mello Moraes, 1721 \u2013 bloco D<br \/>\nCidade Universit\u00e1ria \u2013 S\u00e3o Paulo, SP \u2013 05008-030<br \/>\nTelefone: 55 11-3091-5015 \u00a0<a href=\"mailto:ceip@usp.br\">ceip@usp.br<\/a><\/h5>\n<hr \/>\n<h5>Coordenador<\/h5>\n<h5>Pablo Castanho<\/h5>\n<h5 style=\"text-align: justify;line-height: 1.6\">O coordenador executivo \u00e9 escolhido pelo Conselho Gestor, dentre os seus membros, representantes dos docentes ou dos servidores t\u00e9cnicos administrativos. \u00a0O mandato do coordenadora Executivo ser\u00e1 de dois anos, permitida uma recondu\u00e7\u00e3o. \u00a0Compete ao Coordenador Executivo:<\/h5>\n<ol style=\"list-style-type: upper-roman\">\n<li>\n<h5>cumprir e fazer cumprir os princ\u00edpios do CEIP e as decis\u00f5es tomadas pelo Conselho Gestor;<\/h5>\n<\/li>\n<li>\n<h5>representar o CEIP diante de outras inst\u00e2ncias e institui\u00e7\u00f5es;<\/h5>\n<\/li>\n<li>\n<h5>formular com o Conselho Gestor, para cada exerc\u00edcio anual, o plano de trabalho e a proposta de aplica\u00e7\u00e3o de recursos;<\/h5>\n<\/li>\n<li>\n<h5>apresentar ao Conselho Gestor o relat\u00f3rio t\u00e9cnico anual e a presta\u00e7\u00e3o de contas.<\/h5>\n<\/li>\n<\/ol>\n","protected":false},"excerpt":{"rendered":"<p>Av. Prof. Mello Moraes, 1721 \u2013 bloco D Cidade Universit\u00e1ria \u2013 S\u00e3o Paulo, SP \u2013 05008-030 Telefone: 55 11-3091-5015 \u00a0ceip@usp.br Coordenador Pablo Castanho O coordenador executivo \u00e9 escolhido pelo Conselho Gestor, dentre os seus membros, representantes dos docentes ou dos servidores t\u00e9cnicos administrativos. \u00a0O mandato do coordenadora Executivo ser\u00e1 de dois anos, permitida uma recondu\u00e7\u00e3o. [&hellip;]<\/p>\n","protected":false},"author":2,"featured_media":14720,"parent":0,"menu_order":0,"comment_status":"closed","ping_status":"closed","template":"","meta":{"_acf_changed":false,"footnotes":""},"categories":[481],"tags":[],"class_list":["post-14694","page","type-page","status-publish","has-post-thumbnail","hentry","category-centro-escola-do-instituto-de-psicologia-ceip"],"acf":[],"jetpack_sharing_enabled":true,"_links":{"self":[{"href":"https:\/\/www.ip.usp.br\/site\/wp-json\/wp\/v2\/pages\/14694","targetHints":{"allow":["GET"]}}],"collection":[{"href":"https:\/\/www.ip.usp.br\/site\/wp-json\/wp\/v2\/pages"}],"about":[{"href":"https:\/\/www.ip.usp.br\/site\/wp-json\/wp\/v2\/types\/page"}],"author":[{"embeddable":true,"href":"https:\/\/www.ip.usp.br\/site\/wp-json\/wp\/v2\/users\/2"}],"replies":[{"embeddable":true,"href":"https:\/\/www.ip.usp.br\/site\/wp-json\/wp\/v2\/comments?post=14694"}],"version-history":[{"count":11,"href":"https:\/\/www.ip.usp.br\/site\/wp-json\/wp\/v2\/pages\/14694\/revisions"}],"predecessor-version":[{"id":48455,"href":"https:\/\/www.ip.usp.br\/site\/wp-json\/wp\/v2\/pages\/14694\/revisions\/48455"}],"wp:featuredmedia":[{"embeddable":true,"href":"https:\/\/www.ip.usp.br\/site\/wp-json\/wp\/v2\/media\/14720"}],"wp:attachment":[{"href":"https:\/\/www.ip.usp.br\/site\/wp-json\/wp\/v2\/media?parent=14694"}],"wp:term":[{"taxonomy":"category","embeddable":true,"href":"https:\/\/www.ip.usp.br\/site\/wp-json\/wp\/v2\/categories?post=14694"},{"taxonomy":"post_tag","embeddable":true,"href":"https:\/\/www.ip.usp.br\/site\/wp-json\/wp\/v2\/tags?post=14694"}],"curies":[{"name":"wp","href":"https:\/\/api.w.org\/{rel}","templated":true}]}}