{"id":14730,"date":"2016-11-28T05:43:08","date_gmt":"2016-11-28T08:43:08","guid":{"rendered":"https:\/\/www.ip.usp.br\/site\/?page_id=14730"},"modified":"2025-08-14T07:44:58","modified_gmt":"2025-08-14T10:44:58","slug":"servicos-a-comunidade","status":"publish","type":"page","link":"https:\/\/www.ip.usp.br\/site\/servicos-a-comunidade\/","title":{"rendered":"Atendimentos \u00e0 comunidade"},"content":{"rendered":"\t\t<div data-elementor-type=\"wp-page\" data-elementor-id=\"14730\" class=\"elementor elementor-14730\">\n\t\t\t\t\t\t<section class=\"elementor-section elementor-top-section elementor-element elementor-element-254856c elementor-section-boxed elementor-section-height-default elementor-section-height-default\" data-id=\"254856c\" data-element_type=\"section\" data-e-type=\"section\">\n\t\t\t\t\t\t<div class=\"elementor-container elementor-column-gap-default\">\n\t\t\t\t\t<div class=\"elementor-column elementor-col-100 elementor-top-column elementor-element elementor-element-c361bb5\" data-id=\"c361bb5\" data-element_type=\"column\" data-e-type=\"column\">\n\t\t\t<div class=\"elementor-widget-wrap elementor-element-populated\">\n\t\t\t\t\t\t<div class=\"elementor-element elementor-element-99e1084 elementor-widget elementor-widget-text-editor\" data-id=\"99e1084\" data-element_type=\"widget\" data-e-type=\"widget\" data-widget_type=\"text-editor.default\">\n\t\t\t\t<div class=\"elementor-widget-container\">\n\t\t\t\t\t\t\t\t\t<p>Os projetos regulares que acontecem no Centro Escola do Instituto de Psicologia da USP (CEIP) s\u00e3o p\u00fablicos, gratuitos e oferecidos \u00e0 comunidade USP e ao p\u00fablico geral residentes no entorno da universidade, campus Butant\u00e3. <br>Informa\u00e7\u00f5es: <a href=\"mailto:ceip@usp.br\">ceip@usp.br<\/a>&nbsp;| Telefone +55 11 3091-5015.<\/p>\n<p>Veja aqui os servi\u00e7os oferecidos:<\/p>\t\t\t\t\t\t\t\t<\/div>\n\t\t\t\t<\/div>\n\t\t\t\t\t<\/div>\n\t\t<\/div>\n\t\t\t\t\t<\/div>\n\t\t<\/section>\n\t\t\t\t<section class=\"elementor-section elementor-top-section elementor-element elementor-element-5e1d8a2c elementor-section-boxed elementor-section-height-default elementor-section-height-default\" data-id=\"5e1d8a2c\" data-element_type=\"section\" data-e-type=\"section\">\n\t\t\t\t\t\t<div class=\"elementor-container elementor-column-gap-default\">\n\t\t\t\t\t<div class=\"elementor-column elementor-col-100 elementor-top-column elementor-element elementor-element-2438c717\" data-id=\"2438c717\" data-element_type=\"column\" data-e-type=\"column\">\n\t\t\t<div class=\"elementor-widget-wrap elementor-element-populated\">\n\t\t\t\t\t\t<div class=\"elementor-element elementor-element-65c197af elementor-widget elementor-widget-text-editor\" data-id=\"65c197af\" data-element_type=\"widget\" data-e-type=\"widget\" data-widget_type=\"text-editor.default\">\n\t\t\t\t<div class=\"elementor-widget-container\">\n\t\t\t\t\t\t\t\t\t<p>\u00a0<\/p><table style=\"border-collapse: collapse; width: 100%; height: 35px;\"><tbody><tr style=\"height: 106px;\"><td style=\"width: 46.4433%; height: 35px;\"><span style=\"color: #000000;\">SERVI\u00c7OS DE ATENDIMENTO PRESENCIAIS<\/span><\/td><td style=\"width: 6.41641%; height: 35px;\">\u00a0<\/td><td style=\"width: 47.1402%; height: 35px;\"><h4 style=\"text-align: center;\"><span style=\"color: #000000;\">SERVI\u00c7OS DE ATENDIMENTO ON-LINE<\/span><\/h4><\/td><\/tr><tr><td style=\"width: 46.4433%; vertical-align: top;\"><ul style=\"list-style-type: square;\"><li style=\"text-align: justify;\"><span style=\"color: #3366ff;\"><a style=\"color: #3366ff;\" href=\"https:\/\/www.ip.usp.br\/site\/apoiar\/\">APOIAR<\/a><\/span><\/li><li style=\"text-align: justify;\"><span style=\"color: #3366ff;\"><a style=\"color: #3366ff;\" href=\"https:\/\/www.ip.usp.br\/site\/atelie-aberto\/\">Ateli\u00ea Aberto<\/a><\/span><\/li><li><span style=\"color: #3366ff;\"><a style=\"color: #3366ff;\" href=\"https:\/\/www.ip.usp.br\/site\/apresentacao-24\/\">Centro de Psicologia Aplicada no Trabalho (CPAT)<\/a><\/span><\/li><li><span style=\"color: #3366ff;\"><a style=\"color: #3366ff;\" href=\"https:\/\/www.ip.usp.br\/site\/atendimento-4\/\">Cl\u00ednica Psicol\u00f3gica Durval Marconde<\/a>s<\/span><\/li><li><span style=\"color: #3366ff;\"><a style=\"color: #3366ff;\" href=\"https:\/\/www.ip.usp.br\/site\/grupo-reflexivo-de-apoio-a-permanencia-na-universidade-de-sao-paulograpusp\/\">Grupo Reflexivo de Apoio e Perman\u00eancia da USP<\/a><\/span><\/li><li><a href=\"https:\/\/www.ip.usp.br\/site\/grupo-vivencial-dancas-circulares-dos-povos-e-contemporaneas\/\"><span style=\"color: #3366ff;\">G<\/span><span style=\"color: #3366ff;\">rupo Terap\u00eautico com Dan\u00e7as Circulares e Sonhos do Sono<\/span><\/a><\/li><li><span style=\"color: #3366ff;\"><a style=\"color: #3366ff;\" href=\"https:\/\/www.ip.usp.br\/site\/nucleo-de-orientacao-profissional\/\">N\u00facleo de Orienta\u00e7\u00e3o Profissional para alunos USP (NOP)<\/a><\/span><\/li><li><span style=\"color: #3366ff;\"><a style=\"color: #3366ff;\" href=\"https:\/\/www.ip.usp.br\/site\/oficina-de-jogos-do-leda-programa-de-intervencao-para-alunos-da-escola-fundamental\/\">Oficina de Jogos do LEDA: Programa de Interven\u00e7\u00e3o para alunos da Escola Fundamental<\/a><\/span><\/li><li><a href=\"https:\/\/www.ip.usp.br\/site\/atendimento-a-comunidade-participacao-em-pesquisas\/\"><span style=\"color: #3366ff;\">Participa\u00e7\u00e3o em Pesquisas<\/span><\/a><\/li><li><span style=\"color: #3366ff;\"><a style=\"color: #3366ff;\" href=\"https:\/\/www.ip.usp.br\/site\/plantao-institucional\/\">Plant\u00e3o Institucional<\/a><\/span><\/li><li><span style=\"color: #3366ff;\"><a style=\"color: #3366ff;\" href=\"https:\/\/www.ip.usp.br\/site\/plantao-psicologico-lefe\/\">Plant\u00e3o Psicol\u00f3gico LEFE<\/a><\/span><\/li><li><span style=\"color: #3366ff;\"><span style=\"background-color: #ffffff;\"><span style=\"background-color: #ffffff;\"><a style=\"color: #3366ff;\" href=\"https:\/\/www.ip.usp.br\/site\/relaxamento-e-calatonia\/\">Relaxamento e Calatonia<\/a><\/span><\/span><\/span><\/li><li><span style=\"color: #3366ff;\"><a style=\"color: #3366ff;\" href=\"https:\/\/www.ip.usp.br\/site\/noticia\/apos-pandemia-da-covid-19-grupo-de-acolhimento-do-centro-escola-do-ipusp-e-retomado-em-novo-formato\/\">SONHAR-SE! Servi\u00e7o de acolhimento<\/a><\/span><\/li><li><span style=\"color: #3366ff;\"><a style=\"color: #3366ff;\" href=\"https:\/\/www.ip.usp.br\/site\/servico-de-aconselhamento-psicologico-sap\/\" target=\"_blank\" rel=\"noopener\">Servi\u00e7o de Aconselhamento Psicol\u00f3gico (SAP)\u00a0<\/a><\/span><\/li><li><span style=\"color: #3366ff;\"><a style=\"color: #3366ff;\" href=\"https:\/\/www.ip.usp.br\/site\/servico-orientacao-a-queixa-escolar\/\">Servi\u00e7o de Orienta\u00e7\u00e3o \u00e0 Queixa Escolar<\/a><\/span><\/li><li><span style=\"color: #3366ff;\"><a style=\"color: #3366ff;\" href=\"https:\/\/www.ip.usp.br\/site\/servico-de-orientacao-profissional-sop\/\">Servi\u00e7o de Orienta\u00e7\u00e3o Profissional (SOP)<\/a><\/span><\/li><li><span style=\"color: #3366ff;\"><a style=\"color: #3366ff;\" href=\"https:\/\/www.ip.usp.br\/site\/servico-de-psicologia-escolar-sepe\/\">Servi\u00e7o de Psicologia Escolar (SePE)<\/a><\/span><\/li><li><span style=\"color: #3366ff;\"><a style=\"color: #3366ff;\" href=\"https:\/\/www.ip.usp.br\/site\/servico-rede-de-atencao-a-pessoa-indigena\/\">Servi\u00e7o Rede de Aten\u00e7\u00e3o \u00e0 Pessoa Ind\u00edgena<\/a><\/span><\/li><\/ul><\/td><td style=\"width: 6.41641%; vertical-align: top;\">\u00a0<\/td><td style=\"width: 47.1402%; vertical-align: top;\"><ul style=\"list-style-type: square;\"><li><a href=\"https:\/\/www.ip.usp.br\/site\/sucor-atendimento-psicologico-on-line-aos-profissionais-do-hospital-universitario\/\">Atendimento Psicol\u00f3gico (SUCOR)<\/a><\/li><li><a href=\"https:\/\/www.ip.usp.br\/site\/plantao-de-acolhimento-psicologico-psicologico-pap\/\">Plant\u00e3o de Acolhimento Psicol\u00f3gico (PAP)<\/a><\/li><li><a href=\"https:\/\/www.ip.usp.br\/site\/noticia\/atendimento-psicossocial-online-programa-autoestima\/\">Programa Autoestima<\/a><\/li><li>\u00a0<a href=\"https:\/\/www.ip.usp.br\/site\/achar-palavras-grupo-de-discussao-e-trabalho-sobre-a-atuacao-dos-psicologos-hospitalares-durante-a-pandemia-covid-19\/\">Achar<\/a> <a href=\"https:\/\/www.ip.usp.br\/site\/achar-palavras-grupo-de-discussao-e-trabalho-sobre-a-atuacao-dos-psicologos-hospitalares-durante-a-pandemia-covid-19\/\">Palavras<\/a><\/li><li>\u00a0<a href=\"https:\/\/www.ip.usp.br\/site\/sonhar-grupal\/\">Sonhar Grupal do <\/a><a href=\"https:\/\/www.ip.usp.br\/site\/sonhar-grupal\/\"><em>Projeto Autoestim<\/em>a<\/a><\/li><li>\u00a0<a href=\"https:\/\/autoestima.sp.gov.br\/Atendimento\/Individual#\">Acolhimento Psicossocial do <em>Projeto Autoestima<\/em><\/a><br \/><a href=\"https:\/\/www.ip.usp.br\/site\/covid-19-apoio-psicologico-online\/\">Apoio Psicol\u00f3gico On-Line (PAPO)<\/a><\/li><li><a href=\"https:\/\/sites.usp.br\/papoipusp\/crusp-tamo-junto\/\">CRUSP Tamo Junto!<\/a><\/li><li><a href=\"https:\/\/www.ip.usp.br\/site\/apoio-a-quem-apoia\/\">Apoio a Quem Ap\u00f3ia<\/a><\/li><li><a href=\"https:\/\/www.ip.usp.br\/site\/rede-nao-cala\/\">N\u00e3o Cala!<\/a><\/li><li><a href=\"https:\/\/www.ip.usp.br\/site\/grupo-reflexivo-de-apoio-a-permanencia-na-universidade-de-sao-paulograpusp\/\">GRAPUSP: Grupo Reflexivo de Apoio \u00e0 Perman\u00eancia da USP<\/a><\/li><li><a href=\"https:\/\/www.ip.usp.br\/site\/apoiar-atendimento-on-line\/\">Projeto Apoiar On-Line<\/a><strong><br \/><\/strong><\/li><\/ul><\/td><\/tr><\/tbody><\/table><h4>\u00a0<\/h4>\t\t\t\t\t\t\t\t<\/div>\n\t\t\t\t<\/div>\n\t\t\t\t\t<\/div>\n\t\t<\/div>\n\t\t\t\t\t<\/div>\n\t\t<\/section>\n\t\t\t\t<\/div>\n\t\t","protected":false},"excerpt":{"rendered":"<p>Os projetos regulares que acontecem no Centro Escola do Instituto de Psicologia da USP (CEIP) s\u00e3o p\u00fablicos, gratuitos e oferecidos \u00e0 comunidade USP e ao p\u00fablico geral residentes no entorno da universidade, campus Butant\u00e3. Informa\u00e7\u00f5es: ceip@usp.br&nbsp;| Telefone +55 11 3091-5015. Veja aqui os servi\u00e7os oferecidos: \u00a0 SERVI\u00c7OS DE ATENDIMENTO PRESENCIAIS \u00a0 SERVI\u00c7OS DE ATENDIMENTO ON-LINE [&hellip;]<\/p>\n","protected":false},"author":2,"featured_media":39277,"parent":0,"menu_order":0,"comment_status":"closed","ping_status":"closed","template":"","meta":{"_acf_changed":false,"footnotes":""},"categories":[855,488,481,849],"tags":[],"class_list":["post-14730","page","type-page","status-publish","has-post-thumbnail","hentry","category-atendimento-psicologico-on-line","category-atendimento-psicologico","category-centro-escola-do-instituto-de-psicologia-ceip","category-seja-voluntario"],"acf":[],"jetpack_sharing_enabled":true,"_links":{"self":[{"href":"https:\/\/www.ip.usp.br\/site\/wp-json\/wp\/v2\/pages\/14730","targetHints":{"allow":["GET"]}}],"collection":[{"href":"https:\/\/www.ip.usp.br\/site\/wp-json\/wp\/v2\/pages"}],"about":[{"href":"https:\/\/www.ip.usp.br\/site\/wp-json\/wp\/v2\/types\/page"}],"author":[{"embeddable":true,"href":"https:\/\/www.ip.usp.br\/site\/wp-json\/wp\/v2\/users\/2"}],"replies":[{"embeddable":true,"href":"https:\/\/www.ip.usp.br\/site\/wp-json\/wp\/v2\/comments?post=14730"}],"version-history":[{"count":198,"href":"https:\/\/www.ip.usp.br\/site\/wp-json\/wp\/v2\/pages\/14730\/revisions"}],"predecessor-version":[{"id":52710,"href":"https:\/\/www.ip.usp.br\/site\/wp-json\/wp\/v2\/pages\/14730\/revisions\/52710"}],"wp:featuredmedia":[{"embeddable":true,"href":"https:\/\/www.ip.usp.br\/site\/wp-json\/wp\/v2\/media\/39277"}],"wp:attachment":[{"href":"https:\/\/www.ip.usp.br\/site\/wp-json\/wp\/v2\/media?parent=14730"}],"wp:term":[{"taxonomy":"category","embeddable":true,"href":"https:\/\/www.ip.usp.br\/site\/wp-json\/wp\/v2\/categories?post=14730"},{"taxonomy":"post_tag","embeddable":true,"href":"https:\/\/www.ip.usp.br\/site\/wp-json\/wp\/v2\/tags?post=14730"}],"curies":[{"name":"wp","href":"https:\/\/api.w.org\/{rel}","templated":true}]}}