{"id":14798,"date":"2016-11-28T08:30:29","date_gmt":"2016-11-28T11:30:29","guid":{"rendered":"https:\/\/www.ip.usp.br\/site\/?page_id=14798"},"modified":"2024-12-13T10:18:25","modified_gmt":"2024-12-13T13:18:25","slug":"ana-maria-lofredo","status":"publish","type":"page","link":"https:\/\/www.ip.usp.br\/site\/ana-maria-lofredo\/","title":{"rendered":"Ana Maria Loffredo"},"content":{"rendered":"<p><img decoding=\"async\" class=\"size-full wp-image-37769 alignleft\" src=\"https:\/\/www.ip.usp.br\/site\/wp-content\/uploads\/2021\/12\/ANA-LOFFREDO2.png\" alt=\"\" width=\"150\" height=\"150\" \/><\/p>\n<p><strong>Departamento de Psicologia da Aprendizagem, do Desenvolvimento e da Personalidade<\/strong><br \/>\n<strong>Linhas de Pesquisa<\/strong>: Ang\u00fastia, Mem\u00f3ria e Trauma na Metapsicologia Freudiana. Sa\u00fade. Desenvolvimento Humano.\u00a0Psican\u00e1lise. Cl\u00ednica Extensa. Psicopatologia Psicanlitica. Psicopatologias Contempor\u00e2neas.<br \/>\n<strong>Telefone<\/strong>: 55 11-3091-4355 |\u00a0<a href=\"mailto:analoffredo@usp.br\">analoffredo@usp.br<\/a>\u00a0|\u00a0<a href=\"http:\/\/lattes.cnpq.br\/7377037354607423\">Lattes<\/a> | <a href=\"https:\/\/scholar.google.com.br\/scholar?q=ana+maria+loffre&amp;btnG=&amp;hl=pt-BR&amp;as_sdt=0%2C5\" target=\"_blank\" rel=\"noopener noreferrer\">Google Acad\u00eamico<\/a><\/p>\n<p>&nbsp;<\/p>\n<hr \/>\n<p style=\"text-align: justify\">Gradua\u00e7\u00e3o no Instituto de Psicologia da Universidade de S\u00e3o Paulo (1971), Mestrado em Psicologia no Departamento de Psicologia da Pontif\u00edcia Universidade Cat\u00f3lica do Rio de Janeiro(1975), especializa\u00e7\u00e3o em Gestalt terapia no Instituto Sedes Sapientiae (1982), Doutorado em Psicologia Clinica no Instituto de Psicologia da Universidade de S\u00e3o Paulo (1992), especializa\u00e7\u00e3o em &#8220;Fundamentos Filos\u00f3ficos da Psicologia e da Psican\u00e1lise&#8221;, no Centro de L\u00f3gica e Epistemologia da Unicamp (1994), Livre-doc\u00eancia em Metapsicologia Freudiana no Instituto de Psicologia da Universidade de S\u00e3o Paulo (2012). Docente do Instituto de Psicologia da Universidade de S\u00e3o Paulo, desde 1984, no qual \u00e9 professora titular do Departamento de Psicologia da Aprendizagem, do Desenvolvimento e da Personalidade e orientadora credenciada do Programa de P\u00f3s-Gradua\u00e7\u00e3o em Psicologia Escolar e do Desenvolvimento Humano (n\u00edvel Mestrado\/Doutorado). Membro filiado da Sociedade Brasileira de Psican\u00e1lise de S\u00e3o Paulo, desde 1999 e do Centro de Estudos em Teoria dos Campos (CETEC), desde 2006. Membro da Comiss\u00e3o Capes-Anpepp da avalia\u00e7\u00e3o de peri\u00f3dicos da \u00e1rea de Psicologia, de 2005 a 2006 e da Comiss\u00e3o de Credenciamento de Peri\u00f3dicos da USP, de 2006 a 2009. Integrante da Comiss\u00e3o Editorial do Jornal de Psican\u00e1lise, da Sociedade Brasileira de Psican\u00e1lise de S\u00e3o Paulo, de 2005 a 2008 e Editora da Revista Psicologia USP, peri\u00f3dico oficial do Instituto de Psicologia da USP, de 2003 a 2012. Prestou assessoria ao Comit\u00ea Tem\u00e1tico em Psicologia, Programa SciELO\/FAPESP, foi Chefe do Departamento de Psicologia da Aprendizagem, do Desenvolvimento e da Personalidade do Instituto de Psicologia da USP, de 2014 a 2018, foi representante titular da Congrega\u00e7\u00e3o do Instituto de Psicologia no Conselho Universit\u00e1rio da USP (Co), \u00e9 Diretora do Instituto de Psicologia da USP, desde 04\/07\/2020.<\/p>\n<p style=\"text-align: justify\">Ang\u00fastia, Mem\u00f3ria e Trauma na Metapsicologia Freudiana: O quadro das formas de sofrimento ps\u00edquico proeminentes na contemporaneidade, articulado aos abalos da ordem paterna, aos dist\u00farbios da fam\u00edlia e \u00e0 vulnerabilidade ao amplo espectro do campo do traumatizante, pertinentes \u00e0 constitui\u00e7\u00e3o das subjetividades de nosso tempo, \u00e9 analisado \u00e0 luz da perspectiva fornecida pela defini\u00e7\u00e3o freudiana de neuroses atuais, mais especificamente, da neurose de ang\u00fastia, marcada fundamentalmente por insufici\u00eancias nos processos de simboliza\u00e7\u00e3o. Desse modo, seria poss\u00edvel reportar a \u201c neurose coletiva\u201d da atualidade ao modelo fornecido pelas neuroses atuais, em que a car\u00eancia de representa\u00e7\u00e3o ps\u00edquica em fun\u00e7\u00e3o dos obst\u00e1culos \u00e0 constru\u00e7\u00e3o de sentido das experi\u00eancias \u00e9 substitu\u00edda por atos ou sintomas som\u00e1ticos, que se presentificam no real do corpo e do mundo. Nesse contexto, s\u00e3o examinadas as consequ\u00eancias te\u00f3rico-cl\u00ednicas relativas ao m\u00e9todo de interpreta\u00e7\u00e3o, com a retomada de uma categoria patol\u00f3gica quase deixada de lado pelo pr\u00f3prio Freud e, por tempo consider\u00e1vel, por grande parte da comunidade psicanal\u00edtica, desde que se apresenta como um recurso te\u00f3rico \u00fatil para a compreens\u00e3o de certas express\u00f5es do mal-estar contempor\u00e2neo.<\/p>\n<h5>Publica\u00e7\u00e3o selecionadas<\/h5>\n<p>Loffredo, Ana Maria \u2013 A Cara e o Rosto. S\u00e3o Paulo: Escuta,1994.271p.<br \/>\nLoffredo, Ana Maria \u2013Em busca do referente, \u00e0s voltas com a polissemia dos sonhos: a quest\u00e3o em Freud, Stuart Mill e Lacan. Psicologia USP, S\u00e3o paulo,v.10,n.1.p.169-197,1999.<br \/>\nLoffredo, Ana Maria \u2013 Sobre a escrita dos relatos cl\u00ednicos freudianos. Jornal de Psican\u00e1lise, S\u00e3o Paulo, v.35, p.175-189,2002.<br \/>\nLoffredo, Ana Maria \u2013 A no\u00e7\u00e3o de representa\u00e7\u00e3o na metapsicologia freudiana.In:Herrmann, F\u00e1bio e Lowenkron, Theodor.(Org.)Pesquisando com o m\u00e9todo psicanal\u00edtico. S\u00e3o Paulo: Casa do Psic\u00f3logo, 2004,p.309-322.<\/p>\n","protected":false},"excerpt":{"rendered":"<p>Departamento de Psicologia da Aprendizagem, do Desenvolvimento e da Personalidade Linhas de Pesquisa: Ang\u00fastia, Mem\u00f3ria e Trauma na Metapsicologia Freudiana. Sa\u00fade. Desenvolvimento Humano.\u00a0Psican\u00e1lise. Cl\u00ednica Extensa. Psicopatologia Psicanlitica. Psicopatologias Contempor\u00e2neas. Telefone: 55 11-3091-4355 |\u00a0analoffredo@usp.br\u00a0|\u00a0Lattes | Google Acad\u00eamico &nbsp; Gradua\u00e7\u00e3o no Instituto de Psicologia da Universidade de S\u00e3o Paulo (1971), Mestrado em Psicologia no Departamento de Psicologia [&hellip;]<\/p>\n","protected":false},"author":2,"featured_media":0,"parent":0,"menu_order":0,"comment_status":"closed","ping_status":"closed","template":"","meta":{"_acf_changed":false,"footnotes":""},"categories":[395,458],"tags":[],"class_list":["post-14798","page","type-page","status-publish","hentry","category-institucional","category-servidores-docentes"],"acf":[],"jetpack_sharing_enabled":true,"_links":{"self":[{"href":"https:\/\/www.ip.usp.br\/site\/wp-json\/wp\/v2\/pages\/14798","targetHints":{"allow":["GET"]}}],"collection":[{"href":"https:\/\/www.ip.usp.br\/site\/wp-json\/wp\/v2\/pages"}],"about":[{"href":"https:\/\/www.ip.usp.br\/site\/wp-json\/wp\/v2\/types\/page"}],"author":[{"embeddable":true,"href":"https:\/\/www.ip.usp.br\/site\/wp-json\/wp\/v2\/users\/2"}],"replies":[{"embeddable":true,"href":"https:\/\/www.ip.usp.br\/site\/wp-json\/wp\/v2\/comments?post=14798"}],"version-history":[{"count":32,"href":"https:\/\/www.ip.usp.br\/site\/wp-json\/wp\/v2\/pages\/14798\/revisions"}],"predecessor-version":[{"id":49425,"href":"https:\/\/www.ip.usp.br\/site\/wp-json\/wp\/v2\/pages\/14798\/revisions\/49425"}],"wp:attachment":[{"href":"https:\/\/www.ip.usp.br\/site\/wp-json\/wp\/v2\/media?parent=14798"}],"wp:term":[{"taxonomy":"category","embeddable":true,"href":"https:\/\/www.ip.usp.br\/site\/wp-json\/wp\/v2\/categories?post=14798"},{"taxonomy":"post_tag","embeddable":true,"href":"https:\/\/www.ip.usp.br\/site\/wp-json\/wp\/v2\/tags?post=14798"}],"curies":[{"name":"wp","href":"https:\/\/api.w.org\/{rel}","templated":true}]}}