{"id":14857,"date":"2016-11-28T11:53:47","date_gmt":"2016-11-28T14:53:47","guid":{"rendered":"https:\/\/www.ip.usp.br\/site\/?page_id=14857"},"modified":"2018-09-04T11:04:47","modified_gmt":"2018-09-04T14:04:47","slug":"anna-mathilde-pacheco-e-chaves-nagelschmidt","status":"publish","type":"page","link":"https:\/\/www.ip.usp.br\/site\/anna-mathilde-pacheco-e-chaves-nagelschmidt\/","title":{"rendered":"Anna Mathilde Pacheco e Chaves Nagelschmidt"},"content":{"rendered":"<p><a href=\"http:\/\/lattes.cnpq.br\/1925133779038329\"><em>Lattes<\/em><\/a><\/p>\n<p><strong>Linhas de Pesquisa:<\/strong> Processos Psicossociais B\u00e1sicos: As rela\u00e7\u00f5es individuo\/grupo<\/p>\n<p style=\"text-align: justify\">Fez gradua\u00e7\u00e3o em Filosofia pela Universidade de S\u00e3o Paulo (1960), mestrado em Psicologia Cl\u00ednica pela Universidade de S\u00e3o Paulo (1970) e doutorado em Psicologia Social &#8211; University of London (1978). Com experi\u00eancia na \u00e1rea de Psicologia, com \u00eanfase em Psicologia Social, atuando principalmente nos seguintes temas: sensibilidade moral, desenvolvimento adulto, desenvolvimento adulto, transpessoal e grupos transcentrados.<\/p>\n<p style=\"text-align: justify\">Os interesses de pesquisa situavam-se na \u00e1rea de processos psicossociais tais como representa\u00e7\u00f5es sociais, atitudes, valores e ideologias na sua rela\u00e7\u00e3o com o imagin\u00e1rio e o inconsciente coletivo. O trabalho fundamentou-se, teoricamente, na perspectiva social construtivista de Serge Moscovici, Robert Farr, Henri Tajfel, entre outros. Impulsionada pela an\u00e1lise feita por Moscovici, dos fatores inconscientes que est\u00e3o subjacentes a uma s\u00e9rie de comportamentos e experi\u00eancias, tais como a rela\u00e7\u00e3o l\u00edder-seguidor e a propaganda pol\u00edtica, procedeu uma elabora\u00e7\u00e3o te\u00f3rica e de uma s\u00e9rie de projetos de pesquisa para investigar as poss\u00edveis contribui\u00e7\u00f5es que a Psicologia Anal\u00edtica (Carl Gustav Jung) pode trazer para estas \u00e1reas. Neste sentido, a professora e alguns alunos levaram a cabo alguns estudos sobre os tipos psicol\u00f3gicos em diversos contextos, tais como: a escola e a vida profissional. Outrossim, o grupo se dedicou a tentar construir e adaptar instrumentos de medida para identifica\u00e7\u00e3o, tanto dos tipos psicol\u00f3gicos como do grau de maturidade do ego, ligados, em nossa opini\u00e3o, ao que foi denominado por Jung de processo de individua\u00e7\u00e3o. Tamb\u00e9m pesquisou as aplica\u00e7\u00f5es do conhecimento da Psicologia de massas \u00e0 compreens\u00e3o de fen\u00f4menos sociais brasileiros contempor\u00e2neos, tais como elei\u00e7\u00f5es, populismo, estabelecimento pol\u00edtico e grupos minorit\u00e1rios. Alguns alunos da professora se dedicaram o ao mapeamento das representa\u00e7\u00f5es sociais e dos arqu\u00e9tipos que lhes s\u00e3o subjacentes no contexto da sociedade brasileira.<\/p>\n<h3 style=\"text-align: justify\">Publica\u00e7\u00e3o selecionadas:<\/h3>\n<p>NAGELSCHMIDT, A. M. P. C. As psicologias esot\u00e9ricas como modelos para uma teoria hier\u00e1rquica de desenvolvimento da consci\u00eancia. S\u00e3o Paulo, Departamento de Psicologia Social e do Trabalho do Instituto de Psicologia da USP.<br \/>\nNAGELSCHMIDT, A. M. P. C. Argonautas dos espa\u00e7os interiores: uma introdu\u00e7\u00e3o \u00e0 psicologia transpessoal. S\u00e3o Paulo, Vetor, 1996.<br \/>\nNAGELSCHMIDT, A. M. P. C. Origem, estrutura, fundamenta\u00e7\u00e3o te\u00f3rica da Mandala de Palavras. S\u00e3o Paulo, Vetor, 1998.<br \/>\nNAGELSCHMIDT, A. M. P. C. Estuda e aprenda: prepare-se para a vida profissional. S\u00e3o Paulo, Ad Homines, 2001.<\/p>\n","protected":false},"excerpt":{"rendered":"<p>Lattes Linhas de Pesquisa: Processos Psicossociais B\u00e1sicos: As rela\u00e7\u00f5es individuo\/grupo Fez gradua\u00e7\u00e3o em Filosofia pela Universidade de S\u00e3o Paulo (1960), mestrado em Psicologia Cl\u00ednica pela Universidade de S\u00e3o Paulo (1970) e doutorado em Psicologia Social &#8211; University of London (1978). Com experi\u00eancia na \u00e1rea de Psicologia, com \u00eanfase em Psicologia Social, atuando principalmente nos seguintes [&hellip;]<\/p>\n","protected":false},"author":2,"featured_media":0,"parent":0,"menu_order":0,"comment_status":"closed","ping_status":"closed","template":"","meta":{"_acf_changed":false,"footnotes":""},"categories":[464],"tags":[],"class_list":["post-14857","page","type-page","status-publish","hentry","category-colaboraram-conosco"],"acf":[],"jetpack_sharing_enabled":true,"_links":{"self":[{"href":"https:\/\/www.ip.usp.br\/site\/wp-json\/wp\/v2\/pages\/14857","targetHints":{"allow":["GET"]}}],"collection":[{"href":"https:\/\/www.ip.usp.br\/site\/wp-json\/wp\/v2\/pages"}],"about":[{"href":"https:\/\/www.ip.usp.br\/site\/wp-json\/wp\/v2\/types\/page"}],"author":[{"embeddable":true,"href":"https:\/\/www.ip.usp.br\/site\/wp-json\/wp\/v2\/users\/2"}],"replies":[{"embeddable":true,"href":"https:\/\/www.ip.usp.br\/site\/wp-json\/wp\/v2\/comments?post=14857"}],"version-history":[{"count":15,"href":"https:\/\/www.ip.usp.br\/site\/wp-json\/wp\/v2\/pages\/14857\/revisions"}],"predecessor-version":[{"id":23132,"href":"https:\/\/www.ip.usp.br\/site\/wp-json\/wp\/v2\/pages\/14857\/revisions\/23132"}],"wp:attachment":[{"href":"https:\/\/www.ip.usp.br\/site\/wp-json\/wp\/v2\/media?parent=14857"}],"wp:term":[{"taxonomy":"category","embeddable":true,"href":"https:\/\/www.ip.usp.br\/site\/wp-json\/wp\/v2\/categories?post=14857"},{"taxonomy":"post_tag","embeddable":true,"href":"https:\/\/www.ip.usp.br\/site\/wp-json\/wp\/v2\/tags?post=14857"}],"curies":[{"name":"wp","href":"https:\/\/api.w.org\/{rel}","templated":true}]}}