{"id":14968,"date":"2016-11-28T13:29:09","date_gmt":"2016-11-28T16:29:09","guid":{"rendered":"https:\/\/www.ip.usp.br\/site\/?page_id=14968"},"modified":"2025-03-25T10:21:49","modified_gmt":"2025-03-25T13:21:49","slug":"briseida-dogo-de-resende","status":"publish","type":"page","link":"https:\/\/www.ip.usp.br\/site\/briseida-dogo-de-resende\/","title":{"rendered":"Briseida D\u00f4go de Resende"},"content":{"rendered":"<table style=\"border-collapse: collapse;width: 100%\" border=\"0\">\n<tbody>\n<tr>\n<td style=\"width: 13.0338%\"><img fetchpriority=\"high\" decoding=\"async\" class=\"alignnone size-medium wp-image-49939\" src=\"https:\/\/www.ip.usp.br\/site\/wp-content\/uploads\/2025\/02\/briseida-1-300x282.jpg\" alt=\"\" width=\"300\" height=\"282\" srcset=\"https:\/\/www.ip.usp.br\/site\/wp-content\/uploads\/2025\/02\/briseida-1-300x282.jpg 300w, https:\/\/www.ip.usp.br\/site\/wp-content\/uploads\/2025\/02\/briseida-1.jpg 765w\" sizes=\"(max-width: 300px) 100vw, 300px\" \/><\/td>\n<td style=\"width: 0.9205%;text-align: left\"><strong>\u00a0<\/strong><\/td>\n<td style=\"width: 86.2691%;text-align: left\"><strong>Departamento de Psicologia Experimental<\/strong><br \/>\n<strong>Linhas de Pesquisa<\/strong>: Etologia; Desenvolvimento.<br \/>\n<strong>Telefone<\/strong>: 55 11 3091-1941 |\u00a0<a href=\"mailto:briseida@usp.br\">briseida@usp.br<\/a> |\u00a0<em><a href=\"http:\/\/buscatextual.cnpq.br\/buscatextual\/visualizacv.do?id=K4770840Z4\">Lattes <\/a><\/em><\/td>\n<\/tr>\n<\/tbody>\n<\/table>\n<hr \/>\n<h5 style=\"text-align: justify;line-height: 1.6\">Atualmente \u00e9 professora doutora do Instituto de Psicologia da Universidade de S\u00e3o Paulo. Tem experi\u00eancia na \u00e1rea de Etologia, atuando principalmente nos seguintes temas: aprendizagem e desenvolvimento, intera\u00e7\u00f5es sociais, intera\u00e7\u00e3o humano\/animal. Possui mestrado (1999) e doutorado (2004) em Psicologia (Psicologia Experimental) pela Universidade de S\u00e3o Paulo, e gradua\u00e7\u00e3o em Ci\u00eancias Biol\u00f3gicas pela Universidade de S\u00e3o Paulo (1994). Desenvolve pesquisas envolvendo cogni\u00e7\u00e3o, psicologia do desenvolvimento, brincadeira. Encontram-se atualmente em andamento projetos sobre influ\u00eancia social na aprendizagem, intera\u00e7\u00f5es humano\/animais, desenvolvimento. A principal linha de interesse envolve sistemas em desenvolvimento, percep\u00e7\u00e3o e a\u00e7\u00e3o, e constru\u00e7\u00e3o de nicho.<\/h5>\n<h5 style=\"text-align: justify;line-height: 1.6\"><span style=\"color: #333399\">Disciplinas<\/span><br \/>\n<span style=\"color: #333399\">Gradua\u00e7\u00e3o<\/span><br \/>\nA\u00e7\u00f5es Comunit\u00e1rias<br \/>\nBrincadeira e Cultura<br \/>\nMotiva\u00e7\u00e3o e Emo\u00e7\u00e3o<br \/>\nTreino em Pesquisa<br \/>\nTrabalho de Pesquisa em Psicologia<\/h5>\n<h5 style=\"text-align: justify;line-height: 1.6\"><span style=\"color: #333399\">P\u00f3s-Gradua\u00e7\u00e3o<\/span><br \/>\nAprendizagem Social<\/h5>\n<h5 style=\"text-align: justify;line-height: 1.6\">Projeto principal<br \/>\nIntera\u00e7\u00e3o social e constru\u00e7\u00e3o de nicho: uma abordagem etol\u00f3gica<\/h5>\n<h5 style=\"text-align: justify;line-height: 1.6\"><span style=\"color: #333399\">Grupos de Pesquisa<\/span><br \/>\nPsicologia Evolucionista.<br \/>\nCentro de Estudos da Inf\u00e2ncia<\/h5>\n<h5 style=\"text-align: justify;line-height: 1.6\"><span style=\"color: #333399\">Laborat\u00f3rios<\/span><br \/>\nLaborat\u00f3rio de Etologia, Desenvolvimento e Intera\u00e7\u00e3o Social<br \/>\nLaborat\u00f3rio de C\u00e3es<\/h5>\n<h5 style=\"text-align: justify;line-height: 1.6\"><span style=\"color: #333399\">Publica\u00e7\u00f5es selecionadas<\/span><br \/>\n<a href=\"http:\/\/lattes.cnpq.br\/5453327164161334\" target=\"_blank\" rel=\"noopener noreferrer\">IZAR, P<\/a>.; RESENDE, B. D. M\u00e9todos para o estudo de comportamento de primatas em vida livre. In: Maria Margarida Pereira Rodrigues; Paulo Rog\u00e9rio Meira Menandro. (Org.). L\u00f3gicas Metodol\u00f3gicas: Trajetos de Pesquisa em Psicologia. Vit\u00f3ria: GM, 2007, v., p. 93-117<br \/>\nRESENDE, B. D. ; <a href=\"http:\/\/lattes.cnpq.br\/2595259137031006\" target=\"_blank\" rel=\"noopener noreferrer\">OTTONI, Eduardo B<\/a> ; FRAGASZY, D. M. . Ontogeny of manipulative behavior and nutcracking in young capuchin monkeys (Cebus apella spp.): A Perception-action perspective. Developmental Science, v. 11, p. 812-824, 2008.<br \/>\nRESENDE, B. D. . Influ\u00eancia social na solu\u00e7\u00e3o de problemas: uma revis\u00e3o a partir da psicologia comparada. Temas em Psicologia (Ribeir\u00e3o Preto), v. 18, p. 481-490, 2010.<br \/>\nRESENDE, B. D. ; <a href=\"http:\/\/lattes.cnpq.br\/5453327164161334\" target=\"_blank\" rel=\"noopener noreferrer\">IZAR, Patr\u00edcia<\/a> . Cogni\u00e7\u00e3o Animal. Em ME Yamamoto G Volpato Comportamento Animal (2. Ed). Natal: EDUFRN, 2011. v. 1. 2011.<br \/>\nRESENDE, B. D.; NAGY-REIS, M.; LACERDA, F. N.; PAGNOTTA. M.; SAVALLI, C. Tufted capuchin monkeys (Sapajus sp) learning how to crack nuts: Does variability decline throughout development? Behavioural Processes, p.89 &#8211; 94, 2014.<br \/>\nBallesteros-Ardila, A.D.; RESENDE, B.D. Mente e Cogni\u00e7\u00e3o: um convite ao ceticismo e admira\u00e7\u00e3o Em B. D. RESENDE et al (EDS) Linguagem e Cogni\u00e7\u00e3o: um di\u00e1logo interdisciplinar.1 ed. Lecce: Pensa Multimedia, p. 53-76. 2015.<br \/>\nSAVALLI, C.; RESENDE, B.; GAUNET, F. Eye contact is crucial for referential communication in pet dogs. Plos One, v.11, 2016.<br \/>\nRESENDE, B. D.; GARCIA, M. Influ\u00eancias sociais no comportamento de c\u00e3o. Em C. SAVALLI &amp; N. ALBUQUERQUE: Cogni\u00e7\u00e3o e comportamento de c\u00e3es: a ci\u00eancia do nosso melhor amigo.1 ed. S\u00e3o Paulo: EDICON, p. 105-132. 2017.<br \/>\nALBUQUERQUE, N. S.; GUO, K.; WILKINSON, A.; RESENDE, B. D.; MILLS, D. Mouth-licking by dogs as a response to emotional stimuli. Behavioral Proccess, v.146, p.42 &#8211; 45, 2018.<br \/>\nGOSSO, Y.; RESENDE, B. D.; CARVALHO, A. M. A. Play in South American Indigenous Children. En: The Cambridge Handbook of Play: Developmental and Disciplinary Perspectives. 1 ed. Cambridge: Cambridge University Press, p. 322-342. 2018.<br \/>\nRESENDE, B. Infants\u2019 characteristics and skills: dissolving the nature\/nurture dichotomy. Trends in Psychology, 27(1), 99-111. 2019.<\/h5>\n<h5 style=\"text-align: justify;line-height: 1.6\">Para mais publica\u00e7\u00f5es, visite\u00a0<a href=\"http:\/\/buscatextual.cnpq.br\/buscatextual\/visualizacv.do?id=K4770840Z4\">Curr\u00edculo Lattes<\/a>.<\/h5>\n","protected":false},"excerpt":{"rendered":"<p>\u00a0 Departamento de Psicologia Experimental Linhas de Pesquisa: Etologia; Desenvolvimento. Telefone: 55 11 3091-1941 |\u00a0briseida@usp.br |\u00a0Lattes Atualmente \u00e9 professora doutora do Instituto de Psicologia da Universidade de S\u00e3o Paulo. Tem experi\u00eancia na \u00e1rea de Etologia, atuando principalmente nos seguintes temas: aprendizagem e desenvolvimento, intera\u00e7\u00f5es sociais, intera\u00e7\u00e3o humano\/animal. Possui mestrado (1999) e doutorado (2004) em Psicologia [&hellip;]<\/p>\n","protected":false},"author":2,"featured_media":0,"parent":0,"menu_order":0,"comment_status":"closed","ping_status":"closed","template":"","meta":{"_acf_changed":false,"footnotes":""},"categories":[395,458],"tags":[1947,1948,547],"class_list":["post-14968","page","type-page","status-publish","hentry","category-institucional","category-servidores-docentes","tag-briseidadogoderesende","tag-desenvolvimento","tag-etologia"],"acf":[],"jetpack_sharing_enabled":true,"_links":{"self":[{"href":"https:\/\/www.ip.usp.br\/site\/wp-json\/wp\/v2\/pages\/14968","targetHints":{"allow":["GET"]}}],"collection":[{"href":"https:\/\/www.ip.usp.br\/site\/wp-json\/wp\/v2\/pages"}],"about":[{"href":"https:\/\/www.ip.usp.br\/site\/wp-json\/wp\/v2\/types\/page"}],"author":[{"embeddable":true,"href":"https:\/\/www.ip.usp.br\/site\/wp-json\/wp\/v2\/users\/2"}],"replies":[{"embeddable":true,"href":"https:\/\/www.ip.usp.br\/site\/wp-json\/wp\/v2\/comments?post=14968"}],"version-history":[{"count":20,"href":"https:\/\/www.ip.usp.br\/site\/wp-json\/wp\/v2\/pages\/14968\/revisions"}],"predecessor-version":[{"id":50341,"href":"https:\/\/www.ip.usp.br\/site\/wp-json\/wp\/v2\/pages\/14968\/revisions\/50341"}],"wp:attachment":[{"href":"https:\/\/www.ip.usp.br\/site\/wp-json\/wp\/v2\/media?parent=14968"}],"wp:term":[{"taxonomy":"category","embeddable":true,"href":"https:\/\/www.ip.usp.br\/site\/wp-json\/wp\/v2\/categories?post=14968"},{"taxonomy":"post_tag","embeddable":true,"href":"https:\/\/www.ip.usp.br\/site\/wp-json\/wp\/v2\/tags?post=14968"}],"curies":[{"name":"wp","href":"https:\/\/api.w.org\/{rel}","templated":true}]}}